{"id":41,"date":"2014-08-01T10:26:38","date_gmt":"2014-08-01T13:26:38","guid":{"rendered":"https:\/\/wp.ufpel.edu.br\/pethidrica\/?page_id=41"},"modified":"2019-01-11T22:08:37","modified_gmt":"2019-01-12T00:08:37","slug":"ensina-pet","status":"publish","type":"page","link":"https:\/\/wp.ufpel.edu.br\/pethidrica\/atividades\/ensina-pet\/","title":{"rendered":"Ensina PET"},"content":{"rendered":"<p style=\"text-align: justify\">\u00a0 \u00a0O projeto Ensina PET foi desenvolvido para possibilitar aos integrantes do PET Engenharia H\u00eddrica a oportunidade de praticarem atividades de ensino que os aproximem da inicia\u00e7\u00e3o \u00e0 doc\u00eancia, lecionando aulas em minicursos e em atividades inclu\u00eddas nos \u00e2mbitos t\u00e9cnico-profissionalizante, pedag\u00f3gico e art\u00edstico.<\/p>\n<p>&nbsp;<\/p>\n<div class=\"mceTemp\"><\/div>\n<div class=\"mceTemp\"><\/div>\n","protected":false},"excerpt":{"rendered":"<p>\u00a0 \u00a0O projeto Ensina PET foi desenvolvido para possibilitar aos integrantes do PET Engenharia H\u00eddrica a oportunidade de praticarem atividades de ensino que os aproximem da inicia\u00e7\u00e3o \u00e0 doc\u00eancia, lecionando aulas em minicursos e em atividades inclu\u00eddas nos \u00e2mbitos t\u00e9cnico-profissionalizante, pedag\u00f3gico e art\u00edstico. &nbsp;<\/p>\n","protected":false},"author":405,"featured_media":0,"parent":18,"menu_order":0,"comment_status":"closed","ping_status":"closed","template":"","meta":{"footnotes":""},"class_list":["post-41","page","type-page","status-publish","hentry","post"],"_links":{"self":[{"href":"https:\/\/wp.ufpel.edu.br\/pethidrica\/wp-json\/wp\/v2\/pages\/41","targetHints":{"allow":["GET"]}}],"collection":[{"href":"https:\/\/wp.ufpel.edu.br\/pethidrica\/wp-json\/wp\/v2\/pages"}],"about":[{"href":"https:\/\/wp.ufpel.edu.br\/pethidrica\/wp-json\/wp\/v2\/types\/page"}],"author":[{"embeddable":true,"href":"https:\/\/wp.ufpel.edu.br\/pethidrica\/wp-json\/wp\/v2\/users\/405"}],"replies":[{"embeddable":true,"href":"https:\/\/wp.ufpel.edu.br\/pethidrica\/wp-json\/wp\/v2\/comments?post=41"}],"version-history":[{"count":5,"href":"https:\/\/wp.ufpel.edu.br\/pethidrica\/wp-json\/wp\/v2\/pages\/41\/revisions"}],"predecessor-version":[{"id":914,"href":"https:\/\/wp.ufpel.edu.br\/pethidrica\/wp-json\/wp\/v2\/pages\/41\/revisions\/914"}],"up":[{"embeddable":true,"href":"https:\/\/wp.ufpel.edu.br\/pethidrica\/wp-json\/wp\/v2\/pages\/18"}],"wp:attachment":[{"href":"https:\/\/wp.ufpel.edu.br\/pethidrica\/wp-json\/wp\/v2\/media?parent=41"}],"curies":[{"name":"wp","href":"https:\/\/api.w.org\/{rel}","templated":true}]}}