{"id":38,"date":"2014-08-01T10:25:59","date_gmt":"2014-08-01T13:25:59","guid":{"rendered":"https:\/\/wp.ufpel.edu.br\/pethidrica\/?page_id=38"},"modified":"2019-01-11T22:10:30","modified_gmt":"2019-01-12T00:10:30","slug":"petlab","status":"publish","type":"page","link":"https:\/\/wp.ufpel.edu.br\/pethidrica\/atividades\/petlab\/","title":{"rendered":"PET Lab"},"content":{"rendered":"<p style=\"text-align: justify\">\u00a0 \u00a0 \u00a0Este projeto foi criado a partir da necessidade entre alunos integrantes do PET e professores de compreender a metodologia vigente nos laborat\u00f3rios da gradua\u00e7\u00e3o em Engenharia H\u00eddrica. Visando disseminar conhecimentos e promover a forma\u00e7\u00e3o ampla e de qualidade acad\u00eamica dos alunos da gradua\u00e7\u00e3o foi estipulado uma maneira de englobar todos aspectos pr\u00e1ticos e te\u00f3ricos do curso em um projeto capaz de estabelecer ideias novas e aperfei\u00e7oar estudos pr\u00e9-existentes. Contudo, as atividades de ensino e extens\u00e3o (atividades vigentes pelo grupo) j\u00e1 estavam sendo desenvolvidas e aplicadas no meio acad\u00eamico de forma mais efetiva que a parte de pesquisa. Para equilibrar as \u00e1reas de atua\u00e7\u00e3o do PET, foi criada na linha de pesquisa o projeto PET Lab-Programa de Educa\u00e7\u00e3o Tutorial dos Laborat\u00f3rios. O programa foca em todas as \u00e1reas do curso de gradua\u00e7\u00e3o da Engenharia H\u00eddrica abordando uma tem\u00e1tica de interesse do professor respons\u00e1vel a qual ser\u00e1 previamente selecionado.<\/p>\n","protected":false},"excerpt":{"rendered":"<p>\u00a0 \u00a0 \u00a0Este projeto foi criado a partir da necessidade entre alunos integrantes do PET e professores de compreender a metodologia vigente nos laborat\u00f3rios da gradua\u00e7\u00e3o em Engenharia H\u00eddrica. Visando disseminar conhecimentos e promover a forma\u00e7\u00e3o ampla e de qualidade acad\u00eamica dos alunos da gradua\u00e7\u00e3o foi estipulado uma maneira de englobar todos aspectos pr\u00e1ticos e [&hellip;]<\/p>\n","protected":false},"author":405,"featured_media":0,"parent":18,"menu_order":0,"comment_status":"closed","ping_status":"closed","template":"","meta":{"footnotes":""},"class_list":["post-38","page","type-page","status-publish","hentry","post"],"_links":{"self":[{"href":"https:\/\/wp.ufpel.edu.br\/pethidrica\/wp-json\/wp\/v2\/pages\/38","targetHints":{"allow":["GET"]}}],"collection":[{"href":"https:\/\/wp.ufpel.edu.br\/pethidrica\/wp-json\/wp\/v2\/pages"}],"about":[{"href":"https:\/\/wp.ufpel.edu.br\/pethidrica\/wp-json\/wp\/v2\/types\/page"}],"author":[{"embeddable":true,"href":"https:\/\/wp.ufpel.edu.br\/pethidrica\/wp-json\/wp\/v2\/users\/405"}],"replies":[{"embeddable":true,"href":"https:\/\/wp.ufpel.edu.br\/pethidrica\/wp-json\/wp\/v2\/comments?post=38"}],"version-history":[{"count":4,"href":"https:\/\/wp.ufpel.edu.br\/pethidrica\/wp-json\/wp\/v2\/pages\/38\/revisions"}],"predecessor-version":[{"id":919,"href":"https:\/\/wp.ufpel.edu.br\/pethidrica\/wp-json\/wp\/v2\/pages\/38\/revisions\/919"}],"up":[{"embeddable":true,"href":"https:\/\/wp.ufpel.edu.br\/pethidrica\/wp-json\/wp\/v2\/pages\/18"}],"wp:attachment":[{"href":"https:\/\/wp.ufpel.edu.br\/pethidrica\/wp-json\/wp\/v2\/media?parent=38"}],"curies":[{"name":"wp","href":"https:\/\/api.w.org\/{rel}","templated":true}]}}