{"id":35,"date":"2014-08-01T10:24:23","date_gmt":"2014-08-01T13:24:23","guid":{"rendered":"https:\/\/wp.ufpel.edu.br\/pethidrica\/?page_id=35"},"modified":"2019-01-11T22:07:29","modified_gmt":"2019-01-12T00:07:29","slug":"interpet","status":"publish","type":"page","link":"https:\/\/wp.ufpel.edu.br\/pethidrica\/atividades\/interpet\/","title":{"rendered":"InterPET"},"content":{"rendered":"<p style=\"text-align: justify\">\u00a0 \u00a0 \u00a0O InterPET re\u00fane todos os grupos PETs da UFPel para realiza\u00e7\u00e3o de discuss\u00f5es importantes, de forma que os integrantes dos PETs tenham conhecimento do funcionamento, das regulamenta\u00e7\u00f5es e do andamento do programa em n\u00edvel nacional, al\u00e9m de obter ci\u00eancia dos objetivos e a\u00e7\u00f5es de cada grupo PET que faz parte da UFPel. Estas reuni\u00f5es mensais tamb\u00e9m s\u00e3o necess\u00e1rias para a organiza\u00e7\u00e3o de atividades interdisciplinares que envolvam todos os grupos para um objetivo em comum.<\/p>\n","protected":false},"excerpt":{"rendered":"<p>\u00a0 \u00a0 \u00a0O InterPET re\u00fane todos os grupos PETs da UFPel para realiza\u00e7\u00e3o de discuss\u00f5es importantes, de forma que os integrantes dos PETs tenham conhecimento do funcionamento, das regulamenta\u00e7\u00f5es e do andamento do programa em n\u00edvel nacional, al\u00e9m de obter ci\u00eancia dos objetivos e a\u00e7\u00f5es de cada grupo PET que faz parte da UFPel. Estas [&hellip;]<\/p>\n","protected":false},"author":405,"featured_media":0,"parent":18,"menu_order":0,"comment_status":"closed","ping_status":"closed","template":"","meta":{"footnotes":""},"class_list":["post-35","page","type-page","status-publish","hentry","post"],"_links":{"self":[{"href":"https:\/\/wp.ufpel.edu.br\/pethidrica\/wp-json\/wp\/v2\/pages\/35","targetHints":{"allow":["GET"]}}],"collection":[{"href":"https:\/\/wp.ufpel.edu.br\/pethidrica\/wp-json\/wp\/v2\/pages"}],"about":[{"href":"https:\/\/wp.ufpel.edu.br\/pethidrica\/wp-json\/wp\/v2\/types\/page"}],"author":[{"embeddable":true,"href":"https:\/\/wp.ufpel.edu.br\/pethidrica\/wp-json\/wp\/v2\/users\/405"}],"replies":[{"embeddable":true,"href":"https:\/\/wp.ufpel.edu.br\/pethidrica\/wp-json\/wp\/v2\/comments?post=35"}],"version-history":[{"count":2,"href":"https:\/\/wp.ufpel.edu.br\/pethidrica\/wp-json\/wp\/v2\/pages\/35\/revisions"}],"predecessor-version":[{"id":912,"href":"https:\/\/wp.ufpel.edu.br\/pethidrica\/wp-json\/wp\/v2\/pages\/35\/revisions\/912"}],"up":[{"embeddable":true,"href":"https:\/\/wp.ufpel.edu.br\/pethidrica\/wp-json\/wp\/v2\/pages\/18"}],"wp:attachment":[{"href":"https:\/\/wp.ufpel.edu.br\/pethidrica\/wp-json\/wp\/v2\/media?parent=35"}],"curies":[{"name":"wp","href":"https:\/\/api.w.org\/{rel}","templated":true}]}}