{"id":32,"date":"2014-08-01T10:23:41","date_gmt":"2014-08-01T13:23:41","guid":{"rendered":"https:\/\/wp.ufpel.edu.br\/pethidrica\/?page_id=32"},"modified":"2019-01-11T22:08:44","modified_gmt":"2019-01-12T00:08:44","slug":"ciclo-de-estudos","status":"publish","type":"page","link":"https:\/\/wp.ufpel.edu.br\/pethidrica\/atividades\/ciclo-de-estudos\/","title":{"rendered":"Ciclo de Estudos"},"content":{"rendered":"<p style=\"text-align: justify\">\u00a0 \u00a0 \u00a0Esta atividade consiste na realiza\u00e7\u00e3o semestral do evento denominado Ciclo de Estudos, que \u00e9 uma atividade onde o PET Engenharia H\u00eddrica organiza palestras e minicursos com profissionais e empresas da \u00e1rea de Recursos H\u00eddricos, voltada diretamente \u00e0 comunidade acad\u00eamica assim como a comunidade externa \u00e0 universidade.<\/p>\n<p><a href=\"https:\/\/wp.ufpel.edu.br\/pethidrica\/files\/2014\/08\/ciclo.jpg\"><img loading=\"lazy\" decoding=\"async\" class=\"size-medium wp-image-154 aligncenter\" src=\"https:\/\/wp.ufpel.edu.br\/pethidrica\/files\/2014\/08\/ciclo-424x318.jpg\" alt=\"ciclo\" width=\"424\" height=\"318\" srcset=\"https:\/\/wp.ufpel.edu.br\/pethidrica\/files\/2014\/08\/ciclo-424x318.jpg 424w, https:\/\/wp.ufpel.edu.br\/pethidrica\/files\/2014\/08\/ciclo-212x159.jpg 212w, https:\/\/wp.ufpel.edu.br\/pethidrica\/files\/2014\/08\/ciclo.jpg 960w\" sizes=\"auto, (max-width: 424px) 100vw, 424px\" \/><\/a><\/p>\n","protected":false},"excerpt":{"rendered":"<p>\u00a0 \u00a0 \u00a0Esta atividade consiste na realiza\u00e7\u00e3o semestral do evento denominado Ciclo de Estudos, que \u00e9 uma atividade onde o PET Engenharia H\u00eddrica organiza palestras e minicursos com profissionais e empresas da \u00e1rea de Recursos H\u00eddricos, voltada diretamente \u00e0 comunidade acad\u00eamica assim como a comunidade externa \u00e0 universidade.<\/p>\n","protected":false},"author":405,"featured_media":0,"parent":18,"menu_order":0,"comment_status":"closed","ping_status":"closed","template":"","meta":{"footnotes":""},"class_list":["post-32","page","type-page","status-publish","hentry","post"],"_links":{"self":[{"href":"https:\/\/wp.ufpel.edu.br\/pethidrica\/wp-json\/wp\/v2\/pages\/32","targetHints":{"allow":["GET"]}}],"collection":[{"href":"https:\/\/wp.ufpel.edu.br\/pethidrica\/wp-json\/wp\/v2\/pages"}],"about":[{"href":"https:\/\/wp.ufpel.edu.br\/pethidrica\/wp-json\/wp\/v2\/types\/page"}],"author":[{"embeddable":true,"href":"https:\/\/wp.ufpel.edu.br\/pethidrica\/wp-json\/wp\/v2\/users\/405"}],"replies":[{"embeddable":true,"href":"https:\/\/wp.ufpel.edu.br\/pethidrica\/wp-json\/wp\/v2\/comments?post=32"}],"version-history":[{"count":5,"href":"https:\/\/wp.ufpel.edu.br\/pethidrica\/wp-json\/wp\/v2\/pages\/32\/revisions"}],"predecessor-version":[{"id":916,"href":"https:\/\/wp.ufpel.edu.br\/pethidrica\/wp-json\/wp\/v2\/pages\/32\/revisions\/916"}],"up":[{"embeddable":true,"href":"https:\/\/wp.ufpel.edu.br\/pethidrica\/wp-json\/wp\/v2\/pages\/18"}],"wp:attachment":[{"href":"https:\/\/wp.ufpel.edu.br\/pethidrica\/wp-json\/wp\/v2\/media?parent=32"}],"curies":[{"name":"wp","href":"https:\/\/api.w.org\/{rel}","templated":true}]}}