{"id":30,"date":"2014-08-01T10:22:45","date_gmt":"2014-08-01T13:22:45","guid":{"rendered":"https:\/\/wp.ufpel.edu.br\/pethidrica\/?page_id=30"},"modified":"2019-01-14T20:54:28","modified_gmt":"2019-01-14T22:54:28","slug":"barcada-da-engenharia-hidrica","status":"publish","type":"page","link":"https:\/\/wp.ufpel.edu.br\/pethidrica\/atividades\/barcada-da-engenharia-hidrica\/","title":{"rendered":"Barcada da Engenharia H\u00eddrica"},"content":{"rendered":"<p style=\"text-align: justify\">A Barcada da Engenharia H\u00eddrica acontece anualmente em Pelotas desde a cria\u00e7\u00e3o do curso de Engenharia H\u00eddrica da UFPel. Esta atividade foi criada para recepcionar os alunos ingressantes do curso, e dar \u00e0 eles uma vis\u00e3o mais abrangente dos recursos h\u00eddricos da nossa regi\u00e3o. O percurso do barco tem in\u00edcio \u00e0s margens do Canal S\u00e3o Gon\u00e7alo, com destino a Barragem Eclusa e\/ou Rio Grande-RS. Durante a rota os docentes passam informa\u00e7\u00f5es t\u00e9cnicas sobre cada ambiente para os alunos ingressantes, procurando estimul\u00e1-los a trabalhar por melhorias nos recursos h\u00eddricos, bem como a valoriza\u00e7\u00e3o, manuten\u00e7\u00e3o e recupera\u00e7\u00e3o deste patrim\u00f4nio natural da regi\u00e3o.<\/p>\n<p><a href=\"https:\/\/wp.ufpel.edu.br\/pethidrica\/files\/2014\/08\/barcada.jpg\"><img loading=\"lazy\" decoding=\"async\" class=\"alignnone size-medium wp-image-152 aligncenter\" src=\"https:\/\/wp.ufpel.edu.br\/pethidrica\/files\/2014\/08\/barcada-424x282.jpg\" alt=\"barcada\" width=\"424\" height=\"282\" srcset=\"https:\/\/wp.ufpel.edu.br\/pethidrica\/files\/2014\/08\/barcada-424x282.jpg 424w, https:\/\/wp.ufpel.edu.br\/pethidrica\/files\/2014\/08\/barcada-212x141.jpg 212w, https:\/\/wp.ufpel.edu.br\/pethidrica\/files\/2014\/08\/barcada.jpg 800w\" sizes=\"auto, (max-width: 424px) 100vw, 424px\" \/><\/a><\/p>\n","protected":false},"excerpt":{"rendered":"<p>A Barcada da Engenharia H\u00eddrica acontece anualmente em Pelotas desde a cria\u00e7\u00e3o do curso de Engenharia H\u00eddrica da UFPel. Esta atividade foi criada para recepcionar os alunos ingressantes do curso, e dar \u00e0 eles uma vis\u00e3o mais abrangente dos recursos h\u00eddricos da nossa regi\u00e3o. O percurso do barco tem in\u00edcio \u00e0s margens do Canal S\u00e3o [&hellip;]<\/p>\n","protected":false},"author":405,"featured_media":0,"parent":18,"menu_order":0,"comment_status":"closed","ping_status":"closed","template":"","meta":{"footnotes":""},"class_list":["post-30","page","type-page","status-publish","hentry","post"],"_links":{"self":[{"href":"https:\/\/wp.ufpel.edu.br\/pethidrica\/wp-json\/wp\/v2\/pages\/30","targetHints":{"allow":["GET"]}}],"collection":[{"href":"https:\/\/wp.ufpel.edu.br\/pethidrica\/wp-json\/wp\/v2\/pages"}],"about":[{"href":"https:\/\/wp.ufpel.edu.br\/pethidrica\/wp-json\/wp\/v2\/types\/page"}],"author":[{"embeddable":true,"href":"https:\/\/wp.ufpel.edu.br\/pethidrica\/wp-json\/wp\/v2\/users\/405"}],"replies":[{"embeddable":true,"href":"https:\/\/wp.ufpel.edu.br\/pethidrica\/wp-json\/wp\/v2\/comments?post=30"}],"version-history":[{"count":6,"href":"https:\/\/wp.ufpel.edu.br\/pethidrica\/wp-json\/wp\/v2\/pages\/30\/revisions"}],"predecessor-version":[{"id":1030,"href":"https:\/\/wp.ufpel.edu.br\/pethidrica\/wp-json\/wp\/v2\/pages\/30\/revisions\/1030"}],"up":[{"embeddable":true,"href":"https:\/\/wp.ufpel.edu.br\/pethidrica\/wp-json\/wp\/v2\/pages\/18"}],"wp:attachment":[{"href":"https:\/\/wp.ufpel.edu.br\/pethidrica\/wp-json\/wp\/v2\/media?parent=30"}],"curies":[{"name":"wp","href":"https:\/\/api.w.org\/{rel}","templated":true}]}}