{"id":1353,"date":"2020-06-17T21:32:18","date_gmt":"2020-06-18T00:32:18","guid":{"rendered":"https:\/\/wp.ufpel.edu.br\/pethidrica\/?page_id=1353"},"modified":"2020-06-17T22:24:12","modified_gmt":"2020-06-18T01:24:12","slug":"sensoriamento-remoto","status":"publish","type":"page","link":"https:\/\/wp.ufpel.edu.br\/pethidrica\/engenharia-hidrica\/acervo-digital\/sensoriamento-remoto\/","title":{"rendered":"Sensoriamento Remoto"},"content":{"rendered":"<p><a href=\"https:\/\/wp.ufpel.edu.br\/pethidrica\/files\/2020\/06\/AN\u00c1LISE-DA-EXTENS\u00c3O-DE-\u00c1REAS-INUNDADAS-NO-CANAL-S\u00c3O-GON\u00c7ALO-LAGOA-MIRIM-COM-SENSORIAMENTO-REMOTO.pdf\">AN\u00c1LISE DA EXTENS\u00c3O DE \u00c1REAS INUNDADAS NO CANAL S\u00c3O GON\u00c7ALO &#8211; LAGOA MIRIM COM SENSORIAMENTO REMOTO<\/a><\/p>\n<p><strong>Matheus Schroeder dos Santos<\/strong>; George Marino Soares Gon\u00e7alves; Thais Magalh\u00e3es Possa; Guilherme Kruger Bartels; Gilberto Loguercio Collares.<\/p>\n<p><a href=\"https:\/\/wp.ufpel.edu.br\/pethidrica\/files\/2020\/06\/EVOLU\u00c7\u00c3O-DO-USO-E-OCUPA\u00c7\u00c3O-DO-SOLO-NO-MUNIC\u00cdPIO-DE-PELOTAS_RS-A-PARTIR-DE-DADOS-DO-SAT\u00c9LITE-LANDSAT.pdf\">EVOLU\u00c7\u00c3O DO USO E OCUPA\u00c7\u00c3O DO SOLO NO MUNIC\u00cdPIO DE PELOTAS_RS A PARTIR DE DADOS DO SAT\u00c9LITE LANDSAT<\/a><\/p>\n<p><strong>Paula Krummreich Schumann<\/strong>; Matheus Schroeder dos Santos; Bruna Bohm Moura, George Marino Soares Gon\u00e7alves; Janice Ferreira da Silva; Viviane Santos Silva Terra; Gilberto Loguercio Collares.<\/p>\n<p><a href=\"https:\/\/wp.ufpel.edu.br\/pethidrica\/files\/2020\/06\/UNI\u00c3O-DE-INFORMA\u00c7\u00d5ES-TOPOGR\u00c1FICAS-OBTIDAS-ENTRE-M\u00c9TODO-CONVENCIONAL-E-AEROFOTOGRAMETRIA-POR-MEIO-DE-VANT-PARA-REPRESENTAR-O-LEITO-DE-UM-CURSO-D\u2019\u00c1GUA-DE-UMA-PEQUENA-BACIA-HIDROGR\u00c1FICA.pdf\">UNI\u00c3O DE INFORMA\u00c7\u00d5ES TOPOGR\u00c1FICAS OBTIDAS ENTRE M\u00c9TODO CONVENCIONAL E AEROFOTOGRAMETRIA POR MEIO DE VANT PARA REPRESENTAR O LEITO DE UM CURSO D\u2019\u00c1GUA DE UMA PEQUENA BACIA HIDROGR\u00c1FICA<\/a><\/p>\n<p><strong>Matheus Schroeder dos Santos<\/strong>; Gabriela dos Santos Barboza; Leandra Martins Bressan; Janice Ferreira da Silveira; Lukas Boeira; Viviane Santos Silva Terra; Gilberto Loguercio Collares<\/p>\n","protected":false},"excerpt":{"rendered":"<p>AN\u00c1LISE DA EXTENS\u00c3O DE \u00c1REAS INUNDADAS NO CANAL S\u00c3O GON\u00c7ALO &#8211; LAGOA MIRIM COM SENSORIAMENTO REMOTO Matheus Schroeder dos Santos; George Marino Soares Gon\u00e7alves; Thais Magalh\u00e3es Possa; Guilherme Kruger Bartels; Gilberto Loguercio Collares. EVOLU\u00c7\u00c3O DO USO E OCUPA\u00c7\u00c3O DO SOLO NO MUNIC\u00cdPIO DE PELOTAS_RS A PARTIR DE DADOS DO SAT\u00c9LITE LANDSAT Paula Krummreich Schumann; Matheus [&hellip;]<\/p>\n","protected":false},"author":405,"featured_media":0,"parent":1322,"menu_order":1,"comment_status":"closed","ping_status":"closed","template":"","meta":{"footnotes":""},"class_list":["post-1353","page","type-page","status-publish","hentry","post"],"_links":{"self":[{"href":"https:\/\/wp.ufpel.edu.br\/pethidrica\/wp-json\/wp\/v2\/pages\/1353","targetHints":{"allow":["GET"]}}],"collection":[{"href":"https:\/\/wp.ufpel.edu.br\/pethidrica\/wp-json\/wp\/v2\/pages"}],"about":[{"href":"https:\/\/wp.ufpel.edu.br\/pethidrica\/wp-json\/wp\/v2\/types\/page"}],"author":[{"embeddable":true,"href":"https:\/\/wp.ufpel.edu.br\/pethidrica\/wp-json\/wp\/v2\/users\/405"}],"replies":[{"embeddable":true,"href":"https:\/\/wp.ufpel.edu.br\/pethidrica\/wp-json\/wp\/v2\/comments?post=1353"}],"version-history":[{"count":5,"href":"https:\/\/wp.ufpel.edu.br\/pethidrica\/wp-json\/wp\/v2\/pages\/1353\/revisions"}],"predecessor-version":[{"id":1381,"href":"https:\/\/wp.ufpel.edu.br\/pethidrica\/wp-json\/wp\/v2\/pages\/1353\/revisions\/1381"}],"up":[{"embeddable":true,"href":"https:\/\/wp.ufpel.edu.br\/pethidrica\/wp-json\/wp\/v2\/pages\/1322"}],"wp:attachment":[{"href":"https:\/\/wp.ufpel.edu.br\/pethidrica\/wp-json\/wp\/v2\/media?parent=1353"}],"curies":[{"name":"wp","href":"https:\/\/api.w.org\/{rel}","templated":true}]}}