{"id":1331,"date":"2020-06-17T20:53:43","date_gmt":"2020-06-17T23:53:43","guid":{"rendered":"https:\/\/wp.ufpel.edu.br\/pethidrica\/?page_id=1331"},"modified":"2020-06-17T22:29:30","modified_gmt":"2020-06-18T01:29:30","slug":"solos","status":"publish","type":"page","link":"https:\/\/wp.ufpel.edu.br\/pethidrica\/engenharia-hidrica\/acervo-digital\/solos\/","title":{"rendered":"Solos"},"content":{"rendered":"<p><a href=\"https:\/\/wp.ufpel.edu.br\/pethidrica\/files\/2020\/06\/DETERMINA\u00c7\u00c3O-DAS-CURVAS-DE-RETEN\u00c7\u00c3O-DE-\u00c1GUA-NO-SOLO-EM-DIFERENTES-TOPOSSEQU\u00caNCIAS-DE-UMA-PEQUENA-BACIA-HIDROGR\u00c1FICA-NO-SUL-DO-BRASIL.pdf\">DETERMINA\u00c7\u00c3O DAS CURVAS DE RETEN\u00c7\u00c3O DE \u00c1GUA NO SOLO EM DIFERENTES TOPOSSEQU\u00caNCIAS DE UMA PEQUENA BACIA HIDROGR\u00c1FICA NO SUL DO BRASIL<\/a><\/p>\n<p><strong>Gabriela dos Santos Barboza<\/strong>; Paula Krummreich Schumann; Vict\u00f3ria de Souza Wojahn; George Marino Soares Gon\u00e7alves; Viviane Santos Silva Terra; Gilberto Loguercio Collares.<\/p>\n<p><a href=\"https:\/\/wp.ufpel.edu.br\/pethidrica\/files\/2020\/06\/LEVANTAMENTO-BATIM\u00c9TRICO-NO-RESERVAT\u00d3RIO-DA-BARRAGEM-DO-ARROIO-CHASQUEIRO-RS.pdf\">LEVANTAMENTO BATIM\u00c9TRICO NO RESERVAT\u00d3RIO DA BARRAGEM DO ARROIO CHASQUEIRO-RS<\/a><\/p>\n<p><strong>Leandra Martins Bressan<\/strong>; Eduarda Silveira Gomes; Willian da Silveira Lima; George Marino Gon\u00e7alves; Guilherme Kruger Bartels; Viviane Santos Silva Terra; Gilberto Loguercio Collares.<\/p>\n","protected":false},"excerpt":{"rendered":"<p>DETERMINA\u00c7\u00c3O DAS CURVAS DE RETEN\u00c7\u00c3O DE \u00c1GUA NO SOLO EM DIFERENTES TOPOSSEQU\u00caNCIAS DE UMA PEQUENA BACIA HIDROGR\u00c1FICA NO SUL DO BRASIL Gabriela dos Santos Barboza; Paula Krummreich Schumann; Vict\u00f3ria de Souza Wojahn; George Marino Soares Gon\u00e7alves; Viviane Santos Silva Terra; Gilberto Loguercio Collares. LEVANTAMENTO BATIM\u00c9TRICO NO RESERVAT\u00d3RIO DA BARRAGEM DO ARROIO CHASQUEIRO-RS Leandra Martins Bressan; [&hellip;]<\/p>\n","protected":false},"author":405,"featured_media":0,"parent":1322,"menu_order":1,"comment_status":"closed","ping_status":"closed","template":"","meta":{"footnotes":""},"class_list":["post-1331","page","type-page","status-publish","hentry","post"],"_links":{"self":[{"href":"https:\/\/wp.ufpel.edu.br\/pethidrica\/wp-json\/wp\/v2\/pages\/1331","targetHints":{"allow":["GET"]}}],"collection":[{"href":"https:\/\/wp.ufpel.edu.br\/pethidrica\/wp-json\/wp\/v2\/pages"}],"about":[{"href":"https:\/\/wp.ufpel.edu.br\/pethidrica\/wp-json\/wp\/v2\/types\/page"}],"author":[{"embeddable":true,"href":"https:\/\/wp.ufpel.edu.br\/pethidrica\/wp-json\/wp\/v2\/users\/405"}],"replies":[{"embeddable":true,"href":"https:\/\/wp.ufpel.edu.br\/pethidrica\/wp-json\/wp\/v2\/comments?post=1331"}],"version-history":[{"count":3,"href":"https:\/\/wp.ufpel.edu.br\/pethidrica\/wp-json\/wp\/v2\/pages\/1331\/revisions"}],"predecessor-version":[{"id":1385,"href":"https:\/\/wp.ufpel.edu.br\/pethidrica\/wp-json\/wp\/v2\/pages\/1331\/revisions\/1385"}],"up":[{"embeddable":true,"href":"https:\/\/wp.ufpel.edu.br\/pethidrica\/wp-json\/wp\/v2\/pages\/1322"}],"wp:attachment":[{"href":"https:\/\/wp.ufpel.edu.br\/pethidrica\/wp-json\/wp\/v2\/media?parent=1331"}],"curies":[{"name":"wp","href":"https:\/\/api.w.org\/{rel}","templated":true}]}}