{"id":1328,"date":"2020-06-17T20:51:35","date_gmt":"2020-06-17T23:51:35","guid":{"rendered":"https:\/\/wp.ufpel.edu.br\/pethidrica\/?page_id=1328"},"modified":"2020-06-18T21:23:51","modified_gmt":"2020-06-19T00:23:51","slug":"extensao","status":"publish","type":"page","link":"https:\/\/wp.ufpel.edu.br\/pethidrica\/engenharia-hidrica\/acervo-digital\/extensao\/","title":{"rendered":"Extens\u00e3o"},"content":{"rendered":"<p><a href=\"https:\/\/wp.ufpel.edu.br\/pethidrica\/files\/2020\/06\/A-RELEV\u00c2NCIA-DA-PESQUISA-CIENT\u00cdFICA-NAS-DIRETRIZES-DA-GRADUA\u00c7\u00c3O-1.pdf\">A RELEV\u00c2NCIA DA PESQUISA CIENT\u00cdFICA NAS DIRETRIZES DA GRADUA\u00c7\u00c3O<\/a><\/p>\n<p><strong>Matheus Schroeder dos Santos;<\/strong> Gabriela dos Santos Barboza; Leandra Martins Bressan; Est\u00eav\u00e3o Mazzochi Soares; Gilberto Loguercio Collares; Viviane Santos Silva Terra.<\/p>\n<p><a href=\"https:\/\/wp.ufpel.edu.br\/pethidrica\/files\/2020\/06\/AVALIA\u00c7\u00c3O-DA-PERCEP\u00c7\u00c3O-DO-USO-RACIONAL-DA-\u00c1GUA-POR-ALUNOS-DE-UMA-ESCOLA-MUNICIPAL-E-ESTADUAL-NO-MUNIC\u00cdPIO-DE-PELOTAS_RS.pdf\">AVALIA\u00c7\u00c3O DA PERCEP\u00c7\u00c3O DO USO RACIONAL DA \u00c1GUA POR ALUNOS DE UMA ESCOLA MUNICIPAL E ESTADUAL NO MUNIC\u00cdPIO DE PELOTAS_RS<\/a><\/p>\n<p><strong>Paula Krummreich Schumann<\/strong>; Wesley Huckembeck dos Santos; Ana Carolina Farias de Oliveira; Laura Martins Bueno; Gabriela dos Santos Barboza; Viviane Santos Silva Terra.<\/p>\n<p><a href=\"https:\/\/wp.ufpel.edu.br\/pethidrica\/files\/2020\/06\/CONSCIENTIZA\u00c7\u00c3O-DO-USO-E-CONSERVA\u00c7\u00c3O-DA-\u00c1GUA-NO-CAMPUS-ANGLO-DA-UNIVERSIDADE-FEDERAL-DE-PELOTAS.pdf\">CONSCIENTIZA\u00c7\u00c3O DO USO E CONSERVA\u00c7\u00c3O DA \u00c1GUA NO CAMPUS ANGLO DA UNIVERSIDADE FEDERAL DE PELOTAS<\/a><\/p>\n<p><strong>Laura Martins Bueno<\/strong>; Juliano Vasconcellos Sinotti; Willian da Silveira Lima; Wesley Huckembeck dos Santos; Ana Carolina Farias de Oliveira; Viviane Santos Silva Terra.<\/p>\n<p><a href=\"https:\/\/wp.ufpel.edu.br\/pethidrica\/files\/2020\/06\/EDUCA\u00c7\u00c3O-AMBIENTAL-NAS-ESCOLAS_-USOS-E-CONSERVA\u00c7\u00c3O-DA-\u00c1GUA-E-SOLO.pdf\">EDUCA\u00c7\u00c3O AMBIENTAL NAS ESCOLAS_ USOS E CONSERVA\u00c7\u00c3O DA \u00c1GUA E SOLO<\/a><\/p>\n<p><strong>Bruna Bohm Moura<\/strong>; Paula Krummreich Schumann; Willian da Silveira Lima; Gilberto Loguercio Soares; Viviane Santos Silva Terra.<\/p>\n<p><a href=\"https:\/\/wp.ufpel.edu.br\/pethidrica\/files\/2020\/06\/LEVANTAMENTO-SOCIOAMBIENTAL-COM-ENFOQUE-NOS-RECURSOS-H\u00cdDRICOS-BAIRRO-PORTO-EM-PELOTAS-RS-2.pdf\">LEVANTAMENTO SOCIOAMBIENTAL COM ENFOQUE NOS RECURSOS H\u00cdDRICOS, BAIRRO PORTO EM PELOTAS &#8211; RS<\/a><\/p>\n<p><strong>Eduardo Luceiro Santana<\/strong>; Matheus Schroeder dos Santos; Bruna Bohm Moura; Gabriela dos Santos Barboza; Willian da Silveira Lima; Viviane Santos Silva Terra.<\/p>\n<p><a href=\"https:\/\/wp.ufpel.edu.br\/pethidrica\/files\/2020\/06\/MESA-REDONDA-VIVER-EM-PAZ-PARA-ESTUDAR-EM-PAZ_-A-DEPRESS\u00c3O-NAS-UNIVERSIDADES.pdf\">MESA REDONDA &#8211; VIVER EM PAZ PARA ESTUDAR EM PAZ_ A DEPRESS\u00c3O NAS UNIVERSIDADES<\/a><\/p>\n<p><strong>Ana Carolina Farias de Oliveira<\/strong>; Thain\u00e1 Vieira Holz; Camila Bergamo.<\/p>\n<p><a href=\"https:\/\/wp.ufpel.edu.br\/pethidrica\/files\/2020\/06\/PERCEP\u00c7\u00c3O-SOCIOAMBIENTAL-SOBRE-O-USO-DOS-RECURSOS-H\u00cdDRICOS-NO-BAIRRO-BALSA-EM-PELOTAS-NO-ESTADO-DO-RIO-GRANDE-DO-SUL.pdf\">PERCEP\u00c7\u00c3O SOCIOAMBIENTAL SOBRE O USO DOS RECURSOS H\u00cdDRICOS NO BAIRRO BALSA EM PELOTAS, NO ESTADO DO RIO GRANDE DO SUL<\/a><\/p>\n<p><strong>Carlos Gabriel Grzegorczyk Dias<\/strong>; Arthur Costa Cerqueira; Diego Sebastian Ricci Morteo; Eduardo Moraes Rosa; Est\u00eav\u00e3o Mazzochi Soares; Viviane Santos Silva Terra.<\/p>\n<p><a href=\"https:\/\/wp.ufpel.edu.br\/pethidrica\/files\/2020\/06\/RECEP\u00c7\u00c3O-DOS-CALOUROS_-10-ANOS-DO-PROJETO-BARCADA-ENGENHARIA-H\u00cdDRICA.pdf\">RECEP\u00c7\u00c3O DOS CALOUROS_ 10 ANOS DO PROJETO BARCADA ENGENHARIA H\u00cdDRICA<\/a><\/p>\n<p><strong>Leandra Martins Bressan<\/strong>; Willian da Silveira Lima; Matheus Schroeder dos Santos; Laura Martins Bueno; Juliano Vasconcellos Sinotti, Viviane Santos Silva Terra.<\/p>\n<p>&nbsp;<\/p>\n","protected":false},"excerpt":{"rendered":"<p>A RELEV\u00c2NCIA DA PESQUISA CIENT\u00cdFICA NAS DIRETRIZES DA GRADUA\u00c7\u00c3O Matheus Schroeder dos Santos; Gabriela dos Santos Barboza; Leandra Martins Bressan; Est\u00eav\u00e3o Mazzochi Soares; Gilberto Loguercio Collares; Viviane Santos Silva Terra. AVALIA\u00c7\u00c3O DA PERCEP\u00c7\u00c3O DO USO RACIONAL DA \u00c1GUA POR ALUNOS DE UMA ESCOLA MUNICIPAL E ESTADUAL NO MUNIC\u00cdPIO DE PELOTAS_RS Paula Krummreich Schumann; Wesley Huckembeck [&hellip;]<\/p>\n","protected":false},"author":405,"featured_media":0,"parent":1322,"menu_order":1,"comment_status":"closed","ping_status":"closed","template":"","meta":{"footnotes":""},"class_list":["post-1328","page","type-page","status-publish","hentry","post"],"_links":{"self":[{"href":"https:\/\/wp.ufpel.edu.br\/pethidrica\/wp-json\/wp\/v2\/pages\/1328","targetHints":{"allow":["GET"]}}],"collection":[{"href":"https:\/\/wp.ufpel.edu.br\/pethidrica\/wp-json\/wp\/v2\/pages"}],"about":[{"href":"https:\/\/wp.ufpel.edu.br\/pethidrica\/wp-json\/wp\/v2\/types\/page"}],"author":[{"embeddable":true,"href":"https:\/\/wp.ufpel.edu.br\/pethidrica\/wp-json\/wp\/v2\/users\/405"}],"replies":[{"embeddable":true,"href":"https:\/\/wp.ufpel.edu.br\/pethidrica\/wp-json\/wp\/v2\/comments?post=1328"}],"version-history":[{"count":6,"href":"https:\/\/wp.ufpel.edu.br\/pethidrica\/wp-json\/wp\/v2\/pages\/1328\/revisions"}],"predecessor-version":[{"id":1391,"href":"https:\/\/wp.ufpel.edu.br\/pethidrica\/wp-json\/wp\/v2\/pages\/1328\/revisions\/1391"}],"up":[{"embeddable":true,"href":"https:\/\/wp.ufpel.edu.br\/pethidrica\/wp-json\/wp\/v2\/pages\/1322"}],"wp:attachment":[{"href":"https:\/\/wp.ufpel.edu.br\/pethidrica\/wp-json\/wp\/v2\/media?parent=1328"}],"curies":[{"name":"wp","href":"https:\/\/api.w.org\/{rel}","templated":true}]}}