{"id":1325,"date":"2020-06-17T20:51:04","date_gmt":"2020-06-17T23:51:04","guid":{"rendered":"https:\/\/wp.ufpel.edu.br\/pethidrica\/?page_id=1325"},"modified":"2020-06-18T21:27:30","modified_gmt":"2020-06-19T00:27:30","slug":"ensino","status":"publish","type":"page","link":"https:\/\/wp.ufpel.edu.br\/pethidrica\/engenharia-hidrica\/acervo-digital\/ensino\/","title":{"rendered":"Ensino"},"content":{"rendered":"<p><a href=\"https:\/\/wp.ufpel.edu.br\/pethidrica\/files\/2020\/06\/APROVEITAMENTO-DA-\u00c1GUA-CINZA-PROVENIENTE-DE-TORNEIRAS-PARA-USOS-N\u00c3O-POT\u00c1VEIS-EM-INSTITUI\u00c7\u00c3O-DE-ENSINO.pdf\">APROVEITAMENTO DA \u00c1GUA CINZA PROVENIENTE DE TORNEIRAS PARA USOS N\u00c3O POT\u00c1VEIS EM INSTITUI\u00c7\u00c3O DE ENSINO<\/a><\/p>\n<p><strong>Ana Carolina Farias de Oliveira<\/strong>; Paula Krummreich Schumann; Gabriela dos Santos Barboza; Gustavo Borges Lima; Matheus Schroeder dos Santos; Leandra Martins Bressan; Willian da Silveira Lima; Bruna Bohm Moura; Viviane Santos Silva Terra.<\/p>\n<p><a href=\"https:\/\/wp.ufpel.edu.br\/pethidrica\/files\/2020\/06\/ESTUDO-DE-VIABILIDADE-T\u00c9CNICA-E-ECON\u00d4MICA-DA-IMPLATA\u00c7\u00c3O-DE-UM-SISTEMA-DE-REAPROVEITAMENTO-DE-\u00c1GUA-NO-CAMPUS-ANGLO-\u2013-UFPEL.pdf\">ESTUDO DE VIABILIDADE T\u00c9CNICA E ECON\u00d4MICA DA IMPLATA\u00c7\u00c3O DE UM SISTEMA DE REAPROVEITAMENTO DE \u00c1GUA NO CAMPUS ANGLO \u2013 UFPEL<\/a><\/p>\n<p><strong>Ana Carolina Farias de Oliveira<\/strong>; Bruna Bohm Moura; Paula Krummreich Schumann; Juliano Vasconcellos Sinotti; Leandra Martins Bressans; Viviane Santos Silva Terra.<\/p>\n","protected":false},"excerpt":{"rendered":"<p>APROVEITAMENTO DA \u00c1GUA CINZA PROVENIENTE DE TORNEIRAS PARA USOS N\u00c3O POT\u00c1VEIS EM INSTITUI\u00c7\u00c3O DE ENSINO Ana Carolina Farias de Oliveira; Paula Krummreich Schumann; Gabriela dos Santos Barboza; Gustavo Borges Lima; Matheus Schroeder dos Santos; Leandra Martins Bressan; Willian da Silveira Lima; Bruna Bohm Moura; Viviane Santos Silva Terra. ESTUDO DE VIABILIDADE T\u00c9CNICA E ECON\u00d4MICA DA [&hellip;]<\/p>\n","protected":false},"author":405,"featured_media":0,"parent":1322,"menu_order":1,"comment_status":"closed","ping_status":"closed","template":"","meta":{"footnotes":""},"class_list":["post-1325","page","type-page","status-publish","hentry","post"],"_links":{"self":[{"href":"https:\/\/wp.ufpel.edu.br\/pethidrica\/wp-json\/wp\/v2\/pages\/1325","targetHints":{"allow":["GET"]}}],"collection":[{"href":"https:\/\/wp.ufpel.edu.br\/pethidrica\/wp-json\/wp\/v2\/pages"}],"about":[{"href":"https:\/\/wp.ufpel.edu.br\/pethidrica\/wp-json\/wp\/v2\/types\/page"}],"author":[{"embeddable":true,"href":"https:\/\/wp.ufpel.edu.br\/pethidrica\/wp-json\/wp\/v2\/users\/405"}],"replies":[{"embeddable":true,"href":"https:\/\/wp.ufpel.edu.br\/pethidrica\/wp-json\/wp\/v2\/comments?post=1325"}],"version-history":[{"count":8,"href":"https:\/\/wp.ufpel.edu.br\/pethidrica\/wp-json\/wp\/v2\/pages\/1325\/revisions"}],"predecessor-version":[{"id":1393,"href":"https:\/\/wp.ufpel.edu.br\/pethidrica\/wp-json\/wp\/v2\/pages\/1325\/revisions\/1393"}],"up":[{"embeddable":true,"href":"https:\/\/wp.ufpel.edu.br\/pethidrica\/wp-json\/wp\/v2\/pages\/1322"}],"wp:attachment":[{"href":"https:\/\/wp.ufpel.edu.br\/pethidrica\/wp-json\/wp\/v2\/media?parent=1325"}],"curies":[{"name":"wp","href":"https:\/\/api.w.org\/{rel}","templated":true}]}}