{"id":126,"date":"2014-08-01T11:06:54","date_gmt":"2014-08-01T14:06:54","guid":{"rendered":"https:\/\/wp.ufpel.edu.br\/pethidrica\/?page_id=126"},"modified":"2014-08-01T11:46:18","modified_gmt":"2014-08-01T14:46:18","slug":"disciplinas","status":"publish","type":"page","link":"https:\/\/wp.ufpel.edu.br\/pethidrica\/ppg\/disciplinas\/","title":{"rendered":"Disciplinas"},"content":{"rendered":"<p style=\"text-align: justify\"><span style=\"font-family: tahoma, arial, helvetica, sans-serif;font-size: 10pt;color: #000000\"><strong>O Programa de P\u00f3s-Gradua\u00e7\u00e3o em Recursos H\u00eddricos da UFPel tem como requisito parcial para a conclus\u00e3o do curso de Mestrado, a integraliza\u00e7\u00e3o de 24 cr\u00e9ditos, conforme quadro a seguir:<\/strong><\/span><\/p>\n<p style=\"text-align: justify\"><span style=\"font-family: tahoma, arial, helvetica, sans-serif;font-size: 10pt;color: #000000\">1. Doc\u00eancia orientada<\/span><\/p>\n<p style=\"text-align: justify\"><span style=\"font-family: tahoma, arial, helvetica, sans-serif;font-size: 10pt;color: #000000\">2. Hidr\u00e1ulica de Sistemas Naturais e Artificiais<\/span><\/p>\n<p style=\"text-align: justify\"><span style=\"font-family: tahoma, arial, helvetica, sans-serif;font-size: 10pt;color: #000000\">3. Hidrometeorologia<\/span><\/p>\n<p style=\"text-align: justify\"><span style=\"font-family: tahoma, arial, helvetica, sans-serif;font-size: 10pt;color: #000000\">4. Semin\u00e1rios I<\/span><\/p>\n<p style=\"text-align: justify\"><span style=\"font-family: tahoma, arial, helvetica, sans-serif;font-size: 10pt;color: #000000\">5. Semin\u00e1rios II<\/span><\/p>\n<p style=\"text-align: justify\"><span style=\"font-family: tahoma, arial, helvetica, sans-serif;font-size: 10pt;color: #000000\">6. Hidrologia I<\/span><\/p>\n<p style=\"text-align: justify\"><span style=\"font-family: tahoma, arial, helvetica, sans-serif;font-size: 10pt;color: #000000\">7. Hidrologia II<\/span><\/p>\n<p style=\"text-align: justify\"><span style=\"font-family: tahoma, arial, helvetica, sans-serif;font-size: 10pt;color: #000000\">8. Engenharia de Irriga\u00e7\u00e3o<\/span><\/p>\n<p style=\"text-align: justify\"><span style=\"font-family: tahoma, arial, helvetica, sans-serif;font-size: 10pt;color: #000000\">9. Hidrodin\u00e2mica Costeira e Estuarina<\/span><\/p>\n<p style=\"text-align: justify\"><span style=\"font-family: tahoma, arial, helvetica, sans-serif;font-size: 10pt;color: #000000\">10. Geostat\u00edstica Aplicada aos Recursos H\u00eddricos<\/span><\/p>\n<p style=\"text-align: justify\"><span style=\"font-family: tahoma, arial, helvetica, sans-serif;font-size: 10pt;color: #000000\">11. Impactos Ambientais no Aproveitamento de Recursos H\u00eddricos<\/span><\/p>\n<p style=\"text-align: justify\"><span style=\"font-family: tahoma, arial, helvetica, sans-serif;font-size: 10pt;color: #000000\">12. Hidrometria Aplicada<\/span><\/p>\n<p style=\"text-align: justify\"><span style=\"font-family: tahoma, arial, helvetica, sans-serif;font-size: 10pt;color: #000000\">13. Qualidade de \u00c1gua em Bacias Hidrogr\u00e1ficas<\/span><\/p>\n<p style=\"text-align: justify\"><span style=\"font-family: tahoma, arial, helvetica, sans-serif;font-size: 10pt;color: #000000\">14. Ci\u00eancia do Solo Aplicada aos Recursos H\u00eddricos<\/span><\/p>\n<p style=\"text-align: justify\"><span style=\"font-family: tahoma, arial, helvetica, sans-serif;font-size: 10pt;color: #000000\">15. Simula\u00e7\u00e3o Hidrol\u00f3gica<\/span><\/p>\n<p style=\"text-align: justify\"><span style=\"font-family: tahoma, arial, helvetica, sans-serif;font-size: 10pt;color: #000000\">16. Manejo e Conserva\u00e7\u00e3o de Bacias Hidrogr\u00e1ficas<\/span><\/p>\n<p style=\"text-align: justify\"><span style=\"font-family: tahoma, arial, helvetica, sans-serif;font-size: 10pt;color: #000000\">17. Estruturas Hidr\u00e1ulicas<\/span><\/p>\n<p style=\"text-align: justify\"><span style=\"font-family: tahoma, arial, helvetica, sans-serif;font-size: 10pt;color: #000000\">18. T\u00f3picos Especiais em Recursos H\u00eddricos<\/span><\/p>\n<p style=\"text-align: justify\">\n","protected":false},"excerpt":{"rendered":"<p>O Programa de P\u00f3s-Gradua\u00e7\u00e3o em Recursos H\u00eddricos da UFPel tem como requisito parcial para a conclus\u00e3o do curso de Mestrado, a integraliza\u00e7\u00e3o de 24 cr\u00e9ditos, conforme quadro a seguir: 1. Doc\u00eancia orientada 2. Hidr\u00e1ulica de Sistemas Naturais e Artificiais 3. Hidrometeorologia 4. Semin\u00e1rios I 5. Semin\u00e1rios II 6. Hidrologia I 7. Hidrologia II 8. Engenharia [&hellip;]<\/p>\n","protected":false},"author":405,"featured_media":0,"parent":75,"menu_order":0,"comment_status":"closed","ping_status":"closed","template":"","meta":{"footnotes":""},"class_list":["post-126","page","type-page","status-publish","hentry","post"],"_links":{"self":[{"href":"https:\/\/wp.ufpel.edu.br\/pethidrica\/wp-json\/wp\/v2\/pages\/126","targetHints":{"allow":["GET"]}}],"collection":[{"href":"https:\/\/wp.ufpel.edu.br\/pethidrica\/wp-json\/wp\/v2\/pages"}],"about":[{"href":"https:\/\/wp.ufpel.edu.br\/pethidrica\/wp-json\/wp\/v2\/types\/page"}],"author":[{"embeddable":true,"href":"https:\/\/wp.ufpel.edu.br\/pethidrica\/wp-json\/wp\/v2\/users\/405"}],"replies":[{"embeddable":true,"href":"https:\/\/wp.ufpel.edu.br\/pethidrica\/wp-json\/wp\/v2\/comments?post=126"}],"version-history":[{"count":5,"href":"https:\/\/wp.ufpel.edu.br\/pethidrica\/wp-json\/wp\/v2\/pages\/126\/revisions"}],"predecessor-version":[{"id":146,"href":"https:\/\/wp.ufpel.edu.br\/pethidrica\/wp-json\/wp\/v2\/pages\/126\/revisions\/146"}],"up":[{"embeddable":true,"href":"https:\/\/wp.ufpel.edu.br\/pethidrica\/wp-json\/wp\/v2\/pages\/75"}],"wp:attachment":[{"href":"https:\/\/wp.ufpel.edu.br\/pethidrica\/wp-json\/wp\/v2\/media?parent=126"}],"curies":[{"name":"wp","href":"https:\/\/api.w.org\/{rel}","templated":true}]}}