{"id":118,"date":"2014-08-01T11:05:37","date_gmt":"2014-08-01T14:05:37","guid":{"rendered":"https:\/\/wp.ufpel.edu.br\/pethidrica\/?page_id=118"},"modified":"2019-01-11T23:10:25","modified_gmt":"2019-01-12T01:10:25","slug":"disciplinas","status":"publish","type":"page","link":"https:\/\/wp.ufpel.edu.br\/pethidrica\/engenharia-hidrica\/disciplinas\/","title":{"rendered":"Disciplinas"},"content":{"rendered":"<table style=\"height: 27px;width: 649px\" border=\"1\" width=\"651\">\n<tbody>\n<tr>\n<td style=\"text-align: center\"><strong>Disciplinas<\/strong><\/td>\n<\/tr>\n<\/tbody>\n<\/table>\n<table style=\"height: 279px\" width=\"649\">\n<tbody>\n<tr>\n<td><strong>Primeiro Semestre \u00a0 \u00a0 \u00a0 \u00a0 \u00a0 \u00a0 \u00a0 \u00a0 \u00a0 \u00a0 \u00a0 \u00a0 \u00a0 \u00a0 \u00a0 \u00a0 \u00a0 \u00a0 \u00a0 \u00a0 \u00a0 \u00a0\u00a0<\/strong><\/td>\n<td><strong>Segundo Semestre \u00a0 \u00a0 \u00a0 \u00a0 \u00a0 \u00a0 \u00a0 \u00a0 \u00a0 \u00a0 \u00a0 \u00a0 \u00a0 \u00a0 \u00a0 \u00a0 \u00a0 \u00a0 \u00a0 \u00a0 \u00a0 \u00a0\u00a0<\/strong><\/td>\n<\/tr>\n<tr>\n<td>C\u00e1lculo 1<\/td>\n<td>F\u00edsica B\u00e1sica I<\/td>\n<\/tr>\n<tr>\n<td>Qu\u00edmica Geral<\/td>\n<td>C\u00e1lculo 2<\/td>\n<\/tr>\n<tr>\n<td>Geologia geral Aplicada a Engenharia H\u00eddrica<\/td>\n<td>Desenho T\u00e9cnico I<\/td>\n<\/tr>\n<tr>\n<td>Geometria Descritiva<\/td>\n<td>Ecologia e Impacto Ambiental<\/td>\n<\/tr>\n<tr>\n<td>Fundamentos de Biologia<\/td>\n<td>Ci\u00eancia, Tecnologia e Sociedade<\/td>\n<\/tr>\n<tr>\n<td>Tutoria Acad\u00eamica<\/td>\n<td>Qu\u00edmica Anal\u00edtica<\/td>\n<\/tr>\n<tr>\n<td>\u00c1lgebra Linear e Geometria Anal\u00edtica<\/td>\n<td>Ci\u00eancia do Solo I<\/td>\n<\/tr>\n<tr>\n<td><\/td>\n<td>Tutoria Acad\u00eamica II<\/td>\n<\/tr>\n<\/tbody>\n<\/table>\n<p>&nbsp;<\/p>\n<table style=\"height: 248px\" width=\"649\">\n<tbody>\n<tr>\n<td><strong>Terceiro Semestre \u00a0 \u00a0 \u00a0 \u00a0 \u00a0 \u00a0 \u00a0 \u00a0 \u00a0 \u00a0 \u00a0 \u00a0 \u00a0 \u00a0 \u00a0 \u00a0 \u00a0 \u00a0\u00a0<\/strong><\/td>\n<td><strong>Quarto semestre \u00a0 \u00a0 \u00a0 \u00a0 \u00a0 \u00a0 \u00a0 \u00a0 \u00a0 \u00a0 \u00a0 \u00a0 \u00a0 \u00a0 \u00a0 \u00a0 \u00a0 \u00a0 \u00a0 \u00a0<\/strong><\/td>\n<\/tr>\n<tr>\n<td>Ci\u00eancia do Solo II<\/td>\n<td>Tutoria Acad\u00eamica III<\/td>\n<\/tr>\n<tr>\n<td>F\u00edsica B\u00e1sica II<\/td>\n<td>F\u00edsica B\u00e1sica III<\/td>\n<\/tr>\n<tr>\n<td>C\u00e1lculo 3<\/td>\n<td>Hidrologia<\/td>\n<\/tr>\n<tr>\n<td>Mec\u00e2nica Aplicada I<\/td>\n<td>Mec\u00e2nica dos Flu\u00eddos<\/td>\n<\/tr>\n<tr>\n<td>Climatologia<\/td>\n<td>Resist\u00eancia dos Materiais<\/td>\n<\/tr>\n<tr>\n<td>Estat\u00edstica B\u00e1sica<\/td>\n<td>Gr\u00e1fica Computacional<\/td>\n<\/tr>\n<tr>\n<td>Cidadania, \u00c9tica e Responsabilidade Social<\/td>\n<td>Leitura e Produ\u00e7\u00e3o Textual<\/td>\n<\/tr>\n<\/tbody>\n<\/table>\n<p>&nbsp;<\/p>\n<table style=\"height: 227px\" width=\"650\">\n<tbody>\n<tr style=\"height: 48px\">\n<td style=\"height: 48px\"><strong>Quinto Semestre \u00a0 \u00a0 \u00a0 \u00a0 \u00a0 \u00a0 \u00a0 \u00a0 \u00a0 \u00a0 \u00a0 \u00a0 \u00a0 \u00a0 \u00a0 \u00a0 \u00a0 \u00a0 \u00a0 \u00a0 \u00a0 \u00a0 \u00a0 \u00a0 \u00a0 \u00a0\u00a0<\/strong><\/td>\n<td style=\"height: 48px\"><strong>Sexto Semestre<\/strong><\/td>\n<\/tr>\n<tr style=\"height: 24px\">\n<td style=\"height: 24px\">Hidroqu\u00edmica<\/td>\n<td style=\"height: 24px\">Ergonomia e Seguran\u00e7a do Trabalho<\/td>\n<\/tr>\n<tr style=\"height: 24px\">\n<td style=\"height: 24px\">Mec\u00e2nica dos Solos<\/td>\n<td style=\"height: 24px\">Limnologia<\/td>\n<\/tr>\n<tr style=\"height: 24px\">\n<td style=\"height: 24px\">Termodin\u00e2mica I<\/td>\n<td style=\"height: 24px\">Direito Ambiental e dos RH<\/td>\n<\/tr>\n<tr style=\"height: 24px\">\n<td style=\"height: 24px\">Materiais de Constru\u00e7\u00e3o<\/td>\n<td style=\"height: 24px\">Hidrogeologia<\/td>\n<\/tr>\n<tr style=\"height: 24px\">\n<td style=\"height: 24px\">Hidr\u00e1ulica de Superf\u00edcie Livre<\/td>\n<td style=\"height: 24px\">Hidr\u00e1ulica de Condutos For\u00e7ados<\/td>\n<\/tr>\n<tr style=\"height: 24px\">\n<td style=\"height: 24px\">Elementos de Engenharia Cartogr\u00e1fica<\/td>\n<td style=\"height: 24px\">Eletrot\u00e9cnica<\/td>\n<\/tr>\n<tr style=\"height: 26px\">\n<td style=\"height: 26px\">M\u00e9todos Estat\u00edsticos Aplicados a RH<\/td>\n<td style=\"height: 26px\">Geotecnologia Aplicada a Recursos H\u00eddricos<\/td>\n<\/tr>\n<\/tbody>\n<\/table>\n<p>&nbsp;<\/p>\n<table style=\"height: 227px\" width=\"648\">\n<tbody>\n<tr style=\"height: 48px\">\n<td style=\"height: 48px\"><strong>S\u00e9timo Semestre<\/strong><\/td>\n<td style=\"height: 48px;text-align: left\"><strong>Oitavo Semestre \u00a0 \u00a0 \u00a0 \u00a0 \u00a0 \u00a0 \u00a0 \u00a0 \u00a0 \u00a0 \u00a0 \u00a0 \u00a0 \u00a0 \u00a0 \u00a0 \u00a0 \u00a0 \u00a0 \u00a0 \u00a0 \u00a0 \u00a0\u00a0<\/strong><\/td>\n<\/tr>\n<tr style=\"height: 24px\">\n<td style=\"height: 24px\">Hidrologia Aplicada<\/td>\n<td style=\"height: 24px\">Manejo de Bacias Hidrogr\u00e1ficas<\/td>\n<\/tr>\n<tr style=\"height: 24px\">\n<td style=\"height: 24px\">Instrumenta\u00e7\u00e3o e Processamento de Sinais<\/td>\n<td style=\"height: 24px\">Drenagem Urbana<\/td>\n<\/tr>\n<tr style=\"height: 24px\">\n<td style=\"height: 24px\">Irriga\u00e7\u00e3o e Drenagem<\/td>\n<td style=\"height: 24px\">Obras Hidr\u00e1ulicas<\/td>\n<\/tr>\n<tr style=\"height: 48px\">\n<td style=\"height: 48px\">Sistemas de Abastecimento e Tratamento de \u00c1gua<\/td>\n<td style=\"height: 48px\">Hidrossedimentologia<\/td>\n<\/tr>\n<tr style=\"height: 24px\">\n<td style=\"height: 24px\">Hidrometria<\/td>\n<td style=\"height: 24px\">Sistemas de Tratamento de Efluentes<\/td>\n<\/tr>\n<tr style=\"height: 10px\">\n<td style=\"height: 10px\">Oceanografia F\u00edsica, Costeira e Estuarina<\/td>\n<td style=\"height: 10px\">Administra\u00e7\u00e3o e Empreendedorismo<\/td>\n<\/tr>\n<tr style=\"height: 24px\">\n<td style=\"height: 24px\"><\/td>\n<td style=\"height: 24px\">Tutoria Acad\u00eamico-Profissional<\/td>\n<\/tr>\n<\/tbody>\n<\/table>\n<p>&nbsp;<\/p>\n<table style=\"height: 152px\" width=\"655\">\n<tbody>\n<tr>\n<td>\u00a0<strong>Nono Semestre\u00a0<\/strong><\/td>\n<td><strong>\u00a0D\u00e9cimo Semestre \u00a0 \u00a0 \u00a0 \u00a0 \u00a0 \u00a0 \u00a0 \u00a0 \u00a0 \u00a0 \u00a0 \u00a0 \u00a0 \u00a0 \u00a0 \u00a0 \u00a0 \u00a0 \u00a0 \u00a0 \u00a0 \u00a0 \u00a0 \u00a0 \u00a0 \u00a0<\/strong><\/td>\n<\/tr>\n<tr>\n<td>\u00a0Gest\u00e3o de Sistemas H\u00eddricos<\/td>\n<td>\u00a0Trabalho Final de Gradua\u00e7\u00e3o 2<\/td>\n<\/tr>\n<tr>\n<td>Trabalho Final de Gradua\u00e7\u00e3o 1<\/td>\n<td>\u00a0Est\u00e1gio Curricular Supervisionado<\/td>\n<\/tr>\n<tr>\n<td>Economia dos Recursos H\u00eddricos e Tomada de Decis\u00e3o<\/td>\n<td><\/td>\n<\/tr>\n<tr>\n<td>Portos e Hidrovias<\/td>\n<td><\/td>\n<\/tr>\n<tr>\n<td>Aproveitamento Hidroenerg\u00e9tico<\/td>\n<td><\/td>\n<\/tr>\n<\/tbody>\n<\/table>\n<p><strong><span style=\"color: #000000;font-family: Verdana, Arial, Helvetica, sans-serif;font-size: 12pt\">Optativas <\/span>\u00a0<\/strong><\/p>\n<ul>\n<li>Instala\u00e7\u00f5es Hidr\u00e1ulico-Sanit\u00e1rias Prediais<\/li>\n<li>Impactos Ambientais no Aproveitamento de Recursos H\u00eddricos<\/li>\n<li>Hidr\u00e1ulica Fluvial<\/li>\n<li>Transporte de Sedimentos em Canais<\/li>\n<li>Reuso da \u00c1gua<\/li>\n<li>Simula\u00e7\u00e3o Hidrol\u00f3gica<\/li>\n<li>Hidr\u00e1ulica Computacional<\/li>\n<li>Energia e Meio Ambiente<\/li>\n<li>L\u00edngua Brasileira de Sinais<\/li>\n<li>Estruturas Hidr\u00e1ulicas<\/li>\n<li>Hidrometria Aplicada<\/li>\n<li>Fontes Alternativas de Energia<\/li>\n<li>M\u00e9todos Computacionais aplicados aos Recursos H\u00eddricos<\/li>\n<li>Gest\u00e3o de Res\u00edduos<\/li>\n<li>Metodologia Cient\u00edfica e Tecnol\u00f3gica<\/li>\n<li>C\u00e1lculo 4<\/li>\n<li>T\u00e9cnicas de Constru\u00e7\u00f5es<\/li>\n<li>Introdu\u00e7\u00e3o ao Gerenciamento Costeiro<\/li>\n<li>Ecotoxicologia Aqu\u00e1tica<\/li>\n<li>Aplica\u00e7\u00e3o de Sistemas de Informa\u00e7\u00f5es Geogr\u00e1ficas (SIGs) na Engenharia H\u00eddrica<\/li>\n<\/ul>\n<p>&nbsp;<\/p>\n","protected":false},"excerpt":{"rendered":"<p>Disciplinas Primeiro Semestre \u00a0 \u00a0 \u00a0 \u00a0 \u00a0 \u00a0 \u00a0 \u00a0 \u00a0 \u00a0 \u00a0 \u00a0 \u00a0 \u00a0 \u00a0 \u00a0 \u00a0 \u00a0 \u00a0 \u00a0 \u00a0 \u00a0\u00a0 Segundo Semestre \u00a0 \u00a0 \u00a0 \u00a0 \u00a0 \u00a0 \u00a0 \u00a0 \u00a0 \u00a0 \u00a0 \u00a0 \u00a0 \u00a0 \u00a0 \u00a0 \u00a0 \u00a0 \u00a0 \u00a0 \u00a0 \u00a0\u00a0 C\u00e1lculo 1 F\u00edsica B\u00e1sica I Qu\u00edmica [&hellip;]<\/p>\n","protected":false},"author":405,"featured_media":0,"parent":72,"menu_order":0,"comment_status":"closed","ping_status":"closed","template":"","meta":{"footnotes":""},"class_list":["post-118","page","type-page","status-publish","hentry","post"],"_links":{"self":[{"href":"https:\/\/wp.ufpel.edu.br\/pethidrica\/wp-json\/wp\/v2\/pages\/118","targetHints":{"allow":["GET"]}}],"collection":[{"href":"https:\/\/wp.ufpel.edu.br\/pethidrica\/wp-json\/wp\/v2\/pages"}],"about":[{"href":"https:\/\/wp.ufpel.edu.br\/pethidrica\/wp-json\/wp\/v2\/types\/page"}],"author":[{"embeddable":true,"href":"https:\/\/wp.ufpel.edu.br\/pethidrica\/wp-json\/wp\/v2\/users\/405"}],"replies":[{"embeddable":true,"href":"https:\/\/wp.ufpel.edu.br\/pethidrica\/wp-json\/wp\/v2\/comments?post=118"}],"version-history":[{"count":23,"href":"https:\/\/wp.ufpel.edu.br\/pethidrica\/wp-json\/wp\/v2\/pages\/118\/revisions"}],"predecessor-version":[{"id":947,"href":"https:\/\/wp.ufpel.edu.br\/pethidrica\/wp-json\/wp\/v2\/pages\/118\/revisions\/947"}],"up":[{"embeddable":true,"href":"https:\/\/wp.ufpel.edu.br\/pethidrica\/wp-json\/wp\/v2\/pages\/72"}],"wp:attachment":[{"href":"https:\/\/wp.ufpel.edu.br\/pethidrica\/wp-json\/wp\/v2\/media?parent=118"}],"curies":[{"name":"wp","href":"https:\/\/api.w.org\/{rel}","templated":true}]}}