{"id":116,"date":"2014-08-01T11:05:18","date_gmt":"2014-08-01T14:05:18","guid":{"rendered":"https:\/\/wp.ufpel.edu.br\/pethidrica\/?page_id=116"},"modified":"2014-08-13T09:59:53","modified_gmt":"2014-08-13T12:59:53","slug":"projeto-pedagogico","status":"publish","type":"page","link":"https:\/\/wp.ufpel.edu.br\/pethidrica\/engenharia-hidrica\/projeto-pedagogico\/","title":{"rendered":"Projeto Pedag\u00f3gico"},"content":{"rendered":"<p>\u00daltima vers\u00e3o do Projeto Pedag\u00f3gico do curso de Engenharia H\u00eddrica 10\/02\/21014.<\/p>\n<p><a href=\"https:\/\/wp.ufpel.edu.br\/pethidrica\/files\/2014\/08\/Projeto-Pedag\u00f3gico-2014.pdf\">Projeto Pedag\u00f3gico-2014<\/a><\/p>\n<p>&nbsp;<\/p>\n<p>&nbsp;<\/p>\n<p>&nbsp;<\/p>\n<p>&nbsp;<\/p>\n","protected":false},"excerpt":{"rendered":"<p>\u00daltima vers\u00e3o do Projeto Pedag\u00f3gico do curso de Engenharia H\u00eddrica 10\/02\/21014. Projeto Pedag\u00f3gico-2014 &nbsp; &nbsp; &nbsp; &nbsp;<\/p>\n","protected":false},"author":405,"featured_media":0,"parent":72,"menu_order":0,"comment_status":"closed","ping_status":"closed","template":"","meta":{"footnotes":""},"class_list":["post-116","page","type-page","status-publish","hentry","post"],"_links":{"self":[{"href":"https:\/\/wp.ufpel.edu.br\/pethidrica\/wp-json\/wp\/v2\/pages\/116","targetHints":{"allow":["GET"]}}],"collection":[{"href":"https:\/\/wp.ufpel.edu.br\/pethidrica\/wp-json\/wp\/v2\/pages"}],"about":[{"href":"https:\/\/wp.ufpel.edu.br\/pethidrica\/wp-json\/wp\/v2\/types\/page"}],"author":[{"embeddable":true,"href":"https:\/\/wp.ufpel.edu.br\/pethidrica\/wp-json\/wp\/v2\/users\/405"}],"replies":[{"embeddable":true,"href":"https:\/\/wp.ufpel.edu.br\/pethidrica\/wp-json\/wp\/v2\/comments?post=116"}],"version-history":[{"count":3,"href":"https:\/\/wp.ufpel.edu.br\/pethidrica\/wp-json\/wp\/v2\/pages\/116\/revisions"}],"predecessor-version":[{"id":183,"href":"https:\/\/wp.ufpel.edu.br\/pethidrica\/wp-json\/wp\/v2\/pages\/116\/revisions\/183"}],"up":[{"embeddable":true,"href":"https:\/\/wp.ufpel.edu.br\/pethidrica\/wp-json\/wp\/v2\/pages\/72"}],"wp:attachment":[{"href":"https:\/\/wp.ufpel.edu.br\/pethidrica\/wp-json\/wp\/v2\/media?parent=116"}],"curies":[{"name":"wp","href":"https:\/\/api.w.org\/{rel}","templated":true}]}}