{"id":114,"date":"2014-08-01T11:04:55","date_gmt":"2014-08-01T14:04:55","guid":{"rendered":"https:\/\/wp.ufpel.edu.br\/pethidrica\/?page_id=114"},"modified":"2019-01-11T23:11:11","modified_gmt":"2019-01-12T01:11:11","slug":"historico","status":"publish","type":"page","link":"https:\/\/wp.ufpel.edu.br\/pethidrica\/engenharia-hidrica\/historico\/","title":{"rendered":"Hist\u00f3rico"},"content":{"rendered":"<p style=\"text-align: justify\">\u00a0 \u00a0 \u00a0O curso de gradua\u00e7\u00e3o em Engenharia H\u00eddrica foi proposto em 2008 e criado atrav\u00e9s do REUNI, em novembro de 2008. A primeira turma a dar in\u00edcio \u00e0s atividades do novo curso teve a oportunidade de acesso a partir do processo seletivo de ver\u00e3o de 2008, com in\u00edcio das aulas em abril de 2009. A gradua\u00e7\u00e3o em Engenharia H\u00eddrica da Universidade Federal de Pelotas tem por objetivo formar profissionais aptos a atuar em todos os aspectos referentes ao uso e gest\u00e3o do recurso &#8220;\u00e1gua&#8221;, incluindo seus aspectos t\u00e9cnicos, sociais e ambientais. \u00c9 um profissional qualificado para avaliar, quantificar, projetar, montar, construir, fiscalizar e gerenciar servi\u00e7os nas seguintes \u00e1reas: sistemas h\u00eddricos naturais e artificiais, hidromec\u00e2nica, sistemas de informa\u00e7\u00f5es h\u00eddricas e gest\u00e3o de sistemas h\u00eddricos.<\/p>\n","protected":false},"excerpt":{"rendered":"<p>\u00a0 \u00a0 \u00a0O curso de gradua\u00e7\u00e3o em Engenharia H\u00eddrica foi proposto em 2008 e criado atrav\u00e9s do REUNI, em novembro de 2008. A primeira turma a dar in\u00edcio \u00e0s atividades do novo curso teve a oportunidade de acesso a partir do processo seletivo de ver\u00e3o de 2008, com in\u00edcio das aulas em abril de 2009. [&hellip;]<\/p>\n","protected":false},"author":405,"featured_media":0,"parent":72,"menu_order":0,"comment_status":"closed","ping_status":"closed","template":"","meta":{"footnotes":""},"class_list":["post-114","page","type-page","status-publish","hentry","post"],"_links":{"self":[{"href":"https:\/\/wp.ufpel.edu.br\/pethidrica\/wp-json\/wp\/v2\/pages\/114","targetHints":{"allow":["GET"]}}],"collection":[{"href":"https:\/\/wp.ufpel.edu.br\/pethidrica\/wp-json\/wp\/v2\/pages"}],"about":[{"href":"https:\/\/wp.ufpel.edu.br\/pethidrica\/wp-json\/wp\/v2\/types\/page"}],"author":[{"embeddable":true,"href":"https:\/\/wp.ufpel.edu.br\/pethidrica\/wp-json\/wp\/v2\/users\/405"}],"replies":[{"embeddable":true,"href":"https:\/\/wp.ufpel.edu.br\/pethidrica\/wp-json\/wp\/v2\/comments?post=114"}],"version-history":[{"count":7,"href":"https:\/\/wp.ufpel.edu.br\/pethidrica\/wp-json\/wp\/v2\/pages\/114\/revisions"}],"predecessor-version":[{"id":948,"href":"https:\/\/wp.ufpel.edu.br\/pethidrica\/wp-json\/wp\/v2\/pages\/114\/revisions\/948"}],"up":[{"embeddable":true,"href":"https:\/\/wp.ufpel.edu.br\/pethidrica\/wp-json\/wp\/v2\/pages\/72"}],"wp:attachment":[{"href":"https:\/\/wp.ufpel.edu.br\/pethidrica\/wp-json\/wp\/v2\/media?parent=114"}],"curies":[{"name":"wp","href":"https:\/\/api.w.org\/{rel}","templated":true}]}}