{"id":106,"date":"2014-08-01T11:03:10","date_gmt":"2014-08-01T14:03:10","guid":{"rendered":"https:\/\/wp.ufpel.edu.br\/pethidrica\/?page_id=106"},"modified":"2014-08-11T10:37:19","modified_gmt":"2014-08-11T13:37:19","slug":"historico","status":"publish","type":"page","link":"https:\/\/wp.ufpel.edu.br\/pethidrica\/o-grupo\/historico\/","title":{"rendered":"Hist\u00f3rico"},"content":{"rendered":"<p>O PET \u00e9 um grupo de educa\u00e7\u00e3o tutorial que abrange as \u00e1reas de ensino, pesquisa e extens\u00e3o. O grupo PET Engenharia H\u00eddrica teve inicio no ano de 2009.<\/p>\n<p>&nbsp;<\/p>\n","protected":false},"excerpt":{"rendered":"<p>O PET \u00e9 um grupo de educa\u00e7\u00e3o tutorial que abrange as \u00e1reas de ensino, pesquisa e extens\u00e3o. O grupo PET Engenharia H\u00eddrica teve inicio no ano de 2009. &nbsp;<\/p>\n","protected":false},"author":405,"featured_media":0,"parent":60,"menu_order":0,"comment_status":"closed","ping_status":"closed","template":"","meta":{"footnotes":""},"class_list":["post-106","page","type-page","status-publish","hentry","post"],"_links":{"self":[{"href":"https:\/\/wp.ufpel.edu.br\/pethidrica\/wp-json\/wp\/v2\/pages\/106","targetHints":{"allow":["GET"]}}],"collection":[{"href":"https:\/\/wp.ufpel.edu.br\/pethidrica\/wp-json\/wp\/v2\/pages"}],"about":[{"href":"https:\/\/wp.ufpel.edu.br\/pethidrica\/wp-json\/wp\/v2\/types\/page"}],"author":[{"embeddable":true,"href":"https:\/\/wp.ufpel.edu.br\/pethidrica\/wp-json\/wp\/v2\/users\/405"}],"replies":[{"embeddable":true,"href":"https:\/\/wp.ufpel.edu.br\/pethidrica\/wp-json\/wp\/v2\/comments?post=106"}],"version-history":[{"count":2,"href":"https:\/\/wp.ufpel.edu.br\/pethidrica\/wp-json\/wp\/v2\/pages\/106\/revisions"}],"predecessor-version":[{"id":173,"href":"https:\/\/wp.ufpel.edu.br\/pethidrica\/wp-json\/wp\/v2\/pages\/106\/revisions\/173"}],"up":[{"embeddable":true,"href":"https:\/\/wp.ufpel.edu.br\/pethidrica\/wp-json\/wp\/v2\/pages\/60"}],"wp:attachment":[{"href":"https:\/\/wp.ufpel.edu.br\/pethidrica\/wp-json\/wp\/v2\/media?parent=106"}],"curies":[{"name":"wp","href":"https:\/\/api.w.org\/{rel}","templated":true}]}}