{"id":47,"date":"2016-07-22T16:04:24","date_gmt":"2016-07-22T19:04:24","guid":{"rendered":"https:\/\/wp.ufpel.edu.br\/petfisica\/?page_id=47"},"modified":"2025-02-13T10:26:01","modified_gmt":"2025-02-13T13:26:01","slug":"planejamento","status":"publish","type":"page","link":"https:\/\/wp.ufpel.edu.br\/petfisica\/planejamento\/","title":{"rendered":"Planejamentos &#8211; Relat\u00f3rios"},"content":{"rendered":"<p><span style=\"font-size: 14pt; font-family: arial, helvetica, sans-serif;\"><strong>2025<\/strong><\/span><\/p>\n<p><a href=\"https:\/\/wp.ufpel.edu.br\/petfisica\/files\/2025\/02\/Planejamento-2025-SIGPET.pdf\"><span style=\"font-family: arial, helvetica, sans-serif;\"><span style=\"font-size: 14pt;\">Planejamento 2025<\/span><\/span><\/a><\/p>\n<p><span style=\"font-size: 14pt; font-family: arial, helvetica, sans-serif;\"><strong>2024<\/strong><\/span><\/p>\n<p><a href=\"https:\/\/wp.ufpel.edu.br\/petfisica\/files\/2025\/02\/Relatorio-de-atividades-2024-SIGPET.pdf\"><span style=\"font-family: arial, helvetica, sans-serif;\"><span style=\"font-size: 14pt;\">Relat\u00f3rio 2024<\/span><\/span><\/a><\/p>\n<p><span style=\"font-family: arial, helvetica, sans-serif;\"><a href=\"https:\/\/wp.ufpel.edu.br\/petfisica\/files\/2024\/05\/Planejamento-2024.pdf\"><span style=\"font-size: 14pt;\">Planejamento 2024<\/span><\/a><\/span><\/p>\n<p><span style=\"font-size: 14pt; font-family: arial, helvetica, sans-serif;\"><strong>2023<\/strong><\/span><\/p>\n<p><span style=\"font-family: arial, helvetica, sans-serif;\"><a href=\"https:\/\/wp.ufpel.edu.br\/petfisica\/files\/2024\/06\/Relatorio-de-atividades-2023-SIGPET.pdf\"><span style=\"font-size: 14pt;\">Relat\u00f3rio 2023<\/span><\/a><\/span><\/p>\n<p><span style=\"font-family: arial, helvetica, sans-serif;\"><a href=\"https:\/\/wp.ufpel.edu.br\/petfisica\/files\/2023\/02\/Planejamento-2023-SIGPET.pdf\"><span style=\"font-size: 14pt;\">Planejamento 2023<\/span><\/a><\/span><\/p>\n<p><span style=\"font-size: 14pt; font-family: arial, helvetica, sans-serif;\"><strong>2022<\/strong><\/span><\/p>\n<p><span style=\"font-family: arial, helvetica, sans-serif;\"><a href=\"https:\/\/wp.ufpel.edu.br\/petfisica\/files\/2023\/02\/Relatorio-de-Atividades-2022-SIGPET.pdf\"><span style=\"font-size: 14pt;\">Relat\u00f3rio 2022<\/span><\/a><\/span><\/p>\n<p><span style=\"font-family: arial, helvetica, sans-serif;\"><a href=\"https:\/\/wp.ufpel.edu.br\/petfisica\/files\/2022\/08\/Planejamento-2022-SIGPET.pdf\"><span style=\"font-size: 14pt;\">Planejamento 2022<\/span><\/a><\/span><\/p>\n<p><span style=\"font-family: arial, helvetica, sans-serif;\"><strong><span style=\"font-size: 14pt;\">2021<\/span><\/strong><\/span><\/p>\n<p><span style=\"font-size: 14pt; font-family: arial, helvetica, sans-serif;\"><a href=\"https:\/\/wp.ufpel.edu.br\/petfisica\/files\/2022\/11\/Relatorio-2021-sigpet.pdf\">Relat\u00f3rio 2021<\/a><\/span><\/p>\n<p><span style=\"font-family: arial, helvetica, sans-serif; font-size: 14pt;\"><a href=\"https:\/\/wp.ufpel.edu.br\/petfisica\/files\/2021\/02\/2021-planejamento.pdf\">Planejamento 2021<\/a><\/span><\/p>\n<p><span style=\"font-size: 14pt; font-family: arial, helvetica, sans-serif;\"><strong>2020<\/strong><\/span><\/p>\n<p><a href=\"https:\/\/wp.ufpel.edu.br\/petfisica\/files\/2021\/11\/relatorio-sigpet-submetido.pdf\"><span style=\"font-family: arial, helvetica, sans-serif; font-size: 14pt;\">Relat\u00f3rio 2020<\/span><\/a><\/p>\n<p><span style=\"font-family: arial, helvetica, sans-serif; font-size: 14pt;\"><a href=\"https:\/\/wp.ufpel.edu.br\/petfisica\/files\/2020\/03\/Planejamento-2020.pdf\">Planejamento 2020<\/a><\/span><\/p>\n<p><span style=\"font-family: arial, helvetica, sans-serif; font-size: 14pt;\"><strong>2019<\/strong><\/span><\/p>\n<p><span style=\"font-family: arial, helvetica, sans-serif; font-size: 14pt;\"><a href=\"https:\/\/wp.ufpel.edu.br\/petfisica\/files\/2020\/03\/Relat\u00f3rio-2019.pdf\">Relat\u00f3rio 2019<\/a><\/span><\/p>\n<p><span style=\"font-family: arial, helvetica, sans-serif; font-size: 14pt;\"><a href=\"https:\/\/wp.ufpel.edu.br\/petfisica\/files\/2019\/02\/planejamento-2.pdf\">Planejamento 2019<\/a><\/span><\/p>\n<p><span style=\"font-family: arial, helvetica, sans-serif; font-size: 14pt;\"><strong>2018<\/strong><\/span><\/p>\n<p><span style=\"font-family: arial, helvetica, sans-serif; font-size: 14pt;\"><a href=\"https:\/\/wp.ufpel.edu.br\/petfisica\/files\/2019\/02\/relatorio.pdf\">Relat\u00f3rio 2018<\/a><\/span><\/p>\n<p><span style=\"font-family: arial, helvetica, sans-serif; font-size: 14pt;\"><a href=\"https:\/\/wp.ufpel.edu.br\/petfisica\/files\/2018\/05\/planejamento.pdf\">Planejamento 2018<\/a><\/span><\/p>\n<p><span style=\"font-family: arial, helvetica, sans-serif; font-size: 14pt;\"><strong>2017<\/strong><\/span><\/p>\n<p><span style=\"font-family: arial, helvetica, sans-serif; font-size: 14pt;\"><a href=\"https:\/\/wp.ufpel.edu.br\/petfisica\/files\/2018\/05\/relatorio.pdf\">Relat\u00f3rio 2017<\/a><\/span><\/p>\n<p><span style=\"font-family: arial, helvetica, sans-serif; font-size: 14pt;\"><a href=\"https:\/\/wp.ufpel.edu.br\/petfisica\/files\/2016\/07\/planejamento-2.pdf\" target=\"_blank\" rel=\"noopener noreferrer\">Planejamento 2017<\/a><\/span><\/p>\n<p><span style=\"font-size: 14pt; font-family: arial, helvetica, sans-serif;\"><strong>2016<\/strong><\/span><\/p>\n<p><span style=\"font-family: arial, helvetica, sans-serif; font-size: 14pt;\"><a href=\"https:\/\/wp.ufpel.edu.br\/petfisica\/files\/2016\/07\/relatorio_anual_2017-02-23.pdf\" target=\"_blank\" rel=\"noopener noreferrer\">Relat\u00f3rio 2016<\/a><\/span><\/p>\n<p><span style=\"font-family: arial, helvetica, sans-serif; font-size: 14pt;\"><a href=\"https:\/\/wp.ufpel.edu.br\/petfisica\/files\/2016\/07\/planejamento_anual_2016-Fisica.pdf\" target=\"_blank\" rel=\"noopener noreferrer\">Planejamento 2016<\/a><\/span><\/p>\n<p><span style=\"font-family: arial, helvetica, sans-serif; font-size: 14pt;\"><strong>2015<\/strong><\/span><\/p>\n<p><span style=\"font-family: arial, helvetica, sans-serif; font-size: 14pt;\"><a href=\"https:\/\/wp.ufpel.edu.br\/petfisica\/files\/2016\/07\/relatorio_anual_2015-Fisica.pdf\">Relat\u00f3rio 2015<\/a><\/span><\/p>\n<hr \/>\n<h1><span style=\"font-family: arial, helvetica, sans-serif; font-size: 14pt;\">Principais Atividades do PET<\/span><\/h1>\n<hr \/>\n<p><span style=\"font-family: arial, helvetica, sans-serif; font-size: 14pt;\"><a href=\"https:\/\/wp.ufpel.edu.br\/petfisica\/files\/2018\/06\/adote-seu-pet.pdf\">ADOTE SEU PET<\/a><\/span><br \/>\n<span style=\"font-family: arial, helvetica, sans-serif; font-size: 14pt;\"><a href=\"https:\/\/wp.ufpel.edu.br\/petfisica\/files\/2018\/06\/calourada-da-fisica.pdf\">CALOURADA DA F\u00cdSICA<\/a><\/span><br \/>\n<span style=\"font-family: arial, helvetica, sans-serif; font-size: 14pt;\"><a href=\"https:\/\/wp.ufpel.edu.br\/petfisica\/files\/2018\/06\/desafio-pre-vestibular.pdf\">DESAFIO PR\u00c9-VESTIBULAR<\/a><\/span><br \/>\n<span style=\"font-family: arial, helvetica, sans-serif; font-size: 14pt;\"><a href=\"https:\/\/wp.ufpel.edu.br\/petfisica\/files\/2018\/06\/escrita-cientifica.pdf\">ESCRITA CIENT\u00cdFICA<\/a><\/span><br \/>\n<span style=\"font-family: arial, helvetica, sans-serif; font-size: 14pt;\"><a href=\"https:\/\/wp.ufpel.edu.br\/petfisica\/files\/2018\/06\/meninas-na-fisica.pdf\">MENINAS NA F\u00cdSICA<\/a><\/span><br \/>\n<span style=\"font-family: arial, helvetica, sans-serif; font-size: 14pt;\"><a href=\"https:\/\/wp.ufpel.edu.br\/petfisica\/files\/2018\/06\/oficinas-de-fisica.pdf\">OFICINAS DE F\u00cdSICA<\/a><\/span><br \/>\n<span style=\"font-family: arial, helvetica, sans-serif; font-size: 14pt;\"><a href=\"https:\/\/wp.ufpel.edu.br\/petfisica\/files\/2018\/06\/pagina-oficial.pdf\">P\u00c1GINA OFICIAL<\/a><\/span><br \/>\n<span style=\"font-family: arial, helvetica, sans-serif; font-size: 14pt;\"><a href=\"https:\/\/wp.ufpel.edu.br\/petfisica\/files\/2018\/06\/pesquisa-cientifica.pdf\">PESQUISA CIENT\u00cdFICA<\/a><\/span><br \/>\n<span style=\"font-family: arial, helvetica, sans-serif; font-size: 14pt;\"><a href=\"https:\/\/wp.ufpel.edu.br\/petfisica\/files\/2018\/06\/semana-de-previas.pdf\">SEMANA DE PR\u00c9VIAS<\/a><\/span><br \/>\n<span style=\"font-family: arial, helvetica, sans-serif; font-size: 14pt;\"><a href=\"https:\/\/wp.ufpel.edu.br\/petfisica\/files\/2018\/06\/semanas-integradas-de-fisica.pdf\">SEMANAS INTEGRADAS DA F\u00cdSICA<\/a><\/span><br \/>\n<span style=\"font-family: arial, helvetica, sans-serif; font-size: 14pt;\"><a href=\"https:\/\/wp.ufpel.edu.br\/petfisica\/files\/2018\/06\/seminarios-internos.pdf\">SEMIN\u00c1RIOS INTERNOS<\/a><\/span><br \/>\n<span style=\"font-family: arial, helvetica, sans-serif; font-size: 14pt;\"><a href=\"https:\/\/wp.ufpel.edu.br\/petfisica\/files\/2018\/06\/visitas-tecnicas.pdf\">VISITAS T\u00c9CNICAS<\/a><\/span><\/p>\n","protected":false},"excerpt":{"rendered":"<p>2025 Planejamento 2025 2024 Relat\u00f3rio 2024 Planejamento 2024 2023 Relat\u00f3rio 2023 Planejamento 2023 2022 Relat\u00f3rio 2022 Planejamento 2022 2021 Relat\u00f3rio 2021 Planejamento 2021 2020 Relat\u00f3rio 2020 Planejamento 2020 2019 Relat\u00f3rio 2019 Planejamento 2019 2018 Relat\u00f3rio 2018 Planejamento 2018 2017 Relat\u00f3rio 2017 Planejamento 2017 2016 Relat\u00f3rio 2016 Planejamento 2016 2015 Relat\u00f3rio 2015 Principais Atividades do PET [&hellip;]<\/p>\n","protected":false},"author":96,"featured_media":0,"parent":0,"menu_order":0,"comment_status":"closed","ping_status":"closed","template":"","meta":{"footnotes":""},"class_list":["post-47","page","type-page","status-publish","hentry"],"_links":{"self":[{"href":"https:\/\/wp.ufpel.edu.br\/petfisica\/wp-json\/wp\/v2\/pages\/47","targetHints":{"allow":["GET"]}}],"collection":[{"href":"https:\/\/wp.ufpel.edu.br\/petfisica\/wp-json\/wp\/v2\/pages"}],"about":[{"href":"https:\/\/wp.ufpel.edu.br\/petfisica\/wp-json\/wp\/v2\/types\/page"}],"author":[{"embeddable":true,"href":"https:\/\/wp.ufpel.edu.br\/petfisica\/wp-json\/wp\/v2\/users\/96"}],"replies":[{"embeddable":true,"href":"https:\/\/wp.ufpel.edu.br\/petfisica\/wp-json\/wp\/v2\/comments?post=47"}],"version-history":[{"count":46,"href":"https:\/\/wp.ufpel.edu.br\/petfisica\/wp-json\/wp\/v2\/pages\/47\/revisions"}],"predecessor-version":[{"id":3066,"href":"https:\/\/wp.ufpel.edu.br\/petfisica\/wp-json\/wp\/v2\/pages\/47\/revisions\/3066"}],"wp:attachment":[{"href":"https:\/\/wp.ufpel.edu.br\/petfisica\/wp-json\/wp\/v2\/media?parent=47"}],"curies":[{"name":"wp","href":"https:\/\/api.w.org\/{rel}","templated":true}]}}