{"id":3344,"date":"2026-04-14T16:30:55","date_gmt":"2026-04-14T19:30:55","guid":{"rendered":"https:\/\/wp.ufpel.edu.br\/petfisica\/?page_id=3344"},"modified":"2026-04-14T16:30:55","modified_gmt":"2026-04-14T19:30:55","slug":"edital-n-02-2026-1","status":"publish","type":"page","link":"https:\/\/wp.ufpel.edu.br\/petfisica\/selecao-de-bolsistas-2\/edital-n-02-2026-1\/","title":{"rendered":"Edital N\u00b0 02\/2026-1"},"content":{"rendered":"<h2 style=\"text-align: center;\" data-start=\"382\" data-end=\"434\"><span style=\"font-size: 24pt;\">Sele\u00e7\u00e3o de Novos Petianos 02-2026\/2<\/span><\/h2>\n<p><img loading=\"lazy\" decoding=\"async\" class=\"size-large wp-image-3335 aligncenter\" src=\"https:\/\/wp.ufpel.edu.br\/petfisica\/files\/2026\/04\/Arte-Site-1024x1024.png\" alt=\"\" width=\"616\" height=\"616\" srcset=\"https:\/\/wp.ufpel.edu.br\/petfisica\/files\/2026\/04\/Arte-Site-1024x1024.png 1024w, https:\/\/wp.ufpel.edu.br\/petfisica\/files\/2026\/04\/Arte-Site-400x400.png 400w, https:\/\/wp.ufpel.edu.br\/petfisica\/files\/2026\/04\/Arte-Site-200x200.png 200w, https:\/\/wp.ufpel.edu.br\/petfisica\/files\/2026\/04\/Arte-Site-768x768.png 768w, https:\/\/wp.ufpel.edu.br\/petfisica\/files\/2026\/04\/Arte-Site-1536x1536.png 1536w, https:\/\/wp.ufpel.edu.br\/petfisica\/files\/2026\/04\/Arte-Site-88x88.png 88w, https:\/\/wp.ufpel.edu.br\/petfisica\/files\/2026\/04\/Arte-Site-816x816.png 816w, https:\/\/wp.ufpel.edu.br\/petfisica\/files\/2026\/04\/Arte-Site.png 2000w\" sizes=\"auto, (max-width: 616px) 100vw, 616px\" \/><\/p>\n<p style=\"text-align: justify;\"><span style=\"font-family: 'times new roman', times, serif; font-size: 14pt;\">O Grupo PET-F\u00edsica abre o processo seletivo para ingresso de novos petianos com o objetivo de preencher 09 (nove) vagas.<\/span><\/p>\n<p style=\"text-align: justify;\"><span style=\"font-family: 'times new roman', times, serif; font-size: 14pt;\">Do total de vagas ofertadas, 06 (seis) destinam-se a estudantes na condi\u00e7\u00e3o de bolsistas, sendo 04 (quatro) para ampla concorr\u00eancia e 02 (duas) reservada a pessoas negras, quilombolas, ind\u00edgenas ou com defici\u00eancia, com bolsa mensal no valor de R$ 700,00. As demais 03 (tr\u00eas) vagas destinam-se a estudantes n\u00e3o bolsistas, seguindo a mesma distribui\u00e7\u00e3o entre ampla concorr\u00eancia e a\u00e7\u00f5es afirmativas, sendo 02 (duas) destinadas \u00e0 ampla concorr\u00eancia e 01 (uma) destinada \u00e0 pessoas negras, quilombolas, ind\u00edgenas ou com defici\u00eancia, conforme as disposi\u00e7\u00f5es contidas no Edital.<\/span><\/p>\n<p style=\"text-align: justify;\"><span style=\"font-family: 'times new roman', times, serif; font-size: 14pt;\">Podem participar do processo seletivo estudantes regularmente matriculados nos cursos de Licenciatura em F\u00edsica ou Bacharelado em F\u00edsica.<\/span><\/p>\n<p style=\"text-align: justify;\"><span style=\"font-family: 'times new roman', times, serif; font-size: 14pt;\">As inscri\u00e7\u00f5es estar\u00e3o abertas das 00h00 do dia 14 de abril de 2026 at\u00e9 as 23h59 do dia 26 de abril de 2026. A ficha de inscri\u00e7\u00e3o est\u00e1 dispon\u00edvel para preenchimento neste <a href=\"https:\/\/wp.ufpel.edu.br\/petfisica\/files\/2026\/04\/Ficha-de-inscricao-Edital-2026-2.pdf\">link<\/a>.<\/span><\/p>\n<p style=\"text-align: justify;\"><span style=\"font-family: 'times new roman', times, serif; font-size: 14pt;\">A documenta\u00e7\u00e3o exigida dever\u00e1 ser enviada exclusivamente por e-mail, conforme especificado no item 1 do edital, para o endere\u00e7o <strong>petfisica2019@gmail.com<\/strong>.<\/span><\/p>\n<p style=\"text-align: justify;\"><span style=\"font-family: 'times new roman', times, serif; font-size: 14pt;\">Para mais informa\u00e7\u00f5es sobre crit\u00e9rios de sele\u00e7\u00e3o, etapas do processo e documenta\u00e7\u00e3o necess\u00e1ria, <strong>consulte o edital completo dispon\u00edvel abaixo<\/strong>.<\/span><\/p>\n<p style=\"text-align: justify;\"><a href=\"https:\/\/wp.ufpel.edu.br\/petfisica\/files\/2026\/04\/PET_Fisica-edital_selecao2026-2.pdf\"><span style=\"font-family: 'times new roman', times, serif; font-size: 14pt;\">PET_F\u00edsica_edital_sele\u00e7\u00e3o_02-2026\/1<\/span><\/a><\/p>\n","protected":false},"excerpt":{"rendered":"<p>Sele\u00e7\u00e3o de Novos Petianos 02-2026\/2 O Grupo PET-F\u00edsica abre o processo seletivo para ingresso de novos petianos com o objetivo de preencher 09 (nove) vagas. Do total de vagas ofertadas, 06 (seis) destinam-se a estudantes na condi\u00e7\u00e3o de bolsistas, sendo 04 (quatro) para ampla concorr\u00eancia e 02 (duas) reservada a pessoas negras, quilombolas, ind\u00edgenas ou [&hellip;]<\/p>\n","protected":false},"author":1246,"featured_media":0,"parent":1087,"menu_order":-6,"comment_status":"closed","ping_status":"closed","template":"","meta":{"footnotes":""},"class_list":["post-3344","page","type-page","status-publish","hentry"],"_links":{"self":[{"href":"https:\/\/wp.ufpel.edu.br\/petfisica\/wp-json\/wp\/v2\/pages\/3344","targetHints":{"allow":["GET"]}}],"collection":[{"href":"https:\/\/wp.ufpel.edu.br\/petfisica\/wp-json\/wp\/v2\/pages"}],"about":[{"href":"https:\/\/wp.ufpel.edu.br\/petfisica\/wp-json\/wp\/v2\/types\/page"}],"author":[{"embeddable":true,"href":"https:\/\/wp.ufpel.edu.br\/petfisica\/wp-json\/wp\/v2\/users\/1246"}],"replies":[{"embeddable":true,"href":"https:\/\/wp.ufpel.edu.br\/petfisica\/wp-json\/wp\/v2\/comments?post=3344"}],"version-history":[{"count":1,"href":"https:\/\/wp.ufpel.edu.br\/petfisica\/wp-json\/wp\/v2\/pages\/3344\/revisions"}],"predecessor-version":[{"id":3346,"href":"https:\/\/wp.ufpel.edu.br\/petfisica\/wp-json\/wp\/v2\/pages\/3344\/revisions\/3346"}],"up":[{"embeddable":true,"href":"https:\/\/wp.ufpel.edu.br\/petfisica\/wp-json\/wp\/v2\/pages\/1087"}],"wp:attachment":[{"href":"https:\/\/wp.ufpel.edu.br\/petfisica\/wp-json\/wp\/v2\/media?parent=3344"}],"curies":[{"name":"wp","href":"https:\/\/api.w.org\/{rel}","templated":true}]}}