{"id":3311,"date":"2026-02-13T23:56:59","date_gmt":"2026-02-14T02:56:59","guid":{"rendered":"https:\/\/wp.ufpel.edu.br\/petfisica\/?page_id=3311"},"modified":"2026-02-27T08:58:57","modified_gmt":"2026-02-27T11:58:57","slug":"edital-n-01-2026-1","status":"publish","type":"page","link":"https:\/\/wp.ufpel.edu.br\/petfisica\/selecao-de-bolsistas-2\/edital-n-01-2026-1\/","title":{"rendered":"Edital N\u00b0 01\/2026-1"},"content":{"rendered":"<h6><span style=\"font-size: 14pt;\"><strong>######################################################<\/strong><\/span><\/h6>\n<p style=\"text-align: center;\" align=\"center\"><span style=\"font-size: 24pt; font-family: 'times new roman', times, serif;\"><b>RESULTADO FINAL<\/b><\/span><\/p>\n<table width=\"564\" cellspacing=\"0\" cellpadding=\"0\">\n<tbody>\n<tr>\n<td colspan=\"2\" valign=\"top\" width=\"564\">\n<p align=\"center\"><span style=\"font-family: Arial, serif;\"><span style=\"font-size: large;\"><b>Sele\u00e7\u00e3o PET-F\u00edsica<\/b><\/span><\/span><\/p>\n<\/td>\n<\/tr>\n<tr valign=\"top\">\n<td width=\"423\">\n<p align=\"center\"><span style=\"font-family: Arial, serif;\"><span style=\"font-size: large;\"><b>Nome<\/b><\/span><\/span><\/p>\n<\/td>\n<td width=\"141\">\n<p align=\"center\"><span style=\"font-family: Arial, serif;\"><span style=\"font-size: large;\"><b>Nota final<\/b><\/span><\/span><\/p>\n<\/td>\n<\/tr>\n<tr valign=\"top\">\n<td width=\"423\">\n<p align=\"left\"><span style=\"color: #000000;\"><span style=\"font-family: Arial, sans-serif;\"><span style=\"font-size: large;\"><i><b>Ana Carolina Costa Ara\u00fajo<\/b><\/i><\/span><\/span><\/span><\/p>\n<\/td>\n<td width=\"141\">\n<p align=\"center\"><span style=\"font-family: Arial, serif;\"><span style=\"font-size: large;\"><b>5,0<\/b><\/span><\/span><\/p>\n<\/td>\n<\/tr>\n<tr valign=\"top\">\n<td width=\"423\">\n<p align=\"left\"><span style=\"color: #000000;\"><span style=\"font-family: Arial, sans-serif;\"><span style=\"font-size: large;\"><i><b>Augusto H\u00fcnemeier<\/b><\/i><\/span><\/span><\/span><\/p>\n<\/td>\n<td width=\"141\">\n<p align=\"center\"><span style=\"font-family: Arial, serif;\"><span style=\"font-size: large;\"><b>8,9<\/b><\/span><\/span><\/p>\n<\/td>\n<\/tr>\n<tr valign=\"top\">\n<td width=\"423\">\n<p align=\"left\"><span style=\"color: #000000;\"><span style=\"font-family: Arial, sans-serif;\"><span style=\"font-size: large;\"><i><b>Nat\u00e1lia Salvi Gon\u00e7alves<\/b><\/i><\/span><\/span><\/span><\/p>\n<\/td>\n<td width=\"141\">\n<p align=\"center\"><span style=\"font-family: Arial, serif;\"><span style=\"font-size: large;\"><b>7,8<\/b><\/span><\/span><\/p>\n<\/td>\n<\/tr>\n<\/tbody>\n<\/table>\n<p style=\"text-align: justify;\" align=\"justify\">Para aprova\u00e7\u00e3o, o candidato deve obter nota m\u00ednima de 7,0 (sete) na m\u00e9dia das avalia\u00e7\u00f5es, de acordo com o item 3.1 do edital de sele\u00e7\u00e3o. Os aprovados dever\u00e3o manifestar interesse na vaga at\u00e9 o dia <strong>02\/03\/2026<\/strong> atrav\u00e9s do e-mail <span style=\"font-size: 12pt;\"><span style=\"font-family: Arial, serif;\"><i><b>petfisica2019@gmail.com<\/b><\/i><\/span><span style=\"font-family: Arial, serif;\"><i><b>.<\/b><\/i><\/span><\/span><\/p>\n<p align=\"justify\"><span style=\"font-size: 14pt;\"><strong>###########################################################<\/strong><\/span><\/p>\n<h2 data-start=\"382\" data-end=\"434\">\ud83d\udd14 Homologa\u00e7\u00e3o das Inscri\u00e7\u00f5es\u00a0 PET-F\u00edsica 01\/2026<\/h2>\n<p data-start=\"436\" data-end=\"571\">O Grupo PET-F\u00edsica divulga a <strong data-start=\"465\" data-end=\"495\">homologa\u00e7\u00e3o das inscri\u00e7\u00f5es<\/strong> referentes ao processo seletivo para ingresso no per\u00edodo letivo<strong> 01\/2026.<\/strong><\/p>\n<p data-start=\"573\" data-end=\"592\">O documento cont\u00e9m:<\/p>\n<ul data-start=\"594\" data-end=\"725\">\n<li data-start=\"594\" data-end=\"629\">\n<p data-start=\"596\" data-end=\"629\">Lista de inscri\u00e7\u00f5es homologadas<\/p>\n<\/li>\n<li data-start=\"630\" data-end=\"688\">\n<p data-start=\"632\" data-end=\"688\">Lista de inscri\u00e7\u00f5es n\u00e3o homologadas<\/p>\n<\/li>\n<li data-start=\"689\" data-end=\"725\">\n<p data-start=\"691\" data-end=\"725\">Datas e hor\u00e1rios das entrevistas<\/p>\n<\/li>\n<\/ul>\n<p data-start=\"727\" data-end=\"817\">\ud83d\udcc4 O resultado completo e o cronograma de entrevistas est\u00e3o dispon\u00edveis no arquivo abaixo:<\/p>\n<p data-start=\"819\" data-end=\"899\"><a href=\"https:\/\/wp.ufpel.edu.br\/petfisica\/files\/2026\/02\/Homologacoes.pdf\"><strong data-start=\"819\" data-end=\"899\">[Homologa\u00e7\u00e3o das Inscri\u00e7\u00f5es e Cronograma de Entrevistas \u2013 PET-F\u00edsica 01\/2026]<\/strong><\/a><\/p>\n<p data-start=\"819\" data-end=\"899\"><span style=\"font-size: 14pt;\"><strong>###########################################################<\/strong><\/span><\/p>\n<p style=\"text-align: center;\"><strong><span style=\"font-family: 'times new roman', times, serif; font-size: 18pt;\">Sele\u00e7\u00e3o de Novos Petianos &#8211; 01\/2026<\/span><\/strong><\/p>\n<p style=\"text-align: justify;\"><img loading=\"lazy\" decoding=\"async\" class=\"size-large wp-image-3317 aligncenter\" src=\"https:\/\/wp.ufpel.edu.br\/petfisica\/files\/2026\/02\/Site-1024x1024.png\" alt=\"\" width=\"616\" height=\"616\" srcset=\"https:\/\/wp.ufpel.edu.br\/petfisica\/files\/2026\/02\/Site-1024x1024.png 1024w, https:\/\/wp.ufpel.edu.br\/petfisica\/files\/2026\/02\/Site-400x400.png 400w, https:\/\/wp.ufpel.edu.br\/petfisica\/files\/2026\/02\/Site-200x200.png 200w, https:\/\/wp.ufpel.edu.br\/petfisica\/files\/2026\/02\/Site-768x768.png 768w, https:\/\/wp.ufpel.edu.br\/petfisica\/files\/2026\/02\/Site-1536x1536.png 1536w, https:\/\/wp.ufpel.edu.br\/petfisica\/files\/2026\/02\/Site-88x88.png 88w, https:\/\/wp.ufpel.edu.br\/petfisica\/files\/2026\/02\/Site-816x816.png 816w, https:\/\/wp.ufpel.edu.br\/petfisica\/files\/2026\/02\/Site.png 2000w\" sizes=\"auto, (max-width: 616px) 100vw, 616px\" \/><span style=\"font-family: 'times new roman', times, serif; font-size: 14pt;\">O Grupo PET-F\u00edsica abre o processo seletivo para ingresso de novos petianos com o objetivo de preencher 08 (oito) vagas.<\/span><\/p>\n<p style=\"text-align: justify;\"><span style=\"font-family: 'times new roman', times, serif; font-size: 14pt;\">Do total de vagas ofertadas, 02 (duas) destinam-se a estudantes na condi\u00e7\u00e3o de bolsistas, sendo 01 (uma) para ampla concorr\u00eancia e 01 (uma) reservada a pessoas negras, quilombolas, ind\u00edgenas ou com defici\u00eancia, com bolsa mensal no valor de R$ 700,00. As demais 06 (seis) vagas destinam-se a estudantes n\u00e3o bolsistas, seguindo a mesma distribui\u00e7\u00e3o entre ampla concorr\u00eancia e a\u00e7\u00f5es afirmativas, sendo 04 (quatro) est\u00e3o destinadas \u00e0 ampla concorr\u00eancia e 02 (duas) est\u00e3o destinadas \u00e0s pessoas negras, quilombolas, ind\u00edgenas ou com defici\u00eancia, conforme as disposi\u00e7\u00f5es contidas no Edital.<\/span><\/p>\n<p style=\"text-align: justify;\"><span style=\"font-family: 'times new roman', times, serif; font-size: 14pt;\">Podem participar do processo seletivo estudantes regularmente matriculados nos cursos de Licenciatura em F\u00edsica ou Bacharelado em F\u00edsica.<\/span><\/p>\n<p style=\"text-align: justify;\"><span style=\"font-family: 'times new roman', times, serif; font-size: 14pt;\">As inscri\u00e7\u00f5es estar\u00e3o abertas das 00h00 do dia 14 de fevereiro de 2026 at\u00e9 as 23h59 do dia 22 de fevereiro de 2026. A ficha de inscri\u00e7\u00e3o est\u00e1 dispon\u00edvel para preenchimento neste <a href=\"https:\/\/wp.ufpel.edu.br\/petfisica\/files\/2026\/02\/Ficha-de-inscricao-Edital-2026-1.pdf\">link<\/a>.<\/span><\/p>\n<p style=\"text-align: justify;\"><span style=\"font-family: 'times new roman', times, serif; font-size: 14pt;\">A documenta\u00e7\u00e3o exigida dever\u00e1 ser enviada exclusivamente por e-mail, conforme especificado no item 1 do edital, para o endere\u00e7o <strong>petfisica2019@gmail.com<\/strong>.<\/span><\/p>\n<p style=\"text-align: justify;\"><span style=\"font-family: 'times new roman', times, serif; font-size: 14pt;\">Para mais informa\u00e7\u00f5es sobre crit\u00e9rios de sele\u00e7\u00e3o, etapas do processo e documenta\u00e7\u00e3o necess\u00e1ria, <strong>consulte o edital completo dispon\u00edvel abaixo<\/strong>.<\/span><\/p>\n<p><span style=\"font-family: 'times new roman', times, serif; font-size: 14pt;\"><a href=\"https:\/\/wp.ufpel.edu.br\/petfisica\/files\/2026\/02\/PET_Fisica-edital_selecao2026-1.pdf\">PET_F\u00edsica-edital_sele\u00e7\u00e3o2026-1<\/a><\/span><\/p>\n","protected":false},"excerpt":{"rendered":"<p>###################################################### RESULTADO FINAL Sele\u00e7\u00e3o PET-F\u00edsica Nome Nota final Ana Carolina Costa Ara\u00fajo 5,0 Augusto H\u00fcnemeier 8,9 Nat\u00e1lia Salvi Gon\u00e7alves 7,8 Para aprova\u00e7\u00e3o, o candidato deve obter nota m\u00ednima de 7,0 (sete) na m\u00e9dia das avalia\u00e7\u00f5es, de acordo com o item 3.1 do edital de sele\u00e7\u00e3o. Os aprovados dever\u00e3o manifestar interesse na vaga at\u00e9 o dia [&hellip;]<\/p>\n","protected":false},"author":1246,"featured_media":0,"parent":1087,"menu_order":-5,"comment_status":"closed","ping_status":"closed","template":"","meta":{"footnotes":""},"class_list":["post-3311","page","type-page","status-publish","hentry"],"_links":{"self":[{"href":"https:\/\/wp.ufpel.edu.br\/petfisica\/wp-json\/wp\/v2\/pages\/3311","targetHints":{"allow":["GET"]}}],"collection":[{"href":"https:\/\/wp.ufpel.edu.br\/petfisica\/wp-json\/wp\/v2\/pages"}],"about":[{"href":"https:\/\/wp.ufpel.edu.br\/petfisica\/wp-json\/wp\/v2\/types\/page"}],"author":[{"embeddable":true,"href":"https:\/\/wp.ufpel.edu.br\/petfisica\/wp-json\/wp\/v2\/users\/1246"}],"replies":[{"embeddable":true,"href":"https:\/\/wp.ufpel.edu.br\/petfisica\/wp-json\/wp\/v2\/comments?post=3311"}],"version-history":[{"count":3,"href":"https:\/\/wp.ufpel.edu.br\/petfisica\/wp-json\/wp\/v2\/pages\/3311\/revisions"}],"predecessor-version":[{"id":3323,"href":"https:\/\/wp.ufpel.edu.br\/petfisica\/wp-json\/wp\/v2\/pages\/3311\/revisions\/3323"}],"up":[{"embeddable":true,"href":"https:\/\/wp.ufpel.edu.br\/petfisica\/wp-json\/wp\/v2\/pages\/1087"}],"wp:attachment":[{"href":"https:\/\/wp.ufpel.edu.br\/petfisica\/wp-json\/wp\/v2\/media?parent=3311"}],"curies":[{"name":"wp","href":"https:\/\/api.w.org\/{rel}","templated":true}]}}