{"id":3263,"date":"2025-10-09T22:39:37","date_gmt":"2025-10-10T01:39:37","guid":{"rendered":"https:\/\/wp.ufpel.edu.br\/petfisica\/?page_id=3263"},"modified":"2025-10-13T13:45:24","modified_gmt":"2025-10-13T16:45:24","slug":"semana-de-previas-2025","status":"publish","type":"page","link":"https:\/\/wp.ufpel.edu.br\/petfisica\/atividades\/semana-de-previas\/semana-de-previas-2025\/","title":{"rendered":"Semana de Pr\u00e9vias 2025"},"content":{"rendered":"<p><img loading=\"lazy\" decoding=\"async\" class=\"alignnone size-full wp-image-3261\" src=\"https:\/\/wp.ufpel.edu.br\/petfisica\/files\/2025\/10\/Preparatorio-para.png\" alt=\"\" width=\"500\" height=\"500\" srcset=\"https:\/\/wp.ufpel.edu.br\/petfisica\/files\/2025\/10\/Preparatorio-para.png 500w, https:\/\/wp.ufpel.edu.br\/petfisica\/files\/2025\/10\/Preparatorio-para-400x400.png 400w, https:\/\/wp.ufpel.edu.br\/petfisica\/files\/2025\/10\/Preparatorio-para-200x200.png 200w, https:\/\/wp.ufpel.edu.br\/petfisica\/files\/2025\/10\/Preparatorio-para-88x88.png 88w\" sizes=\"auto, (max-width: 500px) 100vw, 500px\" \/><\/p>\n<p>O grupo PET-F\u00edsica tem o prazer de anunciar mais uma edi\u00e7\u00e3o da Semana de Pr\u00e9vias, uma atividade tradicional do programa que tem como objetivo preparar os estudantes para a 11\u00aa Semana Integrada de Inova\u00e7\u00e3o, Pesquisa, Ensino e Extens\u00e3o (SIIEPE) da UFPel. A iniciativa busca oferecer um espa\u00e7o de troca e aprimoramento, onde os participantes podem treinar suas apresenta\u00e7\u00f5es e receber feedbacks construtivos antes do evento oficial.<\/p>\n<p>As inscri\u00e7\u00f5es para a Semana de Pr\u00e9vias estar\u00e3o abertas de 09 a 12 de outubro, at\u00e9 \u00e0s 22h. O formul\u00e1rio de inscri\u00e7\u00e3o est\u00e1 dispon\u00edvel [<a href=\"https:\/\/forms.gle\/qFsfv5xKpo6omRV5A\">aqui<\/a>] e pode ser preenchido por todos os alunos interessados em participar.<\/p>\n<p>A grade de hor\u00e1rios das apresenta\u00e7\u00f5es ser\u00e1 divulgada na segunda-feira, dia 13 de outubro. As apresenta\u00e7\u00f5es ocorrer\u00e3o nos dias 14, 15 e 17 de outubro, no campus Cap\u00e3o do Le\u00e3o, pr\u00e9dio 16, sala do PET (101).<\/p>\n<p>A atividade representa uma excelente oportunidade para desenvolver habilidades de comunica\u00e7\u00e3o cient\u00edfica, aprimorar o dom\u00ednio sobre o tema pesquisado e trocar experi\u00eancias com colegas e tutores.<\/p>\n<p>Participe e prepare-se com o PET-F\u00edsica para a SIIEPE!<\/p>\n<p><a href=\"https:\/\/wp.ufpel.edu.br\/petfisica\/files\/2025\/10\/Semana_de_previas_-_cronograma.pdf\">Rela\u00e7\u00e3o de apresenta\u00e7\u00f5es dos inscritos<\/a><\/p>\n","protected":false},"excerpt":{"rendered":"<p>O grupo PET-F\u00edsica tem o prazer de anunciar mais uma edi\u00e7\u00e3o da Semana de Pr\u00e9vias, uma atividade tradicional do programa que tem como objetivo preparar os estudantes para a 11\u00aa Semana Integrada de Inova\u00e7\u00e3o, Pesquisa, Ensino e Extens\u00e3o (SIIEPE) da UFPel. A iniciativa busca oferecer um espa\u00e7o de troca e aprimoramento, onde os participantes podem [&hellip;]<\/p>\n","protected":false},"author":1246,"featured_media":0,"parent":1217,"menu_order":0,"comment_status":"closed","ping_status":"closed","template":"","meta":{"footnotes":""},"class_list":["post-3263","page","type-page","status-publish","hentry"],"_links":{"self":[{"href":"https:\/\/wp.ufpel.edu.br\/petfisica\/wp-json\/wp\/v2\/pages\/3263","targetHints":{"allow":["GET"]}}],"collection":[{"href":"https:\/\/wp.ufpel.edu.br\/petfisica\/wp-json\/wp\/v2\/pages"}],"about":[{"href":"https:\/\/wp.ufpel.edu.br\/petfisica\/wp-json\/wp\/v2\/types\/page"}],"author":[{"embeddable":true,"href":"https:\/\/wp.ufpel.edu.br\/petfisica\/wp-json\/wp\/v2\/users\/1246"}],"replies":[{"embeddable":true,"href":"https:\/\/wp.ufpel.edu.br\/petfisica\/wp-json\/wp\/v2\/comments?post=3263"}],"version-history":[{"count":2,"href":"https:\/\/wp.ufpel.edu.br\/petfisica\/wp-json\/wp\/v2\/pages\/3263\/revisions"}],"predecessor-version":[{"id":3273,"href":"https:\/\/wp.ufpel.edu.br\/petfisica\/wp-json\/wp\/v2\/pages\/3263\/revisions\/3273"}],"up":[{"embeddable":true,"href":"https:\/\/wp.ufpel.edu.br\/petfisica\/wp-json\/wp\/v2\/pages\/1217"}],"wp:attachment":[{"href":"https:\/\/wp.ufpel.edu.br\/petfisica\/wp-json\/wp\/v2\/media?parent=3263"}],"curies":[{"name":"wp","href":"https:\/\/api.w.org\/{rel}","templated":true}]}}