{"id":3199,"date":"2025-08-29T00:00:36","date_gmt":"2025-08-29T03:00:36","guid":{"rendered":"https:\/\/wp.ufpel.edu.br\/petfisica\/?page_id=3199"},"modified":"2025-09-21T19:18:52","modified_gmt":"2025-09-21T22:18:52","slug":"3199-2","status":"publish","type":"page","link":"https:\/\/wp.ufpel.edu.br\/petfisica\/atividades\/minicursos-do-pet\/3199-2\/","title":{"rendered":"Minicurso de Difra\u00e7\u00e3o de Raios-X"},"content":{"rendered":"<p><img decoding=\"async\" src=\"https:\/\/wp.ufpel.edu.br\/petfisica\/files\/2025\/08\/mini-curso-2025.jpeg\" \/><\/p>\n<p>&nbsp;<\/p>\n<p>Est\u00e3o abertas as inscri\u00e7\u00f5es para o minicurso <strong>Introdu\u00e7\u00e3o \u00e0 Difra\u00e7\u00e3o de Raios-X<\/strong> como T\u00e9cnica para An\u00e1lise de Materiais do PET-F\u00edsica. O per\u00edodo de inscri\u00e7\u00f5es \u00e9 de <strong>29\/08 at\u00e9 18\/09 \u00e0s 23h59.<\/strong><\/p>\n<p>\ud83d\udc49 Realize sua inscri\u00e7\u00e3o <a href=\"https:\/\/forms.gle\/AEvDKg5L4MCEXxto6\">aqui<\/a>.<\/p>\n<p>\u26a0\ufe0f Este minicurso \u00e9 destinado exclusivamente aos discentes dos cursos de <strong>F\u00edsica<\/strong> e <strong>Qu\u00edmica<\/strong> da <strong>UFPel<\/strong>.<\/p>\n<p>&nbsp;<\/p>\n<p>O minicurso ser\u00e1 ministrado pelo professor <strong>Dr. Douglas Langie da Silva<\/strong>.<\/p>\n<p>As aulas ser\u00e3o de <strong>22 de setembro<\/strong> a <strong>10 de novembro<\/strong>, \u00e0s <strong>segundas-feiras<\/strong> (seis semanas).<br \/>\nHor\u00e1rio: das 16h00 \u00e0s 17h40.<br \/>\nOnde: Sala 113, pr\u00e9dio 16, Campus Cap\u00e3o do Le\u00e3o.<br \/>\nQuantidade de vagas: 40<\/p>\n<p>&nbsp;<\/p>\n<p><em><strong>Programa\u00e7\u00e3o:<\/strong><\/em><\/p>\n<p><strong>22\/09<\/strong> \u2013 Raios-X: Perspectiva Hist\u00f3rica e Dias Atuais<br \/>\n<strong>29\/09<\/strong> \u2013 Estrutura At\u00f4mica da Mat\u00e9ria: Cristais e Amorfos<br \/>\n<strong>06\/10<\/strong> \u2013 Difra\u00e7\u00e3o de Raios-X: Fen\u00f4meno e T\u00e9cnica Experimental<br \/>\n<strong>13\/10<\/strong> \u2013 B\u00e1sico da An\u00e1lise de Dados de Difra\u00e7\u00e3o de Raios-X<br \/>\n<strong>20\/10<\/strong> \u2013 Pausa para a SIIEPE<br \/>\n<strong>03\/11<\/strong> \u2013 Em Busca da Perfei\u00e7\u00e3o: Refinamento Rietveld<br \/>\n<strong>10\/11<\/strong> \u2013 Aula Pr\u00e1tica: Redu\u00e7\u00e3o de Dados e Refinamento Rietveld<\/p>\n<p>&nbsp;<\/p>\n<p>Rela\u00e7\u00e3o dos inscritos no minicurso de Introdu\u00e7\u00e3o \u00e0 Difra\u00e7\u00e3o de Raios-X como T\u00e9cnica para An\u00e1lise de Materiais:<\/p>\n<p><a href=\"https:\/\/wp.ufpel.edu.br\/petfisica\/files\/2025\/09\/Inscritos_DRX.pdf\">Lista dos selecionados.<\/a><\/p>\n<p>Lembrando que o primeiro encontro ser\u00e1 no dia 22\/09 \u00e0s 16h na sala 113 do pr\u00e9dio 16.<\/p>\n<p>&nbsp;<\/p>\n","protected":false},"excerpt":{"rendered":"<p>&nbsp; Est\u00e3o abertas as inscri\u00e7\u00f5es para o minicurso Introdu\u00e7\u00e3o \u00e0 Difra\u00e7\u00e3o de Raios-X como T\u00e9cnica para An\u00e1lise de Materiais do PET-F\u00edsica. O per\u00edodo de inscri\u00e7\u00f5es \u00e9 de 29\/08 at\u00e9 18\/09 \u00e0s 23h59. \ud83d\udc49 Realize sua inscri\u00e7\u00e3o aqui. \u26a0\ufe0f Este minicurso \u00e9 destinado exclusivamente aos discentes dos cursos de F\u00edsica e Qu\u00edmica da UFPel. &nbsp; O [&hellip;]<\/p>\n","protected":false},"author":1246,"featured_media":0,"parent":1393,"menu_order":0,"comment_status":"closed","ping_status":"closed","template":"","meta":{"footnotes":""},"class_list":["post-3199","page","type-page","status-publish","hentry"],"_links":{"self":[{"href":"https:\/\/wp.ufpel.edu.br\/petfisica\/wp-json\/wp\/v2\/pages\/3199","targetHints":{"allow":["GET"]}}],"collection":[{"href":"https:\/\/wp.ufpel.edu.br\/petfisica\/wp-json\/wp\/v2\/pages"}],"about":[{"href":"https:\/\/wp.ufpel.edu.br\/petfisica\/wp-json\/wp\/v2\/types\/page"}],"author":[{"embeddable":true,"href":"https:\/\/wp.ufpel.edu.br\/petfisica\/wp-json\/wp\/v2\/users\/1246"}],"replies":[{"embeddable":true,"href":"https:\/\/wp.ufpel.edu.br\/petfisica\/wp-json\/wp\/v2\/comments?post=3199"}],"version-history":[{"count":3,"href":"https:\/\/wp.ufpel.edu.br\/petfisica\/wp-json\/wp\/v2\/pages\/3199\/revisions"}],"predecessor-version":[{"id":3218,"href":"https:\/\/wp.ufpel.edu.br\/petfisica\/wp-json\/wp\/v2\/pages\/3199\/revisions\/3218"}],"up":[{"embeddable":true,"href":"https:\/\/wp.ufpel.edu.br\/petfisica\/wp-json\/wp\/v2\/pages\/1393"}],"wp:attachment":[{"href":"https:\/\/wp.ufpel.edu.br\/petfisica\/wp-json\/wp\/v2\/media?parent=3199"}],"curies":[{"name":"wp","href":"https:\/\/api.w.org\/{rel}","templated":true}]}}