{"id":3151,"date":"2025-05-28T00:43:08","date_gmt":"2025-05-28T03:43:08","guid":{"rendered":"https:\/\/wp.ufpel.edu.br\/petfisica\/?page_id=3151"},"modified":"2025-05-28T00:43:08","modified_gmt":"2025-05-28T03:43:08","slug":"seminarios-2025","status":"publish","type":"page","link":"https:\/\/wp.ufpel.edu.br\/petfisica\/atividades\/seminarios-do-pet\/seminarios-2025\/","title":{"rendered":"Semin\u00e1rios 2025"},"content":{"rendered":"<p><span style=\"font-size: 18pt;\"><strong>Semin\u00e1rios desenvolvidos pelo grupo PET-F\u00edsica em 2025:<\/strong><\/span><\/p>\n<p>Joaquim Passos &#8211; &#8220;<span data-sheets-root=\"1\">A ci\u00eancia na hist\u00f3ria: crises e avan\u00e7os<\/span>&#8221;\u00a0 em 13<span data-sheets-root=\"1\">\/02\/2025<\/span><\/p>\n<p><img loading=\"lazy\" decoding=\"async\" class=\"alignnone size-large wp-image-3153\" src=\"https:\/\/wp.ufpel.edu.br\/petfisica\/files\/2025\/05\/WhatsApp-Image-2025-05-28-at-00.30.27-1024x768.jpeg\" alt=\"\" width=\"616\" height=\"462\" srcset=\"https:\/\/wp.ufpel.edu.br\/petfisica\/files\/2025\/05\/WhatsApp-Image-2025-05-28-at-00.30.27-1024x768.jpeg 1024w, https:\/\/wp.ufpel.edu.br\/petfisica\/files\/2025\/05\/WhatsApp-Image-2025-05-28-at-00.30.27-400x300.jpeg 400w, https:\/\/wp.ufpel.edu.br\/petfisica\/files\/2025\/05\/WhatsApp-Image-2025-05-28-at-00.30.27-768x576.jpeg 768w, https:\/\/wp.ufpel.edu.br\/petfisica\/files\/2025\/05\/WhatsApp-Image-2025-05-28-at-00.30.27-1536x1152.jpeg 1536w, https:\/\/wp.ufpel.edu.br\/petfisica\/files\/2025\/05\/WhatsApp-Image-2025-05-28-at-00.30.27-816x612.jpeg 816w, https:\/\/wp.ufpel.edu.br\/petfisica\/files\/2025\/05\/WhatsApp-Image-2025-05-28-at-00.30.27.jpeg 1600w\" sizes=\"auto, (max-width: 616px) 100vw, 616px\" \/>Noely Perez &#8211; &#8220;<span data-sheets-root=\"1\">Raios c\u00f3smicos: descoberta e detec\u00e7\u00e3o<\/span>&#8221; em 27\/02\/2025<\/p>\n<p><img loading=\"lazy\" decoding=\"async\" class=\"alignnone size-large wp-image-3155\" src=\"https:\/\/wp.ufpel.edu.br\/petfisica\/files\/2025\/05\/WhatsApp-Image-2025-05-28-at-00.30.28-1024x768.jpeg\" alt=\"\" width=\"616\" height=\"462\" srcset=\"https:\/\/wp.ufpel.edu.br\/petfisica\/files\/2025\/05\/WhatsApp-Image-2025-05-28-at-00.30.28-1024x768.jpeg 1024w, https:\/\/wp.ufpel.edu.br\/petfisica\/files\/2025\/05\/WhatsApp-Image-2025-05-28-at-00.30.28-400x300.jpeg 400w, https:\/\/wp.ufpel.edu.br\/petfisica\/files\/2025\/05\/WhatsApp-Image-2025-05-28-at-00.30.28-768x576.jpeg 768w, https:\/\/wp.ufpel.edu.br\/petfisica\/files\/2025\/05\/WhatsApp-Image-2025-05-28-at-00.30.28-1536x1152.jpeg 1536w, https:\/\/wp.ufpel.edu.br\/petfisica\/files\/2025\/05\/WhatsApp-Image-2025-05-28-at-00.30.28-816x612.jpeg 816w, https:\/\/wp.ufpel.edu.br\/petfisica\/files\/2025\/05\/WhatsApp-Image-2025-05-28-at-00.30.28.jpeg 1600w\" sizes=\"auto, (max-width: 616px) 100vw, 616px\" \/>Alice Santana &#8211; &#8220;<span data-sheets-root=\"1\">Setembro de 1985 e o poder do c\u00e9sio-137<\/span>&#8221; em 20<span data-sheets-root=\"1\">\/03\/2025<\/span> <img loading=\"lazy\" decoding=\"async\" class=\"alignnone size-large wp-image-3154\" src=\"https:\/\/wp.ufpel.edu.br\/petfisica\/files\/2025\/05\/WhatsApp-Image-2025-05-28-at-00.31.56-1024x768.jpeg\" alt=\"\" width=\"616\" height=\"462\" srcset=\"https:\/\/wp.ufpel.edu.br\/petfisica\/files\/2025\/05\/WhatsApp-Image-2025-05-28-at-00.31.56-1024x768.jpeg 1024w, https:\/\/wp.ufpel.edu.br\/petfisica\/files\/2025\/05\/WhatsApp-Image-2025-05-28-at-00.31.56-400x300.jpeg 400w, https:\/\/wp.ufpel.edu.br\/petfisica\/files\/2025\/05\/WhatsApp-Image-2025-05-28-at-00.31.56-768x576.jpeg 768w, https:\/\/wp.ufpel.edu.br\/petfisica\/files\/2025\/05\/WhatsApp-Image-2025-05-28-at-00.31.56-1536x1152.jpeg 1536w, https:\/\/wp.ufpel.edu.br\/petfisica\/files\/2025\/05\/WhatsApp-Image-2025-05-28-at-00.31.56-816x612.jpeg 816w, https:\/\/wp.ufpel.edu.br\/petfisica\/files\/2025\/05\/WhatsApp-Image-2025-05-28-at-00.31.56.jpeg 1600w\" sizes=\"auto, (max-width: 616px) 100vw, 616px\" \/><\/p>\n","protected":false},"excerpt":{"rendered":"<p>Semin\u00e1rios desenvolvidos pelo grupo PET-F\u00edsica em 2025: Joaquim Passos &#8211; &#8220;A ci\u00eancia na hist\u00f3ria: crises e avan\u00e7os&#8221;\u00a0 em 13\/02\/2025 Noely Perez &#8211; &#8220;Raios c\u00f3smicos: descoberta e detec\u00e7\u00e3o&#8221; em 27\/02\/2025 Alice Santana &#8211; &#8220;Setembro de 1985 e o poder do c\u00e9sio-137&#8221; em 20\/03\/2025<\/p>\n","protected":false},"author":1246,"featured_media":0,"parent":1400,"menu_order":-2,"comment_status":"closed","ping_status":"closed","template":"","meta":{"footnotes":""},"class_list":["post-3151","page","type-page","status-publish","hentry"],"_links":{"self":[{"href":"https:\/\/wp.ufpel.edu.br\/petfisica\/wp-json\/wp\/v2\/pages\/3151","targetHints":{"allow":["GET"]}}],"collection":[{"href":"https:\/\/wp.ufpel.edu.br\/petfisica\/wp-json\/wp\/v2\/pages"}],"about":[{"href":"https:\/\/wp.ufpel.edu.br\/petfisica\/wp-json\/wp\/v2\/types\/page"}],"author":[{"embeddable":true,"href":"https:\/\/wp.ufpel.edu.br\/petfisica\/wp-json\/wp\/v2\/users\/1246"}],"replies":[{"embeddable":true,"href":"https:\/\/wp.ufpel.edu.br\/petfisica\/wp-json\/wp\/v2\/comments?post=3151"}],"version-history":[{"count":2,"href":"https:\/\/wp.ufpel.edu.br\/petfisica\/wp-json\/wp\/v2\/pages\/3151\/revisions"}],"predecessor-version":[{"id":3157,"href":"https:\/\/wp.ufpel.edu.br\/petfisica\/wp-json\/wp\/v2\/pages\/3151\/revisions\/3157"}],"up":[{"embeddable":true,"href":"https:\/\/wp.ufpel.edu.br\/petfisica\/wp-json\/wp\/v2\/pages\/1400"}],"wp:attachment":[{"href":"https:\/\/wp.ufpel.edu.br\/petfisica\/wp-json\/wp\/v2\/media?parent=3151"}],"curies":[{"name":"wp","href":"https:\/\/api.w.org\/{rel}","templated":true}]}}