{"id":3117,"date":"2025-05-18T23:59:28","date_gmt":"2025-05-19T02:59:28","guid":{"rendered":"https:\/\/wp.ufpel.edu.br\/petfisica\/?page_id=3117"},"modified":"2025-06-04T17:44:50","modified_gmt":"2025-06-04T20:44:50","slug":"edital-n-01-2025-1","status":"publish","type":"page","link":"https:\/\/wp.ufpel.edu.br\/petfisica\/selecao-de-bolsistas-2\/edital-n-01-2025-1\/","title":{"rendered":"Edital N\u00b0 01\/2025-1"},"content":{"rendered":"<h6><span style=\"font-size: 12pt;\">Resultado do processo seletivo Edital 01\/2025<\/span><\/h6>\n<h6><img loading=\"lazy\" decoding=\"async\" class=\"alignnone size-full wp-image-3182\" src=\"https:\/\/wp.ufpel.edu.br\/petfisica\/files\/2025\/06\/Captura-de-tela-de-2025-06-04-17-31-32.png\" alt=\"\" width=\"600\" height=\"427\" srcset=\"https:\/\/wp.ufpel.edu.br\/petfisica\/files\/2025\/06\/Captura-de-tela-de-2025-06-04-17-31-32.png 600w, https:\/\/wp.ufpel.edu.br\/petfisica\/files\/2025\/06\/Captura-de-tela-de-2025-06-04-17-31-32-400x285.png 400w\" sizes=\"auto, (max-width: 600px) 100vw, 600px\" \/><\/h6>\n<p>Os aprovados (bolsistas e n\u00e3o bolsistas) dever\u00e3o manifestar interesse na vaga at\u00e9 o dia<strong> 07\/06\/2025<\/strong> atrav\u00e9s do e-mail <strong>petfisica2019@gmail.com<\/strong>, al\u00e9m de <strong>comparecer obrigatoriamente<\/strong> na sala do grupo PET-F\u00edsica na ter\u00e7a-feira dia <strong>10\/06\/2025 \u00e0s 13:00 horas<\/strong> para a reuni\u00e3o administrativa. Em caso de desist\u00eancia de algum dos aprovados bolsistas at\u00e9 o dia <strong>08\/06\/2025<\/strong>, a vaga ser\u00e1 destinada para quem estiver com prioridade na lista de espera. Alunos n\u00e3o bolsistas poder\u00e3o vir a receber bolsa em caso da sa\u00edda de algum petiano do grupo.<\/p>\n<h6><\/h6>\n<h6><\/h6>\n<h6>################################################################<\/h6>\n<p><strong>Homologa\u00e7\u00e3o das inscri\u00e7\u00f5es e cronograma &#8211; Edital 01\/2025<\/strong><\/p>\n<p>O processo seletivo, conforme definido no <strong>Edital 01\/2025<\/strong>, ocorrer\u00e1 na sala 101 do pr\u00e9dio 16 do IFM, na UFPel, nos dias 02 e 03 de junho nos hor\u00e1rios de acordo com o cronograma dispon\u00edvel <a href=\"https:\/\/wp.ufpel.edu.br\/petfisica\/files\/2025\/05\/Homologacoes.pdf\">aqui<\/a>.<\/p>\n<p><span style=\"color: #ff0000;\"><strong>OBS<\/strong><\/span>: O n\u00e3o comparecimento na hora marcada, implicar\u00e1 na desclassifica\u00e7\u00e3o do candidato.<\/p>\n<p>&nbsp;<\/p>\n<h6>################################################################<\/h6>\n<p><strong>O Grupo PET-F\u00edsica torna p\u00fablico o edital para a sele\u00e7\u00e3o de novos petianos 2025-1\u00a0<\/strong><\/p>\n<p align=\"justify\">Edital para o preenchimento de <b>10 (<\/b><b>dez<\/b><b>)\u00a0<\/b>vagas, das quais\u00a0<strong>05<\/strong><b>\u00a0(<\/b><b>cinco<\/b><b>) na qualidade de bolsista<\/b> (04 para ampla concorr\u00eancia e 01 destinada \u00e0s pessoas negras, quilombolas, ind\u00edgenas ou com defici\u00eancia) com remunera\u00e7\u00e3o de R$ 700,00 e <strong>05<\/strong><b>\u00a0(<\/b><b>cinco<\/b><b>) na qualidade\u00a0<\/b><strong>de n\u00e3o bolsistas<\/strong> (04 para ampla concorr\u00eancia e 01 destinada \u00e0s pessoas negras, quilombolas, ind\u00edgenas ou com defici\u00eancia). Poder\u00e3o participar do processo acad\u00eamicos dos cursos de\u00a0<u>Licenciatura em F\u00edsica\u00a0<\/u><u>e<\/u><u>\u00a0Bacharelado em F\u00edsica,<\/u>\u00a0devidamente matriculados.<\/p>\n<p align=\"justify\">O per\u00edodo de inscri\u00e7\u00e3o \u00e9\u00a0<strong>a partir das 08:00 horas do dia 19<\/strong><strong> de maio de 2025 \u00e0 28 de maio de 2025 at\u00e9 \u00e0s 23:59 horas, atrav\u00e9s do site do pet-f\u00edsica, <a href=\"https:\/\/wp.ufpel.edu.br\/petfisica\/\">wp.ufpel.edu.br\/petfisica<\/a>\u00a0na aba sele\u00e7\u00e3o de bolsistas.<\/strong><\/p>\n<p align=\"justify\">A ficha de inscri\u00e7\u00e3o est\u00e1 dispon\u00edvel <a href=\"https:\/\/wp.ufpel.edu.br\/petfisica\/files\/2025\/05\/Ficha-de-inscricao-Edital-2025-1.pdf\">aqui<\/a>.<\/p>\n<p align=\"justify\"><strong>Toda a documenta\u00e7\u00e3o deve ser encaminhada por e-mail<\/strong>, conforme item 1 do edital abaixo.<\/p>\n<p align=\"justify\">Para mais informa\u00e7\u00f5es, consultar o\u00a0<strong>edital completo<\/strong>. (<a href=\"https:\/\/wp.ufpel.edu.br\/petfisica\/files\/2025\/05\/PET_Fisica-edital_selecao2025-1.pdf\">Edital-2025-1<\/a>)<\/p>\n","protected":false},"excerpt":{"rendered":"<p>Resultado do processo seletivo Edital 01\/2025 Os aprovados (bolsistas e n\u00e3o bolsistas) dever\u00e3o manifestar interesse na vaga at\u00e9 o dia 07\/06\/2025 atrav\u00e9s do e-mail petfisica2019@gmail.com, al\u00e9m de comparecer obrigatoriamente na sala do grupo PET-F\u00edsica na ter\u00e7a-feira dia 10\/06\/2025 \u00e0s 13:00 horas para a reuni\u00e3o administrativa. Em caso de desist\u00eancia de algum dos aprovados bolsistas at\u00e9 [&hellip;]<\/p>\n","protected":false},"author":1246,"featured_media":0,"parent":1087,"menu_order":-4,"comment_status":"closed","ping_status":"closed","template":"","meta":{"footnotes":""},"class_list":["post-3117","page","type-page","status-publish","hentry"],"_links":{"self":[{"href":"https:\/\/wp.ufpel.edu.br\/petfisica\/wp-json\/wp\/v2\/pages\/3117","targetHints":{"allow":["GET"]}}],"collection":[{"href":"https:\/\/wp.ufpel.edu.br\/petfisica\/wp-json\/wp\/v2\/pages"}],"about":[{"href":"https:\/\/wp.ufpel.edu.br\/petfisica\/wp-json\/wp\/v2\/types\/page"}],"author":[{"embeddable":true,"href":"https:\/\/wp.ufpel.edu.br\/petfisica\/wp-json\/wp\/v2\/users\/1246"}],"replies":[{"embeddable":true,"href":"https:\/\/wp.ufpel.edu.br\/petfisica\/wp-json\/wp\/v2\/comments?post=3117"}],"version-history":[{"count":5,"href":"https:\/\/wp.ufpel.edu.br\/petfisica\/wp-json\/wp\/v2\/pages\/3117\/revisions"}],"predecessor-version":[{"id":3184,"href":"https:\/\/wp.ufpel.edu.br\/petfisica\/wp-json\/wp\/v2\/pages\/3117\/revisions\/3184"}],"up":[{"embeddable":true,"href":"https:\/\/wp.ufpel.edu.br\/petfisica\/wp-json\/wp\/v2\/pages\/1087"}],"wp:attachment":[{"href":"https:\/\/wp.ufpel.edu.br\/petfisica\/wp-json\/wp\/v2\/media?parent=3117"}],"curies":[{"name":"wp","href":"https:\/\/api.w.org\/{rel}","templated":true}]}}