{"id":3076,"date":"2025-02-25T12:43:07","date_gmt":"2025-02-25T15:43:07","guid":{"rendered":"https:\/\/wp.ufpel.edu.br\/petfisica\/?page_id=3076"},"modified":"2025-02-25T12:43:38","modified_gmt":"2025-02-25T15:43:38","slug":"pesquisa-2","status":"publish","type":"page","link":"https:\/\/wp.ufpel.edu.br\/petfisica\/pesquisa-2\/","title":{"rendered":"Pesquisa"},"content":{"rendered":"<h2><span style=\"color: #000000; font-family: times new roman, times, serif; font-size: 24pt;\"><strong>Pesquisas desenvolvidas atualmente no grupo:<\/strong><\/span><\/h2>\n<p>No <strong><span style=\"color: #800080;\">Grupo Te\u00f3rico-Computacional de Mat\u00e9ria Condensada &#8211; GTCMC<\/span><\/strong><\/p>\n<p style=\"text-align: center;\">\u00c1rea de pesquisa: Mat\u00e9ria Condensada<\/p>\n<p><strong>Alexandra<\/strong>: Transi\u00e7\u00f5es de Fase, Frustra\u00e7\u00e3o, Desordem e Vidros de Spin.<br \/>\n<strong>Samantha<\/strong>: An\u00e1lise da Solu\u00e7\u00e3o da Equa\u00e7\u00e3o de Weiss por M\u00e9todo Gr\u00e1fico e Iterativo.<br \/>\n<strong>Eduardo<\/strong>: Revis\u00e3o do modelo Blume Capel com \u00eanfase nas transi\u00e7\u00f5es de fase magn\u00e9ticas.<\/p>\n<p>No <strong><span style=\"color: #800080;\">Grupo de F\u00edsica de Plasmas e Feixes<\/span><\/strong><\/p>\n<p style=\"text-align: center;\">\u00c1rea de pesquisa: <span data-sheets-root=\"1\">F\u00edsica de Plasmas<\/span><\/p>\n<p><strong>J\u00falia<\/strong>:\u00a0 Modelagem e Simula\u00e7\u00e3o Multiescala em Plasmas.<br \/>\n<strong>La\u00edne<\/strong>:\u00a0 Estudo dos Modos Fundamentais de Ondas em Plasmas Frios.<\/p>\n<p>No <strong><span style=\"color: #800080;\">Grupo de Altas e M\u00e9dias Energias<br \/>\n<\/span><\/strong><\/p>\n<p style=\"text-align: center;\">\u00c1rea de pesquisa: F\u00edsica de Part\u00edculas<\/p>\n<p><strong>\u00c1gata<\/strong>: M\u00e9todo dos F\u00f3tons Equivalentes e Colis\u00f5es Ultraperif\u00e9ricas.<br \/>\n<strong>Rafael<\/strong>: Proje\u00e7\u00f5es de Massa e Acoplamento do Axion na Busca por Mat\u00e9ria Escura.<br \/>\n<strong>Noely<\/strong>: Chuveiros atmosf\u00e9ricos extensos gerados por raios c\u00f3smicos ultra<br \/>\nenerg\u00e9ticos.<\/p>\n<p style=\"text-align: center;\">\u00c1rea de pesquisa: <span data-sheets-root=\"1\">Astrof\u00edsica Nuclear<\/span><\/p>\n<p><strong>Maruan<\/strong>: Investiga\u00e7\u00f5es em Astrof\u00edsica Estelar.<br \/>\n<strong>Miguel<\/strong>: Investiga\u00e7\u00f5es de sistemas governados por intera\u00e7\u00f5es hadr\u00f4nicas.<br \/>\n<strong>Joaquim<\/strong>: Investiga\u00e7\u00f5es em Astrof\u00edsica Estelar.<br \/>\n<strong>Alice<\/strong>: F\u00edsica Hadr\u00f4nica e Astrof\u00edsica Nuclear.<\/p>\n","protected":false},"excerpt":{"rendered":"<p>Pesquisas desenvolvidas atualmente no grupo: No Grupo Te\u00f3rico-Computacional de Mat\u00e9ria Condensada &#8211; GTCMC \u00c1rea de pesquisa: Mat\u00e9ria Condensada Alexandra: Transi\u00e7\u00f5es de Fase, Frustra\u00e7\u00e3o, Desordem e Vidros de Spin. Samantha: An\u00e1lise da Solu\u00e7\u00e3o da Equa\u00e7\u00e3o de Weiss por M\u00e9todo Gr\u00e1fico e Iterativo. Eduardo: Revis\u00e3o do modelo Blume Capel com \u00eanfase nas transi\u00e7\u00f5es de fase magn\u00e9ticas. No [&hellip;]<\/p>\n","protected":false},"author":1246,"featured_media":0,"parent":0,"menu_order":0,"comment_status":"closed","ping_status":"closed","template":"","meta":{"footnotes":""},"class_list":["post-3076","page","type-page","status-publish","hentry"],"_links":{"self":[{"href":"https:\/\/wp.ufpel.edu.br\/petfisica\/wp-json\/wp\/v2\/pages\/3076","targetHints":{"allow":["GET"]}}],"collection":[{"href":"https:\/\/wp.ufpel.edu.br\/petfisica\/wp-json\/wp\/v2\/pages"}],"about":[{"href":"https:\/\/wp.ufpel.edu.br\/petfisica\/wp-json\/wp\/v2\/types\/page"}],"author":[{"embeddable":true,"href":"https:\/\/wp.ufpel.edu.br\/petfisica\/wp-json\/wp\/v2\/users\/1246"}],"replies":[{"embeddable":true,"href":"https:\/\/wp.ufpel.edu.br\/petfisica\/wp-json\/wp\/v2\/comments?post=3076"}],"version-history":[{"count":6,"href":"https:\/\/wp.ufpel.edu.br\/petfisica\/wp-json\/wp\/v2\/pages\/3076\/revisions"}],"predecessor-version":[{"id":3084,"href":"https:\/\/wp.ufpel.edu.br\/petfisica\/wp-json\/wp\/v2\/pages\/3076\/revisions\/3084"}],"wp:attachment":[{"href":"https:\/\/wp.ufpel.edu.br\/petfisica\/wp-json\/wp\/v2\/media?parent=3076"}],"curies":[{"name":"wp","href":"https:\/\/api.w.org\/{rel}","templated":true}]}}