{"id":3021,"date":"2024-12-29T16:38:22","date_gmt":"2024-12-29T19:38:22","guid":{"rendered":"https:\/\/wp.ufpel.edu.br\/petfisica\/?page_id=3021"},"modified":"2025-09-23T14:45:56","modified_gmt":"2025-09-23T17:45:56","slug":"banco-de-experiementos","status":"publish","type":"page","link":"https:\/\/wp.ufpel.edu.br\/petfisica\/atividades\/banco-de-experiementos\/","title":{"rendered":"Banco de Experimentos"},"content":{"rendered":"<p style=\"text-align: justify;\"><span style=\"font-family: arial, helvetica, sans-serif;\">A atividade consiste na implementa\u00e7\u00e3o de um banco de experimentos que poder\u00e1 ser consultado pela comunidade, nesta p\u00e1gina. A atividade \u00e9 realizada pelos petianos, a consulta do material \u00e9 p\u00fablica mas devemos ressaltar que a c\u00f3pia do material constitui crime de pl\u00e1gio. Conforme o material \u00e9 desenvolvido e avaliado pelo grupo, disponibilizaremos a seguir.<\/span><\/p>\n<p>&nbsp;<\/p>\n<p style=\"text-align: center;\"><span style=\"font-family: arial, helvetica, sans-serif;\">ROTEIROS:<\/span><\/p>\n<p><strong>2021<\/strong><\/p>\n<p><a href=\"https:\/\/wp.ufpel.edu.br\/petfisica\/files\/2024\/12\/BE___Forcas.pdf\"> For\u00e7as como grandezas vetoriais<\/a><\/p>\n<p><a href=\"https:\/\/wp.ufpel.edu.br\/petfisica\/files\/2024\/12\/BE___Gangorra_de_Fogo.pdf\">Gangorra de fogo<\/a><\/p>\n<p><a href=\"https:\/\/wp.ufpel.edu.br\/petfisica\/files\/2024\/12\/BE___Principio_de_Pascal.pdf\"> Lei de Pascal em um Elevador Hidr\u00e1ulico<\/a><\/p>\n<p><a href=\"https:\/\/wp.ufpel.edu.br\/petfisica\/files\/2024\/12\/BE_Espelhos_Planos.pdf\"> Associa\u00e7\u00e3o de espelhos plano<\/a><\/p>\n<p><a href=\"https:\/\/wp.ufpel.edu.br\/petfisica\/files\/2024\/12\/BE_Fibra_Optica.pdf\">Fibra \u00d3ptica<\/a><\/p>\n<p><a href=\"https:\/\/wp.ufpel.edu.br\/petfisica\/files\/2024\/12\/BE-centro_de_massa.pdf\"> Centro de Massa<\/a><\/p>\n<p><strong>2022<\/strong><\/p>\n<p><a href=\"https:\/\/wp.ufpel.edu.br\/petfisica\/files\/2024\/12\/BE_Formacao_de_imagens.pdf\"> Forma\u00e7\u00e3o de imagens<\/a><\/p>\n<p><a href=\"https:\/\/wp.ufpel.edu.br\/petfisica\/files\/2024\/12\/BE_Levitacao_de_Bolinhas_de_Isopor.pdf\"> Levita\u00e7\u00e3o de Bolinhas de Isopor<\/a><\/p>\n<p><strong>2023<\/strong><\/p>\n<p><a href=\"https:\/\/wp.ufpel.edu.br\/petfisica\/files\/2024\/12\/BE___Lata_Esmagada.pdf\"> Lata esmagada<\/a><\/p>\n<p><a href=\"https:\/\/wp.ufpel.edu.br\/petfisica\/files\/2024\/12\/BE___Pendulo_de_Newton.pdf\"> P\u00eandulo de Newton<\/a><\/p>\n<p><a href=\"https:\/\/wp.ufpel.edu.br\/petfisica\/files\/2024\/12\/BE_Acoplamento.pdf\"> Transmiss\u00e3o por acoplamento<\/a><\/p>\n<p><a href=\"https:\/\/wp.ufpel.edu.br\/petfisica\/files\/2024\/12\/BE_Base_Giratoria.pdf\"> Banco girat\u00f3rio<\/a><\/p>\n<p><a href=\"https:\/\/wp.ufpel.edu.br\/petfisica\/files\/2024\/12\/BE_Dilatacao_Termica.pdf\"> Dilata\u00e7\u00e3o T\u00e9rmica<\/a><\/p>\n<p><a href=\"https:\/\/wp.ufpel.edu.br\/petfisica\/files\/2024\/12\/BE_Filtros_polarizadores.pdf\"> Associa\u00e7\u00e3o de Filtros Polarizadores<\/a><\/p>\n<p><a href=\"https:\/\/wp.ufpel.edu.br\/petfisica\/files\/2024\/12\/BE_gerador_eletrico.pdf\"> Gerador El\u00e9trico Simples<\/a><\/p>\n<p><a href=\"https:\/\/wp.ufpel.edu.br\/petfisica\/files\/2024\/12\/BE_mesa_limalha.pdf\"> Mesa e Limalha Magn\u00e9ticas<\/a><\/p>\n<p><a href=\"https:\/\/wp.ufpel.edu.br\/petfisica\/files\/2024\/12\/BE_Pendulo_eletrostatico.pdf\"> P\u00eandulo eletrost\u00e1tico<\/a><\/p>\n<p><a href=\"https:\/\/wp.ufpel.edu.br\/petfisica\/files\/2024\/12\/BE_Quedas_em_curvaturas.pdf\"> Queda de corpos em diferentes curvaturas: o plano inclinado de Galileu<\/a><\/p>\n<p><a href=\"https:\/\/wp.ufpel.edu.br\/petfisica\/files\/2024\/12\/BE_Temperatura_de_Curie.pdf\"> Temperatura de Curie<\/a><\/p>\n<p><a href=\"https:\/\/wp.ufpel.edu.br\/petfisica\/files\/2024\/12\/BE_Vela_que_puxa_agua.pdf\"> Vela que puxa a \u00e1gua<\/a><\/p>\n<p><strong>2024<\/strong><\/p>\n<p><a href=\"https:\/\/wp.ufpel.edu.br\/petfisica\/files\/2024\/12\/BE___Difracao_com_Fenda_Simples.pdf\"> Difra\u00e7\u00e3o com Fenda Simples<\/a><\/p>\n<p><a href=\"https:\/\/wp.ufpel.edu.br\/petfisica\/files\/2024\/12\/BE___Motor_de_Inducao_Simples.pdf\">Motor de Indu\u00e7\u00e3o Simples<\/a><\/p>\n<p><a href=\"https:\/\/wp.ufpel.edu.br\/petfisica\/files\/2024\/12\/BE___Piramide__holografica_.pdf\">Pir\u00e2mide \u201chologr\u00e1fica\u201d<\/a><\/p>\n<p><a href=\"https:\/\/wp.ufpel.edu.br\/petfisica\/files\/2024\/12\/BE___Pressao_Atmosferica_em_uma_Garrafa_PET.pdf\">Efeito da Press\u00e3o Atmosf\u00e9rica em uma Garrafa PET<\/a><\/p>\n<p><a href=\"https:\/\/wp.ufpel.edu.br\/petfisica\/files\/2025\/02\/BE_Dilatacao_Anomala.pdf\">Dilata\u00e7\u00e3o An\u00f4mala da \u00c1gua<\/a><\/p>\n<p><a href=\"https:\/\/wp.ufpel.edu.br\/petfisica\/files\/2024\/12\/BE__Lei_de_Arquimedes.pdf\"> Lei de Arquimedes<\/a><\/p>\n<p><a href=\"https:\/\/wp.ufpel.edu.br\/petfisica\/files\/2024\/12\/BE_Cromatografia.pdf\">Cromatografia L\u00edquida<\/a><\/p>\n<p><a href=\"https:\/\/wp.ufpel.edu.br\/petfisica\/files\/2024\/12\/BE_Disco_de_Newton.pdf\"> Disco de Newton<\/a><\/p>\n<p><a href=\"https:\/\/wp.ufpel.edu.br\/petfisica\/files\/2024\/12\/BE_eletroima.pdf\"> Eletro\u00edm\u00e3<\/a><\/p>\n<p><a href=\"https:\/\/wp.ufpel.edu.br\/petfisica\/files\/2024\/12\/BE_Fluido_nao_newtoniano.pdf\">Fluidos n\u00e3o newtonianos<\/a><\/p>\n<p><a href=\"https:\/\/wp.ufpel.edu.br\/petfisica\/files\/2024\/12\/BE_Fotocolorimetro.pdf\"> Fotocolor\u00edmetro<\/a><\/p>\n<p><a href=\"https:\/\/wp.ufpel.edu.br\/petfisica\/files\/2024\/12\/BE_Reflexao_Interna_Total.pdf\"> Reflex\u00e3o Interna Total<\/a><\/p>\n<p><a href=\"https:\/\/wp.ufpel.edu.br\/petfisica\/files\/2024\/12\/BE_tornado-em-copo.pdf\">Tornado em Copo d\u2019\u00c1gua<\/a><\/p>\n","protected":false},"excerpt":{"rendered":"<p>A atividade consiste na implementa\u00e7\u00e3o de um banco de experimentos que poder\u00e1 ser consultado pela comunidade, nesta p\u00e1gina. A atividade \u00e9 realizada pelos petianos, a consulta do material \u00e9 p\u00fablica mas devemos ressaltar que a c\u00f3pia do material constitui crime de pl\u00e1gio. Conforme o material \u00e9 desenvolvido e avaliado pelo grupo, disponibilizaremos a seguir. &nbsp; [&hellip;]<\/p>\n","protected":false},"author":1246,"featured_media":0,"parent":1251,"menu_order":0,"comment_status":"closed","ping_status":"closed","template":"","meta":{"footnotes":""},"class_list":["post-3021","page","type-page","status-publish","hentry"],"_links":{"self":[{"href":"https:\/\/wp.ufpel.edu.br\/petfisica\/wp-json\/wp\/v2\/pages\/3021","targetHints":{"allow":["GET"]}}],"collection":[{"href":"https:\/\/wp.ufpel.edu.br\/petfisica\/wp-json\/wp\/v2\/pages"}],"about":[{"href":"https:\/\/wp.ufpel.edu.br\/petfisica\/wp-json\/wp\/v2\/types\/page"}],"author":[{"embeddable":true,"href":"https:\/\/wp.ufpel.edu.br\/petfisica\/wp-json\/wp\/v2\/users\/1246"}],"replies":[{"embeddable":true,"href":"https:\/\/wp.ufpel.edu.br\/petfisica\/wp-json\/wp\/v2\/comments?post=3021"}],"version-history":[{"count":3,"href":"https:\/\/wp.ufpel.edu.br\/petfisica\/wp-json\/wp\/v2\/pages\/3021\/revisions"}],"predecessor-version":[{"id":3221,"href":"https:\/\/wp.ufpel.edu.br\/petfisica\/wp-json\/wp\/v2\/pages\/3021\/revisions\/3221"}],"up":[{"embeddable":true,"href":"https:\/\/wp.ufpel.edu.br\/petfisica\/wp-json\/wp\/v2\/pages\/1251"}],"wp:attachment":[{"href":"https:\/\/wp.ufpel.edu.br\/petfisica\/wp-json\/wp\/v2\/media?parent=3021"}],"curies":[{"name":"wp","href":"https:\/\/api.w.org\/{rel}","templated":true}]}}