{"id":2945,"date":"2024-12-03T00:38:48","date_gmt":"2024-12-03T03:38:48","guid":{"rendered":"https:\/\/wp.ufpel.edu.br\/petfisica\/?page_id=2945"},"modified":"2025-02-27T22:55:23","modified_gmt":"2025-02-28T01:55:23","slug":"oficinas-2024","status":"publish","type":"page","link":"https:\/\/wp.ufpel.edu.br\/petfisica\/fotos-2\/fotos-do-2024\/oficinas-2024\/","title":{"rendered":"Oficinas 2024"},"content":{"rendered":"<p>Oficina na <strong>Escola Estadual Ensino M\u00e9dio Santa Rita<\/strong> &#8211; 11\/07\/2024<\/p>\n\n\t\t<style type=\"text\/css\">\n\t\t\t#gallery-1 {\n\t\t\t\tmargin: auto;\n\t\t\t}\n\t\t\t#gallery-1 .gallery-item {\n\t\t\t\tfloat: left;\n\t\t\t\tmargin-top: 10px;\n\t\t\t\ttext-align: center;\n\t\t\t\twidth: 33%;\n\t\t\t}\n\t\t\t#gallery-1 img {\n\t\t\t\tborder: 2px solid #cfcfcf;\n\t\t\t}\n\t\t\t#gallery-1 .gallery-caption {\n\t\t\t\tmargin-left: 0;\n\t\t\t}\n\t\t\t\/* see gallery_shortcode() in wp-includes\/media.php *\/\n\t\t<\/style>\n\t\t<div id='gallery-1' class='gallery galleryid-2945 gallery-columns-3 gallery-size-thumbnail'><dl class='gallery-item'>\n\t\t\t<dt class='gallery-icon landscape'>\n\t\t\t\t<a href='https:\/\/wp.ufpel.edu.br\/petfisica\/files\/2025\/02\/WhatsApp-Image-2024-08-06-at-19.29.05-1.jpeg'><img loading=\"lazy\" decoding=\"async\" width=\"200\" height=\"200\" src=\"https:\/\/wp.ufpel.edu.br\/petfisica\/files\/2025\/02\/WhatsApp-Image-2024-08-06-at-19.29.05-1-200x200.jpeg\" class=\"attachment-thumbnail size-thumbnail\" alt=\"\" srcset=\"https:\/\/wp.ufpel.edu.br\/petfisica\/files\/2025\/02\/WhatsApp-Image-2024-08-06-at-19.29.05-1-200x200.jpeg 200w, https:\/\/wp.ufpel.edu.br\/petfisica\/files\/2025\/02\/WhatsApp-Image-2024-08-06-at-19.29.05-1-88x88.jpeg 88w\" sizes=\"auto, (max-width: 200px) 100vw, 200px\" \/><\/a>\n\t\t\t<\/dt><\/dl><dl class='gallery-item'>\n\t\t\t<dt class='gallery-icon landscape'>\n\t\t\t\t<a href='https:\/\/wp.ufpel.edu.br\/petfisica\/files\/2025\/02\/WhatsApp-Image-2024-08-06-at-19.29.04-2.jpeg'><img loading=\"lazy\" decoding=\"async\" width=\"200\" height=\"200\" src=\"https:\/\/wp.ufpel.edu.br\/petfisica\/files\/2025\/02\/WhatsApp-Image-2024-08-06-at-19.29.04-2-200x200.jpeg\" class=\"attachment-thumbnail size-thumbnail\" alt=\"\" srcset=\"https:\/\/wp.ufpel.edu.br\/petfisica\/files\/2025\/02\/WhatsApp-Image-2024-08-06-at-19.29.04-2-200x200.jpeg 200w, https:\/\/wp.ufpel.edu.br\/petfisica\/files\/2025\/02\/WhatsApp-Image-2024-08-06-at-19.29.04-2-88x88.jpeg 88w\" sizes=\"auto, (max-width: 200px) 100vw, 200px\" \/><\/a>\n\t\t\t<\/dt><\/dl><dl class='gallery-item'>\n\t\t\t<dt class='gallery-icon landscape'>\n\t\t\t\t<a href='https:\/\/wp.ufpel.edu.br\/petfisica\/files\/2025\/02\/WhatsApp-Image-2024-08-06-at-19.29.04-3.jpeg'><img loading=\"lazy\" decoding=\"async\" width=\"200\" height=\"200\" src=\"https:\/\/wp.ufpel.edu.br\/petfisica\/files\/2025\/02\/WhatsApp-Image-2024-08-06-at-19.29.04-3-200x200.jpeg\" class=\"attachment-thumbnail size-thumbnail\" alt=\"\" srcset=\"https:\/\/wp.ufpel.edu.br\/petfisica\/files\/2025\/02\/WhatsApp-Image-2024-08-06-at-19.29.04-3-200x200.jpeg 200w, https:\/\/wp.ufpel.edu.br\/petfisica\/files\/2025\/02\/WhatsApp-Image-2024-08-06-at-19.29.04-3-88x88.jpeg 88w\" sizes=\"auto, (max-width: 200px) 100vw, 200px\" \/><\/a>\n\t\t\t<\/dt><\/dl><br style=\"clear: both\" \/><dl class='gallery-item'>\n\t\t\t<dt class='gallery-icon landscape'>\n\t\t\t\t<a href='https:\/\/wp.ufpel.edu.br\/petfisica\/files\/2024\/12\/WhatsApp-Image-2024-08-06-at-19.29.01-4.jpeg'><img loading=\"lazy\" decoding=\"async\" width=\"200\" height=\"200\" src=\"https:\/\/wp.ufpel.edu.br\/petfisica\/files\/2024\/12\/WhatsApp-Image-2024-08-06-at-19.29.01-4-200x200.jpeg\" class=\"attachment-thumbnail size-thumbnail\" alt=\"\" srcset=\"https:\/\/wp.ufpel.edu.br\/petfisica\/files\/2024\/12\/WhatsApp-Image-2024-08-06-at-19.29.01-4-200x200.jpeg 200w, https:\/\/wp.ufpel.edu.br\/petfisica\/files\/2024\/12\/WhatsApp-Image-2024-08-06-at-19.29.01-4-88x88.jpeg 88w\" sizes=\"auto, (max-width: 200px) 100vw, 200px\" \/><\/a>\n\t\t\t<\/dt><\/dl><dl class='gallery-item'>\n\t\t\t<dt class='gallery-icon landscape'>\n\t\t\t\t<a href='https:\/\/wp.ufpel.edu.br\/petfisica\/files\/2025\/02\/WhatsApp-Image-2024-08-06-at-19.29.01-1.jpeg'><img loading=\"lazy\" decoding=\"async\" width=\"200\" height=\"200\" src=\"https:\/\/wp.ufpel.edu.br\/petfisica\/files\/2025\/02\/WhatsApp-Image-2024-08-06-at-19.29.01-1-200x200.jpeg\" class=\"attachment-thumbnail size-thumbnail\" alt=\"\" srcset=\"https:\/\/wp.ufpel.edu.br\/petfisica\/files\/2025\/02\/WhatsApp-Image-2024-08-06-at-19.29.01-1-200x200.jpeg 200w, https:\/\/wp.ufpel.edu.br\/petfisica\/files\/2025\/02\/WhatsApp-Image-2024-08-06-at-19.29.01-1-88x88.jpeg 88w\" sizes=\"auto, (max-width: 200px) 100vw, 200px\" \/><\/a>\n\t\t\t<\/dt><\/dl><dl class='gallery-item'>\n\t\t\t<dt class='gallery-icon landscape'>\n\t\t\t\t<a href='https:\/\/wp.ufpel.edu.br\/petfisica\/files\/2025\/02\/WhatsApp-Image-2024-08-06-at-19.28.53.jpeg'><img loading=\"lazy\" decoding=\"async\" width=\"200\" height=\"200\" src=\"https:\/\/wp.ufpel.edu.br\/petfisica\/files\/2025\/02\/WhatsApp-Image-2024-08-06-at-19.28.53-200x200.jpeg\" class=\"attachment-thumbnail size-thumbnail\" alt=\"\" srcset=\"https:\/\/wp.ufpel.edu.br\/petfisica\/files\/2025\/02\/WhatsApp-Image-2024-08-06-at-19.28.53-200x200.jpeg 200w, https:\/\/wp.ufpel.edu.br\/petfisica\/files\/2025\/02\/WhatsApp-Image-2024-08-06-at-19.28.53-88x88.jpeg 88w\" sizes=\"auto, (max-width: 200px) 100vw, 200px\" \/><\/a>\n\t\t\t<\/dt><\/dl><br style=\"clear: both\" \/>\n\t\t<\/div>\n\n<p>Oficina para alunos do <strong>Desafio Pr\u00e9-universit\u00e1rio Popular<\/strong> no Campus Anglo (UFPEL) &#8211; 08\/08\/2024<\/p>\n\n\t\t<style type=\"text\/css\">\n\t\t\t#gallery-2 {\n\t\t\t\tmargin: auto;\n\t\t\t}\n\t\t\t#gallery-2 .gallery-item {\n\t\t\t\tfloat: left;\n\t\t\t\tmargin-top: 10px;\n\t\t\t\ttext-align: center;\n\t\t\t\twidth: 33%;\n\t\t\t}\n\t\t\t#gallery-2 img {\n\t\t\t\tborder: 2px solid #cfcfcf;\n\t\t\t}\n\t\t\t#gallery-2 .gallery-caption {\n\t\t\t\tmargin-left: 0;\n\t\t\t}\n\t\t\t\/* see gallery_shortcode() in wp-includes\/media.php *\/\n\t\t<\/style>\n\t\t<div id='gallery-2' class='gallery galleryid-2945 gallery-columns-3 gallery-size-thumbnail'><dl class='gallery-item'>\n\t\t\t<dt class='gallery-icon landscape'>\n\t\t\t\t<a href='https:\/\/wp.ufpel.edu.br\/petfisica\/files\/2025\/02\/WhatsApp-Image-2024-08-08-at-16.56.02.jpeg'><img loading=\"lazy\" decoding=\"async\" width=\"200\" height=\"200\" src=\"https:\/\/wp.ufpel.edu.br\/petfisica\/files\/2025\/02\/WhatsApp-Image-2024-08-08-at-16.56.02-200x200.jpeg\" class=\"attachment-thumbnail size-thumbnail\" alt=\"\" srcset=\"https:\/\/wp.ufpel.edu.br\/petfisica\/files\/2025\/02\/WhatsApp-Image-2024-08-08-at-16.56.02-200x200.jpeg 200w, https:\/\/wp.ufpel.edu.br\/petfisica\/files\/2025\/02\/WhatsApp-Image-2024-08-08-at-16.56.02-88x88.jpeg 88w\" sizes=\"auto, (max-width: 200px) 100vw, 200px\" \/><\/a>\n\t\t\t<\/dt><\/dl><dl class='gallery-item'>\n\t\t\t<dt class='gallery-icon landscape'>\n\t\t\t\t<a href='https:\/\/wp.ufpel.edu.br\/petfisica\/files\/2024\/12\/WhatsApp-Image-2024-08-08-at-16.55.57-3.jpeg'><img loading=\"lazy\" decoding=\"async\" width=\"200\" height=\"200\" src=\"https:\/\/wp.ufpel.edu.br\/petfisica\/files\/2024\/12\/WhatsApp-Image-2024-08-08-at-16.55.57-3-200x200.jpeg\" class=\"attachment-thumbnail size-thumbnail\" alt=\"\" srcset=\"https:\/\/wp.ufpel.edu.br\/petfisica\/files\/2024\/12\/WhatsApp-Image-2024-08-08-at-16.55.57-3-200x200.jpeg 200w, https:\/\/wp.ufpel.edu.br\/petfisica\/files\/2024\/12\/WhatsApp-Image-2024-08-08-at-16.55.57-3-88x88.jpeg 88w\" sizes=\"auto, (max-width: 200px) 100vw, 200px\" \/><\/a>\n\t\t\t<\/dt><\/dl><dl class='gallery-item'>\n\t\t\t<dt class='gallery-icon landscape'>\n\t\t\t\t<a href='https:\/\/wp.ufpel.edu.br\/petfisica\/files\/2024\/12\/WhatsApp-Image-2024-08-08-at-16.55.58.jpeg'><img loading=\"lazy\" decoding=\"async\" width=\"200\" height=\"200\" src=\"https:\/\/wp.ufpel.edu.br\/petfisica\/files\/2024\/12\/WhatsApp-Image-2024-08-08-at-16.55.58-200x200.jpeg\" class=\"attachment-thumbnail size-thumbnail\" alt=\"\" srcset=\"https:\/\/wp.ufpel.edu.br\/petfisica\/files\/2024\/12\/WhatsApp-Image-2024-08-08-at-16.55.58-200x200.jpeg 200w, https:\/\/wp.ufpel.edu.br\/petfisica\/files\/2024\/12\/WhatsApp-Image-2024-08-08-at-16.55.58-88x88.jpeg 88w\" sizes=\"auto, (max-width: 200px) 100vw, 200px\" \/><\/a>\n\t\t\t<\/dt><\/dl><br style=\"clear: both\" \/><dl class='gallery-item'>\n\t\t\t<dt class='gallery-icon landscape'>\n\t\t\t\t<a href='https:\/\/wp.ufpel.edu.br\/petfisica\/files\/2025\/02\/WhatsApp-Image-2024-08-08-at-16.56.01-3.jpeg'><img loading=\"lazy\" decoding=\"async\" width=\"200\" height=\"200\" src=\"https:\/\/wp.ufpel.edu.br\/petfisica\/files\/2025\/02\/WhatsApp-Image-2024-08-08-at-16.56.01-3-200x200.jpeg\" class=\"attachment-thumbnail size-thumbnail\" alt=\"\" srcset=\"https:\/\/wp.ufpel.edu.br\/petfisica\/files\/2025\/02\/WhatsApp-Image-2024-08-08-at-16.56.01-3-200x200.jpeg 200w, https:\/\/wp.ufpel.edu.br\/petfisica\/files\/2025\/02\/WhatsApp-Image-2024-08-08-at-16.56.01-3-88x88.jpeg 88w\" sizes=\"auto, (max-width: 200px) 100vw, 200px\" \/><\/a>\n\t\t\t<\/dt><\/dl><dl class='gallery-item'>\n\t\t\t<dt class='gallery-icon landscape'>\n\t\t\t\t<a href='https:\/\/wp.ufpel.edu.br\/petfisica\/files\/2025\/02\/WhatsApp-Image-2024-08-08-at-16.55.59-3.jpeg'><img loading=\"lazy\" decoding=\"async\" width=\"200\" height=\"200\" src=\"https:\/\/wp.ufpel.edu.br\/petfisica\/files\/2025\/02\/WhatsApp-Image-2024-08-08-at-16.55.59-3-200x200.jpeg\" class=\"attachment-thumbnail size-thumbnail\" alt=\"\" srcset=\"https:\/\/wp.ufpel.edu.br\/petfisica\/files\/2025\/02\/WhatsApp-Image-2024-08-08-at-16.55.59-3-200x200.jpeg 200w, https:\/\/wp.ufpel.edu.br\/petfisica\/files\/2025\/02\/WhatsApp-Image-2024-08-08-at-16.55.59-3-88x88.jpeg 88w\" sizes=\"auto, (max-width: 200px) 100vw, 200px\" \/><\/a>\n\t\t\t<\/dt><\/dl><dl class='gallery-item'>\n\t\t\t<dt class='gallery-icon landscape'>\n\t\t\t\t<a href='https:\/\/wp.ufpel.edu.br\/petfisica\/files\/2025\/02\/WhatsApp-Image-2024-08-08-at-16.55.53.jpeg'><img loading=\"lazy\" decoding=\"async\" width=\"200\" height=\"200\" src=\"https:\/\/wp.ufpel.edu.br\/petfisica\/files\/2025\/02\/WhatsApp-Image-2024-08-08-at-16.55.53-200x200.jpeg\" class=\"attachment-thumbnail size-thumbnail\" alt=\"\" srcset=\"https:\/\/wp.ufpel.edu.br\/petfisica\/files\/2025\/02\/WhatsApp-Image-2024-08-08-at-16.55.53-200x200.jpeg 200w, https:\/\/wp.ufpel.edu.br\/petfisica\/files\/2025\/02\/WhatsApp-Image-2024-08-08-at-16.55.53-88x88.jpeg 88w\" sizes=\"auto, (max-width: 200px) 100vw, 200px\" \/><\/a>\n\t\t\t<\/dt><\/dl><br style=\"clear: both\" \/><dl class='gallery-item'>\n\t\t\t<dt class='gallery-icon landscape'>\n\t\t\t\t<a href='https:\/\/wp.ufpel.edu.br\/petfisica\/files\/2024\/12\/WhatsApp-Image-2024-08-08-at-16.55.47.jpeg'><img loading=\"lazy\" decoding=\"async\" width=\"200\" height=\"200\" src=\"https:\/\/wp.ufpel.edu.br\/petfisica\/files\/2024\/12\/WhatsApp-Image-2024-08-08-at-16.55.47-200x200.jpeg\" class=\"attachment-thumbnail size-thumbnail\" alt=\"\" srcset=\"https:\/\/wp.ufpel.edu.br\/petfisica\/files\/2024\/12\/WhatsApp-Image-2024-08-08-at-16.55.47-200x200.jpeg 200w, https:\/\/wp.ufpel.edu.br\/petfisica\/files\/2024\/12\/WhatsApp-Image-2024-08-08-at-16.55.47-88x88.jpeg 88w\" sizes=\"auto, (max-width: 200px) 100vw, 200px\" \/><\/a>\n\t\t\t<\/dt><\/dl>\n\t\t\t<br style='clear: both' \/>\n\t\t<\/div>\n\n<p>Oficina para alunos da <strong>Escola E\u0301rico Veri\u0301ssimo <\/strong>nos laborat\u00f3rios do IFM, Campus Cap\u00e3o do Le\u00e3o (UFPEL) &#8211;\u00a0 04\/09\/2024<\/p>\n\n\t\t<style type=\"text\/css\">\n\t\t\t#gallery-3 {\n\t\t\t\tmargin: auto;\n\t\t\t}\n\t\t\t#gallery-3 .gallery-item {\n\t\t\t\tfloat: left;\n\t\t\t\tmargin-top: 10px;\n\t\t\t\ttext-align: center;\n\t\t\t\twidth: 33%;\n\t\t\t}\n\t\t\t#gallery-3 img {\n\t\t\t\tborder: 2px solid #cfcfcf;\n\t\t\t}\n\t\t\t#gallery-3 .gallery-caption {\n\t\t\t\tmargin-left: 0;\n\t\t\t}\n\t\t\t\/* see gallery_shortcode() in wp-includes\/media.php *\/\n\t\t<\/style>\n\t\t<div id='gallery-3' class='gallery galleryid-2945 gallery-columns-3 gallery-size-thumbnail'><dl class='gallery-item'>\n\t\t\t<dt class='gallery-icon landscape'>\n\t\t\t\t<a href='https:\/\/wp.ufpel.edu.br\/petfisica\/files\/2025\/02\/WhatsApp-Image-2024-12-03-at-00.29.25-1.jpeg'><img loading=\"lazy\" decoding=\"async\" width=\"200\" height=\"200\" src=\"https:\/\/wp.ufpel.edu.br\/petfisica\/files\/2025\/02\/WhatsApp-Image-2024-12-03-at-00.29.25-1-200x200.jpeg\" class=\"attachment-thumbnail size-thumbnail\" alt=\"\" srcset=\"https:\/\/wp.ufpel.edu.br\/petfisica\/files\/2025\/02\/WhatsApp-Image-2024-12-03-at-00.29.25-1-200x200.jpeg 200w, https:\/\/wp.ufpel.edu.br\/petfisica\/files\/2025\/02\/WhatsApp-Image-2024-12-03-at-00.29.25-1-88x88.jpeg 88w\" sizes=\"auto, (max-width: 200px) 100vw, 200px\" \/><\/a>\n\t\t\t<\/dt><\/dl><dl class='gallery-item'>\n\t\t\t<dt class='gallery-icon landscape'>\n\t\t\t\t<a href='https:\/\/wp.ufpel.edu.br\/petfisica\/files\/2025\/02\/WhatsApp-Image-2024-12-03-at-00.29.21.jpeg'><img loading=\"lazy\" decoding=\"async\" width=\"200\" height=\"200\" src=\"https:\/\/wp.ufpel.edu.br\/petfisica\/files\/2025\/02\/WhatsApp-Image-2024-12-03-at-00.29.21-200x200.jpeg\" class=\"attachment-thumbnail size-thumbnail\" alt=\"\" srcset=\"https:\/\/wp.ufpel.edu.br\/petfisica\/files\/2025\/02\/WhatsApp-Image-2024-12-03-at-00.29.21-200x200.jpeg 200w, https:\/\/wp.ufpel.edu.br\/petfisica\/files\/2025\/02\/WhatsApp-Image-2024-12-03-at-00.29.21-88x88.jpeg 88w\" sizes=\"auto, (max-width: 200px) 100vw, 200px\" \/><\/a>\n\t\t\t<\/dt><\/dl><dl class='gallery-item'>\n\t\t\t<dt class='gallery-icon landscape'>\n\t\t\t\t<a href='https:\/\/wp.ufpel.edu.br\/petfisica\/files\/2025\/02\/WhatsApp-Image-2024-12-03-at-00.29.01-1.jpeg'><img loading=\"lazy\" decoding=\"async\" width=\"200\" height=\"200\" src=\"https:\/\/wp.ufpel.edu.br\/petfisica\/files\/2025\/02\/WhatsApp-Image-2024-12-03-at-00.29.01-1-200x200.jpeg\" class=\"attachment-thumbnail size-thumbnail\" alt=\"\" srcset=\"https:\/\/wp.ufpel.edu.br\/petfisica\/files\/2025\/02\/WhatsApp-Image-2024-12-03-at-00.29.01-1-200x200.jpeg 200w, https:\/\/wp.ufpel.edu.br\/petfisica\/files\/2025\/02\/WhatsApp-Image-2024-12-03-at-00.29.01-1-88x88.jpeg 88w\" sizes=\"auto, (max-width: 200px) 100vw, 200px\" \/><\/a>\n\t\t\t<\/dt><\/dl><br style=\"clear: both\" \/><dl class='gallery-item'>\n\t\t\t<dt class='gallery-icon landscape'>\n\t\t\t\t<a href='https:\/\/wp.ufpel.edu.br\/petfisica\/files\/2025\/02\/WhatsApp-Image-2024-12-03-at-00.29.06.jpeg'><img loading=\"lazy\" decoding=\"async\" width=\"200\" height=\"200\" src=\"https:\/\/wp.ufpel.edu.br\/petfisica\/files\/2025\/02\/WhatsApp-Image-2024-12-03-at-00.29.06-200x200.jpeg\" class=\"attachment-thumbnail size-thumbnail\" alt=\"\" srcset=\"https:\/\/wp.ufpel.edu.br\/petfisica\/files\/2025\/02\/WhatsApp-Image-2024-12-03-at-00.29.06-200x200.jpeg 200w, https:\/\/wp.ufpel.edu.br\/petfisica\/files\/2025\/02\/WhatsApp-Image-2024-12-03-at-00.29.06-88x88.jpeg 88w\" sizes=\"auto, (max-width: 200px) 100vw, 200px\" \/><\/a>\n\t\t\t<\/dt><\/dl><dl class='gallery-item'>\n\t\t\t<dt class='gallery-icon landscape'>\n\t\t\t\t<a href='https:\/\/wp.ufpel.edu.br\/petfisica\/files\/2025\/02\/WhatsApp-Image-2024-12-03-at-00.29.08.jpeg'><img loading=\"lazy\" decoding=\"async\" width=\"200\" height=\"200\" src=\"https:\/\/wp.ufpel.edu.br\/petfisica\/files\/2025\/02\/WhatsApp-Image-2024-12-03-at-00.29.08-200x200.jpeg\" class=\"attachment-thumbnail size-thumbnail\" alt=\"\" srcset=\"https:\/\/wp.ufpel.edu.br\/petfisica\/files\/2025\/02\/WhatsApp-Image-2024-12-03-at-00.29.08-200x200.jpeg 200w, https:\/\/wp.ufpel.edu.br\/petfisica\/files\/2025\/02\/WhatsApp-Image-2024-12-03-at-00.29.08-88x88.jpeg 88w\" sizes=\"auto, (max-width: 200px) 100vw, 200px\" \/><\/a>\n\t\t\t<\/dt><\/dl><dl class='gallery-item'>\n\t\t\t<dt class='gallery-icon landscape'>\n\t\t\t\t<a href='https:\/\/wp.ufpel.edu.br\/petfisica\/files\/2025\/02\/WhatsApp-Image-2024-12-03-at-00.29.03.jpeg'><img loading=\"lazy\" decoding=\"async\" width=\"200\" height=\"200\" src=\"https:\/\/wp.ufpel.edu.br\/petfisica\/files\/2025\/02\/WhatsApp-Image-2024-12-03-at-00.29.03-200x200.jpeg\" class=\"attachment-thumbnail size-thumbnail\" alt=\"\" srcset=\"https:\/\/wp.ufpel.edu.br\/petfisica\/files\/2025\/02\/WhatsApp-Image-2024-12-03-at-00.29.03-200x200.jpeg 200w, https:\/\/wp.ufpel.edu.br\/petfisica\/files\/2025\/02\/WhatsApp-Image-2024-12-03-at-00.29.03-88x88.jpeg 88w\" sizes=\"auto, (max-width: 200px) 100vw, 200px\" \/><\/a>\n\t\t\t<\/dt><\/dl><br style=\"clear: both\" \/><dl class='gallery-item'>\n\t\t\t<dt class='gallery-icon landscape'>\n\t\t\t\t<a href='https:\/\/wp.ufpel.edu.br\/petfisica\/files\/2025\/02\/WhatsApp-Image-2024-12-03-at-00.29.06-1.jpeg'><img loading=\"lazy\" decoding=\"async\" width=\"200\" height=\"200\" src=\"https:\/\/wp.ufpel.edu.br\/petfisica\/files\/2025\/02\/WhatsApp-Image-2024-12-03-at-00.29.06-1-200x200.jpeg\" class=\"attachment-thumbnail size-thumbnail\" alt=\"\" srcset=\"https:\/\/wp.ufpel.edu.br\/petfisica\/files\/2025\/02\/WhatsApp-Image-2024-12-03-at-00.29.06-1-200x200.jpeg 200w, https:\/\/wp.ufpel.edu.br\/petfisica\/files\/2025\/02\/WhatsApp-Image-2024-12-03-at-00.29.06-1-88x88.jpeg 88w\" sizes=\"auto, (max-width: 200px) 100vw, 200px\" \/><\/a>\n\t\t\t<\/dt><\/dl>\n\t\t\t<br style='clear: both' \/>\n\t\t<\/div>\n\n<p>Oficina no <strong>Col\u00e9gio Estadual Dom Jo\u00e3o Braga<\/strong> &#8211; 19\/11\/2024<\/p>\n\n\t\t<style type=\"text\/css\">\n\t\t\t#gallery-4 {\n\t\t\t\tmargin: auto;\n\t\t\t}\n\t\t\t#gallery-4 .gallery-item {\n\t\t\t\tfloat: left;\n\t\t\t\tmargin-top: 10px;\n\t\t\t\ttext-align: center;\n\t\t\t\twidth: 33%;\n\t\t\t}\n\t\t\t#gallery-4 img {\n\t\t\t\tborder: 2px solid #cfcfcf;\n\t\t\t}\n\t\t\t#gallery-4 .gallery-caption {\n\t\t\t\tmargin-left: 0;\n\t\t\t}\n\t\t\t\/* see gallery_shortcode() in wp-includes\/media.php *\/\n\t\t<\/style>\n\t\t<div id='gallery-4' class='gallery galleryid-2945 gallery-columns-3 gallery-size-thumbnail'><dl class='gallery-item'>\n\t\t\t<dt class='gallery-icon landscape'>\n\t\t\t\t<a href='https:\/\/wp.ufpel.edu.br\/petfisica\/files\/2024\/12\/WhatsApp-Image-2024-11-19-at-17.33.48.jpeg'><img loading=\"lazy\" decoding=\"async\" width=\"200\" height=\"200\" src=\"https:\/\/wp.ufpel.edu.br\/petfisica\/files\/2024\/12\/WhatsApp-Image-2024-11-19-at-17.33.48-200x200.jpeg\" class=\"attachment-thumbnail size-thumbnail\" alt=\"\" srcset=\"https:\/\/wp.ufpel.edu.br\/petfisica\/files\/2024\/12\/WhatsApp-Image-2024-11-19-at-17.33.48-200x200.jpeg 200w, https:\/\/wp.ufpel.edu.br\/petfisica\/files\/2024\/12\/WhatsApp-Image-2024-11-19-at-17.33.48-88x88.jpeg 88w\" sizes=\"auto, (max-width: 200px) 100vw, 200px\" \/><\/a>\n\t\t\t<\/dt><\/dl><dl class='gallery-item'>\n\t\t\t<dt class='gallery-icon landscape'>\n\t\t\t\t<a href='https:\/\/wp.ufpel.edu.br\/petfisica\/files\/2025\/02\/WhatsApp-Image-2024-11-19-at-17.33.58.jpeg'><img loading=\"lazy\" decoding=\"async\" width=\"200\" height=\"200\" src=\"https:\/\/wp.ufpel.edu.br\/petfisica\/files\/2025\/02\/WhatsApp-Image-2024-11-19-at-17.33.58-200x200.jpeg\" class=\"attachment-thumbnail size-thumbnail\" alt=\"\" srcset=\"https:\/\/wp.ufpel.edu.br\/petfisica\/files\/2025\/02\/WhatsApp-Image-2024-11-19-at-17.33.58-200x200.jpeg 200w, https:\/\/wp.ufpel.edu.br\/petfisica\/files\/2025\/02\/WhatsApp-Image-2024-11-19-at-17.33.58-88x88.jpeg 88w\" sizes=\"auto, (max-width: 200px) 100vw, 200px\" \/><\/a>\n\t\t\t<\/dt><\/dl><dl class='gallery-item'>\n\t\t\t<dt class='gallery-icon landscape'>\n\t\t\t\t<a href='https:\/\/wp.ufpel.edu.br\/petfisica\/files\/2024\/12\/WhatsApp-Image-2024-11-19-at-17.33.54.jpeg'><img loading=\"lazy\" decoding=\"async\" width=\"200\" height=\"200\" src=\"https:\/\/wp.ufpel.edu.br\/petfisica\/files\/2024\/12\/WhatsApp-Image-2024-11-19-at-17.33.54-200x200.jpeg\" class=\"attachment-thumbnail size-thumbnail\" alt=\"\" srcset=\"https:\/\/wp.ufpel.edu.br\/petfisica\/files\/2024\/12\/WhatsApp-Image-2024-11-19-at-17.33.54-200x200.jpeg 200w, https:\/\/wp.ufpel.edu.br\/petfisica\/files\/2024\/12\/WhatsApp-Image-2024-11-19-at-17.33.54-88x88.jpeg 88w\" sizes=\"auto, (max-width: 200px) 100vw, 200px\" \/><\/a>\n\t\t\t<\/dt><\/dl><br style=\"clear: both\" \/><dl class='gallery-item'>\n\t\t\t<dt class='gallery-icon landscape'>\n\t\t\t\t<a href='https:\/\/wp.ufpel.edu.br\/petfisica\/files\/2025\/02\/WhatsApp-Image-2024-11-19-at-17.33.53.jpeg'><img loading=\"lazy\" decoding=\"async\" width=\"200\" height=\"200\" src=\"https:\/\/wp.ufpel.edu.br\/petfisica\/files\/2025\/02\/WhatsApp-Image-2024-11-19-at-17.33.53-200x200.jpeg\" class=\"attachment-thumbnail size-thumbnail\" alt=\"\" srcset=\"https:\/\/wp.ufpel.edu.br\/petfisica\/files\/2025\/02\/WhatsApp-Image-2024-11-19-at-17.33.53-200x200.jpeg 200w, https:\/\/wp.ufpel.edu.br\/petfisica\/files\/2025\/02\/WhatsApp-Image-2024-11-19-at-17.33.53-88x88.jpeg 88w\" sizes=\"auto, (max-width: 200px) 100vw, 200px\" \/><\/a>\n\t\t\t<\/dt><\/dl><dl class='gallery-item'>\n\t\t\t<dt class='gallery-icon landscape'>\n\t\t\t\t<a href='https:\/\/wp.ufpel.edu.br\/petfisica\/files\/2024\/12\/WhatsApp-Image-2024-11-19-at-17.33.50-3.jpeg'><img loading=\"lazy\" decoding=\"async\" width=\"200\" height=\"200\" src=\"https:\/\/wp.ufpel.edu.br\/petfisica\/files\/2024\/12\/WhatsApp-Image-2024-11-19-at-17.33.50-3-200x200.jpeg\" class=\"attachment-thumbnail size-thumbnail\" alt=\"\" srcset=\"https:\/\/wp.ufpel.edu.br\/petfisica\/files\/2024\/12\/WhatsApp-Image-2024-11-19-at-17.33.50-3-200x200.jpeg 200w, https:\/\/wp.ufpel.edu.br\/petfisica\/files\/2024\/12\/WhatsApp-Image-2024-11-19-at-17.33.50-3-88x88.jpeg 88w\" sizes=\"auto, (max-width: 200px) 100vw, 200px\" \/><\/a>\n\t\t\t<\/dt><\/dl><dl class='gallery-item'>\n\t\t\t<dt class='gallery-icon landscape'>\n\t\t\t\t<a href='https:\/\/wp.ufpel.edu.br\/petfisica\/files\/2024\/12\/WhatsApp-Image-2024-11-19-at-17.33.50-1.jpeg'><img loading=\"lazy\" decoding=\"async\" width=\"200\" height=\"200\" src=\"https:\/\/wp.ufpel.edu.br\/petfisica\/files\/2024\/12\/WhatsApp-Image-2024-11-19-at-17.33.50-1-200x200.jpeg\" class=\"attachment-thumbnail size-thumbnail\" alt=\"\" srcset=\"https:\/\/wp.ufpel.edu.br\/petfisica\/files\/2024\/12\/WhatsApp-Image-2024-11-19-at-17.33.50-1-200x200.jpeg 200w, https:\/\/wp.ufpel.edu.br\/petfisica\/files\/2024\/12\/WhatsApp-Image-2024-11-19-at-17.33.50-1-88x88.jpeg 88w\" sizes=\"auto, (max-width: 200px) 100vw, 200px\" \/><\/a>\n\t\t\t<\/dt><\/dl><br style=\"clear: both\" \/><dl class='gallery-item'>\n\t\t\t<dt class='gallery-icon landscape'>\n\t\t\t\t<a href='https:\/\/wp.ufpel.edu.br\/petfisica\/files\/2025\/02\/WhatsApp-Image-2024-11-19-at-17.33.49.jpeg'><img loading=\"lazy\" decoding=\"async\" width=\"200\" height=\"200\" src=\"https:\/\/wp.ufpel.edu.br\/petfisica\/files\/2025\/02\/WhatsApp-Image-2024-11-19-at-17.33.49-200x200.jpeg\" class=\"attachment-thumbnail size-thumbnail\" alt=\"\" srcset=\"https:\/\/wp.ufpel.edu.br\/petfisica\/files\/2025\/02\/WhatsApp-Image-2024-11-19-at-17.33.49-200x200.jpeg 200w, https:\/\/wp.ufpel.edu.br\/petfisica\/files\/2025\/02\/WhatsApp-Image-2024-11-19-at-17.33.49-88x88.jpeg 88w\" sizes=\"auto, (max-width: 200px) 100vw, 200px\" \/><\/a>\n\t\t\t<\/dt><\/dl>\n\t\t\t<br style='clear: both' \/>\n\t\t<\/div>\n\n<p>&nbsp;<\/p>\n<p>&nbsp;<\/p>\n","protected":false},"excerpt":{"rendered":"<p>Oficina na Escola Estadual Ensino M\u00e9dio Santa Rita &#8211; 11\/07\/2024 Oficina para alunos do Desafio Pr\u00e9-universit\u00e1rio Popular no Campus Anglo (UFPEL) &#8211; 08\/08\/2024 Oficina para alunos da Escola E\u0301rico Veri\u0301ssimo nos laborat\u00f3rios do IFM, Campus Cap\u00e3o do Le\u00e3o (UFPEL) &#8211;\u00a0 04\/09\/2024 Oficina no Col\u00e9gio Estadual Dom Jo\u00e3o Braga &#8211; 19\/11\/2024 &nbsp; &nbsp;<\/p>\n","protected":false},"author":1246,"featured_media":0,"parent":2755,"menu_order":0,"comment_status":"closed","ping_status":"closed","template":"","meta":{"footnotes":""},"class_list":["post-2945","page","type-page","status-publish","hentry"],"_links":{"self":[{"href":"https:\/\/wp.ufpel.edu.br\/petfisica\/wp-json\/wp\/v2\/pages\/2945","targetHints":{"allow":["GET"]}}],"collection":[{"href":"https:\/\/wp.ufpel.edu.br\/petfisica\/wp-json\/wp\/v2\/pages"}],"about":[{"href":"https:\/\/wp.ufpel.edu.br\/petfisica\/wp-json\/wp\/v2\/types\/page"}],"author":[{"embeddable":true,"href":"https:\/\/wp.ufpel.edu.br\/petfisica\/wp-json\/wp\/v2\/users\/1246"}],"replies":[{"embeddable":true,"href":"https:\/\/wp.ufpel.edu.br\/petfisica\/wp-json\/wp\/v2\/comments?post=2945"}],"version-history":[{"count":11,"href":"https:\/\/wp.ufpel.edu.br\/petfisica\/wp-json\/wp\/v2\/pages\/2945\/revisions"}],"predecessor-version":[{"id":3110,"href":"https:\/\/wp.ufpel.edu.br\/petfisica\/wp-json\/wp\/v2\/pages\/2945\/revisions\/3110"}],"up":[{"embeddable":true,"href":"https:\/\/wp.ufpel.edu.br\/petfisica\/wp-json\/wp\/v2\/pages\/2755"}],"wp:attachment":[{"href":"https:\/\/wp.ufpel.edu.br\/petfisica\/wp-json\/wp\/v2\/media?parent=2945"}],"curies":[{"name":"wp","href":"https:\/\/api.w.org\/{rel}","templated":true}]}}