{"id":2935,"date":"2024-12-02T23:38:53","date_gmt":"2024-12-03T02:38:53","guid":{"rendered":"https:\/\/wp.ufpel.edu.br\/petfisica\/?page_id=2935"},"modified":"2024-12-02T23:39:24","modified_gmt":"2024-12-03T02:39:24","slug":"seminarios-2024","status":"publish","type":"page","link":"https:\/\/wp.ufpel.edu.br\/petfisica\/atividades\/seminarios-do-pet\/seminarios-2024\/","title":{"rendered":"Semin\u00e1rios 2024"},"content":{"rendered":"<p><span style=\"font-size: 18pt;\"><strong>Semin\u00e1rios desenvolvidos pelo grupo PET-F\u00edsica em 2024:<\/strong><\/span><\/p>\n<p>Joaquim Passos &#8211; &#8220;Mundo Dos Foguetes: Da Constru\u00e7\u00e3o Ao Lan\u00e7amento&#8221;\u00a0 em <span data-sheets-root=\"1\">07\/03\/2024<\/span><\/p>\n<p>Alice Santana &#8211; &#8220;Part\u00edculas elementares e intera\u00e7\u00f5es fundamentais&#8221; em <span data-sheets-root=\"1\">14\/06\/2024<\/span><\/p>\n<p>La\u00edne Soares &#8211; &#8220;<span data-sheets-root=\"1\">Magnetosferas Planet\u00e1rias<\/span>&#8221; em <span data-sheets-root=\"1\">28\/06\/2024<\/span><\/p>\n<p>\u00c1gata Achterberg &#8211; &#8220;<span data-sheets-root=\"1\">Colis\u00f5es Ultra-Perif\u00e9ricas e M\u00e9todo dos F\u00f3tons Equivalentes<\/span>&#8221; em <span data-sheets-root=\"1\">19\/07\/2024<\/span><\/p>\n<p>Miguel Lima &#8211; &#8220;<span data-sheets-root=\"1\">Girando com a Ci\u00eancia: Uma Viagem pelo Efeito Coriolis<\/span>&#8221; em <span data-sheets-root=\"1\">09\/08\/2024<\/span><\/p>\n<p>Eduardo Ferreira &#8211; &#8220;<span data-sheets-root=\"1\">Revis\u00e3o do modelo Blume-Capel com \u00eanfase na an\u00e1lise da energia livre<\/span>&#8221; em <span data-sheets-root=\"1\">23\/08\/2024<\/span><\/p>\n\n\t\t<style type=\"text\/css\">\n\t\t\t#gallery-1 {\n\t\t\t\tmargin: auto;\n\t\t\t}\n\t\t\t#gallery-1 .gallery-item {\n\t\t\t\tfloat: left;\n\t\t\t\tmargin-top: 10px;\n\t\t\t\ttext-align: center;\n\t\t\t\twidth: 50%;\n\t\t\t}\n\t\t\t#gallery-1 img {\n\t\t\t\tborder: 2px solid #cfcfcf;\n\t\t\t}\n\t\t\t#gallery-1 .gallery-caption {\n\t\t\t\tmargin-left: 0;\n\t\t\t}\n\t\t\t\/* see gallery_shortcode() in wp-includes\/media.php *\/\n\t\t<\/style>\n\t\t<div id='gallery-1' class='gallery galleryid-2935 gallery-columns-2 gallery-size-medium'><dl class='gallery-item'>\n\t\t\t<dt class='gallery-icon landscape'>\n\t\t\t\t<a href='https:\/\/wp.ufpel.edu.br\/petfisica\/atividades\/seminarios-do-pet\/seminarios-2024\/whatsapp-image-2024-11-11-at-14-37-45\/'><img loading=\"lazy\" decoding=\"async\" width=\"400\" height=\"300\" src=\"https:\/\/wp.ufpel.edu.br\/petfisica\/files\/2024\/12\/WhatsApp-Image-2024-11-11-at-14.37.45-400x300.jpeg\" class=\"attachment-medium size-medium\" alt=\"\" srcset=\"https:\/\/wp.ufpel.edu.br\/petfisica\/files\/2024\/12\/WhatsApp-Image-2024-11-11-at-14.37.45-400x300.jpeg 400w, https:\/\/wp.ufpel.edu.br\/petfisica\/files\/2024\/12\/WhatsApp-Image-2024-11-11-at-14.37.45-1024x768.jpeg 1024w, https:\/\/wp.ufpel.edu.br\/petfisica\/files\/2024\/12\/WhatsApp-Image-2024-11-11-at-14.37.45-768x576.jpeg 768w, https:\/\/wp.ufpel.edu.br\/petfisica\/files\/2024\/12\/WhatsApp-Image-2024-11-11-at-14.37.45-1536x1152.jpeg 1536w, https:\/\/wp.ufpel.edu.br\/petfisica\/files\/2024\/12\/WhatsApp-Image-2024-11-11-at-14.37.45-816x612.jpeg 816w, https:\/\/wp.ufpel.edu.br\/petfisica\/files\/2024\/12\/WhatsApp-Image-2024-11-11-at-14.37.45.jpeg 1600w\" sizes=\"auto, (max-width: 400px) 100vw, 400px\" \/><\/a>\n\t\t\t<\/dt><\/dl><dl class='gallery-item'>\n\t\t\t<dt class='gallery-icon landscape'>\n\t\t\t\t<a href='https:\/\/wp.ufpel.edu.br\/petfisica\/atividades\/seminarios-do-pet\/seminarios-2024\/whatsapp-image-2024-11-11-at-14-37-44-1\/'><img loading=\"lazy\" decoding=\"async\" width=\"400\" height=\"300\" src=\"https:\/\/wp.ufpel.edu.br\/petfisica\/files\/2024\/12\/WhatsApp-Image-2024-11-11-at-14.37.44-1-400x300.jpeg\" class=\"attachment-medium size-medium\" alt=\"\" srcset=\"https:\/\/wp.ufpel.edu.br\/petfisica\/files\/2024\/12\/WhatsApp-Image-2024-11-11-at-14.37.44-1-400x300.jpeg 400w, https:\/\/wp.ufpel.edu.br\/petfisica\/files\/2024\/12\/WhatsApp-Image-2024-11-11-at-14.37.44-1-1024x768.jpeg 1024w, https:\/\/wp.ufpel.edu.br\/petfisica\/files\/2024\/12\/WhatsApp-Image-2024-11-11-at-14.37.44-1-768x576.jpeg 768w, https:\/\/wp.ufpel.edu.br\/petfisica\/files\/2024\/12\/WhatsApp-Image-2024-11-11-at-14.37.44-1-1536x1152.jpeg 1536w, https:\/\/wp.ufpel.edu.br\/petfisica\/files\/2024\/12\/WhatsApp-Image-2024-11-11-at-14.37.44-1-816x612.jpeg 816w, https:\/\/wp.ufpel.edu.br\/petfisica\/files\/2024\/12\/WhatsApp-Image-2024-11-11-at-14.37.44-1.jpeg 1600w\" sizes=\"auto, (max-width: 400px) 100vw, 400px\" \/><\/a>\n\t\t\t<\/dt><\/dl><br style=\"clear: both\" \/><dl class='gallery-item'>\n\t\t\t<dt class='gallery-icon landscape'>\n\t\t\t\t<a href='https:\/\/wp.ufpel.edu.br\/petfisica\/atividades\/seminarios-do-pet\/seminarios-2024\/whatsapp-image-2024-11-11-at-14-37-44-2\/'><img loading=\"lazy\" decoding=\"async\" width=\"400\" height=\"300\" src=\"https:\/\/wp.ufpel.edu.br\/petfisica\/files\/2024\/12\/WhatsApp-Image-2024-11-11-at-14.37.44-2-400x300.jpeg\" class=\"attachment-medium size-medium\" alt=\"\" srcset=\"https:\/\/wp.ufpel.edu.br\/petfisica\/files\/2024\/12\/WhatsApp-Image-2024-11-11-at-14.37.44-2-400x300.jpeg 400w, https:\/\/wp.ufpel.edu.br\/petfisica\/files\/2024\/12\/WhatsApp-Image-2024-11-11-at-14.37.44-2-1024x768.jpeg 1024w, https:\/\/wp.ufpel.edu.br\/petfisica\/files\/2024\/12\/WhatsApp-Image-2024-11-11-at-14.37.44-2-768x576.jpeg 768w, https:\/\/wp.ufpel.edu.br\/petfisica\/files\/2024\/12\/WhatsApp-Image-2024-11-11-at-14.37.44-2-1536x1152.jpeg 1536w, https:\/\/wp.ufpel.edu.br\/petfisica\/files\/2024\/12\/WhatsApp-Image-2024-11-11-at-14.37.44-2-816x612.jpeg 816w, https:\/\/wp.ufpel.edu.br\/petfisica\/files\/2024\/12\/WhatsApp-Image-2024-11-11-at-14.37.44-2.jpeg 1600w\" sizes=\"auto, (max-width: 400px) 100vw, 400px\" \/><\/a>\n\t\t\t<\/dt><\/dl><dl class='gallery-item'>\n\t\t\t<dt class='gallery-icon landscape'>\n\t\t\t\t<a href='https:\/\/wp.ufpel.edu.br\/petfisica\/atividades\/seminarios-do-pet\/seminarios-2024\/whatsapp-image-2024-11-11-at-14-37-44-3\/'><img loading=\"lazy\" decoding=\"async\" width=\"400\" height=\"300\" src=\"https:\/\/wp.ufpel.edu.br\/petfisica\/files\/2024\/12\/WhatsApp-Image-2024-11-11-at-14.37.44-3-400x300.jpeg\" class=\"attachment-medium size-medium\" alt=\"\" srcset=\"https:\/\/wp.ufpel.edu.br\/petfisica\/files\/2024\/12\/WhatsApp-Image-2024-11-11-at-14.37.44-3-400x300.jpeg 400w, https:\/\/wp.ufpel.edu.br\/petfisica\/files\/2024\/12\/WhatsApp-Image-2024-11-11-at-14.37.44-3-1024x768.jpeg 1024w, https:\/\/wp.ufpel.edu.br\/petfisica\/files\/2024\/12\/WhatsApp-Image-2024-11-11-at-14.37.44-3-768x576.jpeg 768w, https:\/\/wp.ufpel.edu.br\/petfisica\/files\/2024\/12\/WhatsApp-Image-2024-11-11-at-14.37.44-3-1536x1152.jpeg 1536w, https:\/\/wp.ufpel.edu.br\/petfisica\/files\/2024\/12\/WhatsApp-Image-2024-11-11-at-14.37.44-3-816x612.jpeg 816w, https:\/\/wp.ufpel.edu.br\/petfisica\/files\/2024\/12\/WhatsApp-Image-2024-11-11-at-14.37.44-3.jpeg 1600w\" sizes=\"auto, (max-width: 400px) 100vw, 400px\" \/><\/a>\n\t\t\t<\/dt><\/dl><br style=\"clear: both\" \/>\n\t\t<\/div>\n\n","protected":false},"excerpt":{"rendered":"<p>Semin\u00e1rios desenvolvidos pelo grupo PET-F\u00edsica em 2024: Joaquim Passos &#8211; &#8220;Mundo Dos Foguetes: Da Constru\u00e7\u00e3o Ao Lan\u00e7amento&#8221;\u00a0 em 07\/03\/2024 Alice Santana &#8211; &#8220;Part\u00edculas elementares e intera\u00e7\u00f5es fundamentais&#8221; em 14\/06\/2024 La\u00edne Soares &#8211; &#8220;Magnetosferas Planet\u00e1rias&#8221; em 28\/06\/2024 \u00c1gata Achterberg &#8211; &#8220;Colis\u00f5es Ultra-Perif\u00e9ricas e M\u00e9todo dos F\u00f3tons Equivalentes&#8221; em 19\/07\/2024 Miguel Lima &#8211; &#8220;Girando com a Ci\u00eancia: [&hellip;]<\/p>\n","protected":false},"author":1246,"featured_media":0,"parent":1400,"menu_order":-1,"comment_status":"closed","ping_status":"closed","template":"","meta":{"footnotes":""},"class_list":["post-2935","page","type-page","status-publish","hentry"],"_links":{"self":[{"href":"https:\/\/wp.ufpel.edu.br\/petfisica\/wp-json\/wp\/v2\/pages\/2935","targetHints":{"allow":["GET"]}}],"collection":[{"href":"https:\/\/wp.ufpel.edu.br\/petfisica\/wp-json\/wp\/v2\/pages"}],"about":[{"href":"https:\/\/wp.ufpel.edu.br\/petfisica\/wp-json\/wp\/v2\/types\/page"}],"author":[{"embeddable":true,"href":"https:\/\/wp.ufpel.edu.br\/petfisica\/wp-json\/wp\/v2\/users\/1246"}],"replies":[{"embeddable":true,"href":"https:\/\/wp.ufpel.edu.br\/petfisica\/wp-json\/wp\/v2\/comments?post=2935"}],"version-history":[{"count":3,"href":"https:\/\/wp.ufpel.edu.br\/petfisica\/wp-json\/wp\/v2\/pages\/2935\/revisions"}],"predecessor-version":[{"id":2944,"href":"https:\/\/wp.ufpel.edu.br\/petfisica\/wp-json\/wp\/v2\/pages\/2935\/revisions\/2944"}],"up":[{"embeddable":true,"href":"https:\/\/wp.ufpel.edu.br\/petfisica\/wp-json\/wp\/v2\/pages\/1400"}],"wp:attachment":[{"href":"https:\/\/wp.ufpel.edu.br\/petfisica\/wp-json\/wp\/v2\/media?parent=2935"}],"curies":[{"name":"wp","href":"https:\/\/api.w.org\/{rel}","templated":true}]}}