{"id":2904,"date":"2024-11-28T13:48:47","date_gmt":"2024-11-28T16:48:47","guid":{"rendered":"https:\/\/wp.ufpel.edu.br\/petfisica\/?page_id=2904"},"modified":"2025-02-27T23:09:35","modified_gmt":"2025-02-28T02:09:35","slug":"v-semana-academica-integrada-da-fisica","status":"publish","type":"page","link":"https:\/\/wp.ufpel.edu.br\/petfisica\/fotos-2\/fotos-do-2024\/v-semana-academica-integrada-da-fisica\/","title":{"rendered":"V Semana Acad\u00eamica Integrada da F\u00edsica"},"content":{"rendered":"<p>Nos dias 12, 13 e 14 de novembro de 2024, aconteceu a <strong>V Semana Acad\u00eamica Integrada da F\u00edsica,\u00a0<\/strong>foi organizada pelo Diret\u00f3rio Acad\u00eamico do Bacharelado em F\u00edsica (DABF), contando com o apoio do <strong>grupo PET-F\u00edsica<\/strong>, da Coordena\u00e7\u00e3o dos cursos de Bacharelado e Licenciatura em F\u00edsica, do Programa de P\u00f3s-gradua\u00e7\u00e3o em F\u00edsica, e dos professores do Instituto.<\/p>\n<p>A programa\u00e7\u00e3o do evento pode ser conferida <a href=\"https:\/\/wp.ufpel.edu.br\/petfisica\/files\/2024\/11\/Programacao_atualizada.pdf\"><strong>aqui.<\/strong><\/a><\/p>\n<p><img loading=\"lazy\" decoding=\"async\" class=\"alignnone size-large wp-image-2907\" src=\"https:\/\/wp.ufpel.edu.br\/petfisica\/files\/2024\/11\/20241112_174754_096-1024x576.jpg\" alt=\"\" width=\"616\" height=\"347\" srcset=\"https:\/\/wp.ufpel.edu.br\/petfisica\/files\/2024\/11\/20241112_174754_096-1024x576.jpg 1024w, https:\/\/wp.ufpel.edu.br\/petfisica\/files\/2024\/11\/20241112_174754_096-400x225.jpg 400w, https:\/\/wp.ufpel.edu.br\/petfisica\/files\/2024\/11\/20241112_174754_096-768x432.jpg 768w, https:\/\/wp.ufpel.edu.br\/petfisica\/files\/2024\/11\/20241112_174754_096-1536x864.jpg 1536w, https:\/\/wp.ufpel.edu.br\/petfisica\/files\/2024\/11\/20241112_174754_096-2048x1152.jpg 2048w, https:\/\/wp.ufpel.edu.br\/petfisica\/files\/2024\/11\/20241112_174754_096-816x459.jpg 816w\" sizes=\"auto, (max-width: 616px) 100vw, 616px\" \/><\/p>\n<p>No evento tamb\u00e9m foi realizada a atividade do grupo, a &#8220;<strong>Competi\u00e7\u00e3o FisiQuiz<\/strong>&#8220;.<img loading=\"lazy\" decoding=\"async\" class=\"alignnone size-large wp-image-3112\" src=\"https:\/\/wp.ufpel.edu.br\/petfisica\/files\/2025\/02\/20241113_142140-1024x485.jpg\" alt=\"\" width=\"616\" height=\"292\" srcset=\"https:\/\/wp.ufpel.edu.br\/petfisica\/files\/2025\/02\/20241113_142140-1024x485.jpg 1024w, https:\/\/wp.ufpel.edu.br\/petfisica\/files\/2025\/02\/20241113_142140-400x190.jpg 400w, https:\/\/wp.ufpel.edu.br\/petfisica\/files\/2025\/02\/20241113_142140-768x364.jpg 768w, https:\/\/wp.ufpel.edu.br\/petfisica\/files\/2025\/02\/20241113_142140-1536x728.jpg 1536w, https:\/\/wp.ufpel.edu.br\/petfisica\/files\/2025\/02\/20241113_142140-2048x971.jpg 2048w, https:\/\/wp.ufpel.edu.br\/petfisica\/files\/2025\/02\/20241113_142140-816x387.jpg 816w\" sizes=\"auto, (max-width: 616px) 100vw, 616px\" \/><\/p>\n","protected":false},"excerpt":{"rendered":"<p>Nos dias 12, 13 e 14 de novembro de 2024, aconteceu a V Semana Acad\u00eamica Integrada da F\u00edsica,\u00a0foi organizada pelo Diret\u00f3rio Acad\u00eamico do Bacharelado em F\u00edsica (DABF), contando com o apoio do grupo PET-F\u00edsica, da Coordena\u00e7\u00e3o dos cursos de Bacharelado e Licenciatura em F\u00edsica, do Programa de P\u00f3s-gradua\u00e7\u00e3o em F\u00edsica, e dos professores do Instituto. [&hellip;]<\/p>\n","protected":false},"author":1246,"featured_media":0,"parent":2755,"menu_order":0,"comment_status":"closed","ping_status":"closed","template":"","meta":{"footnotes":""},"class_list":["post-2904","page","type-page","status-publish","hentry"],"_links":{"self":[{"href":"https:\/\/wp.ufpel.edu.br\/petfisica\/wp-json\/wp\/v2\/pages\/2904","targetHints":{"allow":["GET"]}}],"collection":[{"href":"https:\/\/wp.ufpel.edu.br\/petfisica\/wp-json\/wp\/v2\/pages"}],"about":[{"href":"https:\/\/wp.ufpel.edu.br\/petfisica\/wp-json\/wp\/v2\/types\/page"}],"author":[{"embeddable":true,"href":"https:\/\/wp.ufpel.edu.br\/petfisica\/wp-json\/wp\/v2\/users\/1246"}],"replies":[{"embeddable":true,"href":"https:\/\/wp.ufpel.edu.br\/petfisica\/wp-json\/wp\/v2\/comments?post=2904"}],"version-history":[{"count":4,"href":"https:\/\/wp.ufpel.edu.br\/petfisica\/wp-json\/wp\/v2\/pages\/2904\/revisions"}],"predecessor-version":[{"id":3113,"href":"https:\/\/wp.ufpel.edu.br\/petfisica\/wp-json\/wp\/v2\/pages\/2904\/revisions\/3113"}],"up":[{"embeddable":true,"href":"https:\/\/wp.ufpel.edu.br\/petfisica\/wp-json\/wp\/v2\/pages\/2755"}],"wp:attachment":[{"href":"https:\/\/wp.ufpel.edu.br\/petfisica\/wp-json\/wp\/v2\/media?parent=2904"}],"curies":[{"name":"wp","href":"https:\/\/api.w.org\/{rel}","templated":true}]}}