{"id":2885,"date":"2024-11-14T00:49:15","date_gmt":"2024-11-14T03:49:15","guid":{"rendered":"https:\/\/wp.ufpel.edu.br\/petfisica\/?page_id=2885"},"modified":"2024-11-14T01:01:38","modified_gmt":"2024-11-14T04:01:38","slug":"minicurso-de-escrita-cientifica-latex-2024","status":"publish","type":"page","link":"https:\/\/wp.ufpel.edu.br\/petfisica\/atividades\/minicursos-do-pet\/minicurso-de-escrita-cientifica-latex-2024\/","title":{"rendered":"Minicurso de Escrita Cient\u00edfica \u2013 LaTeX (2024)"},"content":{"rendered":"<p>Minicurso de Latex, edi\u00e7\u00e3o 2024<\/p>\n<p>Nesta p\u00e1gina tornamos dispon\u00edvel o minicurso de Latex apresentado pelo PET-F\u00edsica entre os dias 09 e 13 de setembro de 2024.<\/p>\n<p>Assuntos abordados:<\/p>\n<ul>\n<li>Escrevendo em LaTEX pelo terminal no Windows e Linux.<\/li>\n<li>Configura\u00e7\u00f5es de um arquivo LaTEX.<\/li>\n<li>Mudando o design do texto.<\/li>\n<li>Cria\u00e7\u00e3o de listas, equa\u00e7\u00f5es, tabelas, imagens e gr\u00e1ficos.<\/li>\n<li>Como fazer a bibliografia.<\/li>\n<li>Outros editores: TEXMaker e Overleaf.<\/li>\n<\/ul>\n<p><strong>O material utilizado e as aulas gravadas do minicurso podem ser acessadas <a href=\"https:\/\/mega.nz\/folder\/wyViVKaD#bN171tQt_CDDd9GZwVag6w\">neste link<\/a>!<\/strong><\/p>\n","protected":false},"excerpt":{"rendered":"<p>Minicurso de Latex, edi\u00e7\u00e3o 2024 Nesta p\u00e1gina tornamos dispon\u00edvel o minicurso de Latex apresentado pelo PET-F\u00edsica entre os dias 09 e 13 de setembro de 2024. Assuntos abordados: Escrevendo em LaTEX pelo terminal no Windows e Linux. Configura\u00e7\u00f5es de um arquivo LaTEX. Mudando o design do texto. Cria\u00e7\u00e3o de listas, equa\u00e7\u00f5es, tabelas, imagens e gr\u00e1ficos. [&hellip;]<\/p>\n","protected":false},"author":1246,"featured_media":0,"parent":1393,"menu_order":0,"comment_status":"closed","ping_status":"closed","template":"","meta":{"footnotes":""},"class_list":["post-2885","page","type-page","status-publish","hentry"],"_links":{"self":[{"href":"https:\/\/wp.ufpel.edu.br\/petfisica\/wp-json\/wp\/v2\/pages\/2885","targetHints":{"allow":["GET"]}}],"collection":[{"href":"https:\/\/wp.ufpel.edu.br\/petfisica\/wp-json\/wp\/v2\/pages"}],"about":[{"href":"https:\/\/wp.ufpel.edu.br\/petfisica\/wp-json\/wp\/v2\/types\/page"}],"author":[{"embeddable":true,"href":"https:\/\/wp.ufpel.edu.br\/petfisica\/wp-json\/wp\/v2\/users\/1246"}],"replies":[{"embeddable":true,"href":"https:\/\/wp.ufpel.edu.br\/petfisica\/wp-json\/wp\/v2\/comments?post=2885"}],"version-history":[{"count":4,"href":"https:\/\/wp.ufpel.edu.br\/petfisica\/wp-json\/wp\/v2\/pages\/2885\/revisions"}],"predecessor-version":[{"id":2892,"href":"https:\/\/wp.ufpel.edu.br\/petfisica\/wp-json\/wp\/v2\/pages\/2885\/revisions\/2892"}],"up":[{"embeddable":true,"href":"https:\/\/wp.ufpel.edu.br\/petfisica\/wp-json\/wp\/v2\/pages\/1393"}],"wp:attachment":[{"href":"https:\/\/wp.ufpel.edu.br\/petfisica\/wp-json\/wp\/v2\/media?parent=2885"}],"curies":[{"name":"wp","href":"https:\/\/api.w.org\/{rel}","templated":true}]}}