{"id":2631,"date":"2023-07-17T13:45:01","date_gmt":"2023-07-17T16:45:01","guid":{"rendered":"https:\/\/wp.ufpel.edu.br\/petfisica\/?page_id=2631"},"modified":"2023-08-01T23:20:17","modified_gmt":"2023-08-02T02:20:17","slug":"edital-n-01-2023-1","status":"publish","type":"page","link":"https:\/\/wp.ufpel.edu.br\/petfisica\/selecao-de-bolsistas-2\/edital-n-01-2023-1\/","title":{"rendered":"Edital N\u00b0 01\/2023-1"},"content":{"rendered":"<p>Resultado do processo seletivo\u00a0<strong>Edital 01\/2023-1<\/strong><\/p>\n\n<table id=\"tablepress-3\" class=\"tablepress tablepress-id-3\">\n<thead>\n<tr class=\"row-1\">\n\t<th class=\"column-1\">Candidato<\/th><th class=\"column-2\">Nota<\/th><th class=\"column-3\">Motivo<\/th>\n<\/tr>\n<\/thead>\n<tbody class=\"row-striping row-hover\">\n<tr class=\"row-2\">\n\t<td class=\"column-1\">Rafael Oliveira Alves<\/td><td class=\"column-2\">8,8<\/td><td class=\"column-3\">Aprovado<\/td>\n<\/tr>\n<\/tbody>\n<\/table>\n<!-- #tablepress-3 from cache -->\n<p>O candidato aprovado est\u00e1 habilitado a participar do PET com bolsa.<\/p>\n<p>O aprovado deve manifestar interesse na vaga at\u00e9 o dia <strong>03\/08\/2023<\/strong>\u00a0atrav\u00e9s do e-mail <strong>petfisica2019@gmail.com<\/strong> para dar andamento no processo de ingresso no Programa PET.<\/p>\n<h6>######################<\/h6>\n<p>&nbsp;<\/p>\n<p><strong>Edital 01\/2023-1<\/strong> (homologa\u00e7\u00e3o das inscri\u00e7\u00f5es)<\/p>\n\n<table id=\"tablepress-2\" class=\"tablepress tablepress-id-2\">\n<thead>\n<tr class=\"row-1\">\n\t<th class=\"column-1\">Candidato<\/th><th class=\"column-2\">Status<\/th><th class=\"column-3\">Motivo<\/th>\n<\/tr>\n<\/thead>\n<tbody class=\"row-striping row-hover\">\n<tr class=\"row-2\">\n\t<td class=\"column-1\">Jesus Fagundes paz <\/td><td class=\"column-2\">N\u00e3o Homologado<\/td><td class=\"column-3\">Coeficiente de rendimento escolar em desacordo com o MOB - PET.<\/td>\n<\/tr>\n<tr class=\"row-3\">\n\t<td class=\"column-1\">Rafael Oliveira Alves<\/td><td class=\"column-2\">Homologado<\/td><td class=\"column-3\">--<\/td>\n<\/tr>\n<\/tbody>\n<\/table>\n<!-- #tablepress-2 from cache -->\n<p>&nbsp;<\/p>\n<p>O processo seletivo, conforme definido no <strong>Edital 01\/2023-1<\/strong> , ocorrer\u00e1 na sala 101 do pr\u00e9dio 16 do IFM da UFPel, no dia 01 de agosto no hor\u00e1rio conforme o cronograma a seguir:<\/p>\n<div id=\"c85\" class=\"rPU8He\" data-chart=\"1744940455\" data-fieldid=\"678960767\">\n<div class=\"PlcjTc\">\n<div class=\"NC79P\">Rafael Oliveira Alves &#8211; dia 01\/08 \u00e0s 13:00 horas.<\/div>\n<div><\/div>\n<div><\/div>\n<div>&#8211;<\/div>\n<\/div>\n<\/div>\n<div id=\"c85\" class=\"rPU8He\" data-chart=\"1744940455\" data-fieldid=\"678960767\">\n<div class=\"PlcjTc\">\n<div class=\"NC79P\"><span style=\"color: #ff0000;\">OBS<\/span>: O n\u00e3o comparecimento na hora marcada, implicar\u00e1 na desclassifica\u00e7\u00e3o do candidato<\/div>\n<\/div>\n<\/div>\n<h6><\/h6>\n<h6>######################<\/h6>\n<p>&nbsp;<\/p>\n<p>&nbsp;<\/p>\n<p><strong>O Grupo PET-F\u00edsica torna p\u00fablico o edital para a sele\u00e7\u00e3o de novos petianos 2023-1\u00a0 (2 vagas)<\/strong><\/p>\n<p align=\"justify\">Edital para o preenchimento de <strong>02 (duas<\/strong><b>)\u00a0<\/b>vagas, das quais\u00a0<strong>01<\/strong><b> (uma<\/b><b>) na qualidade de bolsista<\/b> (remunera\u00e7\u00e3o de R$ 700,00) e <strong>01<\/strong><b>\u00a0(uma<\/b><b>) na qualidade\u00a0<\/b><strong>de n\u00e3o bolsista<\/strong>.<b>\u00a0<\/b>Poder\u00e3o participar do processo acad\u00eamicos dos cursos de\u00a0<u>Licenciatura em F\u00edsica\u00a0<\/u><u>e<\/u><u>\u00a0Bacharelado em F\u00edsica,<\/u>\u00a0devidamente matriculados.<\/p>\n<p align=\"justify\">O per\u00edodo de inscri\u00e7\u00e3o \u00e9 <strong>a partir das 08:00 horas do dia 18 de julho de 2023\u00a0 at\u00e9 \u00e0s 23:59 horas do dia 25 de julho de 2023, atrav\u00e9s do site do PET-F\u00edsica, <a href=\"https:\/\/wp.ufpel.edu.br\/petfisica\/\">wp.ufpel.edu.br\/petfisica<\/a> na aba &#8220;sele\u00e7\u00e3o de bolsistas&#8221;.<\/strong><\/p>\n<p align=\"justify\">A\u00a0<strong>Ficha de inscri\u00e7\u00e3o<\/strong> deve ser preenchida no Google docs (<a href=\"https:\/\/forms.gle\/GEpjxbFjRZycPrQ46\">Ficha de Inscri\u00e7\u00e3o<\/a>).<\/p>\n<p align=\"justify\">Para mais informa\u00e7\u00f5es, consultar o\u00a0<strong>edital completo<\/strong>. (<a href=\"https:\/\/wp.ufpel.edu.br\/petfisica\/files\/2023\/07\/PET_Fisica-edital_selecao2023-1.pdf\">Edital-2023-1<\/a>)<\/p>\n","protected":false},"excerpt":{"rendered":"<p>Resultado do processo seletivo\u00a0Edital 01\/2023-1 O candidato aprovado est\u00e1 habilitado a participar do PET com bolsa. O aprovado deve manifestar interesse na vaga at\u00e9 o dia 03\/08\/2023\u00a0atrav\u00e9s do e-mail petfisica2019@gmail.com para dar andamento no processo de ingresso no Programa PET. ###################### &nbsp; Edital 01\/2023-1 (homologa\u00e7\u00e3o das inscri\u00e7\u00f5es) &nbsp; O processo seletivo, conforme definido no Edital [&hellip;]<\/p>\n","protected":false},"author":1246,"featured_media":1462,"parent":1087,"menu_order":-2,"comment_status":"closed","ping_status":"closed","template":"","meta":{"footnotes":""},"class_list":["post-2631","page","type-page","status-publish","has-post-thumbnail","hentry"],"_links":{"self":[{"href":"https:\/\/wp.ufpel.edu.br\/petfisica\/wp-json\/wp\/v2\/pages\/2631","targetHints":{"allow":["GET"]}}],"collection":[{"href":"https:\/\/wp.ufpel.edu.br\/petfisica\/wp-json\/wp\/v2\/pages"}],"about":[{"href":"https:\/\/wp.ufpel.edu.br\/petfisica\/wp-json\/wp\/v2\/types\/page"}],"author":[{"embeddable":true,"href":"https:\/\/wp.ufpel.edu.br\/petfisica\/wp-json\/wp\/v2\/users\/1246"}],"replies":[{"embeddable":true,"href":"https:\/\/wp.ufpel.edu.br\/petfisica\/wp-json\/wp\/v2\/comments?post=2631"}],"version-history":[{"count":7,"href":"https:\/\/wp.ufpel.edu.br\/petfisica\/wp-json\/wp\/v2\/pages\/2631\/revisions"}],"predecessor-version":[{"id":2659,"href":"https:\/\/wp.ufpel.edu.br\/petfisica\/wp-json\/wp\/v2\/pages\/2631\/revisions\/2659"}],"up":[{"embeddable":true,"href":"https:\/\/wp.ufpel.edu.br\/petfisica\/wp-json\/wp\/v2\/pages\/1087"}],"wp:featuredmedia":[{"embeddable":true,"href":"https:\/\/wp.ufpel.edu.br\/petfisica\/wp-json\/wp\/v2\/media\/1462"}],"wp:attachment":[{"href":"https:\/\/wp.ufpel.edu.br\/petfisica\/wp-json\/wp\/v2\/media?parent=2631"}],"curies":[{"name":"wp","href":"https:\/\/api.w.org\/{rel}","templated":true}]}}