{"id":2372,"date":"2022-08-17T13:12:16","date_gmt":"2022-08-17T16:12:16","guid":{"rendered":"https:\/\/wp.ufpel.edu.br\/petfisica\/?page_id=2372"},"modified":"2022-09-02T14:22:00","modified_gmt":"2022-09-02T17:22:00","slug":"edital-n-02-2022-2","status":"publish","type":"page","link":"https:\/\/wp.ufpel.edu.br\/petfisica\/selecao-de-bolsistas-2\/edital-n-02-2022-2\/","title":{"rendered":"Edital N\u00b0 02\/2022-2"},"content":{"rendered":"<p>Resultado do processo seletivo <strong>Edital 02\/2022-2<\/strong><\/p>\n<p>Abaixo a rela\u00e7\u00e3o dos candidatos em ordem de classifica\u00e7\u00e3o:<\/p>\n<p><img loading=\"lazy\" decoding=\"async\" class=\"alignnone size-medium wp-image-2411\" src=\"https:\/\/wp.ufpel.edu.br\/petfisica\/files\/2022\/09\/sitepet-400x241.png\" alt=\"\" width=\"400\" height=\"241\" srcset=\"https:\/\/wp.ufpel.edu.br\/petfisica\/files\/2022\/09\/sitepet-400x241.png 400w, https:\/\/wp.ufpel.edu.br\/petfisica\/files\/2022\/09\/sitepet.png 460w\" sizes=\"auto, (max-width: 400px) 100vw, 400px\" \/><\/p>\n<p>Os aprovados devem manifestar interesse na vaga at\u00e9 o dia <strong>05\/09\/2022<\/strong> atrav\u00e9s do e-mail <strong>petfisica2019@gmail.com <\/strong>, al\u00e9m de comparecer na sala do grupo PET-F\u00edsica\u00a0 ter\u00e7a-feira dia <strong>06\/09\/2022<\/strong> \u00e0s 13:00 horas para a reuni\u00e3o administrativa.<\/p>\n<p>OBS.: Caso haja desist\u00eancia de algum aprovado desta sele\u00e7\u00e3o at\u00e9 ter\u00e7a-feira, a vaga ser\u00e1 para quem est\u00e1 com prioridade na lista de espera.<\/p>\n<p><strong>###############################<\/strong><\/p>\n<p>&nbsp;<\/p>\n<p><strong>Edital 02\/2022-2<\/strong> (homologa\u00e7\u00e3o das inscri\u00e7\u00f5es)<\/p>\n\n<table id=\"tablepress-1\" class=\"tablepress tablepress-id-1\">\n<thead>\n<tr class=\"row-1\">\n\t<th class=\"column-1\">Candidato<\/th><th class=\"column-2\">Status<\/th><th class=\"column-3\">Motivo<\/th>\n<\/tr>\n<\/thead>\n<tbody class=\"row-striping row-hover\">\n<tr class=\"row-2\">\n\t<td class=\"column-1\">Rennan Pereira de Souza<\/td><td class=\"column-2\">Homologado<\/td><td class=\"column-3\">--<\/td>\n<\/tr>\n<tr class=\"row-3\">\n\t<td class=\"column-1\">Carolina Garcia Cardoso<\/td><td class=\"column-2\">Homologado<\/td><td class=\"column-3\">--<\/td>\n<\/tr>\n<tr class=\"row-4\">\n\t<td class=\"column-1\">Eduardo Ferreira da Silva<\/td><td class=\"column-2\">Homologado<\/td><td class=\"column-3\">--<\/td>\n<\/tr>\n<tr class=\"row-5\">\n\t<td class=\"column-1\">Kaiury Matias Pereira<\/td><td class=\"column-2\">N\u00e3o Homologado<\/td><td class=\"column-3\">Proposta de atividade em desacordo com o edital de sele\u00e7\u00e3o.<\/td>\n<\/tr>\n<tr class=\"row-6\">\n\t<td class=\"column-1\">Joaquim Modesto dos Passos<\/td><td class=\"column-2\">Homologado<\/td><td class=\"column-3\">--<\/td>\n<\/tr>\n<tr class=\"row-7\">\n\t<td class=\"column-1\">Alice H\u00f6rbe Santana<\/td><td class=\"column-2\">Homologado<\/td><td class=\"column-3\">--<\/td>\n<\/tr>\n<tr class=\"row-8\">\n\t<td class=\"column-1\">Leonardo Paiva Contreras<\/td><td class=\"column-2\">Homologado<\/td><td class=\"column-3\">--<\/td>\n<\/tr>\n<tr class=\"row-9\">\n\t<td class=\"column-1\">Vin\u00edcius Ferrucci Taveiros<\/td><td class=\"column-2\">Homologado<\/td><td class=\"column-3\">--<\/td>\n<\/tr>\n<tr class=\"row-10\">\n\t<td class=\"column-1\">Henrique da Silva Antunes<\/td><td class=\"column-2\">Homologado<\/td><td class=\"column-3\">--<\/td>\n<\/tr>\n<tr class=\"row-11\">\n\t<td class=\"column-1\">Thais Porto dos Santos<\/td><td class=\"column-2\">N\u00e3o Homologado<\/td><td class=\"column-3\">Coeficiente de rendimento escolar em desacordo com o MOB - PET.<\/td>\n<\/tr>\n<tr class=\"row-12\">\n\t<td class=\"column-1\">Maruan Silva dos Santos<\/td><td class=\"column-2\">Homologado<\/td><td class=\"column-3\">--<\/td>\n<\/tr>\n<tr class=\"row-13\">\n\t<td class=\"column-1\">Jonathan RIbeiro Avila<\/td><td class=\"column-2\">Homologado<\/td><td class=\"column-3\">--<\/td>\n<\/tr>\n<tr class=\"row-14\">\n\t<td class=\"column-1\">Andrew Santos Correia<\/td><td class=\"column-2\">Homologado<\/td><td class=\"column-3\">--<\/td>\n<\/tr>\n<tr class=\"row-15\">\n\t<td class=\"column-1\">Suziane Amaral Mattoso<\/td><td class=\"column-2\">Homologado<\/td><td class=\"column-3\">--<\/td>\n<\/tr>\n<\/tbody>\n<\/table>\n\n<p>&nbsp;<\/p>\n<p>O processo seletivo, conforme definido no <strong>Edital 02\/2022-2<\/strong> , ocorrer\u00e1 na sala 101 do pr\u00e9dio 16 do IFM da UFPel nos dias 30 de agosto e 01 de setembro nos hor\u00e1rios conforme o cronograma a seguir:<\/p>\n<div id=\"c85\" class=\"rPU8He\" data-chart=\"1744940455\" data-fieldid=\"678960767\">\n<div class=\"PlcjTc\">\n<div class=\"NC79P\">Rennan Pereira de Souza &#8211; dia 30\/08 \u00e0s 14:00 horas<\/div>\n<div class=\"NC79P\">Carolina Garcia Cardoso &#8211; dia 30\/08 \u00e0s 14:30 horas<\/div>\n<div class=\"NC79P\">Eduardo Ferreira da Silva &#8211; dia 30\/08 \u00e0s 15:00 horas<\/div>\n<div class=\"NC79P\">Joaquim Modesto dos Passos &#8211; dia 30\/08 \u00e0s 15:30 horas<\/div>\n<div><\/div>\n<div>&#8211;<\/div>\n<div><\/div>\n<div>Alice H\u00f6rbe Santana &#8211; dia 01\/09 \u00e0s 08:30 horas<\/div>\n<div class=\"NC79P\">Leonardo Paiva Contreras &#8211; dia 01\/09 \u00e0s 09:00 horas<\/div>\n<div class=\"NC79P\">Vin\u00edcius Ferrucci Taveiros &#8211; dia 01\/09 \u00e0s 09:30 horas<\/div>\n<div class=\"NC79P\">Henrique da Silva Antunes &#8211; dia 01\/09 \u00e0s 10:00 horas<\/div>\n<div class=\"NC79P\">Maruan Silva dos Santos &#8211; dia 01\/09 \u00e0s 10:30 horas<\/div>\n<div class=\"NC79P\">Jonathan RIbeiro Avila &#8211; dia 01\/09 \u00e0s 11:00 horas<\/div>\n<div class=\"NC79P\">Andrew Santos Correia &#8211; dia 01\/09 \u00e0s 11:30 horas<\/div>\n<div class=\"NC79P\">Suziane Amaral Mattoso &#8211; dia 01\/09 \u00e0s 12:00 horas<\/div>\n<div><\/div>\n<\/div>\n<\/div>\n<p>&nbsp;<\/p>\n<p>OBS: O n\u00e3o comparecimento na hora marcada, implicar\u00e1 na desclassifica\u00e7\u00e3o do candidato<\/p>\n<h6><\/h6>\n<h6>######################<\/h6>\n<p>&nbsp;<\/p>\n<p><strong>O Grupo PET-F\u00edsica torna p\u00fablico o edital para a sele\u00e7\u00e3o de novos petianos 2022-2\u00a0 (8 vagas)<\/strong><\/p>\n<p align=\"justify\">Edital para o preenchimento de <strong>08 (<\/strong><b>oito<\/b><b>)\u00a0<\/b>vagas, das quais\u00a0<strong>06<\/strong><b> (seis<\/b><b>) na qualidade de bolsista<\/b>\u00a0(provimentos de R$ 400,00) e\u00a0<strong>02<\/strong><b>\u00a0(<\/b><b>duas<\/b><b>) na qualidade\u00a0<\/b><strong>de n\u00e3o bolsistas<\/strong>.<b>\u00a0<\/b>Poder\u00e3o participar do processo acad\u00eamicos dos cursos de\u00a0<u>Licenciatura em F\u00edsica\u00a0<\/u><u>e<\/u><u>\u00a0Bacharelado em F\u00edsica,<\/u>\u00a0devidamente matriculados.<\/p>\n<p align=\"justify\">O per\u00edodo de inscri\u00e7\u00e3o \u00e9 de<strong> 18 de agosto de 2022 \u00e0 25 de agosto de 2022 at\u00e9 \u00e0s 23:59 horas, atrav\u00e9s do site do pet-f\u00edsica, <a href=\"https:\/\/wp.ufpel.edu.br\/petfisica\/\">wp.ufpel.edu.br\/petfisica<\/a>\u00a0na aba sele\u00e7\u00e3o de bolsistas.<\/strong><\/p>\n<p align=\"justify\">A\u00a0<strong>Ficha de inscri\u00e7\u00e3o<\/strong>\u00a0deve ser preenchida no google docs (<a href=\"https:\/\/forms.gle\/72HkKxukiFdgczG2A\">Ficha de Inscri\u00e7\u00e3o<\/a>).<\/p>\n<p align=\"justify\">Para mais informa\u00e7\u00f5es, consultar o\u00a0<strong>edital completo<\/strong>. (<a href=\"https:\/\/wp.ufpel.edu.br\/petfisica\/files\/2022\/08\/PET_Fisica-edital_selecao2022-2.pdf\">Edital-2022-2<\/a>)<\/p>\n","protected":false},"excerpt":{"rendered":"<p>Resultado do processo seletivo Edital 02\/2022-2 Abaixo a rela\u00e7\u00e3o dos candidatos em ordem de classifica\u00e7\u00e3o: Os aprovados devem manifestar interesse na vaga at\u00e9 o dia 05\/09\/2022 atrav\u00e9s do e-mail petfisica2019@gmail.com , al\u00e9m de comparecer na sala do grupo PET-F\u00edsica\u00a0 ter\u00e7a-feira dia 06\/09\/2022 \u00e0s 13:00 horas para a reuni\u00e3o administrativa. OBS.: Caso haja desist\u00eancia de algum [&hellip;]<\/p>\n","protected":false},"author":1246,"featured_media":1462,"parent":1087,"menu_order":-1,"comment_status":"closed","ping_status":"closed","template":"","meta":{"footnotes":""},"class_list":["post-2372","page","type-page","status-publish","has-post-thumbnail","hentry"],"_links":{"self":[{"href":"https:\/\/wp.ufpel.edu.br\/petfisica\/wp-json\/wp\/v2\/pages\/2372","targetHints":{"allow":["GET"]}}],"collection":[{"href":"https:\/\/wp.ufpel.edu.br\/petfisica\/wp-json\/wp\/v2\/pages"}],"about":[{"href":"https:\/\/wp.ufpel.edu.br\/petfisica\/wp-json\/wp\/v2\/types\/page"}],"author":[{"embeddable":true,"href":"https:\/\/wp.ufpel.edu.br\/petfisica\/wp-json\/wp\/v2\/users\/1246"}],"replies":[{"embeddable":true,"href":"https:\/\/wp.ufpel.edu.br\/petfisica\/wp-json\/wp\/v2\/comments?post=2372"}],"version-history":[{"count":7,"href":"https:\/\/wp.ufpel.edu.br\/petfisica\/wp-json\/wp\/v2\/pages\/2372\/revisions"}],"predecessor-version":[{"id":2413,"href":"https:\/\/wp.ufpel.edu.br\/petfisica\/wp-json\/wp\/v2\/pages\/2372\/revisions\/2413"}],"up":[{"embeddable":true,"href":"https:\/\/wp.ufpel.edu.br\/petfisica\/wp-json\/wp\/v2\/pages\/1087"}],"wp:featuredmedia":[{"embeddable":true,"href":"https:\/\/wp.ufpel.edu.br\/petfisica\/wp-json\/wp\/v2\/media\/1462"}],"wp:attachment":[{"href":"https:\/\/wp.ufpel.edu.br\/petfisica\/wp-json\/wp\/v2\/media?parent=2372"}],"curies":[{"name":"wp","href":"https:\/\/api.w.org\/{rel}","templated":true}]}}