{"id":2345,"date":"2022-03-28T08:47:41","date_gmt":"2022-03-28T11:47:41","guid":{"rendered":"https:\/\/wp.ufpel.edu.br\/petfisica\/?page_id=2345"},"modified":"2022-04-08T21:49:36","modified_gmt":"2022-04-09T00:49:36","slug":"edital-n-01-2022-1","status":"publish","type":"page","link":"https:\/\/wp.ufpel.edu.br\/petfisica\/selecao-de-bolsistas-2\/edital-n-01-2022-1\/","title":{"rendered":"Edital N\u00b0 01\/2022-1"},"content":{"rendered":"<p>Resultado do processo seletivo <strong>Edital 2022-01<\/strong><\/p>\n<table border=\"1\">\n<tbody>\n<tr>\n<td style=\"width: 241px; text-align: center;\"><strong>Candidato<\/strong><\/td>\n<td style=\"width: 139px; text-align: center;\"><strong>Nota<\/strong><\/td>\n<td style=\"width: 235px; text-align: center;\"><strong>Motivo<\/strong><\/td>\n<\/tr>\n<tr>\n<td style=\"width: 241px; text-align: center;\">Isis Ara\u00fajo<\/td>\n<td style=\"width: 139px; text-align: center;\">8,4<\/td>\n<td style=\"width: 235px; text-align: center;\">Aprovado<\/td>\n<\/tr>\n<tr>\n<td style=\"width: 241px; text-align: center;\">Rafael Alves<\/td>\n<td style=\"width: 139px; text-align: center;\">0,0<\/td>\n<td style=\"width: 235px; text-align: center;\">Reprovado<\/td>\n<\/tr>\n<\/tbody>\n<\/table>\n<p>Os candidatos aprovados est\u00e3o habilitados a participar do PET com bolsa.<\/p>\n<p>Os aprovados devem manifestar interesse na vaga at\u00e9 o dia <strong>11\/04\/2022<\/strong>\u00a0atrav\u00e9s do email petfisica@ufpel.edu.br para dar andamento no processo de ingresso no Programa PET.<\/p>\n<h6><strong>################<\/strong><\/h6>\n<p><strong>Edital 2022-1<\/strong> (homologa\u00e7\u00e3o das inscri\u00e7\u00f5es)<\/p>\n<table border=\"1\">\n<tbody>\n<tr>\n<td><strong>Candidato<\/strong><\/td>\n<td><strong>Status<\/strong><\/td>\n<td><strong>Motivo<\/strong><\/td>\n<\/tr>\n<tr>\n<td>Isis Alves Ara\u00fajo<\/td>\n<td>homologado<\/td>\n<td>&#8212;<\/td>\n<\/tr>\n<tr>\n<td>Rafael Oliveira Alves<\/td>\n<td>homologado<\/td>\n<td>&#8212;<\/td>\n<\/tr>\n<\/tbody>\n<\/table>\n<p>O processo seletivo, conforme definido no <strong>Edital 2022-1<\/strong> , ocorrer\u00e1 no dia 07 de abril em local e hor\u00e1rios conforme o cronograma a seguir:<\/p>\n<p>Isis Alves Ara\u00fajo &#8211; dia 07\/04 \u00e0s 18:00 horas na sala virtual (<a href=\"https:\/\/webconf.ufpel.edu.br\/b\/fer-x33-mxv\">https:\/\/webconf.ufpel.edu.br\/b\/fer-x33-mxv<\/a>)<\/p>\n<p>Rafael Oliveira Alves &#8211; dia 07\/04 \u00e0s 18:30 horas na sala virtual (<a href=\"https:\/\/webconf.ufpel.edu.br\/b\/fer-x33-mxv\">https:\/\/webconf.ufpel.edu.br\/b\/fer-x33-mxv<\/a>)<\/p>\n<p>OBS: O n\u00e3o comparecimento na hora marcada, implicar\u00e1 na desclassifica\u00e7\u00e3o do candidato<\/p>\n<h6><\/h6>\n<h6>######################<\/h6>\n<p><strong>O Grupo PET-F\u00edsica torna p\u00fablico o edital para a sele\u00e7\u00e3o de novos petianos 2022-1\u00a0 (seis vagas)<\/strong><\/p>\n<p align=\"justify\">Edital para o preenchimento de 6<b>\u00a0<\/b><b>(<\/b><b>seis<\/b><b>)\u00a0<\/b>vagas, das quais\u00a0<strong>04<\/strong><b>\u00a0(<\/b><b>quatro<\/b><b>) na qualidade de bolsista<\/b>\u00a0(provimentos de R$ 400,00) e\u00a0<strong>02<\/strong><b>\u00a0(<\/b><b>duas<\/b><b>) na qualidade\u00a0<\/b><strong>de n\u00e3o bolsistas<\/strong>.<b>\u00a0<\/b>Poder\u00e3o participar do processo acad\u00eamicos dos cursos de\u00a0<u>Licenciatura em F\u00edsica\u00a0<\/u><u>e<\/u><u>\u00a0Bacharelado em F\u00edsica,<\/u>\u00a0devidamente matriculados.<\/p>\n<p align=\"justify\">O per\u00edodo de inscri\u00e7\u00e3o \u00e9 de<strong> 28 de mar\u00e7o de 2022 \u00e0 01 de abril de 2022 at\u00e9 \u00e0s 23:59 horas, atrav\u00e9s do site do pet-f\u00edsica, <a href=\"https:\/\/wp.ufpel.edu.br\/petfisica\/\">wp.ufpel.edu.br\/petfisica<\/a>\u00a0na aba sele\u00e7\u00e3o de bolsistas.<\/strong><\/p>\n<p align=\"justify\"><strong>A documenta\u00e7\u00e3o<\/strong>\u00a0dever\u00e1 ser encaminhada em formato digital, em um\u00a0<strong>\u00fanico arquivo<\/strong>\u00a0pdf ou jpg para o e-mail\u00a0<strong>petfisica@ufpel.edu.br<\/strong>, e n\u00e3o deve ultrapassar o total de\u00a0<strong>3MB<\/strong>. No campo assunto: deve constar\u00a0<strong>Sele\u00e7\u00e3o PET 01\/2022<\/strong>\u00a0com o\u00a0<strong>nome completo do candidato no corpo da mensagem<\/strong>, al\u00e9m dos documentos.<\/p>\n<p align=\"justify\">A\u00a0<strong>Ficha de inscri\u00e7\u00e3o<\/strong>\u00a0deve ser preenchida no google docs (<a href=\"https:\/\/forms.gle\/DnKsTpJe3Z4vESLSA\">Ficha de Inscri\u00e7\u00e3o<\/a>), com a\u00a0<strong>documenta\u00e7\u00e3o encaminhada por e-mail<\/strong>, conforme item 1 do edital abaixo.<\/p>\n<p align=\"justify\">Para mais informa\u00e7\u00f5es, consultar o\u00a0<strong>edital completo<\/strong>. (<a href=\"https:\/\/wp.ufpel.edu.br\/petfisica\/files\/2022\/03\/Fisica-edital_selecao-2022-1.pdf\">Edital-2022-1<\/a>)<\/p>\n","protected":false},"excerpt":{"rendered":"<p>Resultado do processo seletivo Edital 2022-01 Candidato Nota Motivo Isis Ara\u00fajo 8,4 Aprovado Rafael Alves 0,0 Reprovado Os candidatos aprovados est\u00e3o habilitados a participar do PET com bolsa. Os aprovados devem manifestar interesse na vaga at\u00e9 o dia 11\/04\/2022\u00a0atrav\u00e9s do email petfisica@ufpel.edu.br para dar andamento no processo de ingresso no Programa PET. ################ Edital 2022-1 [&hellip;]<\/p>\n","protected":false},"author":684,"featured_media":1462,"parent":1087,"menu_order":0,"comment_status":"closed","ping_status":"closed","template":"","meta":{"footnotes":""},"class_list":["post-2345","page","type-page","status-publish","has-post-thumbnail","hentry"],"_links":{"self":[{"href":"https:\/\/wp.ufpel.edu.br\/petfisica\/wp-json\/wp\/v2\/pages\/2345","targetHints":{"allow":["GET"]}}],"collection":[{"href":"https:\/\/wp.ufpel.edu.br\/petfisica\/wp-json\/wp\/v2\/pages"}],"about":[{"href":"https:\/\/wp.ufpel.edu.br\/petfisica\/wp-json\/wp\/v2\/types\/page"}],"author":[{"embeddable":true,"href":"https:\/\/wp.ufpel.edu.br\/petfisica\/wp-json\/wp\/v2\/users\/684"}],"replies":[{"embeddable":true,"href":"https:\/\/wp.ufpel.edu.br\/petfisica\/wp-json\/wp\/v2\/comments?post=2345"}],"version-history":[{"count":6,"href":"https:\/\/wp.ufpel.edu.br\/petfisica\/wp-json\/wp\/v2\/pages\/2345\/revisions"}],"predecessor-version":[{"id":2360,"href":"https:\/\/wp.ufpel.edu.br\/petfisica\/wp-json\/wp\/v2\/pages\/2345\/revisions\/2360"}],"up":[{"embeddable":true,"href":"https:\/\/wp.ufpel.edu.br\/petfisica\/wp-json\/wp\/v2\/pages\/1087"}],"wp:featuredmedia":[{"embeddable":true,"href":"https:\/\/wp.ufpel.edu.br\/petfisica\/wp-json\/wp\/v2\/media\/1462"}],"wp:attachment":[{"href":"https:\/\/wp.ufpel.edu.br\/petfisica\/wp-json\/wp\/v2\/media?parent=2345"}],"curies":[{"name":"wp","href":"https:\/\/api.w.org\/{rel}","templated":true}]}}