{"id":2184,"date":"2021-07-21T14:39:25","date_gmt":"2021-07-21T17:39:25","guid":{"rendered":"https:\/\/wp.ufpel.edu.br\/petfisica\/?page_id=2184"},"modified":"2021-07-21T15:14:40","modified_gmt":"2021-07-21T18:14:40","slug":"levitacao-magnetica","status":"publish","type":"page","link":"https:\/\/wp.ufpel.edu.br\/petfisica\/atividades\/seminarios-do-pet\/levitacao-magnetica\/","title":{"rendered":"Levita\u00e7\u00e3o Magn\u00e9tica"},"content":{"rendered":"<div id=\"attachment_2185\" style=\"width: 1208px\" class=\"wp-caption alignnone\"><img loading=\"lazy\" decoding=\"async\" aria-describedby=\"caption-attachment-2185\" class=\"size-full wp-image-2185\" src=\"https:\/\/wp.ufpel.edu.br\/petfisica\/files\/2021\/07\/levitacao_capa.png\" alt=\"\" width=\"1198\" height=\"670\" srcset=\"https:\/\/wp.ufpel.edu.br\/petfisica\/files\/2021\/07\/levitacao_capa.png 1198w, https:\/\/wp.ufpel.edu.br\/petfisica\/files\/2021\/07\/levitacao_capa-400x224.png 400w, https:\/\/wp.ufpel.edu.br\/petfisica\/files\/2021\/07\/levitacao_capa-1024x573.png 1024w, https:\/\/wp.ufpel.edu.br\/petfisica\/files\/2021\/07\/levitacao_capa-768x430.png 768w, https:\/\/wp.ufpel.edu.br\/petfisica\/files\/2021\/07\/levitacao_capa-816x456.png 816w\" sizes=\"auto, (max-width: 1198px) 100vw, 1198px\" \/><p id=\"caption-attachment-2185\" class=\"wp-caption-text\">Semin\u00e1rio sobre o assunto &#8220;Levita\u00e7\u00e3o Magn\u00e9tica&#8221;.<\/p><\/div>\n<p>Implementando um novo formato para a atividade semin\u00e1rios internos,\u00a0 na quinta-feira 10\/06\/21 foi apresentado pelo petiano Rennan Pereira de Souza o semin\u00e1rio \u201cLevital\u00e7ao Magn\u00e9tica\u201d.<br \/>\nO semin\u00e1rio trata sobre o experimento da levita\u00e7\u00e3o de um anel met\u00e1lico,\u00a0 como se da sua intera\u00e7\u00e3o magn\u00e9tica, sobre as defasagens, entre outros aspectos.<\/p>\n<p>Slides dispon\u00edveis no link a seguir: <a href=\"https:\/\/wp.ufpel.edu.br\/petfisica\/files\/2021\/07\/Levitacao-magnetica.pdf\">Levita\u00e7\u00e3o Magn\u00e9tica<\/a>.<\/p>\n<p>Essa atividade do PET-F\u00edsica, assim como as outras promovidas nesse per\u00edodo, \u00e9 elaborado com o objetivo de promover atividades acad\u00eamicas no per\u00edodo de distanciamento social. Neste semin\u00e1rio, os conceitos ser\u00e3o abordados de maneira simplificada e em linguagem acess\u00edvel visando o entendimento dos participantes da atividade.<\/p>\n","protected":false},"excerpt":{"rendered":"<p>Implementando um novo formato para a atividade semin\u00e1rios internos,\u00a0 na quinta-feira 10\/06\/21 foi apresentado pelo petiano Rennan Pereira de Souza o semin\u00e1rio \u201cLevital\u00e7ao Magn\u00e9tica\u201d. O semin\u00e1rio trata sobre o experimento da levita\u00e7\u00e3o de um anel met\u00e1lico,\u00a0 como se da sua intera\u00e7\u00e3o magn\u00e9tica, sobre as defasagens, entre outros aspectos. Slides dispon\u00edveis no link a seguir: Levita\u00e7\u00e3o [&hellip;]<\/p>\n","protected":false},"author":684,"featured_media":0,"parent":1400,"menu_order":0,"comment_status":"closed","ping_status":"closed","template":"","meta":{"footnotes":""},"class_list":["post-2184","page","type-page","status-publish","hentry"],"_links":{"self":[{"href":"https:\/\/wp.ufpel.edu.br\/petfisica\/wp-json\/wp\/v2\/pages\/2184","targetHints":{"allow":["GET"]}}],"collection":[{"href":"https:\/\/wp.ufpel.edu.br\/petfisica\/wp-json\/wp\/v2\/pages"}],"about":[{"href":"https:\/\/wp.ufpel.edu.br\/petfisica\/wp-json\/wp\/v2\/types\/page"}],"author":[{"embeddable":true,"href":"https:\/\/wp.ufpel.edu.br\/petfisica\/wp-json\/wp\/v2\/users\/684"}],"replies":[{"embeddable":true,"href":"https:\/\/wp.ufpel.edu.br\/petfisica\/wp-json\/wp\/v2\/comments?post=2184"}],"version-history":[{"count":4,"href":"https:\/\/wp.ufpel.edu.br\/petfisica\/wp-json\/wp\/v2\/pages\/2184\/revisions"}],"predecessor-version":[{"id":2200,"href":"https:\/\/wp.ufpel.edu.br\/petfisica\/wp-json\/wp\/v2\/pages\/2184\/revisions\/2200"}],"up":[{"embeddable":true,"href":"https:\/\/wp.ufpel.edu.br\/petfisica\/wp-json\/wp\/v2\/pages\/1400"}],"wp:attachment":[{"href":"https:\/\/wp.ufpel.edu.br\/petfisica\/wp-json\/wp\/v2\/media?parent=2184"}],"curies":[{"name":"wp","href":"https:\/\/api.w.org\/{rel}","templated":true}]}}