{"id":2177,"date":"2021-07-21T13:04:00","date_gmt":"2021-07-21T16:04:00","guid":{"rendered":"https:\/\/wp.ufpel.edu.br\/petfisica\/?page_id=2177"},"modified":"2021-07-21T14:43:59","modified_gmt":"2021-07-21T17:43:59","slug":"nebulosas-breve-resumo","status":"publish","type":"page","link":"https:\/\/wp.ufpel.edu.br\/petfisica\/atividades\/seminarios-do-pet\/seminarios-2020\/nebulosas-breve-resumo\/","title":{"rendered":"Nebulosas: Breve resumo"},"content":{"rendered":"<div id=\"attachment_2178\" style=\"width: 970px\" class=\"wp-caption alignnone\"><img loading=\"lazy\" decoding=\"async\" aria-describedby=\"caption-attachment-2178\" class=\"size-full wp-image-2178\" src=\"https:\/\/wp.ufpel.edu.br\/petfisica\/files\/2021\/07\/Nebulosas_capa.jpg\" alt=\"\" width=\"960\" height=\"540\" srcset=\"https:\/\/wp.ufpel.edu.br\/petfisica\/files\/2021\/07\/Nebulosas_capa.jpg 960w, https:\/\/wp.ufpel.edu.br\/petfisica\/files\/2021\/07\/Nebulosas_capa-400x225.jpg 400w, https:\/\/wp.ufpel.edu.br\/petfisica\/files\/2021\/07\/Nebulosas_capa-768x432.jpg 768w, https:\/\/wp.ufpel.edu.br\/petfisica\/files\/2021\/07\/Nebulosas_capa-816x459.jpg 816w\" sizes=\"auto, (max-width: 960px) 100vw, 960px\" \/><p id=\"caption-attachment-2178\" class=\"wp-caption-text\">Semin\u00e1rio sobre o assunto &#8220;Nebulosas: Um Breve resumo&#8221;.<\/p><\/div>\n<p>Continuando a atividade de semin\u00e1rios internos,\u00a0 na quinta-feira 10\/12\/20 foi apresentado o semin\u00e1rio \u201cNebulosas: Breve resumo\u201d pela petiana La\u00edne B. S. R.<br \/>\nA apresenta\u00e7\u00e3o trata sobre como as nebulosas s\u00e3o formados, seus tamanhos e formas, seus tipos, entre outras propriedades.<\/p>\n<p>Slides dispon\u00edveis no link a seguir:\u00a0<a href=\"https:\/\/wp.ufpel.edu.br\/petfisica\/files\/2021\/07\/Nebulosas-Breve-resumo-1.pdf\">Nebulosas: Um Breve resumo<\/a>.<\/p>\n<p>Essa atividade do PET-F\u00edsica, assim como as outras promovidas nesse per\u00edodo, \u00e9 elaborado com o objetivo de promover atividades acad\u00eamicas no per\u00edodo de distanciamento social. Neste semin\u00e1rio, os conceitos ser\u00e3o abordados de maneira simplificada e em linguagem acess\u00edvel visando o entendimento dos participantes da atividade.<\/p>\n","protected":false},"excerpt":{"rendered":"<p>Continuando a atividade de semin\u00e1rios internos,\u00a0 na quinta-feira 10\/12\/20 foi apresentado o semin\u00e1rio \u201cNebulosas: Breve resumo\u201d pela petiana La\u00edne B. S. R. A apresenta\u00e7\u00e3o trata sobre como as nebulosas s\u00e3o formados, seus tamanhos e formas, seus tipos, entre outras propriedades. Slides dispon\u00edveis no link a seguir:\u00a0Nebulosas: Um Breve resumo. Essa atividade do PET-F\u00edsica, assim como [&hellip;]<\/p>\n","protected":false},"author":684,"featured_media":0,"parent":2147,"menu_order":0,"comment_status":"closed","ping_status":"closed","template":"","meta":{"footnotes":""},"class_list":["post-2177","page","type-page","status-publish","hentry"],"_links":{"self":[{"href":"https:\/\/wp.ufpel.edu.br\/petfisica\/wp-json\/wp\/v2\/pages\/2177","targetHints":{"allow":["GET"]}}],"collection":[{"href":"https:\/\/wp.ufpel.edu.br\/petfisica\/wp-json\/wp\/v2\/pages"}],"about":[{"href":"https:\/\/wp.ufpel.edu.br\/petfisica\/wp-json\/wp\/v2\/types\/page"}],"author":[{"embeddable":true,"href":"https:\/\/wp.ufpel.edu.br\/petfisica\/wp-json\/wp\/v2\/users\/684"}],"replies":[{"embeddable":true,"href":"https:\/\/wp.ufpel.edu.br\/petfisica\/wp-json\/wp\/v2\/comments?post=2177"}],"version-history":[{"count":2,"href":"https:\/\/wp.ufpel.edu.br\/petfisica\/wp-json\/wp\/v2\/pages\/2177\/revisions"}],"predecessor-version":[{"id":2198,"href":"https:\/\/wp.ufpel.edu.br\/petfisica\/wp-json\/wp\/v2\/pages\/2177\/revisions\/2198"}],"up":[{"embeddable":true,"href":"https:\/\/wp.ufpel.edu.br\/petfisica\/wp-json\/wp\/v2\/pages\/2147"}],"wp:attachment":[{"href":"https:\/\/wp.ufpel.edu.br\/petfisica\/wp-json\/wp\/v2\/media?parent=2177"}],"curies":[{"name":"wp","href":"https:\/\/api.w.org\/{rel}","templated":true}]}}