{"id":2152,"date":"2021-07-21T11:30:18","date_gmt":"2021-07-21T14:30:18","guid":{"rendered":"https:\/\/wp.ufpel.edu.br\/petfisica\/?page_id=2152"},"modified":"2021-07-21T14:42:33","modified_gmt":"2021-07-21T17:42:33","slug":"ondas-maritimas-e-tsunami","status":"publish","type":"page","link":"https:\/\/wp.ufpel.edu.br\/petfisica\/atividades\/seminarios-do-pet\/ondas-maritimas-e-tsunami\/","title":{"rendered":"Ondas mar\u00edtimas e tsunami"},"content":{"rendered":"<div id=\"attachment_2153\" style=\"width: 1068px\" class=\"wp-caption alignnone\"><img loading=\"lazy\" decoding=\"async\" aria-describedby=\"caption-attachment-2153\" class=\"size-full wp-image-2153\" src=\"https:\/\/wp.ufpel.edu.br\/petfisica\/files\/2021\/07\/Ondas-maritimas-e-tsunami.jpg\" alt=\"\" width=\"1058\" height=\"595\" srcset=\"https:\/\/wp.ufpel.edu.br\/petfisica\/files\/2021\/07\/Ondas-maritimas-e-tsunami.jpg 1058w, https:\/\/wp.ufpel.edu.br\/petfisica\/files\/2021\/07\/Ondas-maritimas-e-tsunami-400x225.jpg 400w, https:\/\/wp.ufpel.edu.br\/petfisica\/files\/2021\/07\/Ondas-maritimas-e-tsunami-1024x576.jpg 1024w, https:\/\/wp.ufpel.edu.br\/petfisica\/files\/2021\/07\/Ondas-maritimas-e-tsunami-768x432.jpg 768w, https:\/\/wp.ufpel.edu.br\/petfisica\/files\/2021\/07\/Ondas-maritimas-e-tsunami-816x459.jpg 816w\" sizes=\"auto, (max-width: 1058px) 100vw, 1058px\" \/><p id=\"caption-attachment-2153\" class=\"wp-caption-text\">Semin\u00e1rio sobre o assunto &#8220;Ondas mar\u00edtimas e tsunami&#8221;.<\/p><\/div>\n<p>Continuando a atividade de semin\u00e1rios internos,\u00a0 na quinta-feira 08\/07\/21 foi apresentado o semin\u00e1rio \u201cOndas mar\u00edtimas e Tsunami\u201d pelo petiano Andrei Rocha F.<br \/>\nA apresenta\u00e7\u00e3o trata sobre como as ondas mar\u00edtimas e Tsunami s\u00e3o formados, suas rela\u00e7\u00f5es com diferentes profundidades, como movem mat\u00e9ria, entre outras propriedades.<\/p>\n<p>Slides dispon\u00edveis no link a seguir: <a href=\"https:\/\/wp.ufpel.edu.br\/petfisica\/files\/2021\/07\/Ondas-maritimas-e-tsunami.pdf\">Ondas mar\u00edtimas e tsunami<\/a>.<\/p>\n<p>Essa atividade do PET-F\u00edsica, assim como as outras promovidas nesse per\u00edodo, \u00e9 elaborado com o objetivo de promover atividades acad\u00eamicas no per\u00edodo de distanciamento social. Neste semin\u00e1rio, os conceitos ser\u00e3o abordados de maneira simplificada e em linguagem acess\u00edvel visando o entendimento dos participantes da atividade.<\/p>\n","protected":false},"excerpt":{"rendered":"<p>Continuando a atividade de semin\u00e1rios internos,\u00a0 na quinta-feira 08\/07\/21 foi apresentado o semin\u00e1rio \u201cOndas mar\u00edtimas e Tsunami\u201d pelo petiano Andrei Rocha F. A apresenta\u00e7\u00e3o trata sobre como as ondas mar\u00edtimas e Tsunami s\u00e3o formados, suas rela\u00e7\u00f5es com diferentes profundidades, como movem mat\u00e9ria, entre outras propriedades. Slides dispon\u00edveis no link a seguir: Ondas mar\u00edtimas e tsunami. [&hellip;]<\/p>\n","protected":false},"author":684,"featured_media":0,"parent":1400,"menu_order":0,"comment_status":"closed","ping_status":"closed","template":"","meta":{"footnotes":""},"class_list":["post-2152","page","type-page","status-publish","hentry"],"_links":{"self":[{"href":"https:\/\/wp.ufpel.edu.br\/petfisica\/wp-json\/wp\/v2\/pages\/2152","targetHints":{"allow":["GET"]}}],"collection":[{"href":"https:\/\/wp.ufpel.edu.br\/petfisica\/wp-json\/wp\/v2\/pages"}],"about":[{"href":"https:\/\/wp.ufpel.edu.br\/petfisica\/wp-json\/wp\/v2\/types\/page"}],"author":[{"embeddable":true,"href":"https:\/\/wp.ufpel.edu.br\/petfisica\/wp-json\/wp\/v2\/users\/684"}],"replies":[{"embeddable":true,"href":"https:\/\/wp.ufpel.edu.br\/petfisica\/wp-json\/wp\/v2\/comments?post=2152"}],"version-history":[{"count":6,"href":"https:\/\/wp.ufpel.edu.br\/petfisica\/wp-json\/wp\/v2\/pages\/2152\/revisions"}],"predecessor-version":[{"id":2194,"href":"https:\/\/wp.ufpel.edu.br\/petfisica\/wp-json\/wp\/v2\/pages\/2152\/revisions\/2194"}],"up":[{"embeddable":true,"href":"https:\/\/wp.ufpel.edu.br\/petfisica\/wp-json\/wp\/v2\/pages\/1400"}],"wp:attachment":[{"href":"https:\/\/wp.ufpel.edu.br\/petfisica\/wp-json\/wp\/v2\/media?parent=2152"}],"curies":[{"name":"wp","href":"https:\/\/api.w.org\/{rel}","templated":true}]}}