{"id":2147,"date":"2021-07-21T11:17:52","date_gmt":"2021-07-21T14:17:52","guid":{"rendered":"https:\/\/wp.ufpel.edu.br\/petfisica\/?page_id=2147"},"modified":"2021-07-21T13:05:55","modified_gmt":"2021-07-21T16:05:55","slug":"seminarios-2020","status":"publish","type":"page","link":"https:\/\/wp.ufpel.edu.br\/petfisica\/atividades\/seminarios-do-pet\/seminarios-2020\/","title":{"rendered":"Semin\u00e1rios 2020"},"content":{"rendered":"<p>___________________________________________________________________________________________<\/p>\n<p>Na \u00e1rea cient\u00edfica e acad\u00eamica, inevitavelmente temos que apresentar resultados e defender teorias, nesse sentido, praticar a orat\u00f3ria representa uma parte importante do processo de forma\u00e7\u00e3o dos estudantes. Partindo dessa percep\u00e7\u00e3o, o grupo idealizou uma atividade com base na rela\u00e7\u00e3o tutorial, que possibilita o treinamento de orat\u00f3ria e a exposi\u00e7\u00e3o da produ\u00e7\u00e3o individual do petiano, tornando poss\u00edvel o envolvimento do grupo com os saberes e interesses de cada petiano.<\/p>\n<p>A atividade tem com objetivo o treinamento de orat\u00f3ria e o incentivo a pesquisa, uma vez que com a realiza\u00e7\u00e3o de semin\u00e1rios pretende-se que ocorra a amplifica\u00e7\u00e3o da vis\u00e3o acad\u00eamica dos petianos e a fixa\u00e7\u00e3o de conte\u00fados e conceitos f\u00edsicos, utilizando-se de diferentes temas e que sejam promovidas discuss\u00f5es acad\u00eamicas a partir de perspectivas pessoais dos integrantes do grupo.<\/p>\n<p>_________________________________________________________________<\/p>\n<p>Semin\u00e1rios internos desenvolvidos pelo grupo PET-F\u00edsica:<\/p>\n<p><a href=\"https:\/\/wp.ufpel.edu.br\/petfisica\/atividades\/seminarios-do-pet\/seminarios-2020\/nebulosas-breve-resumo\/\">Nebulosas: Um Breve resumo<\/a>.<\/p>\n<p>_________________________________________________________________<\/p>\n<p>Semin\u00e1rios desenvolvidos pelo grupo PET-F\u00edsica na modalidade aberto ao p\u00fablico:<\/p>\n<p><a href=\"https:\/\/wp.ufpel.edu.br\/petfisica\/atividades\/seminarios-do-pet\/influencia-da-optica-na-pintura-europeia\/\"><span id=\"cch_f3117cc8ab2cba8\" class=\"_mh6\">Influ\u00eancia da \u00f3ptica na pintura europeia<\/span><\/a>;<\/p>\n<p><a href=\"https:\/\/wp.ufpel.edu.br\/petfisica\/atividades\/seminarios-do-pet\/elementos-da-relatividade-restrita\/\">Elementos da Relatividade Restrita<\/a>;<\/p>\n<p><a href=\"https:\/\/wp.ufpel.edu.br\/petfisica\/introducao-a-ligacoes-cristalinas\/\">Introdu\u00e7\u00e3o \u00e0 Liga\u00e7\u00f5es Cristalinas<\/a>.<\/p>\n<p>&nbsp;<\/p>\n","protected":false},"excerpt":{"rendered":"<p>___________________________________________________________________________________________ Na \u00e1rea cient\u00edfica e acad\u00eamica, inevitavelmente temos que apresentar resultados e defender teorias, nesse sentido, praticar a orat\u00f3ria representa uma parte importante do processo de forma\u00e7\u00e3o dos estudantes. Partindo dessa percep\u00e7\u00e3o, o grupo idealizou uma atividade com base na rela\u00e7\u00e3o tutorial, que possibilita o treinamento de orat\u00f3ria e a exposi\u00e7\u00e3o da produ\u00e7\u00e3o individual do [&hellip;]<\/p>\n","protected":false},"author":684,"featured_media":0,"parent":1400,"menu_order":0,"comment_status":"closed","ping_status":"closed","template":"","meta":{"footnotes":""},"class_list":["post-2147","page","type-page","status-publish","hentry"],"_links":{"self":[{"href":"https:\/\/wp.ufpel.edu.br\/petfisica\/wp-json\/wp\/v2\/pages\/2147","targetHints":{"allow":["GET"]}}],"collection":[{"href":"https:\/\/wp.ufpel.edu.br\/petfisica\/wp-json\/wp\/v2\/pages"}],"about":[{"href":"https:\/\/wp.ufpel.edu.br\/petfisica\/wp-json\/wp\/v2\/types\/page"}],"author":[{"embeddable":true,"href":"https:\/\/wp.ufpel.edu.br\/petfisica\/wp-json\/wp\/v2\/users\/684"}],"replies":[{"embeddable":true,"href":"https:\/\/wp.ufpel.edu.br\/petfisica\/wp-json\/wp\/v2\/comments?post=2147"}],"version-history":[{"count":3,"href":"https:\/\/wp.ufpel.edu.br\/petfisica\/wp-json\/wp\/v2\/pages\/2147\/revisions"}],"predecessor-version":[{"id":2182,"href":"https:\/\/wp.ufpel.edu.br\/petfisica\/wp-json\/wp\/v2\/pages\/2147\/revisions\/2182"}],"up":[{"embeddable":true,"href":"https:\/\/wp.ufpel.edu.br\/petfisica\/wp-json\/wp\/v2\/pages\/1400"}],"wp:attachment":[{"href":"https:\/\/wp.ufpel.edu.br\/petfisica\/wp-json\/wp\/v2\/media?parent=2147"}],"curies":[{"name":"wp","href":"https:\/\/api.w.org\/{rel}","templated":true}]}}