{"id":2143,"date":"2021-07-21T11:08:30","date_gmt":"2021-07-21T14:08:30","guid":{"rendered":"https:\/\/wp.ufpel.edu.br\/petfisica\/?page_id=2143"},"modified":"2021-07-21T14:42:07","modified_gmt":"2021-07-21T17:42:07","slug":"magnetosferas-planetarias","status":"publish","type":"page","link":"https:\/\/wp.ufpel.edu.br\/petfisica\/atividades\/seminarios-do-pet\/magnetosferas-planetarias\/","title":{"rendered":"Magnetosferas Planet\u00e1rias"},"content":{"rendered":"<div id=\"attachment_2144\" style=\"width: 970px\" class=\"wp-caption alignnone\"><img loading=\"lazy\" decoding=\"async\" aria-describedby=\"caption-attachment-2144\" class=\"size-full wp-image-2144\" src=\"https:\/\/wp.ufpel.edu.br\/petfisica\/files\/2021\/07\/Magnetosferas-Planetarias1.png\" alt=\"\" width=\"960\" height=\"540\" srcset=\"https:\/\/wp.ufpel.edu.br\/petfisica\/files\/2021\/07\/Magnetosferas-Planetarias1.png 960w, https:\/\/wp.ufpel.edu.br\/petfisica\/files\/2021\/07\/Magnetosferas-Planetarias1-400x225.png 400w, https:\/\/wp.ufpel.edu.br\/petfisica\/files\/2021\/07\/Magnetosferas-Planetarias1-768x432.png 768w, https:\/\/wp.ufpel.edu.br\/petfisica\/files\/2021\/07\/Magnetosferas-Planetarias1-816x459.png 816w\" sizes=\"auto, (max-width: 960px) 100vw, 960px\" \/><p id=\"caption-attachment-2144\" class=\"wp-caption-text\">Semin\u00e1rio sobre o assunto &#8220;Magnetosferas Planet\u00e1rias&#8221;.<\/p><\/div>\n<p>Dando continuidade a s\u00e9rie de semin\u00e1rios online,\u00a0 na quinta-feira 17\/06\/21 foi apresentado pela petiana La\u00edne\u00a0 B. S. R. o semin\u00e1rio \u201cMagnetosferas Planet\u00e1rias\u201d.<br \/>\nA apresenta\u00e7\u00e3o trata sobre como magnetosferas planet\u00e1rias s\u00e3o formadas, seus tipos, entre outros aspectos.<\/p>\n<p>Slides dispon\u00edveis no link a seguir: <a href=\"https:\/\/wp.ufpel.edu.br\/petfisica\/files\/2021\/07\/Magnetosferas-Planetarias.pdf\">Magnetosferas Planet\u00e1rias<\/a>.<\/p>\n<p>Essa atividade do PET-F\u00edsica, assim como as outras promovidas nesse per\u00edodo, \u00e9 elaborado com o objetivo de promover atividades acad\u00eamicas no per\u00edodo de distanciamento social. Neste semin\u00e1rio, os conceitos ser\u00e3o abordados de maneira simplificada e em linguagem acess\u00edvel visando o entendimento dos participantes da atividade.<\/p>\n","protected":false},"excerpt":{"rendered":"<p>Dando continuidade a s\u00e9rie de semin\u00e1rios online,\u00a0 na quinta-feira 17\/06\/21 foi apresentado pela petiana La\u00edne\u00a0 B. S. R. o semin\u00e1rio \u201cMagnetosferas Planet\u00e1rias\u201d. A apresenta\u00e7\u00e3o trata sobre como magnetosferas planet\u00e1rias s\u00e3o formadas, seus tipos, entre outros aspectos. Slides dispon\u00edveis no link a seguir: Magnetosferas Planet\u00e1rias. Essa atividade do PET-F\u00edsica, assim como as outras promovidas nesse per\u00edodo, [&hellip;]<\/p>\n","protected":false},"author":684,"featured_media":0,"parent":1400,"menu_order":0,"comment_status":"closed","ping_status":"closed","template":"","meta":{"footnotes":""},"class_list":["post-2143","page","type-page","status-publish","hentry"],"_links":{"self":[{"href":"https:\/\/wp.ufpel.edu.br\/petfisica\/wp-json\/wp\/v2\/pages\/2143","targetHints":{"allow":["GET"]}}],"collection":[{"href":"https:\/\/wp.ufpel.edu.br\/petfisica\/wp-json\/wp\/v2\/pages"}],"about":[{"href":"https:\/\/wp.ufpel.edu.br\/petfisica\/wp-json\/wp\/v2\/types\/page"}],"author":[{"embeddable":true,"href":"https:\/\/wp.ufpel.edu.br\/petfisica\/wp-json\/wp\/v2\/users\/684"}],"replies":[{"embeddable":true,"href":"https:\/\/wp.ufpel.edu.br\/petfisica\/wp-json\/wp\/v2\/comments?post=2143"}],"version-history":[{"count":7,"href":"https:\/\/wp.ufpel.edu.br\/petfisica\/wp-json\/wp\/v2\/pages\/2143\/revisions"}],"predecessor-version":[{"id":2193,"href":"https:\/\/wp.ufpel.edu.br\/petfisica\/wp-json\/wp\/v2\/pages\/2143\/revisions\/2193"}],"up":[{"embeddable":true,"href":"https:\/\/wp.ufpel.edu.br\/petfisica\/wp-json\/wp\/v2\/pages\/1400"}],"wp:attachment":[{"href":"https:\/\/wp.ufpel.edu.br\/petfisica\/wp-json\/wp\/v2\/media?parent=2143"}],"curies":[{"name":"wp","href":"https:\/\/api.w.org\/{rel}","templated":true}]}}