{"id":2137,"date":"2021-07-21T10:38:22","date_gmt":"2021-07-21T13:38:22","guid":{"rendered":"https:\/\/wp.ufpel.edu.br\/petfisica\/?page_id=2137"},"modified":"2021-07-21T14:43:40","modified_gmt":"2021-07-21T17:43:40","slug":"introducao-a-ligacoes-cristalinas","status":"publish","type":"page","link":"https:\/\/wp.ufpel.edu.br\/petfisica\/atividades\/seminarios-do-pet\/seminarios-2020\/introducao-a-ligacoes-cristalinas\/","title":{"rendered":"Introdu\u00e7\u00e3o \u00e0 Liga\u00e7\u00f5es Cristalinas"},"content":{"rendered":"<div id=\"attachment_1489\" style=\"width: 410px\" class=\"wp-caption alignnone\"><img loading=\"lazy\" decoding=\"async\" aria-describedby=\"caption-attachment-1489\" class=\"size-full wp-image-1489\" src=\"https:\/\/wp.ufpel.edu.br\/petfisica\/files\/2020\/05\/Seminario-PET-Fisica-1-e1589572815503.jpeg\" alt=\"Introdu\u00e7\u00e3o \u00e0 Liga\u00e7\u00f5es Cristalinas\" width=\"400\" height=\"224\" \/><p id=\"caption-attachment-1489\" class=\"wp-caption-text\">Semin\u00e1rio sobre o assunto &#8220;Introdu\u00e7\u00e3o \u00e0 Liga\u00e7\u00f5es cristalinas&#8221;.<\/p><\/div>\n<p>Semin\u00e1rio online\u00a0 ocorrer\u00e1 na sala virtual <strong>https:\/\/webconf.ufpel.edu.br\/b\/fer-x33-mxv <\/strong>no dia<strong> 13\/05 <\/strong>\u00e0s<strong> 16:00<\/strong><\/p>\n<p>Essa atividade do PET-F\u00edsica est\u00e1 sendo preparada com o objetivo de promover atividades acad\u00eamicas no per\u00edodo de distanciamento social.<\/p>\n<p>O semin\u00e1rio <strong>\u201cIntrodu\u00e7\u00e3o \u00e0 Liga\u00e7\u00f5es Cristalinas\u201d<\/strong> ser\u00e1 apresentado pelo petiano <strong>Leonardo Ferreira<\/strong>, que \u00e9 estudante do 7\u00ba Semestre do Curso de Bacharelado em F\u00edsica. No semin\u00e1rio ser\u00e3o abordados alguns tipos de <strong>liga\u00e7\u00f5es at\u00f4micas simples<\/strong>, utilizando conceitos b\u00e1sicos de <strong>Termodin\u00e2mica, Eletrodin\u00e2mica Cl\u00e1ssica e Mec\u00e2nica Qu\u00e2ntica<\/strong>.<\/p>\n<p>No semin\u00e1rio, os <strong>conceitos<\/strong> ser\u00e3o abordados de <strong>maneira simplificada<\/strong> e em <strong>linguagem acess\u00edvel<\/strong>.<\/p>\n","protected":false},"excerpt":{"rendered":"<p>Semin\u00e1rio online\u00a0 ocorrer\u00e1 na sala virtual https:\/\/webconf.ufpel.edu.br\/b\/fer-x33-mxv no dia 13\/05 \u00e0s 16:00 Essa atividade do PET-F\u00edsica est\u00e1 sendo preparada com o objetivo de promover atividades acad\u00eamicas no per\u00edodo de distanciamento social. O semin\u00e1rio \u201cIntrodu\u00e7\u00e3o \u00e0 Liga\u00e7\u00f5es Cristalinas\u201d ser\u00e1 apresentado pelo petiano Leonardo Ferreira, que \u00e9 estudante do 7\u00ba Semestre do Curso de Bacharelado em F\u00edsica. [&hellip;]<\/p>\n","protected":false},"author":684,"featured_media":0,"parent":2147,"menu_order":0,"comment_status":"closed","ping_status":"closed","template":"","meta":{"footnotes":""},"class_list":["post-2137","page","type-page","status-publish","hentry"],"_links":{"self":[{"href":"https:\/\/wp.ufpel.edu.br\/petfisica\/wp-json\/wp\/v2\/pages\/2137","targetHints":{"allow":["GET"]}}],"collection":[{"href":"https:\/\/wp.ufpel.edu.br\/petfisica\/wp-json\/wp\/v2\/pages"}],"about":[{"href":"https:\/\/wp.ufpel.edu.br\/petfisica\/wp-json\/wp\/v2\/types\/page"}],"author":[{"embeddable":true,"href":"https:\/\/wp.ufpel.edu.br\/petfisica\/wp-json\/wp\/v2\/users\/684"}],"replies":[{"embeddable":true,"href":"https:\/\/wp.ufpel.edu.br\/petfisica\/wp-json\/wp\/v2\/comments?post=2137"}],"version-history":[{"count":2,"href":"https:\/\/wp.ufpel.edu.br\/petfisica\/wp-json\/wp\/v2\/pages\/2137\/revisions"}],"predecessor-version":[{"id":2197,"href":"https:\/\/wp.ufpel.edu.br\/petfisica\/wp-json\/wp\/v2\/pages\/2137\/revisions\/2197"}],"up":[{"embeddable":true,"href":"https:\/\/wp.ufpel.edu.br\/petfisica\/wp-json\/wp\/v2\/pages\/2147"}],"wp:attachment":[{"href":"https:\/\/wp.ufpel.edu.br\/petfisica\/wp-json\/wp\/v2\/media?parent=2137"}],"curies":[{"name":"wp","href":"https:\/\/api.w.org\/{rel}","templated":true}]}}