{"id":2132,"date":"2021-07-21T10:27:42","date_gmt":"2021-07-21T13:27:42","guid":{"rendered":"https:\/\/wp.ufpel.edu.br\/petfisica\/?page_id=2132"},"modified":"2021-07-21T14:43:02","modified_gmt":"2021-07-21T17:43:02","slug":"elementos-da-relatividade-restrita","status":"publish","type":"page","link":"https:\/\/wp.ufpel.edu.br\/petfisica\/atividades\/seminarios-do-pet\/seminarios-2020\/elementos-da-relatividade-restrita\/","title":{"rendered":"Elementos da Relatividade Restrita"},"content":{"rendered":"<div id=\"attachment_1689\" style=\"width: 970px\" class=\"wp-caption alignnone\"><img loading=\"lazy\" decoding=\"async\" aria-describedby=\"caption-attachment-1689\" class=\"wp-image-1689 size-full\" src=\"https:\/\/wp.ufpel.edu.br\/petfisica\/files\/2020\/05\/folder-sem-2.jpeg\" alt=\"Elementos da Relatividade Restrita\" width=\"960\" height=\"1280\" srcset=\"https:\/\/wp.ufpel.edu.br\/petfisica\/files\/2020\/05\/folder-sem-2.jpeg 960w, https:\/\/wp.ufpel.edu.br\/petfisica\/files\/2020\/05\/folder-sem-2-300x400.jpeg 300w, https:\/\/wp.ufpel.edu.br\/petfisica\/files\/2020\/05\/folder-sem-2-768x1024.jpeg 768w, https:\/\/wp.ufpel.edu.br\/petfisica\/files\/2020\/05\/folder-sem-2-816x1088.jpeg 816w\" sizes=\"auto, (max-width: 960px) 100vw, 960px\" \/><p id=\"caption-attachment-1689\" class=\"wp-caption-text\">Semin\u00e1rio sobre o assunto &#8220;Elementos da Relatividade Restrita\u201d.<\/p><\/div>\n<p>Semin\u00e1rio online\u00a0 ocorrer\u00e1 na sala virtual <strong>https:\/\/webconf.ufpel.edu.br\/b\/fer-x33-mxv <\/strong>no dia<strong> 27\/05 <\/strong>\u00e0s<strong> 16:00<\/strong><\/p>\n<p>Essa atividade do PET-F\u00edsica est\u00e1 sendo preparada com o objetivo de promover atividades acad\u00eamicas no per\u00edodo de distanciamento social.<\/p>\n<p>No semin\u00e1rio \u201cElementos da Relatividade Restrita\u201d o petiano Alexandre Ilha, que \u00e9 estudante do 7\u00ba semestre do Curso de Licenciatura em F\u00edsica, abordar\u00e1 conceitos hist\u00f3ricos e fundamentos que deram origem a Teoria da Relatividade Restrita de Albert Einstein.<\/p>\n","protected":false},"excerpt":{"rendered":"<p>Semin\u00e1rio online\u00a0 ocorrer\u00e1 na sala virtual https:\/\/webconf.ufpel.edu.br\/b\/fer-x33-mxv no dia 27\/05 \u00e0s 16:00 Essa atividade do PET-F\u00edsica est\u00e1 sendo preparada com o objetivo de promover atividades acad\u00eamicas no per\u00edodo de distanciamento social. No semin\u00e1rio \u201cElementos da Relatividade Restrita\u201d o petiano Alexandre Ilha, que \u00e9 estudante do 7\u00ba semestre do Curso de Licenciatura em F\u00edsica, abordar\u00e1 conceitos [&hellip;]<\/p>\n","protected":false},"author":684,"featured_media":0,"parent":2147,"menu_order":0,"comment_status":"closed","ping_status":"closed","template":"","meta":{"footnotes":""},"class_list":["post-2132","page","type-page","status-publish","hentry"],"_links":{"self":[{"href":"https:\/\/wp.ufpel.edu.br\/petfisica\/wp-json\/wp\/v2\/pages\/2132","targetHints":{"allow":["GET"]}}],"collection":[{"href":"https:\/\/wp.ufpel.edu.br\/petfisica\/wp-json\/wp\/v2\/pages"}],"about":[{"href":"https:\/\/wp.ufpel.edu.br\/petfisica\/wp-json\/wp\/v2\/types\/page"}],"author":[{"embeddable":true,"href":"https:\/\/wp.ufpel.edu.br\/petfisica\/wp-json\/wp\/v2\/users\/684"}],"replies":[{"embeddable":true,"href":"https:\/\/wp.ufpel.edu.br\/petfisica\/wp-json\/wp\/v2\/comments?post=2132"}],"version-history":[{"count":2,"href":"https:\/\/wp.ufpel.edu.br\/petfisica\/wp-json\/wp\/v2\/pages\/2132\/revisions"}],"predecessor-version":[{"id":2195,"href":"https:\/\/wp.ufpel.edu.br\/petfisica\/wp-json\/wp\/v2\/pages\/2132\/revisions\/2195"}],"up":[{"embeddable":true,"href":"https:\/\/wp.ufpel.edu.br\/petfisica\/wp-json\/wp\/v2\/pages\/2147"}],"wp:attachment":[{"href":"https:\/\/wp.ufpel.edu.br\/petfisica\/wp-json\/wp\/v2\/media?parent=2132"}],"curies":[{"name":"wp","href":"https:\/\/api.w.org\/{rel}","templated":true}]}}