{"id":1937,"date":"2020-06-26T11:33:11","date_gmt":"2020-06-26T14:33:11","guid":{"rendered":"https:\/\/wp.ufpel.edu.br\/petfisica\/?page_id=1937"},"modified":"2021-05-10T18:37:44","modified_gmt":"2021-05-10T21:37:44","slug":"um-papo-com-o-pet","status":"publish","type":"page","link":"https:\/\/wp.ufpel.edu.br\/petfisica\/atividades\/um-papo-com-o-pet\/","title":{"rendered":"Um papo com o PET"},"content":{"rendered":"<p style=\"text-align: justify\"><span style=\"font-family: arial, helvetica, sans-serif\">O grupo do Programa de Educa\u00e7\u00e3o Tutorial (PET) F\u00edsica, durante o per\u00edodo de distanciamento social, promove mais uma atividade online. A atividade consiste em entrevistas com professores e pesquisadores mediadas por petianos do grupo.<\/span><\/p>\n<p style=\"text-align: justify\"><span style=\"font-family: arial, helvetica, sans-serif\">As entrevistas ser\u00e3o transmitidas online na plataforma Facebook, na fanpage oficial do PET-F\u00edsica, dispon\u00edvel neste link. www.facebook.com\/ufpelpetfisica.<\/span><\/p>\n<hr \/>\n<p><img loading=\"lazy\" decoding=\"async\" class=\"alignnone size-full wp-image-2091\" src=\"https:\/\/wp.ufpel.edu.br\/petfisica\/files\/2021\/05\/cristina.jpg\" alt=\"\" width=\"1037\" height=\"822\" srcset=\"https:\/\/wp.ufpel.edu.br\/petfisica\/files\/2021\/05\/cristina.jpg 1037w, https:\/\/wp.ufpel.edu.br\/petfisica\/files\/2021\/05\/cristina-400x317.jpg 400w, https:\/\/wp.ufpel.edu.br\/petfisica\/files\/2021\/05\/cristina-1024x812.jpg 1024w, https:\/\/wp.ufpel.edu.br\/petfisica\/files\/2021\/05\/cristina-768x609.jpg 768w, https:\/\/wp.ufpel.edu.br\/petfisica\/files\/2021\/05\/cristina-816x647.jpg 816w\" sizes=\"auto, (max-width: 1037px) 100vw, 1037px\" \/><\/p>\n<p>A d\u00e9cimo sexta entrevistada ser\u00e1 a professora da Faculdade de Educa\u00e7\u00e3o, formada na UFSM, professora Dr. <strong>Cristina Maria Rosa<\/strong>, que responder\u00e1 quest\u00f5es selecionadas pelos estudantes dos cursos de licenciatura e bacharelado em F\u00edsica. Em uma <strong>conversa informal<\/strong>, a professora falar\u00e1 sobre sua <strong>forma\u00e7\u00e3o<\/strong>, <strong>pesquisa<\/strong>, <strong>experi\u00eancias de vida<\/strong> entre <strong>outros assuntos<\/strong>. A conversa ser\u00e1 transmitida ao vivo \u00e0s 18h, no nosso Facebook.<\/p>\n<hr \/>\n<p><img loading=\"lazy\" decoding=\"async\" class=\"alignnone size-full wp-image-2018\" src=\"https:\/\/wp.ufpel.edu.br\/petfisica\/files\/2020\/12\/alvaro.jpg\" alt=\"\" width=\"1037\" height=\"822\" srcset=\"https:\/\/wp.ufpel.edu.br\/petfisica\/files\/2020\/12\/alvaro.jpg 1037w, https:\/\/wp.ufpel.edu.br\/petfisica\/files\/2020\/12\/alvaro-400x317.jpg 400w, https:\/\/wp.ufpel.edu.br\/petfisica\/files\/2020\/12\/alvaro-1024x812.jpg 1024w, https:\/\/wp.ufpel.edu.br\/petfisica\/files\/2020\/12\/alvaro-768x609.jpg 768w, https:\/\/wp.ufpel.edu.br\/petfisica\/files\/2020\/12\/alvaro-816x647.jpg 816w\" sizes=\"auto, (max-width: 1037px) 100vw, 1037px\" \/><\/p>\n<p>O d\u00e9cimo quinto entrevistado ser\u00e1 o professor do Departamento de F\u00edsica, formado na UFPel, professor Dr. <strong><span class=\"d2edcug0 hpfvmrgz qv66sw1b c1et5uql rrkovp55 a8c37x1j keod5gw0 nxhoafnm aigsh9s9 d3f4x2em fe6kdd0r mau55g9w c8b282yb iv3no6db jq4qci2q a3bd9o3v knj5qynh oo9gr5id\" dir=\"auto\">\u00c1lvaro Leonardi Ayala Filho<\/span><\/strong>, que responder\u00e1 quest\u00f5es selecionadas pelos estudantes dos cursos de licenciatura e bacharelado em F\u00edsica. Em uma <strong>conversa informal<\/strong>, o professor falar\u00e1 sobre sua <strong>forma\u00e7\u00e3o<\/strong>, <strong>pesquisa<\/strong>, <strong>experi\u00eancias de vida<\/strong> entre <strong>outros assuntos<\/strong>. A conversa ser\u00e1 transmitida ao vivo \u00e0s 18h, no nosso Facebook.<\/p>\n<p>&nbsp;<\/p>\n<hr \/>\n<p><img loading=\"lazy\" decoding=\"async\" class=\"alignnone size-full wp-image-1999\" src=\"https:\/\/wp.ufpel.edu.br\/petfisica\/files\/2020\/11\/124547649_3397872413638145_4014910928970245412_o.jpg\" alt=\"\" width=\"1037\" height=\"822\" srcset=\"https:\/\/wp.ufpel.edu.br\/petfisica\/files\/2020\/11\/124547649_3397872413638145_4014910928970245412_o.jpg 1037w, https:\/\/wp.ufpel.edu.br\/petfisica\/files\/2020\/11\/124547649_3397872413638145_4014910928970245412_o-400x317.jpg 400w, https:\/\/wp.ufpel.edu.br\/petfisica\/files\/2020\/11\/124547649_3397872413638145_4014910928970245412_o-1024x812.jpg 1024w, https:\/\/wp.ufpel.edu.br\/petfisica\/files\/2020\/11\/124547649_3397872413638145_4014910928970245412_o-768x609.jpg 768w, https:\/\/wp.ufpel.edu.br\/petfisica\/files\/2020\/11\/124547649_3397872413638145_4014910928970245412_o-816x647.jpg 816w\" sizes=\"auto, (max-width: 1037px) 100vw, 1037px\" \/><\/p>\n<p>O d\u00e9cimo quarto entrevistado ser\u00e1 o professor do Departamento de F\u00edsica, formado na UFPel, professor Dr. <strong><span class=\"d2edcug0 hpfvmrgz qv66sw1b c1et5uql rrkovp55 a8c37x1j keod5gw0 nxhoafnm aigsh9s9 d3f4x2em fe6kdd0r mau55g9w c8b282yb iv3no6db jq4qci2q a3bd9o3v knj5qynh oo9gr5id\" dir=\"auto\">F\u00e1bio Teixeira Dias<\/span><\/strong>, que responder\u00e1 quest\u00f5es selecionadas pelos estudantes dos cursos de licenciatura e bacharelado em F\u00edsica. Em uma <strong>conversa informal<\/strong>, o professor falar\u00e1 sobre sua <strong>forma\u00e7\u00e3o<\/strong>, <strong>pesquisa<\/strong>, <strong>experi\u00eancias de vida<\/strong> entre <strong>outros assuntos<\/strong>. A conversa ser\u00e1 transmitida ao vivo \u00e0s 18h, no nosso Facebook.<\/p>\n<hr \/>\n<p><img loading=\"lazy\" decoding=\"async\" class=\"alignnone size-full wp-image-1998\" src=\"https:\/\/wp.ufpel.edu.br\/petfisica\/files\/2020\/11\/123679747_3380396072052446_35893922079199191_o.jpg\" alt=\"\" width=\"1037\" height=\"822\" srcset=\"https:\/\/wp.ufpel.edu.br\/petfisica\/files\/2020\/11\/123679747_3380396072052446_35893922079199191_o.jpg 1037w, https:\/\/wp.ufpel.edu.br\/petfisica\/files\/2020\/11\/123679747_3380396072052446_35893922079199191_o-400x317.jpg 400w, https:\/\/wp.ufpel.edu.br\/petfisica\/files\/2020\/11\/123679747_3380396072052446_35893922079199191_o-1024x812.jpg 1024w, https:\/\/wp.ufpel.edu.br\/petfisica\/files\/2020\/11\/123679747_3380396072052446_35893922079199191_o-768x609.jpg 768w, https:\/\/wp.ufpel.edu.br\/petfisica\/files\/2020\/11\/123679747_3380396072052446_35893922079199191_o-816x647.jpg 816w\" sizes=\"auto, (max-width: 1037px) 100vw, 1037px\" \/><\/p>\n<p>O d\u00e9cimo terceiro entrevistado ser\u00e1 o professor do Departamento de F\u00edsica, formado na USP, professor Dr. <strong><span class=\"d2edcug0 hpfvmrgz qv66sw1b c1et5uql rrkovp55 a8c37x1j keod5gw0 nxhoafnm aigsh9s9 d3f4x2em fe6kdd0r mau55g9w c8b282yb iv3no6db jq4qci2q a3bd9o3v knj5qynh oo9gr5id\" dir=\"auto\">Eduardo Fontes Henriques<\/span><\/strong>, que responder\u00e1 quest\u00f5es selecionadas pelos estudantes dos cursos de licenciatura e bacharelado em F\u00edsica. Em uma <strong>conversa informal<\/strong>, o professor falar\u00e1 sobre sua <strong>forma\u00e7\u00e3o<\/strong>, <strong>pesquisa<\/strong>, <strong>experi\u00eancias de vida<\/strong> entre <strong>outros assuntos<\/strong>. A conversa ser\u00e1 transmitida ao vivo \u00e0s 18h, no nosso Facebook.<\/p>\n<hr \/>\n<p><img loading=\"lazy\" decoding=\"async\" class=\"alignnone wp-image-1989\" src=\"https:\/\/wp.ufpel.edu.br\/petfisica\/files\/2020\/10\/122885549_3363238023768251_1668628189031144756_o.png\" alt=\"\" width=\"630\" height=\"358\" srcset=\"https:\/\/wp.ufpel.edu.br\/petfisica\/files\/2020\/10\/122885549_3363238023768251_1668628189031144756_o.png 1327w, https:\/\/wp.ufpel.edu.br\/petfisica\/files\/2020\/10\/122885549_3363238023768251_1668628189031144756_o-400x227.png 400w, https:\/\/wp.ufpel.edu.br\/petfisica\/files\/2020\/10\/122885549_3363238023768251_1668628189031144756_o-1024x582.png 1024w, https:\/\/wp.ufpel.edu.br\/petfisica\/files\/2020\/10\/122885549_3363238023768251_1668628189031144756_o-768x436.png 768w, https:\/\/wp.ufpel.edu.br\/petfisica\/files\/2020\/10\/122885549_3363238023768251_1668628189031144756_o-816x464.png 816w\" sizes=\"auto, (max-width: 630px) 100vw, 630px\" \/><\/p>\n<p>O d\u00e9cimo segundo entrevistado ser\u00e1 o professor do Departamento de F\u00edsica, formado na UFSM, professor Dr. <strong><span class=\"d2edcug0 hpfvmrgz qv66sw1b c1et5uql rrkovp55 a8c37x1j keod5gw0 nxhoafnm aigsh9s9 d3f4x2em fe6kdd0r mau55g9w c8b282yb iv3no6db jq4qci2q a3bd9o3v knj5qynh oo9gr5id\" dir=\"auto\">Carlos Alberto Vaz de Morais Junior<\/span><\/strong>, que responder\u00e1 quest\u00f5es selecionadas pelos estudantes dos cursos de licenciatura e bacharelado em F\u00edsica. Em uma <strong>conversa informal<\/strong>, o professor falar\u00e1 sobre sua <strong>forma\u00e7\u00e3o<\/strong>, <strong>pesquisa<\/strong>, <strong>experi\u00eancias de vida<\/strong> entre <strong>outros assuntos<\/strong>. A conversa ser\u00e1 transmitida ao vivo \u00e0s 18h, no nosso Facebook.<\/p>\n<hr \/>\n<p><img loading=\"lazy\" decoding=\"async\" class=\"alignnone size-full wp-image-1988\" src=\"https:\/\/wp.ufpel.edu.br\/petfisica\/files\/2020\/10\/122136124_3344592052299515_7687016364955332814_o.jpg\" alt=\"\" width=\"1037\" height=\"822\" srcset=\"https:\/\/wp.ufpel.edu.br\/petfisica\/files\/2020\/10\/122136124_3344592052299515_7687016364955332814_o.jpg 1037w, https:\/\/wp.ufpel.edu.br\/petfisica\/files\/2020\/10\/122136124_3344592052299515_7687016364955332814_o-400x317.jpg 400w, https:\/\/wp.ufpel.edu.br\/petfisica\/files\/2020\/10\/122136124_3344592052299515_7687016364955332814_o-1024x812.jpg 1024w, https:\/\/wp.ufpel.edu.br\/petfisica\/files\/2020\/10\/122136124_3344592052299515_7687016364955332814_o-768x609.jpg 768w, https:\/\/wp.ufpel.edu.br\/petfisica\/files\/2020\/10\/122136124_3344592052299515_7687016364955332814_o-816x647.jpg 816w\" sizes=\"auto, (max-width: 1037px) 100vw, 1037px\" \/><\/p>\n<p><span class=\"d2edcug0 hpfvmrgz qv66sw1b c1et5uql rrkovp55 a8c37x1j keod5gw0 nxhoafnm aigsh9s9 d3f4x2em fe6kdd0r mau55g9w c8b282yb iv3no6db jq4qci2q a3bd9o3v knj5qynh oo9gr5id hzawbc8m\" dir=\"auto\">A atividade \u201cUm Papo com o PET\u201d retorna para mais uma temporada. Abrindo a segunda etapa de 2020, o convidado ser\u00e1 o professor Dr. Pedro Lovato Gomes Jardim, que ser\u00e1 o entrevistado da semana. O bate-papo ser\u00e1 na ter\u00e7a-feira 20\/10, \u00e0s 18h, aqui na p\u00e1gina do PET-F\u00edsica UFPel.<\/span><\/p>\n<hr \/>\n<p><img loading=\"lazy\" decoding=\"async\" class=\"alignnone size-full wp-image-1987\" src=\"https:\/\/wp.ufpel.edu.br\/petfisica\/files\/2020\/10\/118307963_3200920559999999_8356456032625929323_o.jpg\" alt=\"\" width=\"1037\" height=\"822\" srcset=\"https:\/\/wp.ufpel.edu.br\/petfisica\/files\/2020\/10\/118307963_3200920559999999_8356456032625929323_o.jpg 1037w, https:\/\/wp.ufpel.edu.br\/petfisica\/files\/2020\/10\/118307963_3200920559999999_8356456032625929323_o-400x317.jpg 400w, https:\/\/wp.ufpel.edu.br\/petfisica\/files\/2020\/10\/118307963_3200920559999999_8356456032625929323_o-1024x812.jpg 1024w, https:\/\/wp.ufpel.edu.br\/petfisica\/files\/2020\/10\/118307963_3200920559999999_8356456032625929323_o-768x609.jpg 768w, https:\/\/wp.ufpel.edu.br\/petfisica\/files\/2020\/10\/118307963_3200920559999999_8356456032625929323_o-816x647.jpg 816w\" sizes=\"auto, (max-width: 1037px) 100vw, 1037px\" \/><\/p>\n<p>O d\u00e9cimo entrevistado ser\u00e1 o professor do Departamento de F\u00edsica, formado na UFSM, professor Dr.\u00a0 <strong><span class=\"d2edcug0 hpfvmrgz qv66sw1b c1et5uql rrkovp55 a8c37x1j keod5gw0 nxhoafnm aigsh9s9 d3f4x2em fe6kdd0r mau55g9w c8b282yb iv3no6db jq4qci2q a3bd9o3v knj5qynh oo9gr5id\" dir=\"auto\">Maur\u00edcio Jeomar Piotrowski<\/span><\/strong>, que responder\u00e1 quest\u00f5es selecionadas pelos estudantes dos cursos de licenciatura e bacharelado em F\u00edsica. Em uma <strong>conversa informal<\/strong>, o professor falar\u00e1 sobre sua <strong>forma\u00e7\u00e3o<\/strong>, <strong>pesquisa<\/strong>, <strong>experi\u00eancias de vida<\/strong> entre <strong>outros assuntos<\/strong>. A conversa ser\u00e1 transmitida ao vivo \u00e0s 18h, no nosso Facebook.<\/p>\n<hr \/>\n<p><img loading=\"lazy\" decoding=\"async\" class=\"alignnone size-full wp-image-1986\" src=\"https:\/\/wp.ufpel.edu.br\/petfisica\/files\/2020\/10\/118503642_3185169491575106_589796030238323366_o.jpg\" alt=\"\" width=\"1037\" height=\"822\" srcset=\"https:\/\/wp.ufpel.edu.br\/petfisica\/files\/2020\/10\/118503642_3185169491575106_589796030238323366_o.jpg 1037w, https:\/\/wp.ufpel.edu.br\/petfisica\/files\/2020\/10\/118503642_3185169491575106_589796030238323366_o-400x317.jpg 400w, https:\/\/wp.ufpel.edu.br\/petfisica\/files\/2020\/10\/118503642_3185169491575106_589796030238323366_o-1024x812.jpg 1024w, https:\/\/wp.ufpel.edu.br\/petfisica\/files\/2020\/10\/118503642_3185169491575106_589796030238323366_o-768x609.jpg 768w, https:\/\/wp.ufpel.edu.br\/petfisica\/files\/2020\/10\/118503642_3185169491575106_589796030238323366_o-816x647.jpg 816w\" sizes=\"auto, (max-width: 1037px) 100vw, 1037px\" \/><\/p>\n<p>O nono entrevistado ser\u00e1 o professor do Departamento de F\u00edsica, formado na UNT, professor Dr.\u00a0 <strong><span class=\"d2edcug0 hpfvmrgz qv66sw1b c1et5uql rrkovp55 a8c37x1j keod5gw0 nxhoafnm aigsh9s9 d3f4x2em fe6kdd0r mau55g9w c8b282yb iv3no6db jq4qci2q a3bd9o3v knj5qynh oo9gr5id\" dir=\"auto\">Willian Alayo Rodriguez<\/span><\/strong>, que responder\u00e1 quest\u00f5es selecionadas pelos estudantes dos cursos de licenciatura e bacharelado em F\u00edsica. Em uma <strong>conversa informal<\/strong>, o professor falar\u00e1 sobre sua <strong>forma\u00e7\u00e3o<\/strong>, <strong>pesquisa<\/strong>, <strong>experi\u00eancias de vida<\/strong> entre <strong>outros assuntos<\/strong>. A conversa ser\u00e1 transmitida ao vivo \u00e0s 18h, no nosso Facebook.<\/p>\n<hr \/>\n<p><img loading=\"lazy\" decoding=\"async\" class=\"alignnone size-full wp-image-1983\" src=\"https:\/\/wp.ufpel.edu.br\/petfisica\/files\/2020\/08\/WhatsApp-Image-2020-08-18-at-20.28.20.jpeg\" alt=\"\" width=\"1037\" height=\"822\" srcset=\"https:\/\/wp.ufpel.edu.br\/petfisica\/files\/2020\/08\/WhatsApp-Image-2020-08-18-at-20.28.20.jpeg 1037w, https:\/\/wp.ufpel.edu.br\/petfisica\/files\/2020\/08\/WhatsApp-Image-2020-08-18-at-20.28.20-400x317.jpeg 400w, https:\/\/wp.ufpel.edu.br\/petfisica\/files\/2020\/08\/WhatsApp-Image-2020-08-18-at-20.28.20-1024x812.jpeg 1024w, https:\/\/wp.ufpel.edu.br\/petfisica\/files\/2020\/08\/WhatsApp-Image-2020-08-18-at-20.28.20-768x609.jpeg 768w, https:\/\/wp.ufpel.edu.br\/petfisica\/files\/2020\/08\/WhatsApp-Image-2020-08-18-at-20.28.20-816x647.jpeg 816w\" sizes=\"auto, (max-width: 1037px) 100vw, 1037px\" \/><\/p>\n<p>O oitavo entrevistado ser\u00e1 o professor do Departamento de F\u00edsica, formado na UFAL, professor Dr.\u00a0 <strong>Arlan da Silva Ferreira<\/strong>, que responder\u00e1 quest\u00f5es selecionadas pelos estudantes dos cursos de licenciatura e bacharelado em F\u00edsica. Em uma <strong>conversa informal<\/strong>, o professor falar\u00e1 sobre sua <strong>forma\u00e7\u00e3o<\/strong>, <strong>pesquisa<\/strong>, <strong>experi\u00eancias de vida<\/strong> entre <strong>outros assuntos<\/strong>. A conversa ser\u00e1 transmitida ao vivo \u00e0s 18h, no nosso Facebook.<\/p>\n<hr \/>\n<p><img loading=\"lazy\" decoding=\"async\" class=\"alignnone size-full wp-image-1976\" src=\"https:\/\/wp.ufpel.edu.br\/petfisica\/files\/2020\/08\/WhatsApp-Image-2020-08-12-at-17.29.01.jpeg\" alt=\"\" width=\"1037\" height=\"822\" srcset=\"https:\/\/wp.ufpel.edu.br\/petfisica\/files\/2020\/08\/WhatsApp-Image-2020-08-12-at-17.29.01.jpeg 1037w, https:\/\/wp.ufpel.edu.br\/petfisica\/files\/2020\/08\/WhatsApp-Image-2020-08-12-at-17.29.01-400x317.jpeg 400w, https:\/\/wp.ufpel.edu.br\/petfisica\/files\/2020\/08\/WhatsApp-Image-2020-08-12-at-17.29.01-1024x812.jpeg 1024w, https:\/\/wp.ufpel.edu.br\/petfisica\/files\/2020\/08\/WhatsApp-Image-2020-08-12-at-17.29.01-768x609.jpeg 768w, https:\/\/wp.ufpel.edu.br\/petfisica\/files\/2020\/08\/WhatsApp-Image-2020-08-12-at-17.29.01-816x647.jpeg 816w\" sizes=\"auto, (max-width: 1037px) 100vw, 1037px\" \/><\/p>\n<p>O s\u00e9timo entrevistado ser\u00e1 o professor do Departamento de F\u00edsica, formado na UEPG, professor Dr.\u00a0 <strong><span id=\"fbPhotoSnowliftCaption\" class=\"fbPhotosPhotoCaption\" data-ft=\"{&quot;tn&quot;:&quot;K&quot;}\"><span class=\"hasCaption\">M\u00e1rio L\u00facio Moreira<\/span><\/span><\/strong>, que responder\u00e1 quest\u00f5es selecionadas pelos estudantes dos cursos de licenciatura e bacharelado em F\u00edsica. Em uma <strong>conversa informal<\/strong>, o professor falar\u00e1 sobre sua <strong>forma\u00e7\u00e3o<\/strong>, <strong>pesquisa<\/strong>, <strong>experi\u00eancias de vida<\/strong> entre <strong>outros assuntos<\/strong>. A conversa ser\u00e1 transmitida ao vivo \u00e0s 18h, no nosso Facebook.<\/p>\n<hr \/>\n<p><img loading=\"lazy\" decoding=\"async\" class=\"alignnone size-full wp-image-1973\" src=\"https:\/\/wp.ufpel.edu.br\/petfisica\/files\/2020\/08\/wagner.jpg\" alt=\"\" width=\"1037\" height=\"822\" srcset=\"https:\/\/wp.ufpel.edu.br\/petfisica\/files\/2020\/08\/wagner.jpg 1037w, https:\/\/wp.ufpel.edu.br\/petfisica\/files\/2020\/08\/wagner-400x317.jpg 400w, https:\/\/wp.ufpel.edu.br\/petfisica\/files\/2020\/08\/wagner-1024x812.jpg 1024w, https:\/\/wp.ufpel.edu.br\/petfisica\/files\/2020\/08\/wagner-768x609.jpg 768w, https:\/\/wp.ufpel.edu.br\/petfisica\/files\/2020\/08\/wagner-816x647.jpg 816w\" sizes=\"auto, (max-width: 1037px) 100vw, 1037px\" \/><\/p>\n<p style=\"text-align: justify\">O sexto entrevistado ser\u00e1 o professor do Departamento de F\u00edsica, formado na UFSC, professor Dr.\u00a0 <strong><span id=\"fbPhotoSnowliftCaption\" class=\"fbPhotosPhotoCaption\" data-ft=\"{&quot;tn&quot;:&quot;K&quot;}\"><span class=\"hasCaption\">Wagner Tenfen<\/span><\/span><\/strong>, que responder\u00e1 quest\u00f5es selecionadas pelos estudantes dos cursos de licenciatura e bacharelado em F\u00edsica. Em uma <strong>conversa informal<\/strong>, o professor falar\u00e1 sobre sua <strong>forma\u00e7\u00e3o<\/strong>, <strong>pesquisa<\/strong>, <strong>experi\u00eancias de vida<\/strong> entre <strong>outros assuntos<\/strong>. A conversa ser\u00e1 transmitida ao vivo \u00e0s 18h, no nosso Facebook.<\/p>\n<hr \/>\n<p><span id=\"fbPhotoSnowliftCaption\" class=\"fbPhotosPhotoCaption\" data-ft=\"{&quot;tn&quot;:&quot;K&quot;}\"><span class=\"hasCaption\"><img loading=\"lazy\" decoding=\"async\" class=\"alignnone size-full wp-image-1972\" src=\"https:\/\/wp.ufpel.edu.br\/petfisica\/files\/2020\/08\/diego.jpg\" alt=\"\" width=\"960\" height=\"760\" srcset=\"https:\/\/wp.ufpel.edu.br\/petfisica\/files\/2020\/08\/diego.jpg 960w, https:\/\/wp.ufpel.edu.br\/petfisica\/files\/2020\/08\/diego-400x317.jpg 400w, https:\/\/wp.ufpel.edu.br\/petfisica\/files\/2020\/08\/diego-768x608.jpg 768w, https:\/\/wp.ufpel.edu.br\/petfisica\/files\/2020\/08\/diego-816x646.jpg 816w\" sizes=\"auto, (max-width: 960px) 100vw, 960px\" \/><\/span><\/span><\/p>\n<p style=\"text-align: justify\">O quinto entrevistado ser\u00e1 o <span id=\"fbPhotoSnowliftCaption\" class=\"fbPhotosPhotoCaption\" data-ft=\"{&quot;tn&quot;:&quot;K&quot;}\"><span class=\"hasCaption\">secret\u00e1rio do Curso de Licenciatura em F\u00edsica,<\/span><\/span> professor <strong><span id=\"fbPhotoSnowliftCaption\" class=\"fbPhotosPhotoCaption\" data-ft=\"{&quot;tn&quot;:&quot;K&quot;}\"><span class=\"hasCaption\">Diego Fersula de Moura<\/span><\/span><\/strong>, que responder\u00e1 quest\u00f5es selecionadas pelos estudantes dos cursos de licenciatura e bacharelado em F\u00edsica. Em uma <strong>conversa informal<\/strong>, o secret\u00e1rio falar\u00e1 sobre sua <strong>forma\u00e7\u00e3o<\/strong>, <strong>trabalho<\/strong>, <strong>trajet\u00f3ria de vida<\/strong> entre <strong>outros assuntos<\/strong>. A conversa ser\u00e1 transmitida ao vivo \u00e0s 18h, no nosso Facebook.<\/p>\n<hr \/>\n<p><img loading=\"lazy\" decoding=\"async\" class=\"alignnone size-full wp-image-1971\" src=\"https:\/\/wp.ufpel.edu.br\/petfisica\/files\/2020\/08\/dr-bordin.jpeg\" alt=\"\" width=\"629\" height=\"383\" srcset=\"https:\/\/wp.ufpel.edu.br\/petfisica\/files\/2020\/08\/dr-bordin.jpeg 629w, https:\/\/wp.ufpel.edu.br\/petfisica\/files\/2020\/08\/dr-bordin-400x244.jpeg 400w\" sizes=\"auto, (max-width: 629px) 100vw, 629px\" \/><\/p>\n<p style=\"text-align: justify\">O quarto entrevistado ser\u00e1 o professor do Departamento de F\u00edsica, formado na UFPel, professor Dr.\u00a0 <strong>Jos\u00e9 Rafael Bordin<span id=\"fbPhotoSnowliftCaption\" class=\"fbPhotosPhotoCaption\" data-ft=\"{&quot;tn&quot;:&quot;K&quot;}\"><\/span><\/strong>, que responder\u00e1 quest\u00f5es selecionadas pelos estudantes dos cursos de licenciatura e bacharelado em F\u00edsica. Em uma <strong>conversa informal<\/strong>, o professor falar\u00e1 sobre sua <strong>forma\u00e7\u00e3o<\/strong>, <strong>pesquisa<\/strong>, <strong>experi\u00eancias de vida<\/strong> entre <strong>outros assuntos<\/strong>. A conversa ser\u00e1 transmitida ao vivo \u00e0s 18h, no nosso Facebook.<\/p>\n<hr \/>\n<p><img loading=\"lazy\" decoding=\"async\" class=\"alignnone size-full wp-image-1960\" src=\"https:\/\/wp.ufpel.edu.br\/petfisica\/files\/2020\/07\/dr-werner.jpeg\" alt=\"\" width=\"1070\" height=\"601\" srcset=\"https:\/\/wp.ufpel.edu.br\/petfisica\/files\/2020\/07\/dr-werner.jpeg 1070w, https:\/\/wp.ufpel.edu.br\/petfisica\/files\/2020\/07\/dr-werner-400x225.jpeg 400w, https:\/\/wp.ufpel.edu.br\/petfisica\/files\/2020\/07\/dr-werner-1024x575.jpeg 1024w, https:\/\/wp.ufpel.edu.br\/petfisica\/files\/2020\/07\/dr-werner-768x431.jpeg 768w, https:\/\/wp.ufpel.edu.br\/petfisica\/files\/2020\/07\/dr-werner-816x458.jpeg 816w\" sizes=\"auto, (max-width: 1070px) 100vw, 1070px\" \/><\/p>\n<p style=\"text-align: justify\">O terceiro entrevistado ser\u00e1 o coordenador do Curso de Bacharelado em F\u00edsica, professor <strong><span id=\"fbPhotoSnowliftCaption\" class=\"fbPhotosPhotoCaption\" data-ft=\"{&quot;tn&quot;:&quot;K&quot;}\"><span class=\"hasCaption\">Werner Krambeck Sauter<\/span><\/span><\/strong>, que responder\u00e1 quest\u00f5es selecionadas pelos estudantes dos cursos de licenciatura e bacharelado em F\u00edsica. Em uma <strong>conversa informal<\/strong>, o coordenador falar\u00e1 sobre sua <strong>forma\u00e7\u00e3o<\/strong>, <strong>pesquisa<\/strong>, o <strong>curso<\/strong> entre <strong>outros assuntos<\/strong>. A conversa ser\u00e1 transmitida ao vivo \u00e0s 18h, no nosso Facebook.<\/p>\n<hr \/>\n<div id=\"js_yl\" class=\"_5pbx userContent _3576\" style=\"text-align: justify\" data-testid=\"post_message\" data-ft=\"{&quot;tn&quot;:&quot;K&quot;}\">\n<p><span style=\"font-family: arial, helvetica, sans-serif\"><img loading=\"lazy\" decoding=\"async\" class=\"alignnone size-full wp-image-1939\" src=\"https:\/\/wp.ufpel.edu.br\/petfisica\/files\/2020\/06\/WhatsApp-Image-2020-06-25-at-14.59.57.jpeg\" alt=\"\" width=\"1280\" height=\"720\" srcset=\"https:\/\/wp.ufpel.edu.br\/petfisica\/files\/2020\/06\/WhatsApp-Image-2020-06-25-at-14.59.57.jpeg 1280w, https:\/\/wp.ufpel.edu.br\/petfisica\/files\/2020\/06\/WhatsApp-Image-2020-06-25-at-14.59.57-400x225.jpeg 400w, https:\/\/wp.ufpel.edu.br\/petfisica\/files\/2020\/06\/WhatsApp-Image-2020-06-25-at-14.59.57-1024x576.jpeg 1024w, https:\/\/wp.ufpel.edu.br\/petfisica\/files\/2020\/06\/WhatsApp-Image-2020-06-25-at-14.59.57-768x432.jpeg 768w, https:\/\/wp.ufpel.edu.br\/petfisica\/files\/2020\/06\/WhatsApp-Image-2020-06-25-at-14.59.57-816x459.jpeg 816w\" sizes=\"auto, (max-width: 1280px) 100vw, 1280px\" \/><\/span><\/p>\n<p><span style=\"font-family: arial, helvetica, sans-serif\">O segundo entrevistado ser\u00e1 o coordenador do Curso de Licenciatura em F\u00edsica, professor <strong>Valdemar das Neves Vieira<\/strong>, que responder\u00e1 quest\u00f5es selecionadas pelos estudantes dos cursos de licenciatura e bacharelado em F\u00edsica. Em uma <strong>conversa informal<\/strong>, o coordenador falar\u00e1 sobre sua <strong>forma\u00e7\u00e3o<\/strong>, <strong>pesquisa<\/strong>, o <strong>curso<\/strong> entre <strong>outros assuntos<\/strong>. A conversa ser\u00e1 transmitida ao vivo \u00e0s 18h, no nosso Facebook.<\/span><\/p>\n<\/div>\n<hr \/>\n<p style=\"text-align: justify\"><span style=\"font-family: arial, helvetica, sans-serif\"><img loading=\"lazy\" decoding=\"async\" class=\"alignnone size-full wp-image-1925\" src=\"https:\/\/wp.ufpel.edu.br\/petfisica\/files\/2020\/06\/divulga\u00e7\u00e3o.jpeg\" alt=\"\" width=\"1280\" height=\"720\" srcset=\"https:\/\/wp.ufpel.edu.br\/petfisica\/files\/2020\/06\/divulga\u00e7\u00e3o.jpeg 1280w, https:\/\/wp.ufpel.edu.br\/petfisica\/files\/2020\/06\/divulga\u00e7\u00e3o-400x225.jpeg 400w, https:\/\/wp.ufpel.edu.br\/petfisica\/files\/2020\/06\/divulga\u00e7\u00e3o-1024x576.jpeg 1024w, https:\/\/wp.ufpel.edu.br\/petfisica\/files\/2020\/06\/divulga\u00e7\u00e3o-768x432.jpeg 768w, https:\/\/wp.ufpel.edu.br\/petfisica\/files\/2020\/06\/divulga\u00e7\u00e3o-816x459.jpeg 816w\" sizes=\"auto, (max-width: 1280px) 100vw, 1280px\" \/><\/span><\/p>\n<p style=\"text-align: justify\"><span style=\"font-family: arial, helvetica, sans-serif\">A primeira entrevista ser\u00e1 realizada com o professor Fernando Sim\u00f5es Jr., docente do Departamento de F\u00edsica da UFPel e tutor do PET-F\u00edsica. A entrevista ocorrer\u00e1 no s\u00e1bado (20), \u00e0s 20h.<\/span><\/p>\n<p style=\"text-align: justify\">\n","protected":false},"excerpt":{"rendered":"<p>O grupo do Programa de Educa\u00e7\u00e3o Tutorial (PET) F\u00edsica, durante o per\u00edodo de distanciamento social, promove mais uma atividade online. A atividade consiste em entrevistas com professores e pesquisadores mediadas por petianos do grupo. As entrevistas ser\u00e3o transmitidas online na plataforma Facebook, na fanpage oficial do PET-F\u00edsica, dispon\u00edvel neste link. www.facebook.com\/ufpelpetfisica. A d\u00e9cimo sexta entrevistada [&hellip;]<\/p>\n","protected":false},"author":684,"featured_media":0,"parent":1251,"menu_order":2,"comment_status":"closed","ping_status":"closed","template":"","meta":{"footnotes":""},"class_list":["post-1937","page","type-page","status-publish","hentry"],"_links":{"self":[{"href":"https:\/\/wp.ufpel.edu.br\/petfisica\/wp-json\/wp\/v2\/pages\/1937","targetHints":{"allow":["GET"]}}],"collection":[{"href":"https:\/\/wp.ufpel.edu.br\/petfisica\/wp-json\/wp\/v2\/pages"}],"about":[{"href":"https:\/\/wp.ufpel.edu.br\/petfisica\/wp-json\/wp\/v2\/types\/page"}],"author":[{"embeddable":true,"href":"https:\/\/wp.ufpel.edu.br\/petfisica\/wp-json\/wp\/v2\/users\/684"}],"replies":[{"embeddable":true,"href":"https:\/\/wp.ufpel.edu.br\/petfisica\/wp-json\/wp\/v2\/comments?post=1937"}],"version-history":[{"count":11,"href":"https:\/\/wp.ufpel.edu.br\/petfisica\/wp-json\/wp\/v2\/pages\/1937\/revisions"}],"predecessor-version":[{"id":2094,"href":"https:\/\/wp.ufpel.edu.br\/petfisica\/wp-json\/wp\/v2\/pages\/1937\/revisions\/2094"}],"up":[{"embeddable":true,"href":"https:\/\/wp.ufpel.edu.br\/petfisica\/wp-json\/wp\/v2\/pages\/1251"}],"wp:attachment":[{"href":"https:\/\/wp.ufpel.edu.br\/petfisica\/wp-json\/wp\/v2\/media?parent=1937"}],"curies":[{"name":"wp","href":"https:\/\/api.w.org\/{rel}","templated":true}]}}