{"id":1683,"date":"2020-05-25T15:27:54","date_gmt":"2020-05-25T18:27:54","guid":{"rendered":"https:\/\/wp.ufpel.edu.br\/petfisica\/?page_id=1683"},"modified":"2020-06-08T16:48:01","modified_gmt":"2020-06-08T19:48:01","slug":"edital-n-01-2020-1","status":"publish","type":"page","link":"https:\/\/wp.ufpel.edu.br\/petfisica\/selecao-de-bolsistas-2\/edital-n-01-2020-1\/","title":{"rendered":"Edital N\u00b0 01\/2020-1"},"content":{"rendered":"<p><span style=\"font-family: arial, helvetica, sans-serif;font-size: 18pt\"><strong>Edital \u00a02020\/01<\/strong><\/span><\/p>\n<p><span style=\"font-family: arial, helvetica, sans-serif;font-size: 14pt\">Resultado do Processo Seletivo<\/span><\/p>\n<p><span style=\"font-family: arial, helvetica, sans-serif;font-size: 14pt\">Classifica\u00e7\u00e3o:<\/span><\/p>\n<table border=\"0\" cellspacing=\"0\">\n<colgroup width=\"211\"><\/colgroup>\n<colgroup width=\"297\"><\/colgroup>\n<tbody>\n<tr>\n<td style=\"text-align: center\" align=\"center\" height=\"26\"><span style=\"font-family: arial, helvetica, sans-serif;font-size: 14pt\">1<\/span><\/td>\n<td style=\"text-align: center\" align=\"center\"><span style=\"font-family: arial, helvetica, sans-serif;font-size: 14pt\">Julia Pacheco Nunez<\/span><\/td>\n<\/tr>\n<tr>\n<td style=\"text-align: center\" align=\"center\" height=\"26\"><span style=\"font-family: arial, helvetica, sans-serif;font-size: 14pt\">2<\/span><\/td>\n<td style=\"text-align: center\" align=\"center\"><span style=\"font-family: arial, helvetica, sans-serif;font-size: 14pt\">Milena Guidotti<\/span><\/td>\n<\/tr>\n<tr>\n<td style=\"text-align: center\" align=\"center\" height=\"26\"><span style=\"font-family: arial, helvetica, sans-serif;font-size: 14pt\">3<\/span><\/td>\n<td style=\"text-align: center\" align=\"center\"><span style=\"font-family: arial, helvetica, sans-serif;font-size: 14pt\">La\u00edne Bengo Soares Rosales<\/span><\/td>\n<\/tr>\n<tr>\n<td style=\"text-align: center\" align=\"center\" height=\"26\"><span style=\"font-family: arial, helvetica, sans-serif;font-size: 14pt\">4<\/span><\/td>\n<td style=\"text-align: center\" align=\"center\"><span style=\"font-family: arial, helvetica, sans-serif;font-size: 14pt\">Andrei Rocha Furtado<\/span><\/td>\n<\/tr>\n<tr>\n<td style=\"text-align: center\" align=\"center\" height=\"26\"><span style=\"font-family: arial, helvetica, sans-serif;font-size: 14pt\">5<\/span><\/td>\n<td style=\"text-align: center\" align=\"center\"><span style=\"font-family: arial, helvetica, sans-serif;font-size: 14pt\">Bernardo Pinto Silveira<\/span><\/td>\n<\/tr>\n<\/tbody>\n<\/table>\n<p><span style=\"font-family: arial, helvetica, sans-serif;font-size: 14pt\">Os quatro primeiros colocados est\u00e3o habilitados a participar do PET com bolsa, o quinto colocado est\u00e1 habilitado SEM bolsa.<\/span><\/p>\n<p><span style=\"font-family: arial, helvetica, sans-serif;font-size: 14pt\">Os aprovados devem manifestar interesse na vaga at\u00e9 o dia 09\/06\/2020 atrav\u00e9s do email petfisica@ufpel.edu.br ou participar da reuni\u00e3o do grupo no dia 08\/06\/2020 \u00e0s 14:00 horas na sala virtual https:\/\/webconf.ufpel.edu.br\/b\/fer-uy7-cew .<\/span><\/p>\n<p><span style=\"font-family: arial, helvetica, sans-serif\">########################<\/span><\/p>\n<p><span style=\"font-family: arial, helvetica, sans-serif;font-size: 18pt\"><strong>Inscri\u00e7\u00f5es Homologadas:<\/strong><\/span><\/p>\n<table style=\"height: 486px\" width=\"731\" cellspacing=\"0\" cellpadding=\"5\">\n<colgroup>\n<col width=\"148*\" \/>\n<col width=\"49*\" \/>\n<col width=\"59*\" \/><\/colgroup>\n<tbody>\n<tr valign=\"top\">\n<td style=\"width: 754px\">\n<p align=\"center\"><span style=\"font-family: arial, helvetica, sans-serif;font-size: 14pt\">Andrei Rocha Furtado<\/span><\/p>\n<\/td>\n<\/tr>\n<tr valign=\"top\">\n<td style=\"width: 754px\">\n<p align=\"center\"><span style=\"font-family: arial, helvetica, sans-serif;font-size: 14pt\">Bernardo Pinto Silveira<\/span><\/p>\n<\/td>\n<\/tr>\n<tr valign=\"top\">\n<td style=\"width: 754px\">\n<p align=\"center\"><span style=\"font-family: arial, helvetica, sans-serif;font-size: 14pt\">Joabe Schmitt Farias<\/span><\/p>\n<\/td>\n<\/tr>\n<tr valign=\"top\">\n<td style=\"width: 754px\">\n<p align=\"center\"><span style=\"font-family: arial, helvetica, sans-serif;font-size: 14pt\">Julia Pacheco Nunez<\/span><\/p>\n<\/td>\n<\/tr>\n<tr valign=\"top\">\n<td style=\"width: 754px\">\n<p align=\"center\"><span style=\"font-family: arial, helvetica, sans-serif;font-size: 14pt\">Laine Bengo Soares Rosales<\/span><\/p>\n<\/td>\n<\/tr>\n<tr valign=\"top\">\n<td style=\"width: 754px\">\n<p align=\"center\"><span style=\"font-family: arial, helvetica, sans-serif;font-size: 14pt\">Milena Guidotti<\/span><\/p>\n<\/td>\n<\/tr>\n<tr valign=\"top\">\n<td style=\"width: 754px\">\n<p align=\"center\"><span style=\"font-family: arial, helvetica, sans-serif;font-size: 14pt\">Neilson Lopes de Sousa<\/span><\/p>\n<\/td>\n<\/tr>\n<\/tbody>\n<\/table>\n<p><span style=\"font-family: arial, helvetica, sans-serif;font-size: 14pt\">O PET F\u00edsica torna p\u00fablico a lista dos candidatos homologados para participarem da pr\u00f3xima etapa do processo seletivo que ocorrer\u00e1 no dia 04\/06\/2020 (quinta-feira ) na sala virtual: https:\/\/webconf.ufpel.edu.br\/b\/fer-pkp-73m, conforme o cronograma de hor\u00e1rios abaixo. Os candidatos devem acessar a sala virtual no hor\u00e1rio marcado e aguardar a libera\u00e7\u00e3o do acesso.<\/span><\/p>\n<p><span style=\"font-family: arial, helvetica, sans-serif;font-size: 14pt\"><strong>Caso o candidato tenha qualquer tipo de problema com a sua conex\u00e3o ou se acontecer algum problema com os servidores da universidade, favor entrar em contato via email com o PET-F\u00edsica (petfisica@ufpel.edu.br) e tamb\u00e9m diretamente com o Tutor (fernandosj@gmail.com).<\/strong><\/span><\/p>\n<p><span style=\"font-family: arial, helvetica, sans-serif;font-size: 14pt\"><strong>Etapa:<\/strong> Defesa do memorial e argui\u00e7\u00e3o sobre proposta de atividade e memorial<\/span><\/p>\n<p><span style=\"font-family: arial, helvetica, sans-serif;font-size: 14pt\">Cronograma<\/span><\/p>\n<table style=\"width: 99.83766233766234%\" width=\"100%\" cellspacing=\"0\" cellpadding=\"5\">\n<colgroup>\n<col width=\"148*\" \/>\n<col width=\"49*\" \/>\n<col width=\"59*\" \/><\/colgroup>\n<tbody>\n<tr style=\"height: 66px\">\n<td style=\"width: 75.1623%;text-align: center;height: 66px\">\n<p align=\"center\"><span style=\"font-family: arial, helvetica, sans-serif;font-size: 14pt\">Candidato<\/span><\/p>\n<\/td>\n<td style=\"width: 24.6753%;text-align: center;height: 66px\"><span style=\"font-family: arial, helvetica, sans-serif;font-size: 14pt\">hor\u00e1rio<\/span><\/td>\n<\/tr>\n<tr style=\"height: 66px\" valign=\"top\">\n<td style=\"width: 75.1623%;height: 66px\" width=\"58%\">\n<p align=\"center\"><span style=\"font-family: arial, helvetica, sans-serif;font-size: 14pt\">Andrei Rocha Furtado<\/span><\/p>\n<\/td>\n<td style=\"width: 24.6753%;height: 66px\" width=\"19%\"><span style=\"font-family: arial, helvetica, sans-serif;font-size: 14pt\">14:00 horas<\/span><\/td>\n<\/tr>\n<tr style=\"height: 67px\" valign=\"top\">\n<td style=\"width: 75.1623%;height: 67px\" width=\"58%\">\n<p align=\"center\"><span style=\"font-family: arial, helvetica, sans-serif;font-size: 14pt\">Bernardo Pinto Silveira<\/span><\/p>\n<\/td>\n<td style=\"width: 24.6753%;height: 67px\" width=\"19%\"><span style=\"font-family: arial, helvetica, sans-serif;font-size: 14pt\">14:30 horas<\/span><\/td>\n<\/tr>\n<tr style=\"height: 66px\" valign=\"top\">\n<td style=\"width: 75.1623%;height: 66px\" width=\"58%\">\n<p align=\"center\"><span style=\"font-family: arial, helvetica, sans-serif;font-size: 14pt\">Joabe Schmitt Farias<\/span><\/p>\n<\/td>\n<td style=\"width: 24.6753%;height: 66px\" width=\"19%\"><span style=\"font-family: arial, helvetica, sans-serif;font-size: 14pt\">15:00 horas<\/span><\/td>\n<\/tr>\n<tr style=\"height: 66px\" valign=\"top\">\n<td style=\"width: 75.1623%;height: 66px\" width=\"58%\">\n<p align=\"center\"><span style=\"font-family: arial, helvetica, sans-serif;font-size: 14pt\">Julia Pacheco Nunez<\/span><\/p>\n<\/td>\n<td style=\"width: 24.6753%;height: 66px\" width=\"19%\"><span style=\"font-family: arial, helvetica, sans-serif;font-size: 14pt\">15:30 horas<\/span><\/td>\n<\/tr>\n<tr style=\"height: 66px\" valign=\"top\">\n<td style=\"width: 75.1623%;height: 66px\" width=\"58%\">\n<p align=\"center\"><span style=\"font-family: arial, helvetica, sans-serif;font-size: 14pt\">Laine Bengo Soares Rosales<\/span><\/p>\n<\/td>\n<td style=\"width: 24.6753%;height: 66px\" width=\"19%\"><span style=\"font-family: arial, helvetica, sans-serif;font-size: 14pt\">16:00 horas<\/span><\/td>\n<\/tr>\n<tr style=\"height: 66px\" valign=\"top\">\n<td style=\"width: 75.1623%;height: 66px\" width=\"58%\">\n<p align=\"center\"><span style=\"font-family: arial, helvetica, sans-serif;font-size: 14pt\">Milena Guidotti<\/span><\/p>\n<\/td>\n<td style=\"width: 24.6753%;height: 66px\" width=\"19%\"><span style=\"font-family: arial, helvetica, sans-serif;font-size: 14pt\">16:30 horas<\/span><\/td>\n<\/tr>\n<tr style=\"height: 66px\" valign=\"top\">\n<td style=\"width: 75.1623%;height: 66px\" width=\"58%\">\n<p align=\"center\"><span style=\"font-family: arial, helvetica, sans-serif;font-size: 14pt\">Neilson Lopes de Sousa<\/span><\/p>\n<\/td>\n<td style=\"width: 24.6753%;height: 66px\" width=\"19%\"><span style=\"font-family: arial, helvetica, sans-serif;font-size: 14pt\">17:00 horas<\/span><\/td>\n<\/tr>\n<\/tbody>\n<\/table>\n<p><span style=\"font-family: arial, helvetica, sans-serif;font-size: 14pt\">############################<\/span><\/p>\n<p><span style=\"font-family: arial, helvetica, sans-serif;font-size: 14pt\"><strong>O Grupo PET-F\u00edsica torna p\u00fablico o edital para a sele\u00e7\u00e3o de novos petianos 2020-1\u00a0 (oito vagas)<\/strong><\/span><\/p>\n<p align=\"justify\"><span style=\"font-family: arial, helvetica, sans-serif;font-size: 14pt\">Edital para o preenchimento de 8<b> <\/b><b>(<\/b><b>oito<\/b><b>) <\/b>vagas, das quais <strong>04<\/strong><b> (<\/b><b>quatro<\/b><b>) na qualidade de bolsistas<\/b> (provimentos de R$ 400,00) e <strong>04<\/strong><b> (<\/b><b>quatro<\/b><b>) na qualidade <\/b><strong>de n\u00e3o bolsistas<\/strong>.<b> <\/b>Poder\u00e3o participar do processo acad\u00eamicos dos cursos de <u>Licenciatura em F\u00edsica <\/u><u>e<\/u><u> Bacharelado em F\u00edsica,<\/u> devidamente matriculados.<\/span><\/p>\n<p align=\"justify\"><span style=\"font-family: arial, helvetica, sans-serif;font-size: 14pt\">O per\u00edodo de inscri\u00e7\u00e3o \u00e9 de<strong> 25 \u00e0 29 de maio de 2020, at\u00e9 \u00e0s 23:59 horas.\u00a0<\/strong><\/span><\/p>\n<p align=\"justify\"><span style=\"font-family: arial, helvetica, sans-serif;font-size: 14pt\"><strong>A documenta\u00e7\u00e3o<\/strong> dever\u00e1 ser encaminhada em formato digital, em um <strong>\u00fanico arquivo<\/strong> pdf ou jpg para o e-mail <strong>petfisica@ufpel.edu.br<\/strong>, e n\u00e3o deve ultrapassar o total de <strong>3MB<\/strong>. No campo assunto: deve constar <strong>Sele\u00e7\u00e3o PET 01\/2020<\/strong> com o <strong>nome completo do candidato no corpo da mensagem<\/strong>, al\u00e9m dos documentos.<\/span><\/p>\n<p align=\"justify\"><span style=\"font-family: arial, helvetica, sans-serif;font-size: 14pt\">A <strong>Ficha de inscri\u00e7\u00e3o<\/strong> deve ser preenchida no google docs (<a href=\"https:\/\/forms.gle\/SECFwTRm7nxEdcN49\" target=\"_blank\" rel=\"noopener noreferrer\">Ficha de Inscri\u00e7\u00e3o<\/a>), com a <strong>documenta\u00e7\u00e3o encaminhada por e-mail<\/strong>, conforme item 1 do edital abaixo.<\/span><\/p>\n<p align=\"justify\"><span style=\"font-family: arial, helvetica, sans-serif;font-size: 14pt\">Para mais informa\u00e7\u00f5es, consultar o <strong>edital completo<\/strong>. (<a href=\"https:\/\/wp.ufpel.edu.br\/petfisica\/files\/2020\/05\/Fisica-edital_selecao-2020-1.pdf\" target=\"_blank\" rel=\"noopener noreferrer\">Edital-2020-1<\/a>)<\/span><\/p>\n<p align=\"justify\">\n","protected":false},"excerpt":{"rendered":"<p>Edital \u00a02020\/01 Resultado do Processo Seletivo Classifica\u00e7\u00e3o: 1 Julia Pacheco Nunez 2 Milena Guidotti 3 La\u00edne Bengo Soares Rosales 4 Andrei Rocha Furtado 5 Bernardo Pinto Silveira Os quatro primeiros colocados est\u00e3o habilitados a participar do PET com bolsa, o quinto colocado est\u00e1 habilitado SEM bolsa. Os aprovados devem manifestar interesse na vaga at\u00e9 o [&hellip;]<\/p>\n","protected":false},"author":684,"featured_media":0,"parent":1087,"menu_order":93,"comment_status":"closed","ping_status":"closed","template":"","meta":{"footnotes":""},"class_list":["post-1683","page","type-page","status-publish","hentry"],"_links":{"self":[{"href":"https:\/\/wp.ufpel.edu.br\/petfisica\/wp-json\/wp\/v2\/pages\/1683","targetHints":{"allow":["GET"]}}],"collection":[{"href":"https:\/\/wp.ufpel.edu.br\/petfisica\/wp-json\/wp\/v2\/pages"}],"about":[{"href":"https:\/\/wp.ufpel.edu.br\/petfisica\/wp-json\/wp\/v2\/types\/page"}],"author":[{"embeddable":true,"href":"https:\/\/wp.ufpel.edu.br\/petfisica\/wp-json\/wp\/v2\/users\/684"}],"replies":[{"embeddable":true,"href":"https:\/\/wp.ufpel.edu.br\/petfisica\/wp-json\/wp\/v2\/comments?post=1683"}],"version-history":[{"count":14,"href":"https:\/\/wp.ufpel.edu.br\/petfisica\/wp-json\/wp\/v2\/pages\/1683\/revisions"}],"predecessor-version":[{"id":1769,"href":"https:\/\/wp.ufpel.edu.br\/petfisica\/wp-json\/wp\/v2\/pages\/1683\/revisions\/1769"}],"up":[{"embeddable":true,"href":"https:\/\/wp.ufpel.edu.br\/petfisica\/wp-json\/wp\/v2\/pages\/1087"}],"wp:attachment":[{"href":"https:\/\/wp.ufpel.edu.br\/petfisica\/wp-json\/wp\/v2\/media?parent=1683"}],"curies":[{"name":"wp","href":"https:\/\/api.w.org\/{rel}","templated":true}]}}