{"id":1524,"date":"2020-05-15T16:31:47","date_gmt":"2020-05-15T19:31:47","guid":{"rendered":"https:\/\/wp.ufpel.edu.br\/petfisica\/?page_id=1524"},"modified":"2020-05-15T17:24:58","modified_gmt":"2020-05-15T20:24:58","slug":"identidade-visual","status":"publish","type":"page","link":"https:\/\/wp.ufpel.edu.br\/petfisica\/identidade-visual\/identidade-visual\/","title":{"rendered":"Identidade Visual"},"content":{"rendered":"<p><span style=\"font-family: arial, helvetica, sans-serif\">Identidade\u00a0visual do grupo PET F\u00edsica, desenvolvida pelo PET Artes Visuais.<\/span><\/p>\n<ul>\n<li><span style=\"font-family: arial, helvetica, sans-serif\"><strong>Logo PET F\u00edsica Preto Horizontal<br \/>\n<\/strong><\/span><\/li>\n<\/ul>\n<p><span style=\"font-family: arial, helvetica, sans-serif\"><img loading=\"lazy\" decoding=\"async\" class=\"alignnone size-medium wp-image-1462\" src=\"https:\/\/wp.ufpel.edu.br\/petfisica\/files\/2020\/03\/Pet-preto-horizontal-424x197.png\" alt=\"\" width=\"424\" height=\"197\" srcset=\"https:\/\/wp.ufpel.edu.br\/petfisica\/files\/2020\/03\/Pet-preto-horizontal-424x197.png 424w, https:\/\/wp.ufpel.edu.br\/petfisica\/files\/2020\/03\/Pet-preto-horizontal-212x98.png 212w, https:\/\/wp.ufpel.edu.br\/petfisica\/files\/2020\/03\/Pet-preto-horizontal-768x356.png 768w, https:\/\/wp.ufpel.edu.br\/petfisica\/files\/2020\/03\/Pet-preto-horizontal-1536x712.png 1536w, https:\/\/wp.ufpel.edu.br\/petfisica\/files\/2020\/03\/Pet-preto-horizontal-2048x949.png 2048w\" sizes=\"auto, (max-width: 424px) 100vw, 424px\" \/><\/span><\/p>\n<ul>\n<li><span style=\"font-family: arial, helvetica, sans-serif\"><strong>Logo PET F\u00edsica Preto Quadrado<br \/>\n<\/strong><\/span><\/li>\n<\/ul>\n<p><span style=\"font-family: arial, helvetica, sans-serif\"><img loading=\"lazy\" decoding=\"async\" class=\"alignnone size-medium wp-image-1463\" src=\"https:\/\/wp.ufpel.edu.br\/petfisica\/files\/2020\/03\/Pet-Preto-quadrado-318x318.png\" alt=\"\" width=\"318\" height=\"318\" srcset=\"https:\/\/wp.ufpel.edu.br\/petfisica\/files\/2020\/03\/Pet-Preto-quadrado-318x318.png 318w, https:\/\/wp.ufpel.edu.br\/petfisica\/files\/2020\/03\/Pet-Preto-quadrado-159x159.png 159w, https:\/\/wp.ufpel.edu.br\/petfisica\/files\/2020\/03\/Pet-Preto-quadrado-768x768.png 768w, https:\/\/wp.ufpel.edu.br\/petfisica\/files\/2020\/03\/Pet-Preto-quadrado-1536x1536.png 1536w, https:\/\/wp.ufpel.edu.br\/petfisica\/files\/2020\/03\/Pet-Preto-quadrado-2048x2048.png 2048w\" sizes=\"auto, (max-width: 318px) 100vw, 318px\" \/><\/span><\/p>\n<ul>\n<li><span style=\"font-family: arial, helvetica, sans-serif\"><strong>Logo PET F\u00edsica Branco Horizontal<br \/>\n<\/strong><\/span><\/li>\n<\/ul>\n<p><span style=\"font-family: arial, helvetica, sans-serif\"><img loading=\"lazy\" decoding=\"async\" class=\"alignnone size-medium wp-image-1589\" src=\"https:\/\/wp.ufpel.edu.br\/petfisica\/files\/2020\/05\/Pet-Branco-horizontal-400x185.png\" alt=\"\" width=\"400\" height=\"185\" srcset=\"https:\/\/wp.ufpel.edu.br\/petfisica\/files\/2020\/05\/Pet-Branco-horizontal-400x185.png 400w, https:\/\/wp.ufpel.edu.br\/petfisica\/files\/2020\/05\/Pet-Branco-horizontal-1024x475.png 1024w, https:\/\/wp.ufpel.edu.br\/petfisica\/files\/2020\/05\/Pet-Branco-horizontal-768x356.png 768w, https:\/\/wp.ufpel.edu.br\/petfisica\/files\/2020\/05\/Pet-Branco-horizontal-1536x712.png 1536w, https:\/\/wp.ufpel.edu.br\/petfisica\/files\/2020\/05\/Pet-Branco-horizontal-2048x949.png 2048w, https:\/\/wp.ufpel.edu.br\/petfisica\/files\/2020\/05\/Pet-Branco-horizontal-816x378.png 816w\" sizes=\"auto, (max-width: 400px) 100vw, 400px\" \/><\/span><\/p>\n<ul>\n<li><span style=\"font-family: arial, helvetica, sans-serif\"><strong>Logo PET F\u00edsica Branco Quadrado<\/strong><\/span><\/li>\n<\/ul>\n<p><span style=\"font-family: arial, helvetica, sans-serif\"><img loading=\"lazy\" decoding=\"async\" class=\"alignnone wp-image-1465\" src=\"https:\/\/wp.ufpel.edu.br\/petfisica\/files\/2020\/03\/Pet-Quadrado-branco-318x318.png\" alt=\"\" width=\"284\" height=\"284\" srcset=\"https:\/\/wp.ufpel.edu.br\/petfisica\/files\/2020\/03\/Pet-Quadrado-branco-318x318.png 318w, https:\/\/wp.ufpel.edu.br\/petfisica\/files\/2020\/03\/Pet-Quadrado-branco-159x159.png 159w, https:\/\/wp.ufpel.edu.br\/petfisica\/files\/2020\/03\/Pet-Quadrado-branco-768x768.png 768w, https:\/\/wp.ufpel.edu.br\/petfisica\/files\/2020\/03\/Pet-Quadrado-branco-1536x1536.png 1536w, https:\/\/wp.ufpel.edu.br\/petfisica\/files\/2020\/03\/Pet-Quadrado-branco-2048x2048.png 2048w\" sizes=\"auto, (max-width: 284px) 100vw, 284px\" \/><\/span><\/p>\n<ul>\n<li><span style=\"font-family: arial, helvetica, sans-serif\"><strong>Logo da Universidade Federal de Pelotas<\/strong><\/span><\/li>\n<\/ul>\n<p><span style=\"font-family: arial, helvetica, sans-serif\"><img loading=\"lazy\" decoding=\"async\" class=\"aligncenter wp-image-377 size-full\" src=\"https:\/\/wp.ufpel.edu.br\/petfisica\/files\/2016\/11\/logo.png\" alt=\"logo\" width=\"172\" height=\"174\" srcset=\"https:\/\/wp.ufpel.edu.br\/petfisica\/files\/2016\/11\/logo.png 172w, https:\/\/wp.ufpel.edu.br\/petfisica\/files\/2016\/11\/logo-157x159.png 157w\" sizes=\"auto, (max-width: 172px) 100vw, 172px\" \/><\/span><\/p>\n<ul>\n<li><span style=\"font-family: arial, helvetica, sans-serif\"><strong>Logo do Curso de Licenciatura em F\u00edsica<\/strong><\/span><\/li>\n<\/ul>\n<p><span style=\"font-family: arial, helvetica, sans-serif\"><strong><img loading=\"lazy\" decoding=\"async\" class=\"aligncenter wp-image-379\" src=\"https:\/\/wp.ufpel.edu.br\/petfisica\/files\/2016\/11\/Fisica-Logo-344x318.jpg\" alt=\"fisica-logo\" width=\"220\" height=\"204\" srcset=\"https:\/\/wp.ufpel.edu.br\/petfisica\/files\/2016\/11\/Fisica-Logo-344x318.jpg 344w, https:\/\/wp.ufpel.edu.br\/petfisica\/files\/2016\/11\/Fisica-Logo-172x159.jpg 172w, https:\/\/wp.ufpel.edu.br\/petfisica\/files\/2016\/11\/Fisica-Logo.jpg 400w\" sizes=\"auto, (max-width: 220px) 100vw, 220px\" \/><\/strong><\/span><\/p>\n<p>&nbsp;<\/p>\n<p><span style=\"font-family: arial, helvetica, sans-serif\">A antiga identidade visual do PET-F\u00edsica pode ser consultada <a href=\"https:\/\/wp.ufpel.edu.br\/petfisica\/2020\/03\/26\/antiga-identidade-visual\/\">aqui<\/a>.<\/span><\/p>\n","protected":false},"excerpt":{"rendered":"<p>Identidade\u00a0visual do grupo PET F\u00edsica, desenvolvida pelo PET Artes Visuais. Logo PET F\u00edsica Preto Horizontal Logo PET F\u00edsica Preto Quadrado Logo PET F\u00edsica Branco Horizontal Logo PET F\u00edsica Branco Quadrado Logo da Universidade Federal de Pelotas Logo do Curso de Licenciatura em F\u00edsica &nbsp; A antiga identidade visual do PET-F\u00edsica pode ser consultada aqui.<\/p>\n","protected":false},"author":684,"featured_media":0,"parent":360,"menu_order":0,"comment_status":"closed","ping_status":"closed","template":"","meta":{"footnotes":""},"class_list":["post-1524","page","type-page","status-publish","hentry"],"_links":{"self":[{"href":"https:\/\/wp.ufpel.edu.br\/petfisica\/wp-json\/wp\/v2\/pages\/1524","targetHints":{"allow":["GET"]}}],"collection":[{"href":"https:\/\/wp.ufpel.edu.br\/petfisica\/wp-json\/wp\/v2\/pages"}],"about":[{"href":"https:\/\/wp.ufpel.edu.br\/petfisica\/wp-json\/wp\/v2\/types\/page"}],"author":[{"embeddable":true,"href":"https:\/\/wp.ufpel.edu.br\/petfisica\/wp-json\/wp\/v2\/users\/684"}],"replies":[{"embeddable":true,"href":"https:\/\/wp.ufpel.edu.br\/petfisica\/wp-json\/wp\/v2\/comments?post=1524"}],"version-history":[{"count":4,"href":"https:\/\/wp.ufpel.edu.br\/petfisica\/wp-json\/wp\/v2\/pages\/1524\/revisions"}],"predecessor-version":[{"id":1590,"href":"https:\/\/wp.ufpel.edu.br\/petfisica\/wp-json\/wp\/v2\/pages\/1524\/revisions\/1590"}],"up":[{"embeddable":true,"href":"https:\/\/wp.ufpel.edu.br\/petfisica\/wp-json\/wp\/v2\/pages\/360"}],"wp:attachment":[{"href":"https:\/\/wp.ufpel.edu.br\/petfisica\/wp-json\/wp\/v2\/media?parent=1524"}],"curies":[{"name":"wp","href":"https:\/\/api.w.org\/{rel}","templated":true}]}}