{"id":1502,"date":"2020-05-15T14:36:08","date_gmt":"2020-05-15T17:36:08","guid":{"rendered":"https:\/\/wp.ufpel.edu.br\/petfisica\/?page_id=1502"},"modified":"2020-05-15T17:07:06","modified_gmt":"2020-05-15T20:07:06","slug":"programa-pet","status":"publish","type":"page","link":"https:\/\/wp.ufpel.edu.br\/petfisica\/identidade-visual\/programa-pet\/","title":{"rendered":"Programa PET"},"content":{"rendered":"<p style=\"text-align: justify\"><span style=\"font-family: arial, helvetica, sans-serif\">O Programa de Educa\u00e7\u00e3o Tutorial &#8211; PET foi institu\u00eddo pela Lei n\u00ba 11.180, de 23 de setembro de 2005, \u00e9 normatizado pelas portarias n\u00ba 976, de 27 de julho de 2010 e 343, de 24 de abril de 2013, do Minist\u00e9rio da Educa\u00e7\u00e3o. O programa \u00e9 norteado pela indissociabilidade entre ensino, pesquisa e extens\u00e3o, o qual, apresenta VIII objetivos gerais que visam a qualifica\u00e7\u00e3o de excel\u00eancia de natureza interdisciplinar\u00a0 como parte da forma\u00e7\u00e3o de qualidade dos estudantes do Grupo. Ainda, os objetivos do PET remetem a inova\u00e7\u00e3o de pr\u00e1ticas pedag\u00f3gicas e difus\u00e3o da educa\u00e7\u00e3o, com foco no respeito das diversidades espec\u00edficas\u00a0 de cada indiv\u00edduo como membro integrante do Programa.<\/span><\/p>\n<p style=\"text-align: justify\"><span style=\"font-family: arial, helvetica, sans-serif\"><strong>Objetivo Geral: <\/strong>Promover a forma\u00e7\u00e3o ampla e de qualidade acad\u00eamicas dos alunos de gradua\u00e7\u00e3o direta ou indiretamente com o programa, estimulando a fixa\u00e7\u00e3o de valores que reforcem a cidadania e a consci\u00eancia social de todos os participantes e a melhoria dos cursos de gradua\u00e7\u00e3o.<\/span><\/p>\n<p style=\"text-align: justify\"><span style=\"font-family: arial, helvetica, sans-serif\"><strong>Objetivos Espec\u00edficos:<\/strong><\/span><\/p>\n<ul style=\"text-align: justify\">\n<li style=\"text-align: justify\"><span style=\"font-family: arial, helvetica, sans-serif\">Formular novas estrat\u00e9gicas de desenvolvimentos e moderniza\u00e7\u00e3o do ensino superior no pa\u00eds.<\/span><\/li>\n<li style=\"text-align: justify\"><span style=\"font-family: arial, helvetica, sans-serif\">Estimular a melhoria do ensino de gradua\u00e7\u00e3o por meio:<\/span>\n<ol>\n<li style=\"text-align: justify\"><span style=\"font-family: arial, helvetica, sans-serif\">\u00a0do desenvolvimento de novas pr\u00e1ticas e experi\u00eancias pedag\u00f3gicas no \u00e2mbito do curso;<\/span><\/li>\n<li style=\"text-align: justify\"><span style=\"font-family: arial, helvetica, sans-serif\">\u00a0do desenvolvimento de a\u00e7\u00f5es que procurem integrar o ensino, a pesquisa e a extens\u00e3o;<\/span><\/li>\n<li style=\"text-align: justify\"><span style=\"font-family: arial, helvetica, sans-serif\">\u00a0da intera\u00e7\u00e3o dos bolsistas como agentes multiplicadores, disseminando novas ideias e pr\u00e1ticas entre o conjunto dos alunos do curso;<\/span><\/li>\n<li style=\"text-align: justify\"><span style=\"font-family: arial, helvetica, sans-serif\">\u00a0da intera\u00e7\u00e3o dos bolsistas do Programa com os corpos docentes e discentes da institui\u00e7\u00e3o, inclusive em n\u00edvel de p\u00f3s-gradua\u00e7\u00e3o, quando for o caso;<\/span><\/li>\n<li style=\"text-align: justify\"><span style=\"font-family: arial, helvetica, sans-serif\">da participa\u00e7\u00e3o em atividades caracter\u00edsticas de programas de p\u00f3s-gradua\u00e7\u00e3o;<\/span><\/li>\n<li style=\"text-align: justify\"><span style=\"font-family: arial, helvetica, sans-serif\">\u00a0do desenvolvimento de atividades que promovam o contato dos bolsistas e demais alunos do curso com a realidade social em que o grupo\/curso\/ ou IES estejam inseridos, estimulando o desenvolvimento de uma consci\u00eancia do papel do aluno\/curso\/IES perante a sociedade.<\/span><\/li>\n<\/ol>\n<\/li>\n<li><span style=\"font-family: arial, helvetica, sans-serif\">Oferecer uma forma\u00e7\u00e3o acad\u00eamica de excelente n\u00edvel, visando a forma\u00e7\u00e3o de um profissional cr\u00edtico e atuante, orientada pela cidadania e pela fun\u00e7\u00e3o social da educa\u00e7\u00e3o superior, por meio:<\/span>\n<ol>\n<li><span style=\"font-family: arial, helvetica, sans-serif\">\u00a0do desenvolvimento de a\u00e7\u00f5es coletivas e capacidade de trabalho em grupo;<\/span><\/li>\n<li><span style=\"font-family: arial, helvetica, sans-serif\">\u00a0da facilita\u00e7\u00e3o do dom\u00ednio dos processos e m\u00e9todos gerais e espec\u00edficos de investiga\u00e7\u00e3o, an\u00e1lise e atua\u00e7\u00e3o da \u00e1rea de conhecimento acad\u00eamico-profissional;<\/span><\/li>\n<li><span style=\"font-family: arial, helvetica, sans-serif\">\u00a0do envolvimentos dos bolsistas em tarefas e atividades que propiciem o aprender fazendo e refletindo sobre;<\/span><\/li>\n<li><span style=\"font-family: arial, helvetica, sans-serif\">\u00a0da discuss\u00e3o de temas \u00e9ticos, s\u00f3cio pol\u00edticos, cient\u00edficos e culturais relevantes para o Pa\u00eds e\/ou para o exerc\u00edcio profissional e para a constru\u00e7\u00e3o da cidadania;<\/span><\/li>\n<li><span style=\"font-family: arial, helvetica, sans-serif\">\u00a0da promo\u00e7\u00e3o da integra\u00e7\u00e3o da forma\u00e7\u00e3o acad\u00eamica com a futura atividade profissional, especialmente no caso da carreira universit\u00e1ria, atrav\u00e9s de intera\u00e7\u00e3o constante com o futuro ambiente profissional;<\/span><\/li>\n<li><span style=\"font-family: arial, helvetica, sans-serif\">\u00a0da participa\u00e7\u00e3o, com igual \u00eanfase, no ensino, na pesquisa e na extens\u00e3o.<\/span><\/li>\n<\/ol>\n<\/li>\n<\/ul>\n<p style=\"text-align: justify\"><span style=\"font-family: arial, helvetica, sans-serif\">O Grupo PET-F\u00edsica\u00a0 fica localizado no Departamento de F\u00edsica &#8211; IFM, no Campus UFPel Cap\u00e3o do Le\u00e3o.<\/span><\/p>\n<p style=\"text-align: justify\"><span style=\"font-family: arial, helvetica, sans-serif\"><a href=\"http:\/\/portal.mec.gov.br\/component\/docman\/?task=doc_download&amp;gid=338&amp;Itemid=\" target=\"_blank\" rel=\"noopener noreferrer\">Manual de Orienta\u00e7\u00f5es B\u00e1sicas do PET<\/a><\/span><\/p>\n<p style=\"text-align: justify\"><span style=\"font-family: arial, helvetica, sans-serif\"><a href=\"http:\/\/portal.mec.gov.br\/pet\/legislacao\" target=\"_blank\" rel=\"noopener noreferrer\">Legisla\u00e7\u00e3o PET<\/a><\/span><\/p>\n","protected":false},"excerpt":{"rendered":"<p>O Programa de Educa\u00e7\u00e3o Tutorial &#8211; PET foi institu\u00eddo pela Lei n\u00ba 11.180, de 23 de setembro de 2005, \u00e9 normatizado pelas portarias n\u00ba 976, de 27 de julho de 2010 e 343, de 24 de abril de 2013, do Minist\u00e9rio da Educa\u00e7\u00e3o. O programa \u00e9 norteado pela indissociabilidade entre ensino, pesquisa e extens\u00e3o, o [&hellip;]<\/p>\n","protected":false},"author":96,"featured_media":0,"parent":360,"menu_order":0,"comment_status":"closed","ping_status":"closed","template":"","meta":{"footnotes":""},"class_list":["post-1502","page","type-page","status-publish","hentry"],"_links":{"self":[{"href":"https:\/\/wp.ufpel.edu.br\/petfisica\/wp-json\/wp\/v2\/pages\/1502","targetHints":{"allow":["GET"]}}],"collection":[{"href":"https:\/\/wp.ufpel.edu.br\/petfisica\/wp-json\/wp\/v2\/pages"}],"about":[{"href":"https:\/\/wp.ufpel.edu.br\/petfisica\/wp-json\/wp\/v2\/types\/page"}],"author":[{"embeddable":true,"href":"https:\/\/wp.ufpel.edu.br\/petfisica\/wp-json\/wp\/v2\/users\/96"}],"replies":[{"embeddable":true,"href":"https:\/\/wp.ufpel.edu.br\/petfisica\/wp-json\/wp\/v2\/comments?post=1502"}],"version-history":[{"count":2,"href":"https:\/\/wp.ufpel.edu.br\/petfisica\/wp-json\/wp\/v2\/pages\/1502\/revisions"}],"predecessor-version":[{"id":1573,"href":"https:\/\/wp.ufpel.edu.br\/petfisica\/wp-json\/wp\/v2\/pages\/1502\/revisions\/1573"}],"up":[{"embeddable":true,"href":"https:\/\/wp.ufpel.edu.br\/petfisica\/wp-json\/wp\/v2\/pages\/360"}],"wp:attachment":[{"href":"https:\/\/wp.ufpel.edu.br\/petfisica\/wp-json\/wp\/v2\/media?parent=1502"}],"curies":[{"name":"wp","href":"https:\/\/api.w.org\/{rel}","templated":true}]}}