{"id":1402,"date":"2020-02-11T23:13:48","date_gmt":"2020-02-12T02:13:48","guid":{"rendered":"https:\/\/wp.ufpel.edu.br\/petfisica\/?page_id=1402"},"modified":"2020-05-15T16:51:29","modified_gmt":"2020-05-15T19:51:29","slug":"feiras-de-ciencias","status":"publish","type":"page","link":"https:\/\/wp.ufpel.edu.br\/petfisica\/atividades\/feiras-de-ciencias\/","title":{"rendered":"Feiras de Ci\u00eancias"},"content":{"rendered":"<p style=\"text-align: justify\"><span style=\"font-family: arial, helvetica, sans-serif\">No \u00faltimo ano, o grupo PET-F\u00edsica tem buscado ampliar suas atividades de extens\u00e3o, visando o desenvolvimento e qualifica\u00e7\u00e3o, tanto para os petianos quanto para sociedade, de atividades que conectem a academia com a comunidade. Buscando elaborar uma atividade, o grupo PET-F\u00edsica investigou junto \u00e0s escolas parceiras demandas acad\u00eamicas, em especial, relacionadas \u00e0 F\u00edsica. Foram identificadas demandas referentes a atividades que coloquem o aluno como agente ativo no desenvolvimento conceitual. Dessa investiga\u00e7\u00e3o e da rela\u00e7\u00e3o pessoal com os profissionais da rede de ensino b\u00e1sico, o grupo desenvolver\u00e1 a atividade intitulada Feira de Ci\u00eancias.<\/span><\/p>\n<p style=\"text-align: justify\"><span style=\"font-family: arial, helvetica, sans-serif\">O grupo PET-F\u00edsica, juntamente com as escolas parceiras, desenvolver\u00e1 feiras de ci\u00eancias nas escolas, de modo que, caber\u00e1 aos Petianos dar o apoio necess\u00e1rio para os alunos das escolas desenvolverem os experimentos propostos, e sempre que poss\u00edvel utilizando os roteiros j\u00e1 existentes no site do PET-F\u00edsica, como material de consulta inicial, oriundos de outra atividade (Banco de Experimentos), podendo ser consultado online no s\u00edtio do Grupo PET-F\u00edsica (wp.ufpel.edu.br\/petfisica). Os alunos das escolas se reunir\u00e3o frequentemente com os petianos nas escolas de origem, em hor\u00e1rios comuns, a fim de desenvolver o planejamento e execu\u00e7\u00e3o das feiras de ci\u00eancias.Durante a atividade, o aluno ser\u00e1 confrontado por quest\u00f5es conceituais f\u00edsicas e limita\u00e7\u00f5es experimentais, cabendo ao Petiano o desenvolvimento cient\u00edfico conceitual sobre esses temas bem como o refor\u00e7o da fun\u00e7\u00e3o do cientista,questionando os m\u00e9todos empregados e resultados obtidos, a fim de desenvolver o senso cr\u00edtico sobre as situa\u00e7\u00f5es.<\/span><\/p>\n<p><span style=\"font-family: arial, helvetica, sans-serif\">______________________________________________________________<\/span><\/p>\n<p>&nbsp;<\/p>\n<p style=\"text-align: center\"><strong>EM BREVE MAIS INFORMA\u00c7\u00d5ES<\/strong><\/p>\n","protected":false},"excerpt":{"rendered":"<p>No \u00faltimo ano, o grupo PET-F\u00edsica tem buscado ampliar suas atividades de extens\u00e3o, visando o desenvolvimento e qualifica\u00e7\u00e3o, tanto para os petianos quanto para sociedade, de atividades que conectem a academia com a comunidade. Buscando elaborar uma atividade, o grupo PET-F\u00edsica investigou junto \u00e0s escolas parceiras demandas acad\u00eamicas, em especial, relacionadas \u00e0 F\u00edsica. Foram identificadas [&hellip;]<\/p>\n","protected":false},"author":684,"featured_media":0,"parent":1251,"menu_order":0,"comment_status":"closed","ping_status":"closed","template":"","meta":{"footnotes":""},"class_list":["post-1402","page","type-page","status-publish","hentry"],"_links":{"self":[{"href":"https:\/\/wp.ufpel.edu.br\/petfisica\/wp-json\/wp\/v2\/pages\/1402","targetHints":{"allow":["GET"]}}],"collection":[{"href":"https:\/\/wp.ufpel.edu.br\/petfisica\/wp-json\/wp\/v2\/pages"}],"about":[{"href":"https:\/\/wp.ufpel.edu.br\/petfisica\/wp-json\/wp\/v2\/types\/page"}],"author":[{"embeddable":true,"href":"https:\/\/wp.ufpel.edu.br\/petfisica\/wp-json\/wp\/v2\/users\/684"}],"replies":[{"embeddable":true,"href":"https:\/\/wp.ufpel.edu.br\/petfisica\/wp-json\/wp\/v2\/comments?post=1402"}],"version-history":[{"count":2,"href":"https:\/\/wp.ufpel.edu.br\/petfisica\/wp-json\/wp\/v2\/pages\/1402\/revisions"}],"predecessor-version":[{"id":1537,"href":"https:\/\/wp.ufpel.edu.br\/petfisica\/wp-json\/wp\/v2\/pages\/1402\/revisions\/1537"}],"up":[{"embeddable":true,"href":"https:\/\/wp.ufpel.edu.br\/petfisica\/wp-json\/wp\/v2\/pages\/1251"}],"wp:attachment":[{"href":"https:\/\/wp.ufpel.edu.br\/petfisica\/wp-json\/wp\/v2\/media?parent=1402"}],"curies":[{"name":"wp","href":"https:\/\/api.w.org\/{rel}","templated":true}]}}