{"id":1398,"date":"2020-02-11T23:08:48","date_gmt":"2020-02-12T02:08:48","guid":{"rendered":"https:\/\/wp.ufpel.edu.br\/petfisica\/?page_id=1398"},"modified":"2021-03-29T11:05:17","modified_gmt":"2021-03-29T14:05:17","slug":"o-fisico-quer-saber","status":"publish","type":"page","link":"https:\/\/wp.ufpel.edu.br\/petfisica\/atividades\/o-fisico-quer-saber\/","title":{"rendered":"O F\u00edsico quer saber:"},"content":{"rendered":"<p style=\"text-align: justify\"><span style=\"font-family: arial, helvetica, sans-serif\">A atividade tem o objetivo de abordar temas e assuntos que n\u00e3o s\u00e3o formalmente apresentados nas disciplinas dos cursos de gradua\u00e7\u00e3o. Ela consiste em uma colet\u00e2nea de quest\u00f5es sugeridas por alunos dos cursos de Licenciatura e Bacharelado em F\u00edsica, que ser\u00e3o discutidas e apresentadas pelos Professores, P\u00f3s-docs e Doutorandos do Departamento de F\u00edsica, na forma de semin\u00e1rios mensais.<\/span><\/p>\n<p style=\"text-align: justify\"><span style=\"font-family: arial, helvetica, sans-serif\">O grupo consultar\u00e1 os discentes dos cursos de f\u00edsica para levantar assuntos de interesse. Os poss\u00edveis palestrantes poder\u00e3o escolher um dos assuntos propostos pelos discentes, a fim de realizar um semin\u00e1rio que abranja o tema escolhido, com uma dura\u00e7\u00e3o de at\u00e9 duas horas. Esses encontros ser\u00e3o realizados mensalmente e, al\u00e9m da quest\u00e3o cient\u00edfica, eles proporcionar\u00e3o um momento de intera\u00e7\u00e3o e troca de saberes entre a comunidade acad\u00eamica<\/span><\/p>\n<hr \/>\n<p><img loading=\"lazy\" decoding=\"async\" class=\"alignnone size-full wp-image-2061\" src=\"https:\/\/wp.ufpel.edu.br\/petfisica\/files\/2021\/03\/ofisicoquersaber.jpeg\" alt=\"\" width=\"1280\" height=\"981\" srcset=\"https:\/\/wp.ufpel.edu.br\/petfisica\/files\/2021\/03\/ofisicoquersaber.jpeg 1280w, https:\/\/wp.ufpel.edu.br\/petfisica\/files\/2021\/03\/ofisicoquersaber-400x307.jpeg 400w, https:\/\/wp.ufpel.edu.br\/petfisica\/files\/2021\/03\/ofisicoquersaber-1024x785.jpeg 1024w, https:\/\/wp.ufpel.edu.br\/petfisica\/files\/2021\/03\/ofisicoquersaber-768x589.jpeg 768w, https:\/\/wp.ufpel.edu.br\/petfisica\/files\/2021\/03\/ofisicoquersaber-816x625.jpeg 816w\" sizes=\"auto, (max-width: 1280px) 100vw, 1280px\" \/><\/p>\n<div dir=\"auto\">Em mais epis\u00f3dio da atividade &#8220;<span class=\"il\">O<\/span> <span class=\"il\">F\u00edsico<\/span> <span class=\"il\">quer<\/span> <span class=\"il\">saber<\/span>&#8220;, <span class=\"il\">o<\/span> Grupo PET-F\u00edsica traz como convidado <span class=\"il\">o<\/span> Prof. Dr. <strong>Wagner Tenfen<\/strong>, que abordar\u00e1 <span class=\"il\">o<\/span> tema <strong><span class=\"d2edcug0 hpfvmrgz qv66sw1b c1et5uql lr9zc1uh a8c37x1j keod5gw0 nxhoafnm aigsh9s9 d3f4x2em fe6kdd0r mau55g9w c8b282yb iv3no6db jq4qci2q a3bd9o3v knj5qynh oo9gr5id hzawbc8m\" dir=\"auto\">Bases experimentais da f\u00edsica moderna: alguns experimentos c\u00e9lebres e outros nem tanto<\/span><\/strong>.<\/div>\n<div dir=\"auto\"><\/div>\n<div dir=\"auto\">Nessa atividade, que vem sendo realizada desde 2019, os professores do Dep. de F\u00edsica respondem quest\u00f5es ou versam sobre temas propostos pelos estudantes dos cursos de F\u00edsica (Lic. e Bach.) da UFPel.<\/div>\n<div>\n<div dir=\"ltr\" data-smartmail=\"gmail_signature\">\n<div dir=\"ltr\">\n<div>\n<div dir=\"ltr\">\n<div>\n<div dir=\"ltr\">\n<div>\n<div dir=\"ltr\">\n<div>\n<div dir=\"ltr\">\n<div>\n<div dir=\"ltr\">\n<div>\n<div dir=\"ltr\">\n<div>\n<div dir=\"ltr\">\n<div>\n<div dir=\"ltr\">\n<div>\n<div dir=\"ltr\">\n<div>\n<div dir=\"ltr\">\n<div>\n<div dir=\"ltr\">\n<div>\n<div dir=\"ltr\">\n<div>\n<div dir=\"ltr\">\n<div>\n<div dir=\"ltr\">\n<div><\/div>\n<div>O encontro ocorrer\u00e1 no dia 31\/03\/2021, \u00e0s 18 horas, no facebook do PET-F\u00edsica (<a href=\"http:\/\/facebook.com\/ufpelpetfisica\" target=\"_blank\" rel=\"noopener noreferrer\" data-saferedirecturl=\"https:\/\/www.google.com\/url?q=http:\/\/facebook.com\/ufpelpetfisica&amp;source=gmail&amp;ust=1597884175723000&amp;usg=AFQjCNEGRc92g8ixd_1Fed6gVq8Hd1DpVg\">facebook.com\/ufpelpetfisica<\/a>)<\/div>\n<\/div>\n<\/div>\n<\/div>\n<\/div>\n<\/div>\n<\/div>\n<\/div>\n<\/div>\n<\/div>\n<\/div>\n<\/div>\n<\/div>\n<\/div>\n<\/div>\n<\/div>\n<\/div>\n<\/div>\n<\/div>\n<\/div>\n<\/div>\n<\/div>\n<\/div>\n<\/div>\n<\/div>\n<\/div>\n<\/div>\n<\/div>\n<\/div>\n<\/div>\n<\/div>\n<\/div>\n<p>&nbsp;<\/p>\n<hr \/>\n<p><img loading=\"lazy\" decoding=\"async\" class=\"alignnone size-full wp-image-1994\" src=\"https:\/\/wp.ufpel.edu.br\/petfisica\/files\/2020\/11\/Cartaz-fisico-quer-saber-rafael-scaled.jpg\" alt=\"\" width=\"2560\" height=\"1973\" srcset=\"https:\/\/wp.ufpel.edu.br\/petfisica\/files\/2020\/11\/Cartaz-fisico-quer-saber-rafael-scaled.jpg 2560w, https:\/\/wp.ufpel.edu.br\/petfisica\/files\/2020\/11\/Cartaz-fisico-quer-saber-rafael-400x308.jpg 400w, https:\/\/wp.ufpel.edu.br\/petfisica\/files\/2020\/11\/Cartaz-fisico-quer-saber-rafael-1024x789.jpg 1024w, https:\/\/wp.ufpel.edu.br\/petfisica\/files\/2020\/11\/Cartaz-fisico-quer-saber-rafael-768x592.jpg 768w, https:\/\/wp.ufpel.edu.br\/petfisica\/files\/2020\/11\/Cartaz-fisico-quer-saber-rafael-1536x1184.jpg 1536w, https:\/\/wp.ufpel.edu.br\/petfisica\/files\/2020\/11\/Cartaz-fisico-quer-saber-rafael-2048x1578.jpg 2048w, https:\/\/wp.ufpel.edu.br\/petfisica\/files\/2020\/11\/Cartaz-fisico-quer-saber-rafael-816x629.jpg 816w\" sizes=\"auto, (max-width: 2560px) 100vw, 2560px\" \/><\/p>\n<p>Em mais epis\u00f3dio da atividade &#8220;<span class=\"il\">O<\/span> <span class=\"il\">F\u00edsico<\/span> <span class=\"il\">quer<\/span> <span class=\"il\">saber<\/span>&#8220;, <span class=\"il\">o<\/span> Grupo PET-F\u00edsica traz como convidado <span class=\"il\">o<\/span> Prof. Dr.\u00a0<strong><span class=\"d2edcug0 hpfvmrgz qv66sw1b c1et5uql rrkovp55 a8c37x1j keod5gw0 nxhoafnm aigsh9s9 d3f4x2em fe6kdd0r mau55g9w c8b282yb iv3no6db jq4qci2q a3bd9o3v knj5qynh oo9gr5id hzawbc8m\" dir=\"auto\">Rafael Cavagnoli,<\/span><\/strong> que abordar\u00e1 <span class=\"il\">o<\/span> tema <strong><span class=\"d2edcug0 hpfvmrgz qv66sw1b c1et5uql rrkovp55 a8c37x1j keod5gw0 nxhoafnm aigsh9s9 d3f4x2em fe6kdd0r mau55g9w c8b282yb iv3no6db jq4qci2q a3bd9o3v knj5qynh oo9gr5id hzawbc8m\" dir=\"auto\">\u201cF\u00edsica Nuclear no C\u00e9u e na Terra\u201d<\/span>.<\/strong><\/p>\n<div dir=\"auto\">Nessa atividade, que vem sendo realizada desde 2019, os professores do Dep. de F\u00edsica respondem quest\u00f5es ou versam sobre temas propostos pelos estudantes dos cursos de F\u00edsica (Lic. e Bach.) da UFPel.<\/div>\n<div>\n<div dir=\"ltr\" data-smartmail=\"gmail_signature\">\n<div dir=\"ltr\">\n<div>\n<div dir=\"ltr\">\n<div>\n<div dir=\"ltr\">\n<div>\n<div dir=\"ltr\">\n<div>\n<div dir=\"ltr\">\n<div>\n<div dir=\"ltr\">\n<div>\n<div dir=\"ltr\">\n<div>\n<div dir=\"ltr\">\n<div>\n<div dir=\"ltr\">\n<div>\n<div dir=\"ltr\">\n<div>\n<div dir=\"ltr\">\n<div>\n<div dir=\"ltr\">\n<div>\n<div dir=\"ltr\">\n<div>\n<div dir=\"ltr\">\n<div>\n<div dir=\"ltr\">\n<div><\/div>\n<div>O encontro ocorrer\u00e1 no dia 17\/11\/2020, \u00e0s 18 horas, no facebook do PET-F\u00edsica (<a href=\"http:\/\/facebook.com\/ufpelpetfisica\" target=\"_blank\" rel=\"noopener noreferrer\" data-saferedirecturl=\"https:\/\/www.google.com\/url?q=http:\/\/facebook.com\/ufpelpetfisica&amp;source=gmail&amp;ust=1597884175723000&amp;usg=AFQjCNEGRc92g8ixd_1Fed6gVq8Hd1DpVg\">facebook.com\/ufpelpetfisica<\/a>)<\/div>\n<\/div>\n<\/div>\n<\/div>\n<\/div>\n<\/div>\n<\/div>\n<\/div>\n<\/div>\n<\/div>\n<\/div>\n<\/div>\n<\/div>\n<\/div>\n<\/div>\n<\/div>\n<\/div>\n<\/div>\n<\/div>\n<\/div>\n<\/div>\n<\/div>\n<\/div>\n<\/div>\n<\/div>\n<\/div>\n<\/div>\n<\/div>\n<\/div>\n<\/div>\n<\/div>\n<\/div>\n<hr \/>\n<p><img loading=\"lazy\" decoding=\"async\" class=\"alignnone size-full wp-image-1991\" src=\"https:\/\/wp.ufpel.edu.br\/petfisica\/files\/2020\/10\/120021140_3271236432968411_8031487623043493809_o.jpg\" alt=\"\" width=\"1280\" height=\"797\" srcset=\"https:\/\/wp.ufpel.edu.br\/petfisica\/files\/2020\/10\/120021140_3271236432968411_8031487623043493809_o.jpg 1280w, https:\/\/wp.ufpel.edu.br\/petfisica\/files\/2020\/10\/120021140_3271236432968411_8031487623043493809_o-400x249.jpg 400w, https:\/\/wp.ufpel.edu.br\/petfisica\/files\/2020\/10\/120021140_3271236432968411_8031487623043493809_o-1024x638.jpg 1024w, https:\/\/wp.ufpel.edu.br\/petfisica\/files\/2020\/10\/120021140_3271236432968411_8031487623043493809_o-768x478.jpg 768w, https:\/\/wp.ufpel.edu.br\/petfisica\/files\/2020\/10\/120021140_3271236432968411_8031487623043493809_o-816x508.jpg 816w\" sizes=\"auto, (max-width: 1280px) 100vw, 1280px\" \/><\/p>\n<div dir=\"auto\">Em mais epis\u00f3dio da atividade &#8220;<span class=\"il\">O<\/span> <span class=\"il\">F\u00edsico<\/span> <span class=\"il\">quer<\/span> <span class=\"il\">saber<\/span>&#8220;, <span class=\"il\">o<\/span> Grupo PET-F\u00edsica traz como convidado <span class=\"il\">o<\/span> Prof. Dr. <strong>\u00c1lvaro Leonardi Ayala Filho<\/strong>, que abordar\u00e1 <span class=\"il\">o<\/span> tema <b>F\u00edsica e Cosmologia na Antiguidade Grega<\/b>.<\/div>\n<div dir=\"auto\"><\/div>\n<div dir=\"auto\">Nessa atividade, que vem sendo realizada desde 2019, os professores do Dep. de F\u00edsica respondem quest\u00f5es ou versam sobre temas propostos pelos estudantes dos cursos de F\u00edsica (Lic. e Bach.) da UFPel.<\/div>\n<div>\n<div dir=\"ltr\" data-smartmail=\"gmail_signature\">\n<div dir=\"ltr\">\n<div>\n<div dir=\"ltr\">\n<div>\n<div dir=\"ltr\">\n<div>\n<div dir=\"ltr\">\n<div>\n<div dir=\"ltr\">\n<div>\n<div dir=\"ltr\">\n<div>\n<div dir=\"ltr\">\n<div>\n<div dir=\"ltr\">\n<div>\n<div dir=\"ltr\">\n<div>\n<div dir=\"ltr\">\n<div>\n<div dir=\"ltr\">\n<div>\n<div dir=\"ltr\">\n<div>\n<div dir=\"ltr\">\n<div>\n<div dir=\"ltr\">\n<div>\n<div dir=\"ltr\">\n<div><\/div>\n<div>O encontro ocorrer\u00e1 no dia 24\/09\/2020, \u00e0s 18 horas, no facebook do PET-F\u00edsica (<a href=\"http:\/\/facebook.com\/ufpelpetfisica\" target=\"_blank\" rel=\"noopener noreferrer\" data-saferedirecturl=\"https:\/\/www.google.com\/url?q=http:\/\/facebook.com\/ufpelpetfisica&amp;source=gmail&amp;ust=1597884175723000&amp;usg=AFQjCNEGRc92g8ixd_1Fed6gVq8Hd1DpVg\">facebook.com\/ufpelpetfisica<\/a>)<\/div>\n<\/div>\n<\/div>\n<\/div>\n<\/div>\n<\/div>\n<\/div>\n<\/div>\n<\/div>\n<\/div>\n<\/div>\n<\/div>\n<\/div>\n<\/div>\n<\/div>\n<\/div>\n<\/div>\n<\/div>\n<\/div>\n<\/div>\n<\/div>\n<\/div>\n<\/div>\n<\/div>\n<\/div>\n<\/div>\n<\/div>\n<\/div>\n<\/div>\n<\/div>\n<\/div>\n<\/div>\n<hr \/>\n<div><img loading=\"lazy\" decoding=\"async\" class=\"alignnone size-full wp-image-1979\" src=\"https:\/\/wp.ufpel.edu.br\/petfisica\/files\/2020\/08\/PET-Fisica-talk.jpeg\" alt=\"\" width=\"1280\" height=\"986\" srcset=\"https:\/\/wp.ufpel.edu.br\/petfisica\/files\/2020\/08\/PET-Fisica-talk.jpeg 1280w, https:\/\/wp.ufpel.edu.br\/petfisica\/files\/2020\/08\/PET-Fisica-talk-400x308.jpeg 400w, https:\/\/wp.ufpel.edu.br\/petfisica\/files\/2020\/08\/PET-Fisica-talk-1024x789.jpeg 1024w, https:\/\/wp.ufpel.edu.br\/petfisica\/files\/2020\/08\/PET-Fisica-talk-768x592.jpeg 768w, https:\/\/wp.ufpel.edu.br\/petfisica\/files\/2020\/08\/PET-Fisica-talk-816x629.jpeg 816w\" sizes=\"auto, (max-width: 1280px) 100vw, 1280px\" \/><\/div>\n<div>Convidamos a todos para mais um evento da atividade &#8220;O F\u00edsico quer saber&#8221;. Nesse encontro, haver\u00e1 uma conversa com os professores Dr. Jos\u00e9 Rafael Bordin e Dr. M\u00e1rio L\u00facio Moreira, que ir\u00e3o trazer exemplos de como f\u00edsicos experimentais e te\u00f3ricos t\u00eam atuado na pandemia de SarsCov2 e como os f\u00edsicos podem atuar na interface com a Medicina, em especial nesse momento de pandemia.<\/div>\n<div><\/div>\n<div>Nessa atividade, que vem sendo realizada desde 2019, os professores do Dep. de F\u00edsica respondem quest\u00f5es ou versam sobre temas propostos pelos estudantes dos cursos de F\u00edsica (Lic. e Bach.) da UFPel.<\/div>\n<div><\/div>\n<div>O encontro ocorrer\u00e1 no dia 19\/08\/2020, \u00e0s 18 horas, no facebook do PET-F\u00edsica (<a href=\"http:\/\/facebook.com\/ufpelpetfisica\" target=\"_blank\" rel=\"noopener noreferrer\" data-saferedirecturl=\"https:\/\/www.google.com\/url?q=http:\/\/facebook.com\/ufpelpetfisica&amp;source=gmail&amp;ust=1597884175723000&amp;usg=AFQjCNEGRc92g8ixd_1Fed6gVq8Hd1DpVg\">facebook.com\/ufpelpetfisica<\/a>)<\/div>\n<p><span style=\"font-family: arial, helvetica, sans-serif\">______________________________________________________________<\/span><\/p>\n<p><img loading=\"lazy\" decoding=\"async\" class=\"alignnone size-full wp-image-1963\" src=\"https:\/\/wp.ufpel.edu.br\/petfisica\/files\/2020\/07\/107767947_3059184784173578_9162165464823273106_o.jpg\" alt=\"\" width=\"960\" height=\"540\" srcset=\"https:\/\/wp.ufpel.edu.br\/petfisica\/files\/2020\/07\/107767947_3059184784173578_9162165464823273106_o.jpg 960w, https:\/\/wp.ufpel.edu.br\/petfisica\/files\/2020\/07\/107767947_3059184784173578_9162165464823273106_o-400x225.jpg 400w, https:\/\/wp.ufpel.edu.br\/petfisica\/files\/2020\/07\/107767947_3059184784173578_9162165464823273106_o-768x432.jpg 768w, https:\/\/wp.ufpel.edu.br\/petfisica\/files\/2020\/07\/107767947_3059184784173578_9162165464823273106_o-816x459.jpg 816w\" sizes=\"auto, (max-width: 960px) 100vw, 960px\" \/><\/p>\n<p style=\"text-align: justify\">Na primeira entrevista remota da atividade <strong>O F\u00edsico quer saber<\/strong>, temos a honra de apresentar a palestra do professor Dr. Victor Paulo Barros G<span class=\"text_exposed_show\">on\u00e7alves que abordar\u00e1 um dos temas mais requisitados, o semin\u00e1rio &#8220;Criando Buracos negros em laborat\u00f3rio&#8221;, que ocorrer\u00e1 no dia 15 de julho \u00e0s 18h, na p\u00e1gina do grupo no Facebook (<a class=\"profileLink\" href=\"https:\/\/www.facebook.com\/ufpelpetfisica\/?__tn__=K-R&amp;eid=ARA7Z-S51hQIASjwWoilEwrDXyb4S8gFqDLk_aUTQKTLuVRE3pZL_4YTvEfq-XjYyMBieGmuo9FEbGmO&amp;fref=mentions&amp;__xts__%5B0%5D=68.ARBryxV8XD2D42HZiDidHgDH5f9jYMntZUtlz25nO4RQB4IKpJq9EVXEQKifQCdwR3cuFMqqFObyHr1Pa419R60Mlarxf-idIAyvsw9GHCmvjViNTN2g2Nk5swZAfpNw3v3WoAGoHzu0YQV3R1RqHdtMKpjlpxgiVBooGac3OTX3uwdEsMkXrtYXxywOrQe7M-O2Fp51TbUXDhughPu2jiMO3tk2KWQK3kC2AIjTFYz6CuwLl8ZvjL_jKUh4uK9ajdfervl_rjunT-y9zrXfRvuMEND-HAQWkf18ohMXNG98ix9Kei_Gj03_d5DTkny5LjEScfcwATopHIY1I0rxt0YsKA\" data-hovercard=\"\/ajax\/hovercard\/page.php?id=454939297931486&amp;extragetparams=%7B%22__tn__%22%3A%22%2CdK-R-R%22%2C%22eid%22%3A%22ARA7Z-S51hQIASjwWoilEwrDXyb4S8gFqDLk_aUTQKTLuVRE3pZL_4YTvEfq-XjYyMBieGmuo9FEbGmO%22%2C%22fref%22%3A%22mentions%22%7D\" data-hovercard-prefer-more-content-show=\"1\">PET-F\u00edsica UFPel<\/a>).<\/span><\/p>\n<div dir=\"ltr\">\n<div>\n<div style=\"text-align: justify\">Segundo o professor Victor, &#8220;Neste semin\u00e1rio revisaremos os conceitos b\u00e1sicos de F\u00edsica de Part\u00edculas e discutiremos as dificuldades existentes para a inclus\u00e3o da for\u00e7a gravitacional no <span id=\"v1gmail-m_7382068856406808364gmail-doi-url\">Modelo Padr\u00e3o. Apresentaremos o modelo de Dimens\u00f5es Extras Grandes, o qual busca unificar a gravidade ao Modelo Padr\u00e3o atrav\u00e9s da proposi\u00e7\u00e3o da exist\u00eancia na Natureza de novas dimens\u00f5es espaciais, as quais estariam compactadas e somente poderiam ser observadas em escalas de energia muito al\u00e9m daquelas presentes no nosso dia-a-dia. Por fim, discutiremos uma das consequ\u00eancias mais chocantes deste modelo: a possibilidade de criarmos um Buraco Negro na colis\u00e3o entre pr\u00f3tons no Grande Colisor de H\u00e1drons.&#8221;<\/span><\/div>\n<\/div>\n<\/div>\n<p>&nbsp;<\/p>\n<p>&nbsp;<\/p>\n","protected":false},"excerpt":{"rendered":"<p>A atividade tem o objetivo de abordar temas e assuntos que n\u00e3o s\u00e3o formalmente apresentados nas disciplinas dos cursos de gradua\u00e7\u00e3o. Ela consiste em uma colet\u00e2nea de quest\u00f5es sugeridas por alunos dos cursos de Licenciatura e Bacharelado em F\u00edsica, que ser\u00e3o discutidas e apresentadas pelos Professores, P\u00f3s-docs e Doutorandos do Departamento de F\u00edsica, na forma [&hellip;]<\/p>\n","protected":false},"author":684,"featured_media":0,"parent":1251,"menu_order":0,"comment_status":"closed","ping_status":"closed","template":"","meta":{"footnotes":""},"class_list":["post-1398","page","type-page","status-publish","hentry"],"_links":{"self":[{"href":"https:\/\/wp.ufpel.edu.br\/petfisica\/wp-json\/wp\/v2\/pages\/1398","targetHints":{"allow":["GET"]}}],"collection":[{"href":"https:\/\/wp.ufpel.edu.br\/petfisica\/wp-json\/wp\/v2\/pages"}],"about":[{"href":"https:\/\/wp.ufpel.edu.br\/petfisica\/wp-json\/wp\/v2\/types\/page"}],"author":[{"embeddable":true,"href":"https:\/\/wp.ufpel.edu.br\/petfisica\/wp-json\/wp\/v2\/users\/684"}],"replies":[{"embeddable":true,"href":"https:\/\/wp.ufpel.edu.br\/petfisica\/wp-json\/wp\/v2\/comments?post=1398"}],"version-history":[{"count":8,"href":"https:\/\/wp.ufpel.edu.br\/petfisica\/wp-json\/wp\/v2\/pages\/1398\/revisions"}],"predecessor-version":[{"id":2063,"href":"https:\/\/wp.ufpel.edu.br\/petfisica\/wp-json\/wp\/v2\/pages\/1398\/revisions\/2063"}],"up":[{"embeddable":true,"href":"https:\/\/wp.ufpel.edu.br\/petfisica\/wp-json\/wp\/v2\/pages\/1251"}],"wp:attachment":[{"href":"https:\/\/wp.ufpel.edu.br\/petfisica\/wp-json\/wp\/v2\/media?parent=1398"}],"curies":[{"name":"wp","href":"https:\/\/api.w.org\/{rel}","templated":true}]}}