{"id":1396,"date":"2020-02-11T23:07:22","date_gmt":"2020-02-12T02:07:22","guid":{"rendered":"https:\/\/wp.ufpel.edu.br\/petfisica\/?page_id=1396"},"modified":"2020-05-15T16:51:14","modified_gmt":"2020-05-15T19:51:14","slug":"ciencia-no-bar","status":"publish","type":"page","link":"https:\/\/wp.ufpel.edu.br\/petfisica\/atividades\/ciencia-no-bar\/","title":{"rendered":"Ci\u00eancia no bar"},"content":{"rendered":"<p style=\"text-align: justify\"><span style=\"font-family: arial, helvetica, sans-serif\">A divulga\u00e7\u00e3o cient\u00edfica tem motivado a\u00e7\u00f5es em diferentes aspectos, um dos eventos que tem ocorrido em car\u00e1ter global \u00e9 a atividade internacional &#8220;Pint of science&#8221;. Motivados por essa iniciativa o grupo PET planeja realizar a atividade &#8220;Ci\u00eancia no Bar&#8221;. Esse evento que tem como proposta levar para a comunidade pesquisas que s\u00e3o feitas dentro do ambiente acad\u00eamico.<\/span><\/p>\n<p style=\"text-align: justify\"><span style=\"font-family: arial, helvetica, sans-serif\">O Grupo PET participar\u00e1 do planejamento e organiza\u00e7\u00e3o do Ci\u00eancia no Bar, que \u00e9 uma iniciativa do Prof. Jos\u00e9 Rafael Bordin, e que no ano de 2020 contar\u00e1 com o apoio do PET-F\u00edsica. O evento ocorrer\u00e1 em um bar no mercado p\u00fablico da cidade de Pelotas, durante o per\u00edodo de tr\u00eas dias, com cronograma e hor\u00e1rios a definir.<\/span><\/p>\n<p><span style=\"font-family: arial, helvetica, sans-serif\">______________________________________________________________<\/span><\/p>\n<p>&nbsp;<\/p>\n<p style=\"text-align: center\"><strong>EM BREVE MAIS INFORMA\u00c7\u00d5ES<\/strong><\/p>\n","protected":false},"excerpt":{"rendered":"<p>A divulga\u00e7\u00e3o cient\u00edfica tem motivado a\u00e7\u00f5es em diferentes aspectos, um dos eventos que tem ocorrido em car\u00e1ter global \u00e9 a atividade internacional &#8220;Pint of science&#8221;. Motivados por essa iniciativa o grupo PET planeja realizar a atividade &#8220;Ci\u00eancia no Bar&#8221;. Esse evento que tem como proposta levar para a comunidade pesquisas que s\u00e3o feitas dentro do [&hellip;]<\/p>\n","protected":false},"author":684,"featured_media":0,"parent":1251,"menu_order":0,"comment_status":"closed","ping_status":"closed","template":"","meta":{"footnotes":""},"class_list":["post-1396","page","type-page","status-publish","hentry"],"_links":{"self":[{"href":"https:\/\/wp.ufpel.edu.br\/petfisica\/wp-json\/wp\/v2\/pages\/1396","targetHints":{"allow":["GET"]}}],"collection":[{"href":"https:\/\/wp.ufpel.edu.br\/petfisica\/wp-json\/wp\/v2\/pages"}],"about":[{"href":"https:\/\/wp.ufpel.edu.br\/petfisica\/wp-json\/wp\/v2\/types\/page"}],"author":[{"embeddable":true,"href":"https:\/\/wp.ufpel.edu.br\/petfisica\/wp-json\/wp\/v2\/users\/684"}],"replies":[{"embeddable":true,"href":"https:\/\/wp.ufpel.edu.br\/petfisica\/wp-json\/wp\/v2\/comments?post=1396"}],"version-history":[{"count":2,"href":"https:\/\/wp.ufpel.edu.br\/petfisica\/wp-json\/wp\/v2\/pages\/1396\/revisions"}],"predecessor-version":[{"id":1536,"href":"https:\/\/wp.ufpel.edu.br\/petfisica\/wp-json\/wp\/v2\/pages\/1396\/revisions\/1536"}],"up":[{"embeddable":true,"href":"https:\/\/wp.ufpel.edu.br\/petfisica\/wp-json\/wp\/v2\/pages\/1251"}],"wp:attachment":[{"href":"https:\/\/wp.ufpel.edu.br\/petfisica\/wp-json\/wp\/v2\/media?parent=1396"}],"curies":[{"name":"wp","href":"https:\/\/api.w.org\/{rel}","templated":true}]}}