{"id":1393,"date":"2020-02-11T23:04:49","date_gmt":"2020-02-12T02:04:49","guid":{"rendered":"https:\/\/wp.ufpel.edu.br\/petfisica\/?page_id=1393"},"modified":"2021-11-16T21:10:07","modified_gmt":"2021-11-17T00:10:07","slug":"minicursos-do-pet","status":"publish","type":"page","link":"https:\/\/wp.ufpel.edu.br\/petfisica\/atividades\/minicursos-do-pet\/","title":{"rendered":"Minicursos do PET"},"content":{"rendered":"<p style=\"text-align: justify\"><span style=\"font-family: arial, helvetica, sans-serif\">Como uma proposta de amplia\u00e7\u00e3o da forma\u00e7\u00e3o acad\u00eamica sobre conte\u00fados que n\u00e3o s\u00e3o tradicionalmente contemplados nos projetos pedag\u00f3gicos dos Cursos de F\u00edsica da UFPel, o grupo PET proporcionar\u00e1 um conjunto de minicursos sobre temas espec\u00edficos que visam a complementa\u00e7\u00e3o da forma\u00e7\u00e3o discente.<\/span><\/p>\n<p style=\"text-align: justify\"><span style=\"font-family: arial, helvetica, sans-serif\">Os minicursos ser\u00e3o realizados ao longo do ano de 2020 e incluir\u00e3o assuntos envolvendo matem\u00e1tica, f\u00edsica e \u00e1reas afins. Ser\u00e3o convidados ministrantes locais e de outras regi\u00f5es para desenvolver os cursos de curta dura\u00e7\u00e3o. Por exemplo, est\u00e3o previstos os cursos de Escrita Cient\u00edfica &#8211; LaTeX, introdu\u00e7\u00e3o ao Beamer, Sistemas n\u00e3o Lineares, Introdu\u00e7\u00e3o ao Linux, wxmaxima, entre outros. O grupo buscar\u00e1 junto a administra\u00e7\u00e3o da Universidade maneiras de viabilizar a participa\u00e7\u00e3o do p\u00fablico externo a Universidade.<\/span><\/p>\n<p>&nbsp;<\/p>\n<p><a href=\"https:\/\/wp.ufpel.edu.br\/petfisica\/atividades\/minicursos-do-pet\/minicurso-de-escrita-cientifica-latex-2021\/\">Minicurso de Escrita Cient\u00edfica &#8211; LaTeX (2021)<\/a><\/p>\n<p><a href=\"https:\/\/wp.ufpel.edu.br\/petfisica\/atividades\/minicursos-do-pet\/latex-2019\/\">Minicurso de Escrita Cient\u00edfica &#8211; LaTeX (2019)<\/a><\/p>\n<p><span style=\"font-family: arial, helvetica, sans-serif\">______________________________________________________________<\/span><\/p>\n<p>&nbsp;<\/p>\n<p style=\"text-align: center\"><span style=\"font-family: arial, helvetica, sans-serif\"><strong><span style=\"font-size: 14pt\">EM BREVE MAIS INFORMA\u00c7\u00d5ES<\/span><\/strong><\/span><\/p>\n<p>&nbsp;<\/p>\n","protected":false},"excerpt":{"rendered":"<p>Como uma proposta de amplia\u00e7\u00e3o da forma\u00e7\u00e3o acad\u00eamica sobre conte\u00fados que n\u00e3o s\u00e3o tradicionalmente contemplados nos projetos pedag\u00f3gicos dos Cursos de F\u00edsica da UFPel, o grupo PET proporcionar\u00e1 um conjunto de minicursos sobre temas espec\u00edficos que visam a complementa\u00e7\u00e3o da forma\u00e7\u00e3o discente. Os minicursos ser\u00e3o realizados ao longo do ano de 2020 e incluir\u00e3o assuntos [&hellip;]<\/p>\n","protected":false},"author":684,"featured_media":0,"parent":1251,"menu_order":0,"comment_status":"closed","ping_status":"closed","template":"","meta":{"footnotes":""},"class_list":["post-1393","page","type-page","status-publish","hentry"],"_links":{"self":[{"href":"https:\/\/wp.ufpel.edu.br\/petfisica\/wp-json\/wp\/v2\/pages\/1393","targetHints":{"allow":["GET"]}}],"collection":[{"href":"https:\/\/wp.ufpel.edu.br\/petfisica\/wp-json\/wp\/v2\/pages"}],"about":[{"href":"https:\/\/wp.ufpel.edu.br\/petfisica\/wp-json\/wp\/v2\/types\/page"}],"author":[{"embeddable":true,"href":"https:\/\/wp.ufpel.edu.br\/petfisica\/wp-json\/wp\/v2\/users\/684"}],"replies":[{"embeddable":true,"href":"https:\/\/wp.ufpel.edu.br\/petfisica\/wp-json\/wp\/v2\/comments?post=1393"}],"version-history":[{"count":5,"href":"https:\/\/wp.ufpel.edu.br\/petfisica\/wp-json\/wp\/v2\/pages\/1393\/revisions"}],"predecessor-version":[{"id":2281,"href":"https:\/\/wp.ufpel.edu.br\/petfisica\/wp-json\/wp\/v2\/pages\/1393\/revisions\/2281"}],"up":[{"embeddable":true,"href":"https:\/\/wp.ufpel.edu.br\/petfisica\/wp-json\/wp\/v2\/pages\/1251"}],"wp:attachment":[{"href":"https:\/\/wp.ufpel.edu.br\/petfisica\/wp-json\/wp\/v2\/media?parent=1393"}],"curies":[{"name":"wp","href":"https:\/\/api.w.org\/{rel}","templated":true}]}}