{"id":1371,"date":"2019-12-04T15:48:17","date_gmt":"2019-12-04T18:48:17","guid":{"rendered":"https:\/\/wp.ufpel.edu.br\/petfisica\/?page_id=1371"},"modified":"2021-07-21T12:43:50","modified_gmt":"2021-07-21T15:43:50","slug":"fotos-de-atividades-ate-2019","status":"publish","type":"page","link":"https:\/\/wp.ufpel.edu.br\/petfisica\/fotos-2\/fotos-de-atividades-ate-2019\/","title":{"rendered":"Fotos de atividades at\u00e9 2019"},"content":{"rendered":"<p style=\"text-align: center\"><span style=\"font-family: arial, helvetica, sans-serif;font-size: 14pt\">Oficina Col\u00e9gio Mun. Pelotense &#8211; nov. 2018<\/span><\/p>\n<p><span style=\"font-family: arial, helvetica, sans-serif;font-size: 14pt\"><img loading=\"lazy\" decoding=\"async\" class=\"aligncenter wp-image-1048 size-full\" src=\"https:\/\/wp.ufpel.edu.br\/petfisica\/files\/2019\/02\/20181110_101116.jpg\" alt=\"\" width=\"4128\" height=\"3096\" srcset=\"https:\/\/wp.ufpel.edu.br\/petfisica\/files\/2019\/02\/20181110_101116.jpg 4128w, https:\/\/wp.ufpel.edu.br\/petfisica\/files\/2019\/02\/20181110_101116-212x159.jpg 212w, https:\/\/wp.ufpel.edu.br\/petfisica\/files\/2019\/02\/20181110_101116-424x318.jpg 424w, https:\/\/wp.ufpel.edu.br\/petfisica\/files\/2019\/02\/20181110_101116-768x576.jpg 768w\" sizes=\"auto, (max-width: 4128px) 100vw, 4128px\" \/><\/span><\/p>\n<h2><span style=\"font-family: arial, helvetica, sans-serif;font-size: 14pt\">Oficina Pr\u00e9-vestibular Desafio novembro de 2018<\/span><\/h2>\n<p><span style=\"font-family: arial, helvetica, sans-serif;font-size: 14pt\"><img loading=\"lazy\" decoding=\"async\" class=\"aligncenter wp-image-1045 size-full\" src=\"https:\/\/wp.ufpel.edu.br\/petfisica\/files\/2019\/02\/20181108_195710-e1550581023561.jpg\" alt=\"\" width=\"2747\" height=\"2060\" \/><\/span><\/p>\n<p><span style=\"font-family: arial, helvetica, sans-serif;font-size: 14pt\"><img loading=\"lazy\" decoding=\"async\" class=\"alignnone size-full wp-image-1717\" src=\"https:\/\/wp.ufpel.edu.br\/petfisica\/files\/2020\/05\/IMG-20190503-WA0026.jpg\" alt=\"\" width=\"1032\" height=\"774\" srcset=\"https:\/\/wp.ufpel.edu.br\/petfisica\/files\/2020\/05\/IMG-20190503-WA0026.jpg 1032w, https:\/\/wp.ufpel.edu.br\/petfisica\/files\/2020\/05\/IMG-20190503-WA0026-400x300.jpg 400w, https:\/\/wp.ufpel.edu.br\/petfisica\/files\/2020\/05\/IMG-20190503-WA0026-1024x768.jpg 1024w, https:\/\/wp.ufpel.edu.br\/petfisica\/files\/2020\/05\/IMG-20190503-WA0026-768x576.jpg 768w, https:\/\/wp.ufpel.edu.br\/petfisica\/files\/2020\/05\/IMG-20190503-WA0026-816x612.jpg 816w\" sizes=\"auto, (max-width: 1032px) 100vw, 1032px\" \/><\/span><\/p>\n<h2><span style=\"font-family: arial, helvetica, sans-serif;font-size: 14pt\">Apresenta\u00e7\u00e3o SIIEPE 2018<\/span><\/h2>\n<p><span style=\"font-family: arial, helvetica, sans-serif;font-size: 14pt\"><img loading=\"lazy\" decoding=\"async\" class=\"aligncenter wp-image-1043 size-full\" src=\"https:\/\/wp.ufpel.edu.br\/petfisica\/files\/2019\/02\/20181026_143326-e1550581144883.jpg\" alt=\"\" width=\"2746\" height=\"2060\" \/><\/span><\/p>\n<p><span style=\"font-family: arial, helvetica, sans-serif;font-size: 14pt\">Grupo PET-F\u00edsica &#8211; outubro &#8211; 2017<\/span><\/p>\n<p><span style=\"font-family: arial, helvetica, sans-serif;font-size: 14pt\"><img loading=\"lazy\" decoding=\"async\" class=\"aligncenter wp-image-672 size-full\" src=\"https:\/\/wp.ufpel.edu.br\/petfisica\/files\/2016\/08\/IMG_1304.jpg\" alt=\"\" width=\"2746\" height=\"1831\" srcset=\"https:\/\/wp.ufpel.edu.br\/petfisica\/files\/2016\/08\/IMG_1304.jpg 2746w, https:\/\/wp.ufpel.edu.br\/petfisica\/files\/2016\/08\/IMG_1304-212x141.jpg 212w, https:\/\/wp.ufpel.edu.br\/petfisica\/files\/2016\/08\/IMG_1304-424x283.jpg 424w, https:\/\/wp.ufpel.edu.br\/petfisica\/files\/2016\/08\/IMG_1304-768x512.jpg 768w\" sizes=\"auto, (max-width: 2746px) 100vw, 2746px\" \/><\/span><\/p>\n<h2><span style=\"font-family: arial, helvetica, sans-serif;font-size: 14pt\">2\u00b0 Semana Acad\u00eamica Integrada da F\u00edsica<\/span><\/h2>\n<p><img loading=\"lazy\" decoding=\"async\" class=\"alignnone size-full wp-image-1783\" src=\"https:\/\/wp.ufpel.edu.br\/petfisica\/files\/2020\/06\/IMG_0713-scaled.jpg\" alt=\"\" width=\"2560\" height=\"1434\" \/><\/p>\n<h2><span style=\"font-family: arial, helvetica, sans-serif;font-size: 14pt\">SulPET &#8211; 2017 &#8211; UFSC<\/span><\/h2>\n<p><span style=\"font-family: arial, helvetica, sans-serif;font-size: 14pt\"><img loading=\"lazy\" decoding=\"async\" class=\"aligncenter wp-image-480 size-full\" src=\"https:\/\/wp.ufpel.edu.br\/petfisica\/files\/2016\/08\/IMG-20170424-WA0002.jpg\" alt=\"\" width=\"1280\" height=\"959\" srcset=\"https:\/\/wp.ufpel.edu.br\/petfisica\/files\/2016\/08\/IMG-20170424-WA0002.jpg 1280w, https:\/\/wp.ufpel.edu.br\/petfisica\/files\/2016\/08\/IMG-20170424-WA0002-212x159.jpg 212w, https:\/\/wp.ufpel.edu.br\/petfisica\/files\/2016\/08\/IMG-20170424-WA0002-424x318.jpg 424w, https:\/\/wp.ufpel.edu.br\/petfisica\/files\/2016\/08\/IMG-20170424-WA0002-768x575.jpg 768w\" sizes=\"auto, (max-width: 1280px) 100vw, 1280px\" \/><\/span><\/p>\n<p><span style=\"font-family: arial, helvetica, sans-serif;font-size: 14pt\"><a href=\"https:\/\/wp.ufpel.edu.br\/petfisica\/2020\/06\/16\/sulpet-2017-ufsc\/\">Mais fotos dispon\u00edveis aqui<\/a><\/span><\/p>\n<h2><span style=\"font-family: arial, helvetica, sans-serif;font-size: 14pt\">Churrasco de Final de Ano (10\/12\/2016)<\/span><\/h2>\n<p><span style=\"font-family: arial, helvetica, sans-serif;font-size: 14pt\"><img loading=\"lazy\" decoding=\"async\" class=\"aligncenter wp-image-385 size-full\" src=\"https:\/\/wp.ufpel.edu.br\/petfisica\/files\/2016\/08\/IMG-20161217-WA0002.jpg\" alt=\"img-20161217-wa0002\" width=\"1280\" height=\"960\" srcset=\"https:\/\/wp.ufpel.edu.br\/petfisica\/files\/2016\/08\/IMG-20161217-WA0002.jpg 1280w, https:\/\/wp.ufpel.edu.br\/petfisica\/files\/2016\/08\/IMG-20161217-WA0002-212x159.jpg 212w, https:\/\/wp.ufpel.edu.br\/petfisica\/files\/2016\/08\/IMG-20161217-WA0002-424x318.jpg 424w, https:\/\/wp.ufpel.edu.br\/petfisica\/files\/2016\/08\/IMG-20161217-WA0002-768x576.jpg 768w\" sizes=\"auto, (max-width: 1280px) 100vw, 1280px\" \/><\/span><\/p>\n<p><span style=\"font-family: arial, helvetica, sans-serif;font-size: 14pt\"><img loading=\"lazy\" decoding=\"async\" class=\"aligncenter wp-image-388 size-full\" src=\"https:\/\/wp.ufpel.edu.br\/petfisica\/files\/2016\/08\/IMG-20161217-WA0000.jpg\" alt=\"img-20161217-wa0000\" width=\"1280\" height=\"960\" srcset=\"https:\/\/wp.ufpel.edu.br\/petfisica\/files\/2016\/08\/IMG-20161217-WA0000.jpg 1280w, https:\/\/wp.ufpel.edu.br\/petfisica\/files\/2016\/08\/IMG-20161217-WA0000-212x159.jpg 212w, https:\/\/wp.ufpel.edu.br\/petfisica\/files\/2016\/08\/IMG-20161217-WA0000-424x318.jpg 424w, https:\/\/wp.ufpel.edu.br\/petfisica\/files\/2016\/08\/IMG-20161217-WA0000-768x576.jpg 768w\" sizes=\"auto, (max-width: 1280px) 100vw, 1280px\" \/><\/span><\/p>\n<h2><span style=\"font-family: arial, helvetica, sans-serif;font-size: 14pt\">Visita T\u00e9cnica &#8211; 09\/09\/2016 (F\u00edsica M\u00e9dica &#8211; FURG)<\/span><\/h2>\n<p><span style=\"font-family: arial, helvetica, sans-serif;font-size: 14pt\"><img loading=\"lazy\" decoding=\"async\" class=\"aligncenter wp-image-284 size-full\" src=\"https:\/\/wp.ufpel.edu.br\/petfisica\/files\/2016\/08\/IMG_3739.jpg\" alt=\"img_3739\" width=\"1600\" height=\"1200\" srcset=\"https:\/\/wp.ufpel.edu.br\/petfisica\/files\/2016\/08\/IMG_3739.jpg 1600w, https:\/\/wp.ufpel.edu.br\/petfisica\/files\/2016\/08\/IMG_3739-212x159.jpg 212w, https:\/\/wp.ufpel.edu.br\/petfisica\/files\/2016\/08\/IMG_3739-424x318.jpg 424w, https:\/\/wp.ufpel.edu.br\/petfisica\/files\/2016\/08\/IMG_3739-768x576.jpg 768w\" sizes=\"auto, (max-width: 1600px) 100vw, 1600px\" \/><\/span><\/p>\n<p><a href=\"https:\/\/wp.ufpel.edu.br\/petfisica\/2020\/06\/16\/visita-tecnica-09-09-2016-fisica-medica-furg\/\"><span style=\"font-family: arial, helvetica, sans-serif\">Mais fotos dispon\u00edveis aqui<\/span><\/a><\/p>\n<h2><span style=\"font-family: arial, helvetica, sans-serif;font-size: 14pt\">Oficina e Feira de Profiss\u00f5es 07\/08\/2016 e 15\/09\/2016 (Desafio Pr\u00e9-Vestibular)<\/span><\/h2>\n<p><span style=\"font-family: arial, helvetica, sans-serif;font-size: 14pt\"><img loading=\"lazy\" decoding=\"async\" class=\"aligncenter wp-image-95 size-full\" src=\"https:\/\/wp.ufpel.edu.br\/petfisica\/files\/2016\/08\/IMG_9112-e1474245640884.jpg\" alt=\"IMG_9112\" width=\"1600\" height=\"1067\" \/><\/span><\/p>\n<p><a href=\"https:\/\/wp.ufpel.edu.br\/petfisica\/2020\/06\/16\/oficina-07-08-2016-desafio-pre-vestibular\/\">Mais fotos dispon\u00edveis aqui<\/a><\/p>\n","protected":false},"excerpt":{"rendered":"<p>Oficina Col\u00e9gio Mun. Pelotense &#8211; nov. 2018 Oficina Pr\u00e9-vestibular Desafio novembro de 2018 Apresenta\u00e7\u00e3o SIIEPE 2018 Grupo PET-F\u00edsica &#8211; outubro &#8211; 2017 2\u00b0 Semana Acad\u00eamica Integrada da F\u00edsica SulPET &#8211; 2017 &#8211; UFSC Mais fotos dispon\u00edveis aqui Churrasco de Final de Ano (10\/12\/2016) Visita T\u00e9cnica &#8211; 09\/09\/2016 (F\u00edsica M\u00e9dica &#8211; FURG) Mais fotos dispon\u00edveis aqui [&hellip;]<\/p>\n","protected":false},"author":684,"featured_media":0,"parent":1373,"menu_order":99,"comment_status":"closed","ping_status":"closed","template":"","meta":{"footnotes":""},"class_list":["post-1371","page","type-page","status-publish","hentry"],"_links":{"self":[{"href":"https:\/\/wp.ufpel.edu.br\/petfisica\/wp-json\/wp\/v2\/pages\/1371","targetHints":{"allow":["GET"]}}],"collection":[{"href":"https:\/\/wp.ufpel.edu.br\/petfisica\/wp-json\/wp\/v2\/pages"}],"about":[{"href":"https:\/\/wp.ufpel.edu.br\/petfisica\/wp-json\/wp\/v2\/types\/page"}],"author":[{"embeddable":true,"href":"https:\/\/wp.ufpel.edu.br\/petfisica\/wp-json\/wp\/v2\/users\/684"}],"replies":[{"embeddable":true,"href":"https:\/\/wp.ufpel.edu.br\/petfisica\/wp-json\/wp\/v2\/comments?post=1371"}],"version-history":[{"count":10,"href":"https:\/\/wp.ufpel.edu.br\/petfisica\/wp-json\/wp\/v2\/pages\/1371\/revisions"}],"predecessor-version":[{"id":2176,"href":"https:\/\/wp.ufpel.edu.br\/petfisica\/wp-json\/wp\/v2\/pages\/1371\/revisions\/2176"}],"up":[{"embeddable":true,"href":"https:\/\/wp.ufpel.edu.br\/petfisica\/wp-json\/wp\/v2\/pages\/1373"}],"wp:attachment":[{"href":"https:\/\/wp.ufpel.edu.br\/petfisica\/wp-json\/wp\/v2\/media?parent=1371"}],"curies":[{"name":"wp","href":"https:\/\/api.w.org\/{rel}","templated":true}]}}