{"id":1293,"date":"2019-11-26T21:00:15","date_gmt":"2019-11-27T00:00:15","guid":{"rendered":"https:\/\/wp.ufpel.edu.br\/petfisica\/?page_id=1293"},"modified":"2020-05-15T17:07:53","modified_gmt":"2020-05-15T20:07:53","slug":"edital-n-03-2019-2","status":"publish","type":"page","link":"https:\/\/wp.ufpel.edu.br\/petfisica\/selecao-de-bolsistas-2\/edital-n-03-2019-2\/","title":{"rendered":"Edital N\u00b0 03\/2019-2"},"content":{"rendered":"<p><span style=\"font-family: arial, helvetica, sans-serif;font-size: 14pt\"><strong>Sele\u00e7\u00e3o de novos petianos Edital 2019-3<\/strong><\/span><\/p>\n<p><span style=\"font-family: arial, helvetica, sans-serif;font-size: 14pt\"><strong>RESULTADO FINAL (por ordem alfab\u00e9tica)<\/strong><\/span><\/p>\n<p><span style=\"font-family: arial, helvetica, sans-serif;font-size: 14pt\">Os aprovados devem comparecer na sala do grupo PET-F\u00edsica, dia 04\/12\/2019 \u00e0s 13:00 horas.<\/span><\/p>\n<p><span style=\"font-family: arial, helvetica, sans-serif;font-size: 14pt\">Alfredo Achterberg Sanchotene Pacheco<\/span><\/p>\n<p><span style=\"font-family: arial, helvetica, sans-serif;font-size: 14pt\">Lu\u00eds Felipe Eslab\u00e3o Maescki<\/span><\/p>\n<p><span style=\"font-family: arial, helvetica, sans-serif;font-size: 14pt\">______________________________________________________________<\/span><\/p>\n<p><span style=\"font-family: arial, helvetica, sans-serif;font-size: 14pt\"><strong>Inscri\u00e7\u00f5es homologadas<br \/>\n<\/strong>Alfredo Achterberg Sanchotene Pacheco<\/span><br \/>\n<span style=\"font-family: arial, helvetica, sans-serif;font-size: 14pt\">Lu\u00eds Felipe Eslab\u00e3o Maescki<\/span><\/p>\n<p align=\"justify\"><span style=\"font-family: arial, helvetica, sans-serif;font-size: 14pt\"><strong>ATEN\u00c7\u00c3O<\/strong><\/span><\/p>\n<p align=\"justify\"><span style=\"font-family: arial, helvetica, sans-serif;font-size: 14pt\"><strong>As entrevistas ser\u00e3o realizadas na sala do grupo PET-F\u00edsica (sala 101, no pr\u00e9dio 16 do IFM). Dia 02\/12 (Segunda-feira).<\/strong><\/span><\/p>\n<p align=\"justify\"><span style=\"font-family: arial, helvetica, sans-serif;font-size: 14pt\">Os candidatos devem estar presentes na sala do grupo \u00e0s 13:00 horas.<\/span><\/p>\n<p align=\"justify\"><span style=\"font-family: arial, helvetica, sans-serif;font-size: 14pt\">\u2014\u2014\u2014\u2014\u2014\u2014\u2014\u2014\u2014\u2014\u2014\u2014\u2014\u2014\u2014\u2014\u2014\u2014\u2014\u2014\u2014\u2014\u2014\u2014\u2014\u2014\u2014\u2014\u2014\u2014\u2014\u2014\u2014\u2014<\/span><\/p>\n<p><span style=\"font-family: arial, helvetica, sans-serif;font-size: 14pt\"><strong>O Grupo PET-F\u00edsica torna p\u00fablico o edital para a sele\u00e7\u00e3o de novos petianos 2019 \u2013 3 (tr\u00eas vagas)<\/strong><\/span><\/p>\n<p align=\"justify\"><span style=\"font-family: arial, helvetica, sans-serif;font-size: 14pt\">Edital para o preenchimento de <strong>3 (<\/strong><b>tr\u00eas<\/b><b>) <\/b>vagas, das quais <strong>02<\/strong><b> (<\/b><b>duas<\/b><b>) na qualidade de bolsistas<\/b> (provimentos de R$ 400,00).<b> <\/b>Poder\u00e3o participar do processo acad\u00eamicos dos cursos de <u>Licenciatura em F\u00edsica <\/u><u>e<\/u><u> Bacharelado em F\u00edsica,<\/u> devidamente matriculados.<\/span><\/p>\n<p><span style=\"font-family: arial, helvetica, sans-serif;font-size: 14pt\"><strong>As inscri\u00e7\u00f5es devem ser realizadas na sala do grupo PET-F\u00edsica (sala 101, no pr\u00e9dio 16 do IFM).<\/strong> <strong>No per\u00edodo entre 25 de novembro \u00e0 29 de novembro de 2019 das 8:30h \u00e0s 17h.<\/strong><\/span><\/p>\n<p><span style=\"font-family: arial, helvetica, sans-serif;font-size: 14pt\">Para mais informa\u00e7\u00f5es, consultar o edital completo. (<a href=\"https:\/\/wp.ufpel.edu.br\/petfisica\/files\/2019\/11\/Fisica-edital_selecao-2019-3.pdf\">Edital-2019-3<\/a>)<\/span><\/p>\n","protected":false},"excerpt":{"rendered":"<p>Sele\u00e7\u00e3o de novos petianos Edital 2019-3 RESULTADO FINAL (por ordem alfab\u00e9tica) Os aprovados devem comparecer na sala do grupo PET-F\u00edsica, dia 04\/12\/2019 \u00e0s 13:00 horas. Alfredo Achterberg Sanchotene Pacheco Lu\u00eds Felipe Eslab\u00e3o Maescki ______________________________________________________________ Inscri\u00e7\u00f5es homologadas Alfredo Achterberg Sanchotene Pacheco Lu\u00eds Felipe Eslab\u00e3o Maescki ATEN\u00c7\u00c3O As entrevistas ser\u00e3o realizadas na sala do grupo PET-F\u00edsica (sala [&hellip;]<\/p>\n","protected":false},"author":684,"featured_media":0,"parent":1087,"menu_order":94,"comment_status":"closed","ping_status":"closed","template":"","meta":{"footnotes":""},"class_list":["post-1293","page","type-page","status-publish","hentry"],"_links":{"self":[{"href":"https:\/\/wp.ufpel.edu.br\/petfisica\/wp-json\/wp\/v2\/pages\/1293","targetHints":{"allow":["GET"]}}],"collection":[{"href":"https:\/\/wp.ufpel.edu.br\/petfisica\/wp-json\/wp\/v2\/pages"}],"about":[{"href":"https:\/\/wp.ufpel.edu.br\/petfisica\/wp-json\/wp\/v2\/types\/page"}],"author":[{"embeddable":true,"href":"https:\/\/wp.ufpel.edu.br\/petfisica\/wp-json\/wp\/v2\/users\/684"}],"replies":[{"embeddable":true,"href":"https:\/\/wp.ufpel.edu.br\/petfisica\/wp-json\/wp\/v2\/comments?post=1293"}],"version-history":[{"count":7,"href":"https:\/\/wp.ufpel.edu.br\/petfisica\/wp-json\/wp\/v2\/pages\/1293\/revisions"}],"predecessor-version":[{"id":1575,"href":"https:\/\/wp.ufpel.edu.br\/petfisica\/wp-json\/wp\/v2\/pages\/1293\/revisions\/1575"}],"up":[{"embeddable":true,"href":"https:\/\/wp.ufpel.edu.br\/petfisica\/wp-json\/wp\/v2\/pages\/1087"}],"wp:attachment":[{"href":"https:\/\/wp.ufpel.edu.br\/petfisica\/wp-json\/wp\/v2\/media?parent=1293"}],"curies":[{"name":"wp","href":"https:\/\/api.w.org\/{rel}","templated":true}]}}