{"id":1254,"date":"2019-10-25T10:48:52","date_gmt":"2019-10-25T13:48:52","guid":{"rendered":"https:\/\/wp.ufpel.edu.br\/petfisica\/?page_id=1254"},"modified":"2021-11-16T21:06:23","modified_gmt":"2021-11-17T00:06:23","slug":"latex-2019","status":"publish","type":"page","link":"https:\/\/wp.ufpel.edu.br\/petfisica\/atividades\/minicursos-do-pet\/latex-2019\/","title":{"rendered":"Minicurso de Escrita Cient\u00edfica &#8211; LaTeX (2019)"},"content":{"rendered":"<p><span style=\"font-family: arial, helvetica, sans-serif\">Curso de LaTeX<\/span><\/p>\n<p><span style=\"font-family: arial, helvetica, sans-serif\">Material : <a href=\"https:\/\/wp.ufpel.edu.br\/petfisica\/files\/2019\/10\/Curso-Part1-1.pdf\">Curso primeira parte<\/a>, <a href=\"https:\/\/wp.ufpel.edu.br\/petfisica\/files\/2019\/11\/MiniCurso___LaTeX_pt2.pdf\">segunda parte<\/a><\/span><\/p>\n<p><span style=\"font-family: arial, helvetica, sans-serif\">Material de apoio: <a href=\"https:\/\/wp.ufpel.edu.br\/petfisica\/files\/2019\/10\/Caracteres-1.pdf\">Material de apoio<\/a><\/span><\/p>\n<p><span style=\"font-family: arial, helvetica, sans-serif\">Atividade 1:\u00a0<a href=\"https:\/\/wp.ufpel.edu.br\/petfisica\/files\/2019\/11\/Atividade_1___MiniCurso__slide_.pdf\">Atividade 1<\/a>, <a href=\"https:\/\/wp.ufpel.edu.br\/petfisica\/files\/2019\/11\/Atividade_1.2_MiniCurso.pdf\">parte dois.<\/a><\/span><\/p>\n<p><span style=\"font-family: arial, helvetica, sans-serif\">O curso ser\u00e1 as segundas, quartas e sextas, das 18:00 \u00e0s 20:00 horas<\/span><\/p>\n<p><span style=\"font-family: arial, helvetica, sans-serif\">Come\u00e7ando dia 30\/10\/2019 at\u00e9 20\/11\/19<\/span><\/p>\n<p><span style=\"font-family: arial, helvetica, sans-serif\">Local: sala 113 do pr\u00e9dio 16.<\/span><\/p>\n<p><span class=\"\" style=\"font-family: arial, helvetica, sans-serif\"> <label id=\"j_id63:codigoLabel\" class=\" codigoRecuperacao\" title=\"E13A2843\" for=\"j_id63:codigo\"> &#8212;&#8212;&#8212;&#8212;&#8212;&#8212;&#8212;&#8212;&#8212;&#8212;&#8212;&#8212;&#8212;&#8212;&#8212;&#8212;&#8212;&#8212;&#8212;&#8212;&#8212;&#8212;&#8212;&#8212;&#8212;&#8212;&#8212;&#8212;&#8212;&#8212;&#8212;&#8212;&#8212;&#8212;&#8212;&#8212;&#8212;&#8212;-<span id=\"j_id63:codigo\" class=\"espaco codigoRecuperacao\"><\/span><\/label><\/span><\/p>\n<p>&nbsp;<\/p>\n<h3><span style=\"font-family: times new roman, times, serif\"><strong>Curso de Introdu\u00e7\u00e3o ao LaTex e escrita cient\u00edfica do PET-F\u00edsica (2016)<\/strong><\/span><\/h3>\n<p><span style=\"font-family: arial, helvetica, sans-serif\">Certificados (<a href=\"https:\/\/wp.ufpel.edu.br\/petfisica\/files\/2017\/08\/certificados_Latex-2016.zip\">Download<\/a>)<\/span><\/p>\n","protected":false},"excerpt":{"rendered":"<p>Curso de LaTeX Material : Curso primeira parte, segunda parte Material de apoio: Material de apoio Atividade 1:\u00a0Atividade 1, parte dois. O curso ser\u00e1 as segundas, quartas e sextas, das 18:00 \u00e0s 20:00 horas Come\u00e7ando dia 30\/10\/2019 at\u00e9 20\/11\/19 Local: sala 113 do pr\u00e9dio 16. &#8212;&#8212;&#8212;&#8212;&#8212;&#8212;&#8212;&#8212;&#8212;&#8212;&#8212;&#8212;&#8212;&#8212;&#8212;&#8212;&#8212;&#8212;&#8212;&#8212;&#8212;&#8212;&#8212;&#8212;&#8212;&#8212;&#8212;&#8212;&#8212;&#8212;&#8212;&#8212;&#8212;&#8212;&#8212;&#8212;&#8212;&#8212;- &nbsp; Curso de Introdu\u00e7\u00e3o ao LaTex e escrita cient\u00edfica [&hellip;]<\/p>\n","protected":false},"author":96,"featured_media":0,"parent":1393,"menu_order":0,"comment_status":"closed","ping_status":"closed","template":"","meta":{"footnotes":""},"class_list":["post-1254","page","type-page","status-publish","hentry"],"_links":{"self":[{"href":"https:\/\/wp.ufpel.edu.br\/petfisica\/wp-json\/wp\/v2\/pages\/1254","targetHints":{"allow":["GET"]}}],"collection":[{"href":"https:\/\/wp.ufpel.edu.br\/petfisica\/wp-json\/wp\/v2\/pages"}],"about":[{"href":"https:\/\/wp.ufpel.edu.br\/petfisica\/wp-json\/wp\/v2\/types\/page"}],"author":[{"embeddable":true,"href":"https:\/\/wp.ufpel.edu.br\/petfisica\/wp-json\/wp\/v2\/users\/96"}],"replies":[{"embeddable":true,"href":"https:\/\/wp.ufpel.edu.br\/petfisica\/wp-json\/wp\/v2\/comments?post=1254"}],"version-history":[{"count":11,"href":"https:\/\/wp.ufpel.edu.br\/petfisica\/wp-json\/wp\/v2\/pages\/1254\/revisions"}],"predecessor-version":[{"id":2277,"href":"https:\/\/wp.ufpel.edu.br\/petfisica\/wp-json\/wp\/v2\/pages\/1254\/revisions\/2277"}],"up":[{"embeddable":true,"href":"https:\/\/wp.ufpel.edu.br\/petfisica\/wp-json\/wp\/v2\/pages\/1393"}],"wp:attachment":[{"href":"https:\/\/wp.ufpel.edu.br\/petfisica\/wp-json\/wp\/v2\/media?parent=1254"}],"curies":[{"name":"wp","href":"https:\/\/api.w.org\/{rel}","templated":true}]}}