{"id":1217,"date":"2019-09-19T12:01:01","date_gmt":"2019-09-19T15:01:01","guid":{"rendered":"https:\/\/wp.ufpel.edu.br\/petfisica\/?page_id=1217"},"modified":"2025-10-09T22:21:24","modified_gmt":"2025-10-10T01:21:24","slug":"semana-de-previas","status":"publish","type":"page","link":"https:\/\/wp.ufpel.edu.br\/petfisica\/atividades\/semana-de-previas\/","title":{"rendered":"Semana De Pr\u00e9vias"},"content":{"rendered":"<p style=\"text-align: justify;\"><span style=\"font-family: arial, helvetica, sans-serif;\">A atividade consiste em encontros entre alunos de gradua\u00e7\u00e3o, dos cursos de Licenciatura e Bacharelado em F\u00edsica, e de p\u00f3s-gradua\u00e7\u00e3o, que ir\u00e3o apresentar trabalhos na Semana Integrada de Inova\u00e7\u00e3o, Pesquisa, Ensino e Extens\u00e3o (SIIEPE) da UFPel. Nesses encontros os alunos apresentam seus trabalhos \u00e0 comunidade acad\u00eamica, em particular aos professores ligados ao Departamento de F\u00edsica. O grupo PET-F\u00ecsica organizador da atividade, realiza o interm\u00e9dio convidando os professores do Dep. de F\u00edsica para compor uma mesa de discuss\u00e3o que comentar\u00e1 os trabalhos apresentados pelos discentes dos cursos do IFM. A mesa tecer\u00e1 coment\u00e1rios e sugest\u00f5es com o objetivo de qualificar os trabalhos apresentados. Os discentes interessados apresentar\u00e3o seus trabalhos na forma de ensaios para a mesa de discuss\u00e3o assim como poder\u00e3o assistir as apresenta\u00e7\u00f5es dos colegas. Cada aluno ter\u00e1 o tempo de 10 (dez) minutos para a apresenta\u00e7\u00e3o do trabalho, com slides; e outros 10 (dez) minutos dedicados a discuss\u00f5es e sugest\u00f5es.<\/span><\/p>\n<hr \/>\n<p style=\"text-align: center;\"><span style=\"font-size: 18pt; font-family: times new roman, times, serif;\"><strong>Edi\u00e7\u00e3o 2025<\/strong><\/span><\/p>\n<p><img loading=\"lazy\" decoding=\"async\" class=\"size-full wp-image-3261 aligncenter\" src=\"https:\/\/wp.ufpel.edu.br\/petfisica\/files\/2025\/10\/Preparatorio-para.png\" alt=\"\" width=\"500\" height=\"500\" srcset=\"https:\/\/wp.ufpel.edu.br\/petfisica\/files\/2025\/10\/Preparatorio-para.png 500w, https:\/\/wp.ufpel.edu.br\/petfisica\/files\/2025\/10\/Preparatorio-para-400x400.png 400w, https:\/\/wp.ufpel.edu.br\/petfisica\/files\/2025\/10\/Preparatorio-para-200x200.png 200w, https:\/\/wp.ufpel.edu.br\/petfisica\/files\/2025\/10\/Preparatorio-para-88x88.png 88w\" sizes=\"auto, (max-width: 500px) 100vw, 500px\" \/><\/p>\n<p>Link do formul\u00e1rio da Semana de Pr\u00e9vias: <a href=\"https:\/\/forms.gle\/qFsfv5xKpo6omRV5A\">https:\/\/forms.gle\/qFsfv5xKpo6omRV5A<\/a><\/p>\n<hr \/>\n<p style=\"text-align: center;\"><span style=\"color: #000000;\"><a style=\"color: #000000;\" href=\"https:\/\/wp.ufpel.edu.br\/petfisica\/fotos-2\/fotos-do-2024\/semana-de-previas-2024\/\"><span style=\"font-size: 18pt; font-family: times new roman, times, serif;\"><strong>Edi\u00e7\u00e3o 2024<\/strong><\/span><\/a><\/span><\/p>\n<p><img loading=\"lazy\" decoding=\"async\" class=\"wp-image-2868 size-medium aligncenter\" src=\"https:\/\/wp.ufpel.edu.br\/petfisica\/files\/2024\/11\/semana-de-previas-2024-400x400.png\" alt=\"\" width=\"400\" height=\"400\" srcset=\"https:\/\/wp.ufpel.edu.br\/petfisica\/files\/2024\/11\/semana-de-previas-2024-400x400.png 400w, https:\/\/wp.ufpel.edu.br\/petfisica\/files\/2024\/11\/semana-de-previas-2024-1024x1024.png 1024w, https:\/\/wp.ufpel.edu.br\/petfisica\/files\/2024\/11\/semana-de-previas-2024-200x200.png 200w, https:\/\/wp.ufpel.edu.br\/petfisica\/files\/2024\/11\/semana-de-previas-2024-768x768.png 768w, https:\/\/wp.ufpel.edu.br\/petfisica\/files\/2024\/11\/semana-de-previas-2024-88x88.png 88w, https:\/\/wp.ufpel.edu.br\/petfisica\/files\/2024\/11\/semana-de-previas-2024-816x816.png 816w, https:\/\/wp.ufpel.edu.br\/petfisica\/files\/2024\/11\/semana-de-previas-2024.png 1080w\" sizes=\"auto, (max-width: 400px) 100vw, 400px\" \/><\/p>\n<p>Link do formul\u00e1rio da Semana de Pr\u00e9vias: <a href=\"https:\/\/docs.google.com\/forms\/d\/e\/1FAIpQLSfEESwix9wkcXXzEo9Vkmp9cPe9tqxd-GyO2GF7FJIzcHAbWw\/viewform?usp=sf_link\">https:\/\/docs.google.com\/forms\/d\/e\/1FAIpQLSfEESwix9wkcXXzEo9Vkmp9cPe9tqxd-GyO2GF7FJIzcHAbWw\/viewform?usp=sf_link<\/a><\/p>\n<hr \/>\n<p style=\"text-align: center;\"><span style=\"font-size: 18pt; font-family: times new roman, times, serif;\"><strong>Edi\u00e7\u00e3o 2019<\/strong><\/span><\/p>\n<p><span style=\"font-family: arial, helvetica, sans-serif;\"><img loading=\"lazy\" decoding=\"async\" class=\"wp-image-1218 aligncenter\" src=\"https:\/\/wp.ufpel.edu.br\/petfisica\/files\/2019\/09\/e444370d-8611-4bbb-b74b-72ab333aba0d-225x318.jpg\" alt=\"\" width=\"284\" height=\"401\" srcset=\"https:\/\/wp.ufpel.edu.br\/petfisica\/files\/2019\/09\/e444370d-8611-4bbb-b74b-72ab333aba0d-225x318.jpg 225w, https:\/\/wp.ufpel.edu.br\/petfisica\/files\/2019\/09\/e444370d-8611-4bbb-b74b-72ab333aba0d-113x159.jpg 113w, https:\/\/wp.ufpel.edu.br\/petfisica\/files\/2019\/09\/e444370d-8611-4bbb-b74b-72ab333aba0d.jpg 507w\" sizes=\"auto, (max-width: 284px) 100vw, 284px\" \/><\/span><\/p>\n<p>&nbsp;<\/p>\n<div><span style=\"font-size: 12pt; font-family: arial, helvetica, sans-serif;\">Link do formul\u00e1rio da Semana de Pr\u00e9vias:c<\/span><span style=\"font-size: 12pt; font-family: arial, helvetica, sans-serif;\"><a href=\"https:\/\/forms.gle\/dFfVrZrcAtXGQj1w7\" target=\"_blank\" rel=\"noopener noreferrer\" data-saferedirecturl=\"https:\/\/www.google.com\/url?q=https:\/\/forms.gle\/dFfVrZrcAtXGQj1w7&amp;source=gmail&amp;ust=1568983146187000&amp;usg=AFQjCNGLd1c3oO-S9Ls7BvhW5KCUexzk8Q\"><span style=\"font-family: arial, helvetica, sans-serif;\">https:\/\/forms.gle\/dFfVrZrcAtXGQj1w7<\/span><\/a><\/span><\/div>\n<p>&nbsp;<\/p>\n","protected":false},"excerpt":{"rendered":"<p>A atividade consiste em encontros entre alunos de gradua\u00e7\u00e3o, dos cursos de Licenciatura e Bacharelado em F\u00edsica, e de p\u00f3s-gradua\u00e7\u00e3o, que ir\u00e3o apresentar trabalhos na Semana Integrada de Inova\u00e7\u00e3o, Pesquisa, Ensino e Extens\u00e3o (SIIEPE) da UFPel. Nesses encontros os alunos apresentam seus trabalhos \u00e0 comunidade acad\u00eamica, em particular aos professores ligados ao Departamento de F\u00edsica. [&hellip;]<\/p>\n","protected":false},"author":684,"featured_media":0,"parent":1251,"menu_order":0,"comment_status":"closed","ping_status":"closed","template":"","meta":{"footnotes":""},"class_list":["post-1217","page","type-page","status-publish","hentry"],"_links":{"self":[{"href":"https:\/\/wp.ufpel.edu.br\/petfisica\/wp-json\/wp\/v2\/pages\/1217","targetHints":{"allow":["GET"]}}],"collection":[{"href":"https:\/\/wp.ufpel.edu.br\/petfisica\/wp-json\/wp\/v2\/pages"}],"about":[{"href":"https:\/\/wp.ufpel.edu.br\/petfisica\/wp-json\/wp\/v2\/types\/page"}],"author":[{"embeddable":true,"href":"https:\/\/wp.ufpel.edu.br\/petfisica\/wp-json\/wp\/v2\/users\/684"}],"replies":[{"embeddable":true,"href":"https:\/\/wp.ufpel.edu.br\/petfisica\/wp-json\/wp\/v2\/comments?post=1217"}],"version-history":[{"count":3,"href":"https:\/\/wp.ufpel.edu.br\/petfisica\/wp-json\/wp\/v2\/pages\/1217\/revisions"}],"predecessor-version":[{"id":3008,"href":"https:\/\/wp.ufpel.edu.br\/petfisica\/wp-json\/wp\/v2\/pages\/1217\/revisions\/3008"}],"up":[{"embeddable":true,"href":"https:\/\/wp.ufpel.edu.br\/petfisica\/wp-json\/wp\/v2\/pages\/1251"}],"wp:attachment":[{"href":"https:\/\/wp.ufpel.edu.br\/petfisica\/wp-json\/wp\/v2\/media?parent=1217"}],"curies":[{"name":"wp","href":"https:\/\/api.w.org\/{rel}","templated":true}]}}