{"id":1208,"date":"2019-08-30T23:50:59","date_gmt":"2019-08-31T02:50:59","guid":{"rendered":"https:\/\/wp.ufpel.edu.br\/petfisica\/?page_id=1208"},"modified":"2020-05-28T19:48:03","modified_gmt":"2020-05-28T22:48:03","slug":"fisiquiz-resultado","status":"publish","type":"page","link":"https:\/\/wp.ufpel.edu.br\/petfisica\/atividades\/fisiquiz\/fisiquiz-resultado\/","title":{"rendered":"FisiQuiz \u2013 Resultado"},"content":{"rendered":"<p><img loading=\"lazy\" decoding=\"async\" class=\"size-medium wp-image-1209 aligncenter\" src=\"https:\/\/wp.ufpel.edu.br\/petfisica\/files\/2019\/08\/finale-225x318.png\" alt=\"\" width=\"225\" height=\"318\" srcset=\"https:\/\/wp.ufpel.edu.br\/petfisica\/files\/2019\/08\/finale-225x318.png 225w, https:\/\/wp.ufpel.edu.br\/petfisica\/files\/2019\/08\/finale-112x159.png 112w, https:\/\/wp.ufpel.edu.br\/petfisica\/files\/2019\/08\/finale-768x1086.png 768w, https:\/\/wp.ufpel.edu.br\/petfisica\/files\/2019\/08\/finale.png 1414w\" sizes=\"auto, (max-width: 225px) 100vw, 225px\" \/><\/p>\n<p><span style=\"font-family: arial, helvetica, sans-serif\">A final da 1\u00aa edi\u00e7\u00e3o do FisiQuiz entre os Chernoboys x Smurff\u00edsicos ocorreu na ultima quarta-feira (28), \u00e0s 13h, na sala n\u00ba 114 (pr\u00e9dio 16).<\/span><\/p>\n<p><img loading=\"lazy\" decoding=\"async\" class=\"wp-image-1210 aligncenter\" src=\"https:\/\/wp.ufpel.edu.br\/petfisica\/files\/2019\/08\/\u00edndice-424x239.jpg\" alt=\"\" width=\"477\" height=\"269\" srcset=\"https:\/\/wp.ufpel.edu.br\/petfisica\/files\/2019\/08\/\u00edndice-424x239.jpg 424w, https:\/\/wp.ufpel.edu.br\/petfisica\/files\/2019\/08\/\u00edndice-212x119.jpg 212w, https:\/\/wp.ufpel.edu.br\/petfisica\/files\/2019\/08\/\u00edndice-768x432.jpg 768w, https:\/\/wp.ufpel.edu.br\/petfisica\/files\/2019\/08\/\u00edndice.jpg 1032w\" sizes=\"auto, (max-width: 477px) 100vw, 477px\" \/><\/p>\n<p><span style=\"font-family: arial, helvetica, sans-serif\">O Grupo PET-F\u00edsica parabeniza as tr\u00eas equipes participantes, em especial a equipe Smurff\u00edsicos por garantir a vit\u00f3ria na primeira edi\u00e7\u00e3o do FisiQuiz.<\/span><\/p>\n<p><span style=\"font-family: arial, helvetica, sans-serif\">\u2013 Smurff\u00edsicos: Andrew Correia, Cleviston Tavares, Felipe da Silva e Jonathan \u00c1vila<\/span><\/p>\n<p><span style=\"font-family: arial, helvetica, sans-serif\">\u2013 Chernoboys: Jo\u00e3o Paulo F\u00e9lix, Marcos Alexandre Nolasco, Mateus Dutra e Ramon Silva.<\/span><\/p>\n<p><span style=\"font-family: arial, helvetica, sans-serif\">\u2013 Equipe Vega: Alfredo Pacheco, Mateus Alves, Thiago Pedra e Vitor Conzatti.<\/span><\/p>\n<p><span style=\"font-family: arial, helvetica, sans-serif\">Agradecemos novamente os professores do Departamento de F\u00edsica que fizeram doa\u00e7\u00f5es de livros did\u00e1ticos que foram utilizados na premia\u00e7\u00e3o.<\/span><\/p>\n<p style=\"text-align: center\"><span style=\"font-family: arial, helvetica, sans-serif\"><strong>At\u00e9 a pr\u00f3xima edi\u00e7\u00e3o, FisiF\u00e3s<\/strong><\/span><\/p>\n<p style=\"text-align: center\"><span style=\"font-family: arial, helvetica, sans-serif;font-size: 14pt\"><a href=\"https:\/\/wp.ufpel.edu.br\/petfisica\/2020\/05\/28\/fotos-dos-bastidores-e-da-fina-do-fisiquiz\/\">Fotos dos Bastidores e da final do FISIQUIZ<\/a><\/span><\/p>\n<p><img loading=\"lazy\" decoding=\"async\" class=\"size-medium wp-image-1134 aligncenter\" src=\"https:\/\/wp.ufpel.edu.br\/petfisica\/files\/2019\/05\/FISIQUIZ_COLORIDO-424x170.png\" alt=\"\" width=\"424\" height=\"170\" srcset=\"https:\/\/wp.ufpel.edu.br\/petfisica\/files\/2019\/05\/FISIQUIZ_COLORIDO-424x170.png 424w, https:\/\/wp.ufpel.edu.br\/petfisica\/files\/2019\/05\/FISIQUIZ_COLORIDO-212x85.png 212w, https:\/\/wp.ufpel.edu.br\/petfisica\/files\/2019\/05\/FISIQUIZ_COLORIDO-768x308.png 768w, https:\/\/wp.ufpel.edu.br\/petfisica\/files\/2019\/05\/FISIQUIZ_COLORIDO.png 1236w\" sizes=\"auto, (max-width: 424px) 100vw, 424px\" \/><\/p>\n","protected":false},"excerpt":{"rendered":"<p>A final da 1\u00aa edi\u00e7\u00e3o do FisiQuiz entre os Chernoboys x Smurff\u00edsicos ocorreu na ultima quarta-feira (28), \u00e0s 13h, na sala n\u00ba 114 (pr\u00e9dio 16). O Grupo PET-F\u00edsica parabeniza as tr\u00eas equipes participantes, em especial a equipe Smurff\u00edsicos por garantir a vit\u00f3ria na primeira edi\u00e7\u00e3o do FisiQuiz. \u2013 Smurff\u00edsicos: Andrew Correia, Cleviston Tavares, Felipe da [&hellip;]<\/p>\n","protected":false},"author":684,"featured_media":0,"parent":1143,"menu_order":0,"comment_status":"closed","ping_status":"closed","template":"","meta":{"footnotes":""},"class_list":["post-1208","page","type-page","status-publish","hentry"],"_links":{"self":[{"href":"https:\/\/wp.ufpel.edu.br\/petfisica\/wp-json\/wp\/v2\/pages\/1208","targetHints":{"allow":["GET"]}}],"collection":[{"href":"https:\/\/wp.ufpel.edu.br\/petfisica\/wp-json\/wp\/v2\/pages"}],"about":[{"href":"https:\/\/wp.ufpel.edu.br\/petfisica\/wp-json\/wp\/v2\/types\/page"}],"author":[{"embeddable":true,"href":"https:\/\/wp.ufpel.edu.br\/petfisica\/wp-json\/wp\/v2\/users\/684"}],"replies":[{"embeddable":true,"href":"https:\/\/wp.ufpel.edu.br\/petfisica\/wp-json\/wp\/v2\/comments?post=1208"}],"version-history":[{"count":5,"href":"https:\/\/wp.ufpel.edu.br\/petfisica\/wp-json\/wp\/v2\/pages\/1208\/revisions"}],"predecessor-version":[{"id":1751,"href":"https:\/\/wp.ufpel.edu.br\/petfisica\/wp-json\/wp\/v2\/pages\/1208\/revisions\/1751"}],"up":[{"embeddable":true,"href":"https:\/\/wp.ufpel.edu.br\/petfisica\/wp-json\/wp\/v2\/pages\/1143"}],"wp:attachment":[{"href":"https:\/\/wp.ufpel.edu.br\/petfisica\/wp-json\/wp\/v2\/media?parent=1208"}],"curies":[{"name":"wp","href":"https:\/\/api.w.org\/{rel}","templated":true}]}}